
{"id":141143,"date":"2026-03-24T08:17:08","date_gmt":"2026-03-24T08:17:08","guid":{"rendered":"https:\/\/gevelridder.nl\/product\/rolos-de-empena-conjunto-de-2-pecas\/"},"modified":"2026-05-08T12:06:10","modified_gmt":"2026-05-08T12:06:10","slug":"rolos-de-empena-conjunto-de-2-pecas","status":"publish","type":"product","link":"https:\/\/gevelridder.nl\/pt-pt\/produto\/rolos-de-empena-conjunto-de-2-pecas\/","title":{"rendered":"Rolos de empena, conjunto de 2 pe\u00e7as"},"content":{"rendered":"\n<h2 class=\"wp-block-heading\">Rolos de empena, conjunto de 2 pe\u00e7as<\/h2>\n\n<p>No mundo din\u00e2mico da constru\u00e7\u00e3o, \u00e9 crucial que todos os detalhes sejam observados para garantir a m\u00e1xima seguran\u00e7a e efici\u00eancia no local de trabalho. Um desses pormenores, que pode fazer toda a diferen\u00e7a nas suas opera\u00e7\u00f5es di\u00e1rias, s\u00e3o os revolucion\u00e1rios rolos de fachada montados na cabe\u00e7a do Facade Knight. Esta engenhosa pe\u00e7a de equipamento desempenha um papel fundamental na prote\u00e7\u00e3o da fachada e do Facade Knight durante o funcionamento. Abaixo exploramos a raz\u00e3o pela qual estes rolos de empena s\u00e3o uma parte indispens\u00e1vel da tua caixa de ferramentas.   <\/p>\n\n<h2 class=\"wp-block-heading\">Antiderrapante<\/h2>\n\n<p>Os rolos de fachada antiderrapantes s\u00e3o uma verdadeira mudan\u00e7a no sector da constru\u00e7\u00e3o. Estes rolos s\u00e3o oferecidos num conjunto e o seu principal objetivo \u00e9 permitir que o Facade Knight role contra a fachada sem esfor\u00e7o e sem danos. O design antiderrapante \u00fanico garante um movimento est\u00e1vel e firme, reduzindo significativamente a possibilidade de danificar a fachada. Isto garante um ambiente de trabalho mais seguro e controlado, o que, por sua vez, contribui para uma maior produtividade e menos tempo de inatividade devido a danos. A utiliza\u00e7\u00e3o de rolos de fachada tamb\u00e9m facilita um posicionamento mais suave do Fa\u00e7ade Knight em v\u00e1rias situa\u00e7\u00f5es de trabalho. Numa ind\u00fastria em que tempo \u00e9 igual a dinheiro, aqueles poucos minutos poupados no final do dia podem fazer uma diferen\u00e7a significativa. O rolamento suave do Facade Knight (Gevelridder) significa que os trabalhadores t\u00eam de fazer menos esfor\u00e7o f\u00edsico, o que reduz o risco de les\u00f5es relacionadas com o trabalho. Al\u00e9m disso, estes rolos de empenas s\u00e3o fabricados tendo como prioridade a durabilidade, o que lhes permite suportar as exig\u00eancias rigorosas de um estaleiro de constru\u00e7\u00e3o. A utiliza\u00e7\u00e3o de materiais de alta qualidade no fabrico garante uma vida \u00fatil mais longa e um desempenho fi\u00e1vel, sempre. Em suma, os rolos de empena n\u00e3o s\u00e3o apenas um investimento na prote\u00e7\u00e3o das suas fachadas, mas tamb\u00e9m na efici\u00eancia e seguran\u00e7a no seu estaleiro. S\u00e3o uma pequena adi\u00e7\u00e3o com um grande impacto, que n\u00e3o deve ser ignorada quando planear o seu pr\u00f3ximo projeto. Por isso, certifica-te de que est\u00e1s \u00e0 frente da ind\u00fastria da constru\u00e7\u00e3o investindo nesta ferramenta inovadora, uma adi\u00e7\u00e3o valiosa ao teu equipamento Facade Knight. Visita o nosso site agora para encomendar o teu conjunto de rolos de fachada e experimenta por ti mesmo os benef\u00edcios de um processo de trabalho mais suave, mais seguro e mais eficiente.            <\/p>\n","protected":false},"excerpt":{"rendered":"<div class=\"woocommerce-product-details__short-description\">\n<p>Os rolos de empena para o Facade Knight (Gevelridder) s\u00e3o uma ferramenta indispens\u00e1vel na ind\u00fastria da constru\u00e7\u00e3o. Montados na cabe\u00e7a do Facade Knight, estes rolos antiderrapantes permitem um movimento seguro e sem esfor\u00e7o contra a fachada, evitando danos. Facilitam o posicionamento suave em v\u00e1rias situa\u00e7\u00f5es e reduzem o esfor\u00e7o f\u00edsico dos trabalhadores. Fabricados com a durabilidade em mente, os rolos de fachada oferecem uma vida \u00fatil mais longa e um desempenho fi\u00e1vel. Um pequeno investimento para maior efici\u00eancia e seguran\u00e7a na obra. inclui parafusos e porcas de orelhas.     <\/p>\n<\/div>\n","protected":false},"featured_media":0,"template":"","meta":{"_acf_changed":false,"_seopress_robots_primary_cat":"none","_seopress_titles_title":"","_seopress_titles_desc":"","_seopress_robots_index":""},"product_brand":[],"product_cat":[2658],"product_tag":[2659,2666,2667,2668,2669],"class_list":{"0":"post-141143","1":"product","2":"type-product","3":"status-publish","5":"product_cat-pecas","6":"product_tag-cavaleiro-de-fachada-gevelridder","7":"product_tag-fachada-de-protecao","8":"product_tag-move-te","9":"product_tag-rolar","10":"product_tag-wielen","12":"first","13":"instock","14":"taxable","15":"shipping-taxable","16":"purchasable","17":"product-type-simple"},"acf":[],"_links":{"self":[{"href":"https:\/\/gevelridder.nl\/pt-pt\/wp-json\/wp\/v2\/product\/141143","targetHints":{"allow":["GET"]}}],"collection":[{"href":"https:\/\/gevelridder.nl\/pt-pt\/wp-json\/wp\/v2\/product"}],"about":[{"href":"https:\/\/gevelridder.nl\/pt-pt\/wp-json\/wp\/v2\/types\/product"}],"wp:attachment":[{"href":"https:\/\/gevelridder.nl\/pt-pt\/wp-json\/wp\/v2\/media?parent=141143"}],"wp:term":[{"taxonomy":"product_brand","embeddable":true,"href":"https:\/\/gevelridder.nl\/pt-pt\/wp-json\/wp\/v2\/product_brand?post=141143"},{"taxonomy":"product_cat","embeddable":true,"href":"https:\/\/gevelridder.nl\/pt-pt\/wp-json\/wp\/v2\/product_cat?post=141143"},{"taxonomy":"product_tag","embeddable":true,"href":"https:\/\/gevelridder.nl\/pt-pt\/wp-json\/wp\/v2\/product_tag?post=141143"}],"curies":[{"name":"wp","href":"https:\/\/api.w.org\/{rel}","templated":true}]}}