
{"id":141142,"date":"2026-03-24T08:17:10","date_gmt":"2026-03-24T08:17:10","guid":{"rendered":"https:\/\/gevelridder.nl\/product\/correia-de-retencao-gevelridder-l-e-xl\/"},"modified":"2026-05-08T12:06:10","modified_gmt":"2026-05-08T12:06:10","slug":"correia-de-retencao-gevelridder-l-e-xl","status":"publish","type":"product","link":"https:\/\/gevelridder.nl\/pt-pt\/produto\/correia-de-retencao-gevelridder-l-e-xl\/","title":{"rendered":"Correia de reten\u00e7\u00e3o Gevelridder L e XL"},"content":{"rendered":"\n<h2 class=\"wp-block-heading\">Correia de reten\u00e7\u00e3o Gevelridder L e XL<\/h2>\n\n<p>Na terra da constru\u00e7\u00e3o e da arquitetura, onde os castelos e as torres se erguem contra o c\u00e9u, cada cavaleiro depende das suas ferramentas como dependeria da sua espada. \u00c9 aqui que entra o cord\u00e3o, uma ferramenta t\u00e3o crucial como as r\u00e9deas de um cavalo de guerra. Uma dessas armas de confian\u00e7a no teu arsenal \u00e9 o destemido Cavaleiro da Fachada (Gevelridder). O Cavaleiro da Fachada (Gevelridder), duro e firme, mant\u00e9m a sua posi\u00e7\u00e3o, mas mesmo o cavaleiro mais corajoso precisa por vezes de ajuda para chegar ao topo das torres mais altas. \u00c9 aqui que entra o cinto de eleva\u00e7\u00e3o, uma ferramenta t\u00e3o crucial como as r\u00e9deas de um cavalo de guerra. Quando o Cavaleiro da Fachada (Gevelridder) tiver encontrado o seu ponto de apoio e estiver pronto para subir, esta correia de puxar permite-lhe ser puxado para cima facilmente, tornando acess\u00edveis at\u00e9 os lugares mais inacess\u00edveis.     <\/p>\n\n<h2 class=\"wp-block-heading\">Porque deves comprar este cinto de eleva\u00e7\u00e3o?<\/h2>\n\n<p>Concebido com precis\u00e3o e habilidade, este cinto de tra\u00e7\u00e3o est\u00e1 perfeitamente adaptado \u00e0s necessidades do Gevelridder L e XL. Tal como um escudeiro de confian\u00e7a que leva o seu cavaleiro para a batalha, o cinto de puxar garante que cada miss\u00e3o tem um fim bem sucedido. As lendas contam que os cavaleiros de Facade (Gevelridder) venceram muralhas e torres inexpugn\u00e1veis com a ajuda da faixa de puxar. De cada vez que a banda \u00e9 utilizada, as hist\u00f3rias de feitos her\u00f3icos s\u00f3 aumentam. Por isso, nobres mestres-de-obras e artes\u00e3os, equipa o teu Cavaleiro da Fachada (Gevelridder) com esta imprescind\u00edvel faixa de puxar para cima. Porque na \u00e1rea da constru\u00e7\u00e3o e do design, onde cada a\u00e7\u00e3o conta, \u00e9 a combina\u00e7\u00e3o da for\u00e7a com as ferramentas certas que cria as verdadeiras lendas.     <\/p>\n","protected":false},"excerpt":{"rendered":"<div class=\"woocommerce-product-details__short-description\">\n<p>No reino da arquitetura, o Cavaleiro da Fachada (Gevelridder) \u00e9 orgulhoso e forte. Mas, para chegar \u00e0s torres mais altas, conta com a sua fiel banda de eleva\u00e7\u00e3o. Perfeitamente adaptada ao Gevelridder L e XL, esta correia d\u00e1-te a for\u00e7a para subires facilmente de qualquer apoio. Tal como um escudeiro que puxa o seu cavaleiro para a batalha, esta correia \u00e9 uma arma indispens\u00e1vel no arsenal de qualquer artes\u00e3o.   <\/p>\n<\/div>\n","protected":false},"featured_media":0,"template":"","meta":{"_acf_changed":false,"_seopress_robots_primary_cat":"none","_seopress_titles_title":"","_seopress_titles_desc":"","_seopress_robots_index":""},"product_brand":[],"product_cat":[2658],"product_tag":[2665],"class_list":{"0":"post-141142","1":"product","2":"type-product","3":"status-publish","5":"product_cat-pecas","6":"product_tag-espacador-de-fita-adesiva","8":"first","9":"instock","10":"taxable","11":"shipping-taxable","12":"purchasable","13":"product-type-simple"},"acf":[],"_links":{"self":[{"href":"https:\/\/gevelridder.nl\/pt-pt\/wp-json\/wp\/v2\/product\/141142","targetHints":{"allow":["GET"]}}],"collection":[{"href":"https:\/\/gevelridder.nl\/pt-pt\/wp-json\/wp\/v2\/product"}],"about":[{"href":"https:\/\/gevelridder.nl\/pt-pt\/wp-json\/wp\/v2\/types\/product"}],"wp:attachment":[{"href":"https:\/\/gevelridder.nl\/pt-pt\/wp-json\/wp\/v2\/media?parent=141142"}],"wp:term":[{"taxonomy":"product_brand","embeddable":true,"href":"https:\/\/gevelridder.nl\/pt-pt\/wp-json\/wp\/v2\/product_brand?post=141142"},{"taxonomy":"product_cat","embeddable":true,"href":"https:\/\/gevelridder.nl\/pt-pt\/wp-json\/wp\/v2\/product_cat?post=141142"},{"taxonomy":"product_tag","embeddable":true,"href":"https:\/\/gevelridder.nl\/pt-pt\/wp-json\/wp\/v2\/product_tag?post=141142"}],"curies":[{"name":"wp","href":"https:\/\/api.w.org\/{rel}","templated":true}]}}