
{"id":141139,"date":"2026-03-24T11:34:39","date_gmt":"2026-03-24T11:34:39","guid":{"rendered":"https:\/\/gevelridder.nl\/product\/conjunto-de-borracha-para-pes-gevelridder-2\/"},"modified":"2026-05-08T12:05:07","modified_gmt":"2026-05-08T12:05:07","slug":"conjunto-de-borracha-para-pes-gevelridder-2","status":"publish","type":"product","link":"https:\/\/gevelridder.nl\/pt-pt\/produto\/conjunto-de-borracha-para-pes-gevelridder-2\/","title":{"rendered":"Conjunto de borracha para p\u00e9s Gevelridder 2"},"content":{"rendered":"\n<h2 class=\"wp-block-heading\">Conjunto de borracha para p\u00e9s Gevelridder 2<\/h2>\n\n<p>Substitui regularmente o Gevelridder Foot Rubber Set 2. Um Cavaleiro sabe melhor do que ningu\u00e9m o qu\u00e3o importante \u00e9 manter o seu armamento, e isto tamb\u00e9m se aplica ao Gevelridder Foot Rubber Set 2. Muitas vezes depende dos detalhes. Isto deve ser feito tanto durante a inspe\u00e7\u00e3o anual como durante a utiliza\u00e7\u00e3o do Cavaleiro da Fachada (Gevelridder). Anualmente, deves mandar inspecionar o Facade Knight (Gevelridder). Antes de utilizar o Facade Knight (Gevelridder), deves tamb\u00e9m inspecionar visualmente as borrachas dos p\u00e9s. Se o piso estiver gasto, as borrachas dos p\u00e9s devem ser substitu\u00eddas em ambos os lados para que o Gevelridder se mantenha est\u00e1vel e n\u00e3o se desloque. O Gevelridder Foot Rubber Set 2 \u00e9 adequado para o Facade Knight (Gevelridder) adquirido a partir de 2022. Nota: Conjunto 1 = Cavaleiro de fachada comprado antes de 2021 Conjunto 2= para Cavaleiro de fachada comprado em ou ap\u00f3s 2022 O conjunto est\u00e1 dispon\u00edvel para os seguintes Cavaleiros de fachada, clica <a href=\"https:\/\/gevelridder.nl\/gevelridders\/gevelridders-gevelridders\/\">aqui<\/a>. Para um Gableknight, precisas de um conjunto! O Gevelridder tem marca\u00e7\u00e3o CE. A Gevelridder \u00e9 o pr\u00f3prio fabricante do Gevelridder e, por isso, \u00e9 especialista em emitir uma marca\u00e7\u00e3o CE. Todos os anos, um perito tem de inspecionar o Gevelridder. CE significa &#8220;Conformit\u00e9 Europ\u00e9enne&#8221; (Conformidade Europeia). A marca\u00e7\u00e3o CE \u00e9 um r\u00f3tulo que indica que um produto cumpre os requisitos das diretivas europeias. As diretivas abrangem requisitos legais de seguran\u00e7a, sa\u00fade e ambiente.               <\/p>\n\n<h2 class=\"wp-block-heading\">Finalidade Marca\u00e7\u00e3o CE Conjunto de borracha para p\u00e9s de gevelridder 2<\/h2>\n\n<p>O objetivo da marca\u00e7\u00e3o CE \u00e9 promover o com\u00e9rcio livre de mercadorias entre os Estados-Membros da UE e a harmoniza\u00e7\u00e3o da legisla\u00e7\u00e3o dos pa\u00edses da UE em mat\u00e9ria de seguran\u00e7a e sa\u00fade dos produtos. Um produto com marca\u00e7\u00e3o CE tem acesso ao mercado internacional dentro da Europa. A marca\u00e7\u00e3o CE &#8211; reconhec\u00edvel pelas letras C e E &#8211; tem de estar no produto ou numa placa de dados sobre o mesmo.  <\/p>\n\n<h2 class=\"wp-block-heading\">Aplica\u00e7\u00e3o ou aplica\u00e7\u00e3o da marca\u00e7\u00e3o CE<\/h2>\n\n<p>O pedido de marca\u00e7\u00e3o CE n\u00e3o \u00e9 poss\u00edvel; destina-se a ser aplicado pelos pr\u00f3prios fabricantes ou importadores. Com esta marca\u00e7\u00e3o, o fabricante ou importador declara que o produto cumpre os requisitos. Os produtos para os quais existe uma diretiva europeia devem estar sempre em conformidade com a diretiva e ter a marca\u00e7\u00e3o CE. A coloca\u00e7\u00e3o do produto no mercado s\u00f3 \u00e9 poss\u00edvel se tiver sido comprovado, atrav\u00e9s de uma avalia\u00e7\u00e3o de conformidade, que o produto cumpre a diretiva, pelo que um Gevelridder tamb\u00e9m tem de ter boas borrachas. O fabricante ou importador declara, atrav\u00e9s de uma declara\u00e7\u00e3o CE de conformidade, que o produto cumpre os requisitos e pode aplicar a marca\u00e7\u00e3o CE.    <\/p>\n\n<p><a href=\"https:\/\/kader-advies.nl\/begrippen\/ce-markering\/\">V\u00ea tamb\u00e9m.<\/a><\/p>\n","protected":false},"excerpt":{"rendered":"<div class=\"woocommerce-product-details__short-description\">\n<p>Caros artes\u00e3os da Cavalaria, Caros Cavaleiros, Um Cavaleiro sabe melhor do que ningu\u00e9m como \u00e9 importante manter o seu armamento corretamente. Muitas vezes depende dos pormenores. Por exemplo, \u00e9 importante que as borrachas dos p\u00e9s sejam devidamente verificadas quanto ao desgaste durante a inspe\u00e7\u00e3o anual. Tamb\u00e9m deves verificar bem antes de usares o Cavaleiro de Fachada (Gevelridder). Se o perfil estiver desgastado, as borrachas dos p\u00e9s devem ser substitu\u00eddas em ambos os lados, para que o Facade Knight (Gevelridder) permane\u00e7a est\u00e1vel e n\u00e3o se desloque. Nota: Conjunto 1 = Cavaleiro de fachada comprado antes de 2021 Conjunto 2= para Cavaleiro de fachada comprado em ou ap\u00f3s 2022 Para um Cavaleiro de fachada, precisas de 1 conjunto!     <\/p>\n<\/div>\n","protected":false},"featured_media":0,"template":"","meta":{"_acf_changed":false,"_seopress_robots_primary_cat":"none","_seopress_titles_title":"","_seopress_titles_desc":"","_seopress_robots_index":""},"product_brand":[],"product_cat":[2658],"product_tag":[2659,2660],"class_list":{"0":"post-141139","1":"product","2":"type-product","3":"status-publish","5":"product_cat-pecas","6":"product_tag-cavaleiro-de-fachada-gevelridder","7":"product_tag-voetrubber","9":"first","10":"instock","11":"taxable","12":"shipping-taxable","13":"purchasable","14":"product-type-simple"},"acf":[],"_links":{"self":[{"href":"https:\/\/gevelridder.nl\/pt-pt\/wp-json\/wp\/v2\/product\/141139","targetHints":{"allow":["GET"]}}],"collection":[{"href":"https:\/\/gevelridder.nl\/pt-pt\/wp-json\/wp\/v2\/product"}],"about":[{"href":"https:\/\/gevelridder.nl\/pt-pt\/wp-json\/wp\/v2\/types\/product"}],"wp:attachment":[{"href":"https:\/\/gevelridder.nl\/pt-pt\/wp-json\/wp\/v2\/media?parent=141139"}],"wp:term":[{"taxonomy":"product_brand","embeddable":true,"href":"https:\/\/gevelridder.nl\/pt-pt\/wp-json\/wp\/v2\/product_brand?post=141139"},{"taxonomy":"product_cat","embeddable":true,"href":"https:\/\/gevelridder.nl\/pt-pt\/wp-json\/wp\/v2\/product_cat?post=141139"},{"taxonomy":"product_tag","embeddable":true,"href":"https:\/\/gevelridder.nl\/pt-pt\/wp-json\/wp\/v2\/product_tag?post=141139"}],"curies":[{"name":"wp","href":"https:\/\/api.w.org\/{rel}","templated":true}]}}