
{"id":141341,"date":"2023-08-24T08:13:20","date_gmt":"2023-08-24T08:13:20","guid":{"rendered":"https:\/\/gevelridder.nl\/casa\/"},"modified":"2023-08-24T08:13:20","modified_gmt":"2023-08-24T08:13:20","slug":"casa","status":"publish","type":"page","link":"https:\/\/gevelridder.nl\/pt-pt\/","title":{"rendered":"Casa"},"content":{"rendered":"","protected":false},"excerpt":{"rendered":"","protected":false},"author":1,"featured_media":0,"parent":0,"menu_order":0,"comment_status":"closed","ping_status":"closed","template":"","meta":{"_acf_changed":false,"_seopress_robots_primary_cat":"","_seopress_titles_title":"Cavaleiro de fachada (Gevelridder): Ajudas de eleva\u00e7\u00e3o simples e f\u00e1ceis de utilizar","_seopress_titles_desc":"H\u00e1 30 anos que a Gevelridder \u00e9 um fornecedor e consultor de confian\u00e7a de auxiliares de eleva\u00e7\u00e3o amigos da sa\u00fade e da seguran\u00e7a, como o Gevelridder.","_seopress_robots_index":"","footnotes":""},"class_list":["post-141341","page","type-page","status-publish","hentry"],"acf":[],"_links":{"self":[{"href":"https:\/\/gevelridder.nl\/pt-pt\/wp-json\/wp\/v2\/pages\/141341","targetHints":{"allow":["GET"]}}],"collection":[{"href":"https:\/\/gevelridder.nl\/pt-pt\/wp-json\/wp\/v2\/pages"}],"about":[{"href":"https:\/\/gevelridder.nl\/pt-pt\/wp-json\/wp\/v2\/types\/page"}],"author":[{"embeddable":true,"href":"https:\/\/gevelridder.nl\/pt-pt\/wp-json\/wp\/v2\/users\/1"}],"replies":[{"embeddable":true,"href":"https:\/\/gevelridder.nl\/pt-pt\/wp-json\/wp\/v2\/comments?post=141341"}],"version-history":[{"count":0,"href":"https:\/\/gevelridder.nl\/pt-pt\/wp-json\/wp\/v2\/pages\/141341\/revisions"}],"wp:attachment":[{"href":"https:\/\/gevelridder.nl\/pt-pt\/wp-json\/wp\/v2\/media?parent=141341"}],"curies":[{"name":"wp","href":"https:\/\/api.w.org\/{rel}","templated":true}]}}