
{"id":141131,"date":"2026-03-24T11:33:09","date_gmt":"2026-03-24T11:33:09","guid":{"rendered":"https:\/\/gevelridder.nl\/product\/stalowy-tlok-pompki-woods-powergrip-glass-carrier\/"},"modified":"2026-03-24T11:33:09","modified_gmt":"2026-03-24T11:33:09","slug":"stalowy-tlok-pompki-woods-powergrip-glass-carrier","status":"publish","type":"product","link":"https:\/\/gevelridder.nl\/pl\/produkt\/stalowy-tlok-pompki-woods-powergrip-glass-carrier\/","title":{"rendered":"Stalowy t\u0142ok pompki Wood&#8217;s Powergrip Glass Carrier"},"content":{"rendered":"<p><strong>Metalowy t\u0142ok pompki Knightly Powr-Grip<\/strong><\/p>\n<p>Wejd\u017a do legendarnego \u015bwiata rycerskiej si\u0142y i precyzji z metalowym t\u0142okiem pompki Powr-Grip. Ten szlachetny towarzysz, z solidnym metalowym uchwytem, jest gotowy do u\u017cycia podczas transportu p\u0142askich i gazoszczelnych materia\u0142\u00f3w. Jego czerwony pier\u015bcie\u0144 jest zawsze na stra\u017cy, uwa\u017cnie monitoruj\u0105c stan pr\u00f3\u017cni.  <\/p>\n<p>Pompka r\u0119czna umo\u017cliwia samodzielne wytworzenie pr\u00f3\u017cni, co jest prawdziwym rzemios\u0142em. I nie b\u00f3j si\u0119, dzielny rycerzu, poniewa\u017c ka\u017cda pompa pr\u00f3\u017cniowa jest chroniona przez solidn\u0105 plastikow\u0105 obudow\u0119, dzi\u0119ki uprzejmo\u015bci mistrz\u00f3w z Gable Knight. <\/p>\n<p><strong>Cechy<\/strong>:<\/p>\n<ul>\n<li>No\u015bno\u015b\u0107: Imponuj\u0105ca pojemno\u015b\u0107, ze wsp\u00f3\u0142czynnikiem bezpiecze\u0144stwa 3,1.<\/li>\n<li>Zastosowania: Niezale\u017cnie od tego, czy chodzi o metal, MDF, szk\u0142o, kamie\u0144 naturalny czy p\u0142ytki, Powr-Grip Metal to Tw\u00f3j wierny giermek.<\/li>\n<\/ul>\n<p>Chocia\u017c nasz rycerski t\u0142ok pompy jest wydajny i niezawodny, wymaga sta\u0142ej czujno\u015bci. Pojawienie si\u0119 czerwonej linii oznacza konieczno\u015b\u0107 ponownego napompowania t\u0142oka. <\/p>\n<p>Uwaga, poszukiwaczu przyg\u00f3d: nie jest rozs\u0105dne u\u017cywanie tego t\u0142oka pompy do trzymania osobistego, na przyk\u0142ad w \u0142azience dla os\u00f3b starszych. Bezpiecze\u0144stwo jest najwa\u017cniejsze! <\/p>\n<p>Zdecyduj si\u0119 na rycersk\u0105 moc i niezawodno\u015b\u0107 metalowego t\u0142oka pompy Powr-Grip i spraw, by Twoje \u0142adunki sta\u0142y si\u0119 l\u017cejsze. Twoje kr\u00f3lestwo wydajno\u015bci czeka! <\/p>\n<p>&nbsp;<\/p>\n<p>&nbsp;<\/p>\n<p>&nbsp;<\/p>\n<p>&nbsp;<\/p>\n","protected":false},"excerpt":{"rendered":"<p class=\"\" data-start=\"0\" data-end=\"403\">Powr-Grip N4950 to profesjonalna r\u0119czna pompa pr\u00f3\u017cniowa z metalow\u0105 obudow\u0105, zaprojektowana do bezpiecznego i wydajnego podnoszenia szk\u0142a, metalu, plastiku i innych p\u0142askich, szczelnych powierzchni. Wydajne dzia\u0142anie podci\u015bnienia i ergonomiczny uchwyt sprawiaj\u0105, \u017ce t\u0142ok ten jest niezawodnym wyborem dla profesjonalist\u00f3w z bran\u017cy budowlanej i szklarskiej. <\/p>\n<p>&nbsp;<\/p>\n","protected":false},"featured_media":131640,"template":"","meta":{"_acf_changed":false,"_seopress_robots_primary_cat":"none","_seopress_titles_title":"","_seopress_titles_desc":"","_seopress_robots_index":""},"product_brand":[],"product_cat":[1952,1953,1977],"product_tag":[2143,2016,2214,2228,2331,2017,1993,2013,2014,2395,2015,1992,2231,2215,2031,2386,2332],"class_list":{"0":"post-141131","1":"product","2":"type-product","3":"status-publish","4":"has-post-thumbnail","6":"product_cat-nosidla-do-szyb","7":"product_cat-przyssawki-z-pompka","8":"product_cat-przyssawki-z-pompka-2","9":"product_tag-bohle","10":"product_tag-chwytak-podcisnieniowy","11":"product_tag-grabo","12":"product_tag-kim75","13":"product_tag-lasy","14":"product_tag-miroiterie","15":"product_tag-podnosnik-do-szkla","16":"product_tag-podnosnik-do-szyb","17":"product_tag-podnoszenie-szkla","18":"product_tag-powrgrip","19":"product_tag-szklarz-2","20":"product_tag-szklarz","21":"product_tag-tlok-pompy","22":"product_tag-tlok-pompy-recznej","23":"product_tag-uchwyt-do-szyb","24":"product_tag-vakuumsauger","25":"product_tag-wpg","26":"product_shipping_class-16-euro","28":"first","29":"instock","30":"taxable","31":"shipping-taxable","32":"purchasable","33":"product-type-simple"},"acf":[],"_links":{"self":[{"href":"https:\/\/gevelridder.nl\/pl\/wp-json\/wp\/v2\/product\/141131","targetHints":{"allow":["GET"]}}],"collection":[{"href":"https:\/\/gevelridder.nl\/pl\/wp-json\/wp\/v2\/product"}],"about":[{"href":"https:\/\/gevelridder.nl\/pl\/wp-json\/wp\/v2\/types\/product"}],"wp:featuredmedia":[{"embeddable":true,"href":"https:\/\/gevelridder.nl\/pl\/wp-json\/wp\/v2\/media\/131640"}],"wp:attachment":[{"href":"https:\/\/gevelridder.nl\/pl\/wp-json\/wp\/v2\/media?parent=141131"}],"wp:term":[{"taxonomy":"product_brand","embeddable":true,"href":"https:\/\/gevelridder.nl\/pl\/wp-json\/wp\/v2\/product_brand?post=141131"},{"taxonomy":"product_cat","embeddable":true,"href":"https:\/\/gevelridder.nl\/pl\/wp-json\/wp\/v2\/product_cat?post=141131"},{"taxonomy":"product_tag","embeddable":true,"href":"https:\/\/gevelridder.nl\/pl\/wp-json\/wp\/v2\/product_tag?post=141131"}],"curies":[{"name":"wp","href":"https:\/\/api.w.org\/{rel}","templated":true}]}}