
{"id":141119,"date":"2026-03-24T08:17:09","date_gmt":"2026-03-24T08:17:09","guid":{"rendered":"https:\/\/gevelridder.nl\/product\/automatyczna-reczna-pompka-prozniowa-kim23\/"},"modified":"2026-03-24T08:17:09","modified_gmt":"2026-03-24T08:17:09","slug":"automatyczna-reczna-pompka-prozniowa-kim23","status":"publish","type":"product","link":"https:\/\/gevelridder.nl\/pl\/produkt\/automatyczna-reczna-pompka-prozniowa-kim23\/","title":{"rendered":"Automatyczna r\u0119czna pompka pr\u00f3\u017cniowa KIM23"},"content":{"rendered":"<p data-start=\"68\" data-end=\"429\">W przypadku KIM23 wcze\u015bniej u\u017cywali\u015bmy KIM75, a p\u00f3\u017aniej KIM120. T\u0142oki te maj\u0105 maksymaln\u0105 si\u0142\u0119 trzymania 120 kg w poziomie i 100 kg w pionie, ale nie s\u0105 wyposa\u017cone w dodatkowe wsp\u00f3\u0142czynniki bezpiecze\u0144stwa. Po przekroczeniu tych warto\u015bci t\u0142ok mo\u017ce si\u0119 zwolni\u0107 lub przesun\u0105\u0107. Co wi\u0119cej, ta si\u0142a trzymania jest oparta na <strong data-start=\"399\" data-end=\"426\">optymalnych warunkach<\/strong>.   <\/p>\n<p data-start=\"431\" data-end=\"803\">Aby zapewni\u0107 bezpiecze\u0144stwo, zawsze utrzymywali\u015bmy WLL (Workable Load Limit) na poziomie 75 kg dla tych t\u0142ok\u00f3w. Poniewa\u017c s\u0105 to <strong data-start=\"570\" data-end=\"589\">t\u0142oki do pomp r\u0119cznych<\/strong> i u\u017cywamy <strong data-start=\"604\" data-end=\"638\">normy podnoszenia jako absolutnej wytycznej<\/strong>, zdecydowali\u015bmy si\u0119 zmieni\u0107 nazewnictwo. Aby unikn\u0105\u0107 niejasno\u015bci, nowy KIM nosi nazw\u0119 dobrze znanego standardu podnoszenia: <strong data-start=\"782\" data-end=\"800\">limit 23 kg<\/strong>.  <\/p>\n<h3 data-start=\"805\" data-end=\"842\"><strong data-start=\"809\" data-end=\"840\">Wa\u017cne do zapami\u0119tania:<\/strong><\/h3>\n<p data-start=\"843\" data-end=\"992\">\u2705 <strong data-start=\"845\" data-end=\"871\">W przypadku<\/strong> <strong data-start=\"898\" data-end=\"926\">obci\u0105\u017ce\u0144<\/strong> <strong data-start=\"845\" data-end=\"871\">do 23<\/strong> <strong data-start=\"898\" data-end=\"926\">kg<\/strong> <strong data-start=\"845\" data-end=\"871\">:<\/strong> u\u017cyj <strong data-start=\"883\" data-end=\"892\">KIM23<\/strong>.<br data-start=\"893\" data-end=\"896\"\/>\u274c <strong data-start=\"898\" data-end=\"926\">W przypadku obci\u0105\u017ce\u0144 powy\u017cej 23 kg:<\/strong> u\u017cyj <strong data-start=\"939\" data-end=\"956\">urz\u0105dzenia wspomagaj\u0105cego podnoszenie, aby<\/strong> unikn\u0105\u0107 dyskomfortu fizycznego.<\/p>\n<p>Gevelridder przedstawia KIM23 z szar\u0105 gum\u0105. Czarne t\u0142oki pompki pozostawiaj\u0105 smugi na szkle, podczas korzystania z tej szarej wersji nie b\u0119dziesz cierpie\u0107 z tego powodu. T\u0142oki maj\u0105 gumowy mankiet dla dodatkowej ochrony kraw\u0119dzi. Ten zaawansowany t\u0142ok pompy jest zasilany wewn\u0119trzn\u0105 bateri\u0105 litow\u0105, kt\u00f3ra jest r\u00f3wnie\u017c ci\u0119\u017csza ni\u017c wersja kim75. Podno\u015bnik pr\u00f3\u017cniowy zosta\u0142 specjalnie zaprojektowany do podnoszenia nieporowatych powierzchni. Model KIM23 jest wyposa\u017cony w automatyczny system pr\u00f3\u017cniowy, w tym cyfrowy wy\u015bwietlacz zapewniaj\u0105cy optymaln\u0105 wydajno\u015b\u0107 i \u0142atwo\u015b\u0107 obs\u0142ugi.     <\/p>\n<p><span style=\"color: #5bbc3a;\"><strong>\u2714 <\/strong><\/span> T\u0142ok posiada funkcj\u0119 automatycznej pr\u00f3\u017cni, a pompa w\u0142\u0105cza si\u0119 automatycznie, gdy tylko podci\u015bnienie osi\u0105gnie oko\u0142o \u00b1 -0,5 bara. Po osi\u0105gni\u0119ciu \u017c\u0105danej pr\u00f3\u017cni pompa wy\u0142\u0105cza si\u0119 automatycznie. <\/p>\n<p><strong><span style=\"color: #5bbc3a;\">\u2714<\/span> <\/strong>Odkurzacz do p\u0142ytek\/szk\u0142a\/drewna z por\u0119cznym wy\u015bwietlaczem LED Odkurzacz z pomp\u0105 r\u0119czn\u0105 KIM23 zosta\u0142 zaprojektowany we wsp\u00f3\u0142pracy z Fa\u00e7ade Knight i opiera si\u0119 na sprawdzonej technologii pr\u00f3\u017cniowej. KIM23 zosta\u0142 ulepszony na wszystkich frontach. Jest wyposa\u017cony w por\u0119czny wy\u015bwietlacz LED, kt\u00f3ry pokazuje wa\u017cne informacje za pomoc\u0105 kod\u00f3w kolorystycznych &#8211; zielony oznacza poziom podci\u015bnienia, a czerwony poziom na\u0142adowania baterii. Dzi\u0119ki temu u\u017cytkownik jest zawsze informowany o stanie KIM23.   <\/p>\n<p><strong><span style=\"color: #5bbc3a;\">\u2714<\/span> <\/strong> Nale\u017cy pami\u0119ta\u0107, \u017ce przyssawka nadaje si\u0119 wy\u0142\u0105cznie do podnoszenia nieporowatych i g\u0142adkich materia\u0142\u00f3w, takich jak szklane p\u0142yty, p\u0142ytki ceramiczne i inne g\u0142adkie powierzchnie.<\/p>\n<p><strong><span style=\"color: #5bbc3a;\">\u2714<\/span> <\/strong>Zasilany mocniejsz\u0105 bateri\u0105 litow\u0105 Ulepszeniem w stosunku do innych marek jest to, \u017ce KIM23 jest zasilany wewn\u0119trzn\u0105 bateri\u0105 litow\u0105 o pojemno\u015bci <strong>5600 mAh<\/strong>. Po oko\u0142o 8 godzinach \u0142adowania, bateria ta zapewnia do 16 godzin ci\u0105g\u0142ej pracy (w praktyce b\u0119dzie to kilka dni). \u0141adowanie jest \u0142atwe dzi\u0119ki do\u0142\u0105czonemu kablowi USB-C zgodnemu z normami UE i mo\u017cna po prostu u\u017cy\u0107 adaptera do smartfona.  <\/p>\n<p><strong><span style=\"color: #5bbc3a;\">\u2714<\/span> <\/strong>Kompletna dostawa Urz\u0105dzenie KIM23 jest dostarczane jako kompletny zestaw zawieraj\u0105cy:<\/p>\n<ul>\n<li>Odkurzacz KIM23 z szar\u0105 gum\u0105<\/li>\n<li>Kabel do \u0142adowania (USB-C, zgodny ze standardem UE) i zasilacz!<\/li>\n<li>Zapasowy zestaw filtr\u00f3w (z 3 lu\u017anymi filtrami)<\/li>\n<li>Szczotka do czyszczenia<\/li>\n<li>Podr\u0119cznik u\u017cytkownika w j\u0119zyku niderlandzkim<\/li>\n<li>Skrzynia transportowa<\/li>\n<\/ul>\n<p><span style=\"color: #000000;\"><strong>DU\u017bA PRZEWAGA<\/strong><\/span><\/p>\n<ul>\n<li>Czarna gumowa przyssawka mo\u017ce pozostawia\u0107 \u015blady na szklanych powierzchniach. W przypadku kim120 szara guma nie powoduje tego problemu. Po u\u017cyciu powierzchnia pozostaje wolna od smug. <\/li>\n<\/ul>\n<p>&nbsp;<\/p>\n","protected":false},"excerpt":{"rendered":"<p>Mocny elektryczny odkurzacz samochodowy z pompk\u0105 r\u0119czn\u0105, kt\u00f3ry nie pozostawia smug i doskonale nadaje si\u0119 mi\u0119dzy innymi do czyszczenia szk\u0142a. Kim23 to wydajny odkurzacz r\u0119czny o ud\u017awigu 75 kg. Nale\u017cy jednak przestrzega\u0107 normy podnoszenia i nie podnosi\u0107 r\u0119cznie wi\u0119cej ni\u017c 23 kg. Powy\u017cej tej warto\u015bci nale\u017cy u\u017cy\u0107 pomocy do podnoszenia.   <\/p>\n<p><span style=\"color: #5bbc3a;\"><strong>\u2714 <\/strong><\/span><strong>Specjalna mi\u0119kka gumowa podk\u0142adka w kolorze szarym<\/strong><\/p>\n<p><strong>Mniej pompowania elektrycznego, d\u0142u\u017csza \u017cywotno\u015b\u0107<\/strong><\/p>\n<p><span style=\"color: #5bbc3a;\"><strong>\u2714 <\/strong><\/span><strong>WLL75 kg w zale\u017cno\u015bci od materia\u0142u. <\/strong> <\/p>\n<p><span style=\"color: #5bbc3a;\"><strong>\u2714 <\/strong><\/span><strong>Dodatkowa ochrona dzi\u0119ki gumowemu mankietowi<\/strong><\/p>\n<p><span style=\"color: #5bbc3a;\"><strong><span style=\"color: #000000;\">Automatyczny system pr\u00f3\u017cniowy<\/span><\/strong><\/span><\/p>\n<p><span style=\"color: #5bbc3a;\"><strong><span style=\"color: #5bbc3a;\"><span style=\"color: #000000;\">Mo\u017cliwo\u015b\u0107 \u0142adowania<\/span><\/span><span style=\"color: #000000;\"><span style=\"color: #000000;\"> USB C<\/span><\/span><\/strong><\/span><\/p>\n<p><span style=\"color: #5bbc3a;\"><strong><span style=\"color: #5bbc3a;\">\u2714 <\/span><span style=\"color: #000000;\"><span style=\"color: #000000;\">Wy\u015bwietlacz LED pr\u00f3\u017cni i baterii<\/span><\/span><\/strong><\/span><\/p>\n<p><span style=\"color: #5bbc3a;\"><strong><span style=\"color: #5bbc3a;\">\u2714 <\/span><span style=\"color: #000000;\">Zawiera etui, \u0142adowark\u0119 i przew\u00f3d.<\/span><\/strong><\/span><\/p>\n","protected":false},"featured_media":132359,"template":"","meta":{"_acf_changed":false,"_seopress_robots_primary_cat":"none","_seopress_titles_title":"","_seopress_titles_desc":"","_seopress_robots_index":""},"product_brand":[],"product_cat":[2213,2385,1973,1974,1952,1953,1977,2329],"product_tag":[2486,2217,2485,2214,2249,2219,2488,2487,2073,2250,2231,2216,1963],"class_list":{"0":"post-141119","1":"product","2":"type-product","3":"status-publish","4":"has-post-thumbnail","6":"product_cat-grabo","7":"product_cat-kim","8":"product_cat-narzedzia","9":"product_cat-narzedzia-do-szkla","10":"product_cat-nosidla-do-szyb","11":"product_cat-przyssawki-z-pompka","12":"product_cat-przyssawki-z-pompka-2","13":"product_cat-veribor","14":"product_tag-automatyczne-odkurzanie","15":"product_tag-automatyczny-odkurzacz","16":"product_tag-autovac","17":"product_tag-grabo","18":"product_tag-nowy","19":"product_tag-odkurzacz-samochodowy","20":"product_tag-samochod-prozniowy","21":"product_tag-sklep","22":"product_tag-szklo","23":"product_tag-tlok-ladowany-przez-usb","24":"product_tag-tlok-pompy","25":"product_tag-tlok-prozniowy","26":"product_tag-verhuizen","27":"product_shipping_class-paczka-45-35-25","29":"first","30":"instock","31":"taxable","32":"shipping-taxable","33":"purchasable","34":"product-type-simple"},"acf":[],"_links":{"self":[{"href":"https:\/\/gevelridder.nl\/pl\/wp-json\/wp\/v2\/product\/141119","targetHints":{"allow":["GET"]}}],"collection":[{"href":"https:\/\/gevelridder.nl\/pl\/wp-json\/wp\/v2\/product"}],"about":[{"href":"https:\/\/gevelridder.nl\/pl\/wp-json\/wp\/v2\/types\/product"}],"wp:featuredmedia":[{"embeddable":true,"href":"https:\/\/gevelridder.nl\/pl\/wp-json\/wp\/v2\/media\/132359"}],"wp:attachment":[{"href":"https:\/\/gevelridder.nl\/pl\/wp-json\/wp\/v2\/media?parent=141119"}],"wp:term":[{"taxonomy":"product_brand","embeddable":true,"href":"https:\/\/gevelridder.nl\/pl\/wp-json\/wp\/v2\/product_brand?post=141119"},{"taxonomy":"product_cat","embeddable":true,"href":"https:\/\/gevelridder.nl\/pl\/wp-json\/wp\/v2\/product_cat?post=141119"},{"taxonomy":"product_tag","embeddable":true,"href":"https:\/\/gevelridder.nl\/pl\/wp-json\/wp\/v2\/product_tag?post=141119"}],"curies":[{"name":"wp","href":"https:\/\/api.w.org\/{rel}","templated":true}]}}