
{"id":141118,"date":"2026-03-24T11:33:09","date_gmt":"2026-03-24T11:33:09","guid":{"rendered":"https:\/\/gevelridder.nl\/product\/tlok-pompy-woods-powr-grip-lexan\/"},"modified":"2026-03-24T11:33:09","modified_gmt":"2026-03-24T11:33:09","slug":"tlok-pompy-woods-powr-grip-lexan","status":"publish","type":"product","link":"https:\/\/gevelridder.nl\/pl\/produkt\/tlok-pompy-woods-powr-grip-lexan\/","title":{"rendered":"T\u0142ok pompy Woods Powr-Grip Lexan"},"content":{"rendered":"<h2><strong>Przyssawka do szk\u0142a Woods Power Grip Knightly<\/strong><\/h2>\n<p>Wkrocz w er\u0119 rycersko\u015bci z podno\u015bnikiem do szk\u0142a Woods Power Grip. Ten szlachetny podno\u015bnik z lekkim plastikowym uchwytem jest Twoim wiernym giermkiem w walce z transportem p\u0142askich i gazoszczelnych materia\u0142\u00f3w. Jego czerwony pier\u015bcie\u0144 nieustannie monitoruje podci\u015bnienie, zapewniaj\u0105c kontrol\u0119 przez ca\u0142y czas.  <\/p>\n<p>Nadaje si\u0119 do r\u00f3\u017cnych materia\u0142\u00f3w, takich jak szk\u0142o, plastik i metal. Podno\u015bnik pr\u00f3\u017cniowy jest nie tylko wydajny, ale tak\u017ce elegancki i funkcjonalny, oferuj\u0105c wizualn\u0105 kontrol\u0119 nad podci\u015bnieniem. <\/p>\n<p><strong>Specyfikacja<\/strong>:<\/p>\n<ul>\n<li>Przyssawka: \u00d8 200 mm<\/li>\n<li>Liczba tarcz ss\u0105cych: 1<\/li>\n<li>No\u015bno\u015b\u0107: imponuj\u0105ce 57 kg<\/li>\n<li>Kierunek \u0142o\u017cyska: r\u00f3wnoleg\u0142y<\/li>\n<li>Materia\u0142: wytrzyma\u0142e tworzywo sztuczne<\/li>\n<li>Waga: Tylko 1,5 kg<\/li>\n<\/ul>\n<p>Ka\u017cdy zakup jest dostarczany w kr\u00f3lewskim plastikowym etui, dzi\u0119ki czemu przyssawka jest zawsze chroniona podczas przyg\u00f3d.<\/p>\n<p>Wejd\u017a do kr\u00f3lestwa wydajno\u015bci i stylu dzi\u0119ki odkurzaczowi do szyb Woods Power Grip. Twoje rycerskie rozwi\u0105zanie dla wyzwa\u0144 transportowych! <\/p>\n","protected":false},"excerpt":{"rendered":"<p>Pompka pr\u00f3\u017cniowa Woods Powr-Grip z wytrzyma\u0142ym uchwytem z tworzywa Lexan to rozwi\u0105zanie do bezpiecznego i \u0142atwego transportu szk\u0142a i powierzchni p\u0142askich. Dzi\u0119ki por\u0119cznemu czerwonemu pier\u015bcieniowi zawsze masz oko na stan pr\u00f3\u017cni. Dostarczany w wytrzyma\u0142ych plastikowych walizkach Gevelridder.  <\/p>\n","protected":false},"featured_media":131624,"template":"","meta":{"_acf_changed":false,"_seopress_robots_primary_cat":"none","_seopress_titles_title":"","_seopress_titles_desc":"","_seopress_robots_index":""},"product_brand":[],"product_cat":[1952,1953,1977],"product_tag":[2143,2378,2379,1993,2380,2015,1992,2231,2031,2023],"class_list":{"0":"post-141118","1":"product","2":"type-product","3":"status-publish","4":"has-post-thumbnail","6":"product_cat-nosidla-do-szyb","7":"product_cat-przyssawki-z-pompka","8":"product_cat-przyssawki-z-pompka-2","9":"product_tag-bohle","10":"product_tag-crl","11":"product_tag-glzier","12":"product_tag-podnosnik-do-szkla","13":"product_tag-powr-grip","14":"product_tag-szklarz-2","15":"product_tag-szklarz","16":"product_tag-tlok-pompy","17":"product_tag-uchwyt-do-szyb","18":"product_tag-wszystko-do-szkla","19":"product_shipping_class-paczka-45-35-25","21":"first","22":"instock","23":"taxable","24":"shipping-taxable","25":"purchasable","26":"product-type-simple"},"acf":[],"_links":{"self":[{"href":"https:\/\/gevelridder.nl\/pl\/wp-json\/wp\/v2\/product\/141118","targetHints":{"allow":["GET"]}}],"collection":[{"href":"https:\/\/gevelridder.nl\/pl\/wp-json\/wp\/v2\/product"}],"about":[{"href":"https:\/\/gevelridder.nl\/pl\/wp-json\/wp\/v2\/types\/product"}],"wp:featuredmedia":[{"embeddable":true,"href":"https:\/\/gevelridder.nl\/pl\/wp-json\/wp\/v2\/media\/131624"}],"wp:attachment":[{"href":"https:\/\/gevelridder.nl\/pl\/wp-json\/wp\/v2\/media?parent=141118"}],"wp:term":[{"taxonomy":"product_brand","embeddable":true,"href":"https:\/\/gevelridder.nl\/pl\/wp-json\/wp\/v2\/product_brand?post=141118"},{"taxonomy":"product_cat","embeddable":true,"href":"https:\/\/gevelridder.nl\/pl\/wp-json\/wp\/v2\/product_cat?post=141118"},{"taxonomy":"product_tag","embeddable":true,"href":"https:\/\/gevelridder.nl\/pl\/wp-json\/wp\/v2\/product_tag?post=141118"}],"curies":[{"name":"wp","href":"https:\/\/api.w.org\/{rel}","templated":true}]}}