
{"id":141114,"date":"2026-03-24T11:33:10","date_gmt":"2026-03-24T11:33:10","guid":{"rendered":"https:\/\/gevelridder.nl\/product\/aluminiowy-tlok-pompy-veribor-w-walizce\/"},"modified":"2026-03-24T11:33:10","modified_gmt":"2026-03-24T11:33:10","slug":"aluminiowy-tlok-pompy-veribor-w-walizce","status":"publish","type":"product","link":"https:\/\/gevelridder.nl\/pl\/produkt\/aluminiowy-tlok-pompy-veribor-w-walizce\/","title":{"rendered":"Aluminiowy t\u0142ok pompy Veribor w walizce"},"content":{"rendered":"<h2>**Mocny i bezpieczny podno\u015bnik ss\u0105cy do du\u017cych i ci\u0119\u017ckich \u0142adunk\u00f3w**<\/h2>\n<p>Je\u015bli chodzi o podnoszenie du\u017cych i ci\u0119\u017ckich \u0142adunk\u00f3w z niezwyk\u0142\u0105 precyzj\u0105 i niezawodno\u015bci\u0105, nasz aluminiowy t\u0142ok pompy Veribor w walizce stanowi idealne rozwi\u0105zanie. Zaprojektowany do obs\u0142ugi najbardziej wymagaj\u0105cych zada\u0144, ten podno\u015bnik ss\u0105cy nadaje si\u0119 do stosowania na wszystkich p\u0142askich i gazoszczelnych powierzchniach. <\/p>\n<h2>**Zr\u00f3wnowa\u017cone aluminium o du\u017cej no\u015bno\u015bci**<\/h2>\n<p>Aluminiowy t\u0142ok pompki Veribor jest wykonany z wysokiej jako\u015bci aluminium, co zapewnia nie tylko lekk\u0105 konstrukcj\u0119, ale tak\u017ce imponuj\u0105c\u0105 no\u015bno\u015b\u0107 nie mniejsz\u0105 ni\u017c 120 kg. Pozwala to z \u0142atwo\u015bci\u0105 podnosi\u0107 du\u017ce i ci\u0119\u017ckie przedmioty, bez uszczerbku dla stabilno\u015bci. <\/p>\n<p>**Wielokrotne dzia\u0142anie pompy dla silnego podci\u015bnienia**<\/p>\n<p>Si\u0142a naszych podno\u015bnik\u00f3w z pomp\u0105 ss\u0105c\u0105 tkwi w wielokrotnym dzia\u0142aniu pompy, kt\u00f3ra wytwarza silne podci\u015bnienie. Zapewnia to pewny chwyt przedmiotu, nawet w najbardziej wymagaj\u0105cych sytuacjach. Podci\u015bnienie jest utrzymywane nawet w przypadku nieoczekiwanego wycieku.  <\/p>\n<p>**Prosta kontrola z pier\u015bcieniem znakuj\u0105cym**<\/p>\n<p>Aby monitorowa\u0107 podci\u015bnienie przez ca\u0142y czas, nasz podno\u015bnik pr\u00f3\u017cniowy jest wyposa\u017cony w wygodny pier\u015bcie\u0144 znakuj\u0105cy na uchwycie pompy. Pozwala to u\u017cytkownikom na sta\u0142e monitorowanie, czy podci\u015bnienie utrzymuje si\u0119 na po\u017c\u0105danym poziomie, znacznie poprawiaj\u0105c bezpiecze\u0144stwo i wydajno\u015b\u0107 pracy. <\/p>\n<p>**Certyfikat jako\u015bci i bezpiecze\u0144stwa T\u00dcV GS**<\/p>\n<p>Nasze zaanga\u017cowanie w jako\u015b\u0107 i bezpiecze\u0144stwo jest potwierdzone certyfikatem T\u00dcV, wraz ze znakiem GS. Oznacza to, \u017ce nasze podno\u015bniki ss\u0105ce do pomp spe\u0142niaj\u0105 rygorystyczne normy i zosta\u0142y dok\u0142adnie przetestowane, aby spe\u0142ni\u0107 najwy\u017csze oczekiwania. <\/p>\n<p>**Dane techniczne w skr\u00f3cie**<\/p>\n<ul>\n<li>Typ wytwarzania pr\u00f3\u017cni: Podno\u015bnik ss\u0105cy pompy<\/li>\n<li>  Ud\u017awig: 120 kg<\/li>\n<li>  Kierunek \u0142o\u017cyska: r\u00f3wnoleg\u0142y<\/li>\n<li>  Materia\u0142 podno\u015bnik\u00f3w ss\u0105cych: aluminium<\/li>\n<li>  Geometria powierzchni: P\u0142aska<\/li>\n<li>  Przyssawka: \u00f8 213 mm<\/li>\n<li>  Liczba tarcz ss\u0105cych: 1<\/li>\n<li>  Wska\u017anik bezpiecze\u0144stwa pr\u00f3\u017cni: Tak<\/li>\n<li>  Certyfikat GS: Tak<\/li>\n<\/ul>\n<p>Kr\u00f3tko m\u00f3wi\u0105c, nasze aluminiowe podno\u015bniki ss\u0105ce do pomp s\u0105 idealnym wyborem dla ka\u017cdego, kto szuka wydajnego i niezawodnego rozwi\u0105zania do podnoszenia du\u017cych i ci\u0119\u017ckich \u0142adunk\u00f3w. Dzi\u0119ki wysokiej jako\u015bci konstrukcji, \u0142atwej kontroli i certyfikatowi T\u00dcV, mo\u017cesz polega\u0107 na jako\u015bci i bezpiecze\u0144stwie tego niezb\u0119dnego narz\u0119dzia do pracy. <\/p>\n","protected":false},"excerpt":{"rendered":"<p>Aluminiowa pompka t\u0142okowa Veribor jest przeznaczona do podnoszenia ci\u0119\u017ckich \u0142adunk\u00f3w o masie do 120 kg na p\u0142askich i gazoszczelnych powierzchniach (nale\u017cy pami\u0119ta\u0107, \u017ce standard podnoszenia = maksymalnie 23 kg na osob\u0119, maksymalnie 50 kg na dwie osoby). Pompa wytwarza silne podci\u015bnienie, a pier\u015bcie\u0144 znakuj\u0105cy na uchwycie pompy umo\u017cliwia sta\u0142\u0105 kontrol\u0119 podci\u015bnienia. Ten podno\u015bnik przyssawkowy jest wykonany z wysokiej jako\u015bci aluminium zapewniaj\u0105cego trwa\u0142o\u015b\u0107 i posiada certyfikat T\u00dcV GS potwierdzaj\u0105cy jako\u015b\u0107 i bezpiecze\u0144stwo. Dzi\u0119ki tarczy ss\u0105cej o \u015brednicy 213 mm i wska\u017anikowi bezpiecze\u0144stwa podci\u015bnienia jest to niezawodny wyb\u00f3r do precyzyjnych prac.   <\/p>\n<p>&nbsp;<\/p>\n","protected":false},"featured_media":131623,"template":"","meta":{"_acf_changed":false,"_seopress_robots_primary_cat":"none","_seopress_titles_title":"","_seopress_titles_desc":"","_seopress_robots_index":""},"product_brand":[],"product_cat":[1952,1953,1977,2329],"product_tag":[2143,2214,2228,2331,2017,1993,2014,2015,1992,2231,2330,2332],"class_list":{"0":"post-141114","1":"product","2":"type-product","3":"status-publish","4":"has-post-thumbnail","6":"product_cat-nosidla-do-szyb","7":"product_cat-przyssawki-z-pompka","8":"product_cat-przyssawki-z-pompka-2","9":"product_cat-veribor","10":"product_tag-bohle","11":"product_tag-grabo","12":"product_tag-kim75","13":"product_tag-lasy","14":"product_tag-miroiterie","15":"product_tag-podnosnik-do-szkla","16":"product_tag-podnoszenie-szkla","17":"product_tag-szklarz-2","18":"product_tag-szklarz","19":"product_tag-tlok-pompy","20":"product_tag-weribor","21":"product_tag-wpg","22":"product_shipping_class-paczka-45-35-25","24":"first","25":"instock","26":"taxable","27":"shipping-taxable","28":"purchasable","29":"product-type-simple"},"acf":[],"_links":{"self":[{"href":"https:\/\/gevelridder.nl\/pl\/wp-json\/wp\/v2\/product\/141114","targetHints":{"allow":["GET"]}}],"collection":[{"href":"https:\/\/gevelridder.nl\/pl\/wp-json\/wp\/v2\/product"}],"about":[{"href":"https:\/\/gevelridder.nl\/pl\/wp-json\/wp\/v2\/types\/product"}],"wp:featuredmedia":[{"embeddable":true,"href":"https:\/\/gevelridder.nl\/pl\/wp-json\/wp\/v2\/media\/131623"}],"wp:attachment":[{"href":"https:\/\/gevelridder.nl\/pl\/wp-json\/wp\/v2\/media?parent=141114"}],"wp:term":[{"taxonomy":"product_brand","embeddable":true,"href":"https:\/\/gevelridder.nl\/pl\/wp-json\/wp\/v2\/product_brand?post=141114"},{"taxonomy":"product_cat","embeddable":true,"href":"https:\/\/gevelridder.nl\/pl\/wp-json\/wp\/v2\/product_cat?post=141114"},{"taxonomy":"product_tag","embeddable":true,"href":"https:\/\/gevelridder.nl\/pl\/wp-json\/wp\/v2\/product_tag?post=141114"}],"curies":[{"name":"wp","href":"https:\/\/api.w.org\/{rel}","templated":true}]}}