
{"id":141108,"date":"2026-04-03T09:37:23","date_gmt":"2026-04-03T09:37:23","guid":{"rendered":"https:\/\/gevelridder.nl\/product\/automatyczny-tlok-recznej-pompki-prozniowej-kimdoubled\/"},"modified":"2026-04-03T09:37:23","modified_gmt":"2026-04-03T09:37:23","slug":"automatyczny-tlok-recznej-pompki-prozniowej-kimdoubled","status":"publish","type":"product","link":"https:\/\/gevelridder.nl\/pl\/produkt\/automatyczny-tlok-recznej-pompki-prozniowej-kimdoubled\/","title":{"rendered":"Automatyczny t\u0142ok r\u0119cznej pompki pr\u00f3\u017cniowej KIMDoubleD"},"content":{"rendered":"<p data-start=\"68\" data-end=\"429\">KimDoubleD jest specjalnie zaprojektowany do szyb autobusowych i samochodowych. Ponadto idealnie nadaje si\u0119 do kamienia naturalnego i du\u017cych p\u0142yt dla wi\u0119kszej przyczepno\u015bci. <\/p>\n<h3 data-start=\"805\" data-end=\"842\"><strong data-start=\"809\" data-end=\"840\">Wa\u017cne do zapami\u0119tania (bezpiecze\u0144stwo i higiena pracy):<\/strong><\/h3>\n<p data-start=\"843\" data-end=\"992\">\u2705 <strong data-start=\"845\" data-end=\"871\">W przypadku<\/strong> <strong data-start=\"898\" data-end=\"926\">obci\u0105\u017ce\u0144<\/strong> <strong data-start=\"845\" data-end=\"871\">do 23<\/strong> <strong data-start=\"898\" data-end=\"926\">kg<\/strong> <strong data-start=\"845\" data-end=\"871\">:<\/strong> u\u017cyj <strong data-start=\"883\" data-end=\"892\">KIMDoubleD<\/strong>.<br data-start=\"893\" data-end=\"896\"\/>\u274c W <strong data-start=\"898\" data-end=\"926\">przypadku obci\u0105\u017ce\u0144 powy\u017cej 23 kg:<\/strong> u\u017cyj <strong data-start=\"939\" data-end=\"956\">urz\u0105dzenia wspomagaj\u0105cego podnoszenie, aby<\/strong> unikn\u0105\u0107 dyskomfortu fizycznego.<\/p>\n<p>Gable Knight prezentuje KIMDoubleD z szar\u0105 gum\u0105. Odkurzacze z czarn\u0105 pomp\u0105 lubi\u0105 pozostawia\u0107 smugi na szkle, podczas korzystania z tej szarej wersji nie b\u0119dzie tego problemu. Idealny do zakrzywionych okien i powierzchni. Ten zaawansowany t\u0142ok pompy jest zasilany wewn\u0119trzn\u0105 bateri\u0105 litow\u0105, kt\u00f3ra jest r\u00f3wnie\u017c ci\u0119\u017csza ni\u017c wersja kim75. Podno\u015bnik pr\u00f3\u017cniowy zosta\u0142 specjalnie zaprojektowany do podnoszenia nieporowatych powierzchni. KIMDoubleD jest wyposa\u017cony w automatyczny system pr\u00f3\u017cniowy, w tym cyfrowy wy\u015bwietlacz zapewniaj\u0105cy optymaln\u0105 wydajno\u015b\u0107 i \u0142atwo\u015b\u0107 u\u017cytkowania.     <\/p>\n<p><span style=\"color: #5bbc3a;\"><strong>\u2714 <\/strong><\/span> T\u0142ok posiada funkcj\u0119 automatycznej pr\u00f3\u017cni, a pompa w\u0142\u0105cza si\u0119 automatycznie, gdy tylko podci\u015bnienie osi\u0105gnie oko\u0142o \u00b1 -0,5 bara. Po osi\u0105gni\u0119ciu \u017c\u0105danej pr\u00f3\u017cni pompa wy\u0142\u0105cza si\u0119 automatycznie. <\/p>\n<p><strong><span style=\"color: #5bbc3a;\">\u2714<\/span> <\/strong>Odkurzacz do p\u0142ytek\/szk\u0142a\/drewna z por\u0119cznym wy\u015bwietlaczem LED Odkurzacz r\u0119czny KIMDoubleD zosta\u0142 zaprojektowany przez specjalist\u00f3w z Fa\u00e7ade Knight i opiera si\u0119 na sprawdzonej technologii pr\u00f3\u017cniowej. Model KIM23 zosta\u0142 ulepszony na wszystkich frontach. Posiada por\u0119czny wy\u015bwietlacz LED, kt\u00f3ry pokazuje wa\u017cne informacje za pomoc\u0105 kod\u00f3w kolorystycznych &#8211; zielony oznacza poziom podci\u015bnienia, a czerwony poziom na\u0142adowania baterii. Dzi\u0119ki temu u\u017cytkownik jest zawsze informowany o stanie urz\u0105dzenia KIMDoubleD.   <\/p>\n<p><strong><span style=\"color: #5bbc3a;\">\u2714<\/span> <\/strong> Nale\u017cy pami\u0119ta\u0107, \u017ce przyssawka nadaje si\u0119 wy\u0142\u0105cznie do podnoszenia nieporowatych i g\u0142adkich materia\u0142\u00f3w, takich jak szklane p\u0142yty, p\u0142ytki ceramiczne i inne g\u0142adkie powierzchnie.<\/p>\n<p><strong><span style=\"color: #5bbc3a;\">\u2714<\/span> <\/strong>Zasilany mocniejsz\u0105 bateri\u0105 litow\u0105 Ulepszeniem w stosunku do innych marek jest to, \u017ce KIMDoubleD jest zasilany wewn\u0119trzn\u0105 bateri\u0105 litow\u0105 o pojemno\u015bci <strong>5600 mAh<\/strong>. Po oko\u0142o 8 godzinach \u0142adowania, bateria ta zapewnia do 16 godzin ci\u0105g\u0142ej pracy (w praktyce b\u0119dzie to kilka dni). \u0141adowanie jest \u0142atwe dzi\u0119ki do\u0142\u0105czonemu kablowi USB-C zgodnemu z normami UE i mo\u017cna po prostu u\u017cy\u0107 adaptera do smartfona.  <\/p>\n<p><strong><span style=\"color: #5bbc3a;\">\u2714<\/span> <\/strong>KIMDoubleD jest dostarczany jako kompletny pakiet, zawieraj\u0105cy:<\/p>\n<ul>\n<li>Odkurzacz KIM z szar\u0105 gum\u0105<\/li>\n<li>Kabel do \u0142adowania (USB-C, zgodny ze standardem UE) i zasilacz!<\/li>\n<li>Zapasowy zestaw filtr\u00f3w (z 3 lu\u017anymi filtrami)<\/li>\n<li>Szczotka do czyszczenia<\/li>\n<li>Podr\u0119cznik u\u017cytkownika w j\u0119zyku niderlandzkim<\/li>\n<li>\u0141adna, fantazyjna torba na rami\u0119<\/li>\n<\/ul>\n<p><span style=\"color: #000000;\"><strong>DU\u017bA PRZEWAGA<\/strong><\/span><\/p>\n<ul>\n<li>Czarna gumowa przyssawka mo\u017ce pozostawia\u0107 \u015blady na szklanych powierzchniach. Dzi\u0119ki kimDoubleD szara guma nie przeszkadza. Po u\u017cyciu powierzchnia pozostaje wolna od smug. <\/li>\n<\/ul>\n","protected":false},"excerpt":{"rendered":"<p>Wydajna r\u0119czna pompka pr\u00f3\u017cniowa do samochodu, kt\u00f3ra nie pozostawia smug i doskonale nadaje si\u0119 m.in. do czyszczenia szyb samochodowych.<\/p>\n<p><span style=\"color: #5bbc3a;\"><strong>\u2714 <\/strong><\/span><strong>Specjalna mi\u0119kka gumowa podk\u0142adka w kolorze szarym<\/strong><\/p>\n<p><strong>Mniej pompowania elektrycznego, d\u0142u\u017csza \u017cywotno\u015b\u0107<\/strong><\/p>\n<p><span style=\"color: #5bbc3a;\"><strong>\u2714 <\/strong><\/span><strong>WLL75 kg w zale\u017cno\u015bci od materia\u0142u.<\/strong><\/p>\n<p><span style=\"color: #5bbc3a;\"><strong><span style=\"color: #cc99ff;\">Maks. 150 w poziomie i 120 w pionie<\/span><\/strong><\/span><\/p>\n<p><span style=\"color: #5bbc3a;\"><strong><span style=\"color: #000000;\">Automatyczny system pr\u00f3\u017cniowy<\/span><\/strong><\/span><\/p>\n<p><span style=\"color: #5bbc3a;\"><strong><span style=\"color: #5bbc3a;\"><span style=\"color: #000000;\">Mo\u017cliwo\u015b\u0107 \u0142adowania<\/span><\/span><span style=\"color: #000000;\"><span style=\"color: #000000;\"> USB C<\/span><\/span><\/strong><\/span><\/p>\n<p><span style=\"color: #5bbc3a;\"><strong><span style=\"color: #5bbc3a;\">\u2714 <\/span><span style=\"color: #000000;\"><span style=\"color: #000000;\">Wy\u015bwietlacz LED pr\u00f3\u017cni i baterii<\/span><\/span><\/strong><\/span><\/p>\n<p><span style=\"color: #5bbc3a;\"><strong>\u2714 W\u0142\u0105czenie \u0142adnej torby<\/strong><\/span><\/p>\n<p><span style=\"color: #5bbc3a;\"><strong>\u0141adowarka i przew\u00f3d w zestawie<\/strong><\/span><\/p>\n","protected":false},"featured_media":133029,"template":"","meta":{"_acf_changed":false,"_seopress_robots_primary_cat":"none","_seopress_titles_title":"","_seopress_titles_desc":"","_seopress_robots_index":""},"product_brand":[],"product_cat":[2213,2385,1952,1953,1977,2329,2025],"product_tag":[2486,2217,2485,2214,2249,2649,2219,2488,2487,2073,2648,2250,2231,2216,1963],"class_list":{"0":"post-141108","1":"product","2":"type-product","3":"status-publish","4":"has-post-thumbnail","6":"product_cat-grabo","7":"product_cat-kim","8":"product_cat-nosidla-do-szyb","9":"product_cat-przyssawki-z-pompka","10":"product_cat-przyssawki-z-pompka-2","11":"product_cat-veribor","12":"product_cat-wozki-elewacyjne","13":"product_tag-automatyczne-odkurzanie","14":"product_tag-automatyczny-odkurzacz","15":"product_tag-autovac","16":"product_tag-grabo","17":"product_tag-nowy","18":"product_tag-odkurzacz-do-szyb-autobusowych","19":"product_tag-odkurzacz-samochodowy","20":"product_tag-samochod-prozniowy","21":"product_tag-sklep","22":"product_tag-szklo","23":"product_tag-szyby-samochodowe","24":"product_tag-tlok-ladowany-przez-usb","25":"product_tag-tlok-pompy","26":"product_tag-tlok-prozniowy","27":"product_tag-verhuizen","28":"product_shipping_class-paczka-45-35-25","30":"first","31":"instock","32":"taxable","33":"shipping-taxable","34":"purchasable","35":"product-type-simple"},"acf":[],"_links":{"self":[{"href":"https:\/\/gevelridder.nl\/pl\/wp-json\/wp\/v2\/product\/141108","targetHints":{"allow":["GET"]}}],"collection":[{"href":"https:\/\/gevelridder.nl\/pl\/wp-json\/wp\/v2\/product"}],"about":[{"href":"https:\/\/gevelridder.nl\/pl\/wp-json\/wp\/v2\/types\/product"}],"wp:featuredmedia":[{"embeddable":true,"href":"https:\/\/gevelridder.nl\/pl\/wp-json\/wp\/v2\/media\/133029"}],"wp:attachment":[{"href":"https:\/\/gevelridder.nl\/pl\/wp-json\/wp\/v2\/media?parent=141108"}],"wp:term":[{"taxonomy":"product_brand","embeddable":true,"href":"https:\/\/gevelridder.nl\/pl\/wp-json\/wp\/v2\/product_brand?post=141108"},{"taxonomy":"product_cat","embeddable":true,"href":"https:\/\/gevelridder.nl\/pl\/wp-json\/wp\/v2\/product_cat?post=141108"},{"taxonomy":"product_tag","embeddable":true,"href":"https:\/\/gevelridder.nl\/pl\/wp-json\/wp\/v2\/product_tag?post=141108"}],"curies":[{"name":"wp","href":"https:\/\/api.w.org\/{rel}","templated":true}]}}