
{"id":141028,"date":"2026-03-24T11:33:09","date_gmt":"2026-03-24T11:33:09","guid":{"rendered":"https:\/\/gevelridder.nl\/product\/podnosnik-drzwi\/"},"modified":"2026-03-24T11:33:09","modified_gmt":"2026-03-24T11:33:09","slug":"podnosnik-drzwi","status":"publish","type":"product","link":"https:\/\/gevelridder.nl\/pl\/produkt\/podnosnik-drzwi\/","title":{"rendered":"Podno\u015bnik drzwi"},"content":{"rendered":"<h2>Podno\u015bnik drzwi\/podno\u015bnik szyby<\/h2>\n<h2>Zapobiegaj problemom z kr\u0119gos\u0142upem dzi\u0119ki podno\u015bnikowi drzwi Gevelridder<\/h2>\n<p>Zapobiegaj problemom z kr\u0119gos\u0142upem dzi\u0119ki podno\u015bnikowi do drzwi Gevelridder; mo\u017cesz z \u0142atwo\u015bci\u0105 regulowa\u0107 szyby, okna i drzwi sprawnie i z prostymi plecami. Buddy jest \u0142atwy do przenoszenia i lekki. Profesjonali\u015bci korzystaj\u0105cy z podno\u015bnika Buddy s\u0105 bardzo zadowoleni. &#8222;Koniec z le\u017ceniem p\u0142asko na kanapie wieczorem z b\u00f3lem plec\u00f3w, ale cieszenie si\u0119 \u017cyciem&#8221; &#8211; m\u00f3wi\u0105. Facade Buddy wa\u017cy oko\u0142o 2,5 kg i ma 96 cm wysoko\u015bci po z\u0142o\u017ceniu oraz 85 cm po roz\u0142o\u017ceniu.    <\/p>\n<h2>Niezdrowa postawa w pracy i problemy z plecami<\/h2>\n<p>Zapobiegaj b\u00f3lom plec\u00f3w dzi\u0119ki podno\u015bnikowi do drzwi i szyb.<\/p>\n<p>W Gevelridder nie chodzi nam o sprzeda\u017c naszych produkt\u00f3w, NIE, chodzi nam o zdrowie naszych klient\u00f3w. Cz\u0119sto to ma\u0142e rzeczy w \u017cyciu robi\u0105 r\u00f3\u017cnic\u0119. Oszcz\u0119dno\u015b\u0107 niewielkiej inwestycji mo\u017ce cz\u0119sto mie\u0107 drastycznie negatywny wp\u0142yw na \u017cycie technika. Pracownicy, kt\u00f3rzy cz\u0119sto lub przez d\u0142ugi czas pracuj\u0105 w niezdrowej pozycji, s\u0105 bardziej nara\u017ceni na (trwa\u0142e) dolegliwo\u015bci lub choroby zawodowe mi\u0119\u015bni, \u015bci\u0119gien, wi\u0119zade\u0142 lub staw\u00f3w. Niezdrowa pozycja podczas pracy obejmuje prac\u0119 w zgi\u0119tej pozycji, prac\u0119 z uniesionymi ramionami lub kl\u0119czenie. Wi\u0105\u017ce si\u0119 to z d\u0142ugotrwa\u0142ym lub silnym rozci\u0105ganiem mi\u0119\u015bni i \u015bci\u0119gien. Postawy, kt\u00f3re obejmuj\u0105 ekstremalne pozycje staw\u00f3w, mog\u0105 r\u00f3wnie\u017c powodowa\u0107 obci\u0105\u017cenie \u015bci\u0119gien, wi\u0119zade\u0142 i mi\u0119\u015bni.      <\/p>\n<h3>Podno\u015bniki portalowe BHP<\/h3>\n<p>Praca w niezdrowych pozycjach roboczych mo\u017ce prowadzi\u0107 do zm\u0119czenia, a nawet uszkodze\u0144. Dlatego wa\u017cne jest, aby zminimalizowa\u0107 t\u0119 form\u0119 obci\u0105\u017cenia fizycznego w jak najwi\u0119kszym stopniu, mi\u0119dzy innymi za pomoc\u0105 podno\u015bnika do drzwi. Pracodawcy s\u0105 zobowi\u0105zani do podj\u0119cia \u015brodk\u00f3w, aby pracownicy mogli pracowa\u0107 w jak najlepszej pozycji. Zobacz tak\u017ce:<a href=\"https:\/\/www.arboportaal.nl\/onderwerpen\/werkhoudingen\"> bezpiecze\u0144stwo i higiena pracy portal postawy przy pracy<\/a>   <\/p>\n<p>Klienci staj\u0105 si\u0119 r\u00f3wnie\u017c bardziej \u015bwiadomi pracy, kt\u00f3r\u0105 wykonuj\u0105 za pomoc\u0105 narz\u0119dzi Gevelridder. Czy nadal b\u0119d\u0119 w stanie wykonywa\u0107 t\u0119 prac\u0119 za 10 lat, je\u015bli moje plecy b\u0119d\u0105 nieustannie bole\u0107? Dlatego Gevelridder! Id\u0119 do pracy z przyjemno\u015bci\u0105.   <\/p>\n<h3>Niedob\u00f3r personelu<\/h3>\n<p>Pracodawcy od lat alarmuj\u0105 o niedoborach kadrowych. Jednym z rozwi\u0105za\u0144 jest skupienie si\u0119 przez przedsi\u0119biorc\u00f3w nie na ilo\u015bci, ale na jako\u015bci pracy personelu. Gevelridder odgrywa w tym wa\u017cn\u0105 rol\u0119. Dzi\u0119ki bezpiecznej, wydajnej i ergonomicznej pracy na hali produkcyjnej, specjali\u015bci nie tylko b\u0119d\u0105 czerpa\u0107 wi\u0119cej przyjemno\u015bci z pracy, ale tak\u017ce zmniejsz\u0105 absencj\u0119.   <\/p>\n","protected":false},"excerpt":{"rendered":"<p>Dzi\u0119ki temu podno\u015bnikowi drzwiowemu mo\u017cna skutecznie i \u0142atwo regulowa\u0107 drzwi lub szklane okno z prostym oparciem.<\/p>\n<p>Zalet\u0105 tego Buddy jest to, \u017ce jest \u0142atwy do przenoszenia i lekki. Dzi\u0119ki temu podno\u015bnikowi unikniesz problem\u00f3w z plecami. <\/p>\n<p>Gable Buddy wa\u017cy oko\u0142o 2,5 kg i ma 96 cm wysoko\u015bci po z\u0142o\u017ceniu i 85 cm po roz\u0142o\u017ceniu. Podno\u015bnik do drzwi jest dostarczany z odkurzaczem z leksanu. <\/p>\n","protected":false},"featured_media":131643,"template":"","meta":{"_acf_changed":false,"_seopress_robots_primary_cat":"none","_seopress_titles_title":"","_seopress_titles_desc":"","_seopress_robots_index":""},"product_brand":[],"product_cat":[1973,1974,2524,2106],"product_tag":[1957,2267,2157,2092],"class_list":{"0":"post-141028","1":"product","2":"type-product","3":"status-publish","4":"has-post-thumbnail","6":"product_cat-narzedzia","7":"product_cat-narzedzia-do-szkla","8":"product_cat-ramie-wikinga","9":"product_cat-wozki-do-drzwi","10":"product_tag-gevelridder","11":"product_tag-mocowanie","12":"product_tag-ustawione-drzwi","13":"product_tag-zapobiegaja-bolom-plecow","14":"product_shipping_class-25-euro","16":"first","17":"instock","18":"taxable","19":"shipping-taxable","20":"purchasable","21":"product-type-simple"},"acf":[],"_links":{"self":[{"href":"https:\/\/gevelridder.nl\/pl\/wp-json\/wp\/v2\/product\/141028","targetHints":{"allow":["GET"]}}],"collection":[{"href":"https:\/\/gevelridder.nl\/pl\/wp-json\/wp\/v2\/product"}],"about":[{"href":"https:\/\/gevelridder.nl\/pl\/wp-json\/wp\/v2\/types\/product"}],"wp:featuredmedia":[{"embeddable":true,"href":"https:\/\/gevelridder.nl\/pl\/wp-json\/wp\/v2\/media\/131643"}],"wp:attachment":[{"href":"https:\/\/gevelridder.nl\/pl\/wp-json\/wp\/v2\/media?parent=141028"}],"wp:term":[{"taxonomy":"product_brand","embeddable":true,"href":"https:\/\/gevelridder.nl\/pl\/wp-json\/wp\/v2\/product_brand?post=141028"},{"taxonomy":"product_cat","embeddable":true,"href":"https:\/\/gevelridder.nl\/pl\/wp-json\/wp\/v2\/product_cat?post=141028"},{"taxonomy":"product_tag","embeddable":true,"href":"https:\/\/gevelridder.nl\/pl\/wp-json\/wp\/v2\/product_tag?post=141028"}],"curies":[{"name":"wp","href":"https:\/\/api.w.org\/{rel}","templated":true}]}}