
{"id":140999,"date":"2026-03-24T11:39:39","date_gmt":"2026-03-24T11:39:39","guid":{"rendered":"https:\/\/gevelridder.nl\/product\/koparki-podkladka-montazowa-150-kg\/"},"modified":"2026-03-24T11:39:39","modified_gmt":"2026-03-24T11:39:39","slug":"koparki-podkladka-montazowa-150-kg","status":"publish","type":"product","link":"https:\/\/gevelridder.nl\/pl\/produkt\/koparki-podkladka-montazowa-150-kg\/","title":{"rendered":"Koparki Podk\u0142adka monta\u017cowa 150 kg"},"content":{"rendered":"<div class=\"cms-styling\">\n<p>Poduszka <strong>monta\u017cowa z klinem pneumatycznym Diggers DIG016<\/strong> to idealne rozwi\u0105zanie dla ka\u017cdego, kto potrzebuje dodatkowej r\u0119ki podczas prac dorywczych. Ta poduszka monta\u017cowa \/ podno\u015bnikowa jest idealna do \u0142atwego i bezpiecznego <strong>ustawiania ram okiennych<\/strong>, podnoszenia \/ podnoszenia drzwi oraz poziomowania szafek i blat\u00f3w. Dzi\u0119ki imponuj\u0105cemu ud\u017awigowi wynosz\u0105cemu <strong>150 kg<\/strong>, poduszka zapewnia wytrzyma\u0142o\u015b\u0107 i precyzj\u0119 bez powodowania uszkodze\u0144 powierzchni.  <\/p>\n<p><strong>Poduszka monta\u017cowa Diggers<\/strong> to wszechstronne narz\u0119dzie, kt\u00f3re mo\u017ce by\u0107 r\u00f3wnie\u017c u\u017cywane do <strong>prostowania lod\u00f3wek, pralek i suszarek<\/strong>. Dzi\u0119ki przyjaznej dla u\u017cytkownika pompce poduszk\u0119 mo\u017cna \u0142atwo napompowa\u0107 i ponownie spu\u015bci\u0107 z niej powietrze. <\/p>\n<p><strong>Funkcje specjalne:<\/strong><\/p>\n<ul>\n<li>Ud\u017awig do <strong>150 kg<\/strong><\/li>\n<li>Kompaktowa i wytrzyma\u0142a konstrukcja (2-3 mm grubo\u015bci)<\/li>\n<li>Przyjazny dla u\u017cytkownika: \u0142atwa inflacja i deflacja<\/li>\n<li>Nie pozostawia \u015blad\u00f3w<\/li>\n<li>Wszechstronny: idealny do regulacji ramy, podnoszenia drzwi, poziomowania blat\u00f3w i nie tylko.<\/li>\n<\/ul>\n<p>Uwa\u017caj, aby nigdy nie wk\u0142ada\u0107 palc\u00f3w ani innych cz\u0119\u015bci cia\u0142a pod obiekt, kt\u00f3ry ma by\u0107 podnoszony: zawsze co\u015b mo\u017ce p\u00f3j\u015b\u0107 nie tak.<\/p>\n<p>Niezale\u017cnie od tego, czy jeste\u015b do\u015bwiadczonym majsterkowiczem, czy profesjonalist\u0105, <strong>podk\u0142adka monta\u017cowa Diggers<\/strong> oszcz\u0119dza czas, wysi\u0142ek i pieni\u0105dze, zapewniaj\u0105c jednocze\u015bnie dok\u0142adno\u015b\u0107 i staranno\u015b\u0107 podczas pracy.<\/p>\n<p><strong>Wymiary poduszki:<\/strong> 15,5 x 16,5 cm<\/p>\n<p>U\u0142atw sobie prac\u0119 i dodaj do swojego zestawu narz\u0119dzi <strong>pneumatyczn\u0105 klinow\u0105 podk\u0142adk\u0119 monta\u017cow\u0105 Diggers DIG016<\/strong>, aby pracowa\u0107 wydajnie i bez uszkodze\u0144!<\/p>\n<\/div>\n","protected":false},"excerpt":{"rendered":"<div class=\"group w-full text-token-text-primary border-b border-black\/10 gizmo:border-0 dark:border-gray-900\/50 gizmo:dark:border-0 bg-gray-50 gizmo:bg-transparent dark:bg-[#444654] gizmo:dark:bg-transparent\" data-testid=\"conversation-turn-27\">\n<div class=\"p-4 gizmo:py-2 justify-center text-base md:gap-6 md:py-6 m-auto\">\n<div class=\"flex flex-1 gap-4 text-base mx-auto md:gap-6 gizmo:gap-3 gizmo:md:px-5 gizmo:lg:px-1 gizmo:xl:px-5 md:max-w-2xl lg:max-w-[38rem] gizmo:md:max-w-3xl gizmo:lg:max-w-[40rem] gizmo:xl:max-w-[48rem] xl:max-w-3xl }\">\n<div class=\"relative flex w-[calc(100%-50px)] flex-col gizmo:w-full lg:w-[calc(100%-115px)] agent-turn\">\n<div class=\"flex-col gap-1 md:gap-3\">\n<div class=\"flex flex-grow flex-col gap-3 max-w-full\"><\/div>\n<div class=\"flex justify-between empty:hidden gizmo:justify-start gizmo:gap-3 lg:block gizmo:lg:flex\">\n<div class=\"text-gray-400 flex self-end lg:self-center justify-center gizmo:lg:justify-start mt-2 gizmo:mt-0 visible lg:gap-1 lg:absolute lg:top-0 lg:translate-x-full lg:right-0 lg:mt-0 lg:pl-2 gap-2 md:gap-3\">\n<div class=\"flex gap-1\">\n<p><span style=\"color: #5bbc3a;\"><b>\u2714 <\/b><\/span>Ud\u017awig do <span style=\"color: #5bbc3a;\"><strong>150 kg<\/strong><\/span><\/p>\n<p><span style=\"color: #5bbc3a;\"><b>\u2714 <\/b><\/span>Kompaktowa i wytrzyma\u0142a konstrukcja (2-3 mm grubo\u015bci)<\/p>\n<p><span style=\"color: #5bbc3a;\"><b>\u2714 <\/b><\/span>Przyjazny dla u\u017cytkownika: \u0142atwy do nadmuchania i spuszczenia powietrza<\/p>\n<p><span style=\"color: #5bbc3a;\"><b>\u2714 <\/b><\/span>Wszechstronny: idealny do regulacji ramy, podnoszenia drzwi, poziomowania blat\u00f3w i nie tylko<\/p>\n<p><strong>Wymiary poduszki:<\/strong> 15,5 x 16,5 cm<\/p>\n<\/div>\n<\/div>\n<\/div>\n<\/div>\n<\/div>\n<\/div>\n<\/div>\n<\/div>\n","protected":false},"featured_media":132397,"template":"","meta":{"_acf_changed":false,"_seopress_robots_primary_cat":"","_seopress_titles_title":"","_seopress_titles_desc":"","_seopress_robots_index":""},"product_brand":[],"product_cat":[2473,2492,1973,1974,2524,2394],"product_tag":[2192,2525,2533,2539,2534,2527,2019,2537,2538,2493,2535,2536,2005,2532,2526,2157,2528,2152],"class_list":{"0":"post-140999","1":"product","2":"type-product","3":"status-publish","4":"has-post-thumbnail","6":"product_cat-bloki-regulacyjne","7":"product_cat-chwytaki-gorilla","8":"product_cat-narzedzia","9":"product_cat-narzedzia-do-szkla","10":"product_cat-ramie-wikinga","11":"product_cat-tajima","12":"product_tag-bol-plecow","13":"product_tag-instalacja-kuchenna","14":"product_tag-klin-powietrzny","15":"product_tag-kliny","16":"product_tag-kopacze","17":"product_tag-montaz","18":"product_tag-monter-sklepow","19":"product_tag-narzedzie-wielofunkcyjne","20":"product_tag-podnosnik","21":"product_tag-podnosnik-drzwi","22":"product_tag-poduszka-do-podnoszenia","23":"product_tag-poduszka-powietrzna","24":"product_tag-pomoc-przy-podnoszeniu","25":"product_tag-ramie-wikinga","26":"product_tag-szafka-kuchenna","27":"product_tag-ustawione-drzwi","28":"product_tag-wiking","29":"product_tag-zestaw-szklany","31":"first","32":"instock","33":"taxable","34":"shipping-taxable","35":"purchasable","36":"product-type-simple"},"acf":[],"_links":{"self":[{"href":"https:\/\/gevelridder.nl\/pl\/wp-json\/wp\/v2\/product\/140999","targetHints":{"allow":["GET"]}}],"collection":[{"href":"https:\/\/gevelridder.nl\/pl\/wp-json\/wp\/v2\/product"}],"about":[{"href":"https:\/\/gevelridder.nl\/pl\/wp-json\/wp\/v2\/types\/product"}],"wp:featuredmedia":[{"embeddable":true,"href":"https:\/\/gevelridder.nl\/pl\/wp-json\/wp\/v2\/media\/132397"}],"wp:attachment":[{"href":"https:\/\/gevelridder.nl\/pl\/wp-json\/wp\/v2\/media?parent=140999"}],"wp:term":[{"taxonomy":"product_brand","embeddable":true,"href":"https:\/\/gevelridder.nl\/pl\/wp-json\/wp\/v2\/product_brand?post=140999"},{"taxonomy":"product_cat","embeddable":true,"href":"https:\/\/gevelridder.nl\/pl\/wp-json\/wp\/v2\/product_cat?post=140999"},{"taxonomy":"product_tag","embeddable":true,"href":"https:\/\/gevelridder.nl\/pl\/wp-json\/wp\/v2\/product_tag?post=140999"}],"curies":[{"name":"wp","href":"https:\/\/api.w.org\/{rel}","templated":true}]}}