
{"id":140994,"date":"2026-03-24T11:37:38","date_gmt":"2026-03-24T11:37:38","guid":{"rendered":"https:\/\/gevelridder.nl\/product\/ramie-wikinga\/"},"modified":"2026-03-24T11:37:38","modified_gmt":"2026-03-24T11:37:38","slug":"ramie-wikinga","status":"publish","type":"product","link":"https:\/\/gevelridder.nl\/pl\/produkt\/ramie-wikinga\/","title":{"rendered":"Rami\u0119 wikinga"},"content":{"rendered":"<h2><strong>Odkryj rami\u0119 wiking\u00f3w: rewolucja w narz\u0119dziach r\u0119cznych<\/strong><\/h2>\n<p>Zanurz si\u0119 w \u015bwiat Viking Arm, arcydzie\u0142a, w kt\u00f3rym tradycyjne rzemios\u0142o spotyka si\u0119 z nowoczesn\u0105 technologi\u0105. To narz\u0119dzie r\u0119czne jest nie tylko pot\u0119\u017cne, ale tak\u017ce kluczowym sprzymierze\u0144cem dla profesjonalist\u00f3w i niezawodnym partnerem dla majsterkowicz\u00f3w. Dzi\u0119ki temu narz\u0119dziu mo\u017cna \u0142atwo i bezpiecznie podnosi\u0107 drzwi, okna, szk\u0142o, szafki kuchenne i wiele wi\u0119cej na \u017c\u0105dan\u0105 wysoko\u015b\u0107 (zakres roboczy 6-\/215 mm).  <\/p>\n<p>Poni\u017cej przedstawiamy unikalne funkcje:<\/p>\n<h3>Pot\u0119\u017cne mo\u017cliwo\u015bci podnoszenia<\/h3>\n<ul>\n<li><strong>Imponuj\u0105ca moc<\/strong>: \u0142atwe podnoszenie ci\u0119\u017car\u00f3w do 150 kg.<\/li>\n<li><strong>Mocne komponenty<\/strong>: Ka\u017cda cz\u0119\u015b\u0107 wytrzymuje obci\u0105\u017cenie do 75 kg.<\/li>\n<\/ul>\n<h3>Wielofunkcyjna wszechstronno\u015b\u0107 ramienia Viking Arm<\/h3>\n<ul>\n<li><strong>R\u00f3\u017cne funkcje<\/strong>: U\u017cywaj go jako podno\u015bnika, prasy, zacisku i niwelatora.<\/li>\n<li><strong>Zast\u0119puje wiele narz\u0119dzi<\/strong>: Wszechstronne narz\u0119dzie w skrzynce narz\u0119dziowej.<\/li>\n<\/ul>\n<h3>Wydajno\u015b\u0107 i oszcz\u0119dno\u015b\u0107 czasu<\/h3>\n<ul>\n<li><strong>Oszcz\u0119dno\u015b\u0107 czasu<\/strong>: Zmniejsza potrzeb\u0119 korzystania z wielu narz\u0119dzi i dodatkowej pomocy.<\/li>\n<li><strong>Szybsza realizacja zada\u0144<\/strong>: Zwi\u0119ksza wydajno\u015b\u0107 proces\u00f3w roboczych.<\/li>\n<\/ul>\n<h3>Wyj\u0105tkowa jako\u015b\u0107 wykonania<\/h3>\n<ul>\n<li><strong>Wytrzyma\u0142e materia\u0142y<\/strong>: Wykonane w Norwegii z hartowanej stali i aluminium.<\/li>\n<li><strong>D\u0142ugotrwa\u0142a niezawodno\u015b\u0107<\/strong>: zaprojektowany z my\u015bl\u0105 o wytrzyma\u0142o\u015bci i trwa\u0142o\u015bci.<\/li>\n<\/ul>\n<h3>Kompaktowo\u015b\u0107 i przeno\u015bno\u015b\u0107 ramienia Viking Arm<\/h3>\n<ul>\n<li><strong>\u0141atwy do przenoszenia<\/strong>: Wymiary 383 x 219 x 87 mm.<\/li>\n<li><strong>Lekko\u015b\u0107<\/strong>: Wa\u017cy zaledwie 1,4 kg (3,0 lb).<\/li>\n<\/ul>\n<h3>Szerokie zastosowanie<\/h3>\n<ul>\n<li><strong>Wszechstronne zastosowanie<\/strong>: idealne do ram, belek, okien, drzwi, mebli i nie tylko.<\/li>\n<\/ul>\n<p>Odblokuj \u015bwiat mo\u017cliwo\u015bci. Przysz\u0142o\u015b\u0107 narz\u0119dzi r\u0119cznych zaczyna si\u0119 teraz. Wykorzystaj t\u0119 szans\u0119 ju\u017c dzi\u015b!  <\/p>\n<p>Ta sprytna zaprawa jest produkowana w Europie, w <a href=\"https:\/\/www.vikingarm.com\/\" target=\"_blank\" rel=\"noopener\">Norwegii<\/a>.<\/p>\n","protected":false},"excerpt":{"rendered":"<div class=\"group w-full text-token-text-primary border-b border-black\/10 gizmo:border-0 dark:border-gray-900\/50 gizmo:dark:border-0 bg-gray-50 gizmo:bg-transparent dark:bg-[#444654] gizmo:dark:bg-transparent\" data-testid=\"conversation-turn-27\">\n<div class=\"p-4 gizmo:py-2 justify-center text-base md:gap-6 md:py-6 m-auto\">\n<div class=\"flex flex-1 gap-4 text-base mx-auto md:gap-6 gizmo:gap-3 gizmo:md:px-5 gizmo:lg:px-1 gizmo:xl:px-5 md:max-w-2xl lg:max-w-[38rem] gizmo:md:max-w-3xl gizmo:lg:max-w-[40rem] gizmo:xl:max-w-[48rem] xl:max-w-3xl }\">\n<div class=\"relative flex w-[calc(100%-50px)] flex-col gizmo:w-full lg:w-[calc(100%-115px)] agent-turn\">\n<div class=\"flex-col gap-1 md:gap-3\">\n<div class=\"flex flex-grow flex-col gap-3 max-w-full\">\n<div class=\"min-h-[20px] flex flex-col items-start gap-3 whitespace-pre-wrap break-words overflow-x-auto\" data-message-author-role=\"assistant\" data-message-id=\"5f563869-146a-400d-81f6-f25c5f2fc67e\">\n<div class=\"markdown prose w-full break-words dark:prose-invert light\">\n<p><strong>Prawdziwe norweskie rami\u0119 wiking\u00f3w: si\u0142a i innowacja w twoich r\u0119kach<\/strong><\/p>\n<p>Odkryj oryginalne rami\u0119 Viking Arm prosto z Norwegii &#8211; ikon\u0119 si\u0142y i innowacji w \u015bwiecie narz\u0119dzi r\u0119cznych. Ta wielofunkcyjna si\u0142acz podnosi, zaciska i podtrzymuje z imponuj\u0105cym ud\u017awigiem do 150 kg, pozostaj\u0105c przy tym zaskakuj\u0105co lekkim i por\u0119cznym. Nie polegaj na podr\u00f3bkach, wybierz autentyczno\u015b\u0107 i najwy\u017csz\u0105 jako\u015b\u0107 norweskiego Viking Arm. Wyposa\u017c si\u0119 w to legendarne narz\u0119dzie i do\u015bwiadcz si\u0142y i wszechstronno\u015bci jak nigdy dot\u0105d!   <\/p>\n<\/div>\n<\/div>\n<\/div>\n<div class=\"flex justify-between empty:hidden gizmo:justify-start gizmo:gap-3 lg:block gizmo:lg:flex\">\n<div class=\"text-gray-400 flex self-end lg:self-center justify-center gizmo:lg:justify-start mt-2 gizmo:mt-0 visible lg:gap-1 lg:absolute lg:top-0 lg:translate-x-full lg:right-0 lg:mt-0 lg:pl-2 gap-2 md:gap-3\">\n<p>&nbsp;<\/p>\n<div class=\"flex gap-1\"><\/div>\n<\/div>\n<\/div>\n<\/div>\n<\/div>\n<\/div>\n<\/div>\n<\/div>\n","protected":false},"featured_media":131985,"template":"","meta":{"_acf_changed":false,"_seopress_robots_primary_cat":"none","_seopress_titles_title":"","_seopress_titles_desc":"","_seopress_robots_index":""},"product_brand":[],"product_cat":[2341,1973,1974,2524],"product_tag":[2192,2529,2525,2527,2019,2493,2005,2526,2528,2152],"class_list":{"0":"post-140994","1":"product","2":"type-product","3":"status-publish","4":"has-post-thumbnail","6":"product_cat-napinacze-plyt","7":"product_cat-narzedzia","8":"product_cat-narzedzia-do-szkla","9":"product_cat-ramie-wikinga","10":"product_tag-bol-plecow","11":"product_tag-drzwi-ramienne-viking","12":"product_tag-instalacja-kuchenna","13":"product_tag-montaz","14":"product_tag-monter-sklepow","15":"product_tag-podnosnik-drzwi","16":"product_tag-pomoc-przy-podnoszeniu","17":"product_tag-szafka-kuchenna","18":"product_tag-wiking","19":"product_tag-zestaw-szklany","20":"product_shipping_class-16-euro","22":"first","23":"instock","24":"sale","25":"taxable","26":"shipping-taxable","27":"purchasable","28":"product-type-simple"},"acf":[],"_links":{"self":[{"href":"https:\/\/gevelridder.nl\/pl\/wp-json\/wp\/v2\/product\/140994","targetHints":{"allow":["GET"]}}],"collection":[{"href":"https:\/\/gevelridder.nl\/pl\/wp-json\/wp\/v2\/product"}],"about":[{"href":"https:\/\/gevelridder.nl\/pl\/wp-json\/wp\/v2\/types\/product"}],"wp:featuredmedia":[{"embeddable":true,"href":"https:\/\/gevelridder.nl\/pl\/wp-json\/wp\/v2\/media\/131985"}],"wp:attachment":[{"href":"https:\/\/gevelridder.nl\/pl\/wp-json\/wp\/v2\/media?parent=140994"}],"wp:term":[{"taxonomy":"product_brand","embeddable":true,"href":"https:\/\/gevelridder.nl\/pl\/wp-json\/wp\/v2\/product_brand?post=140994"},{"taxonomy":"product_cat","embeddable":true,"href":"https:\/\/gevelridder.nl\/pl\/wp-json\/wp\/v2\/product_cat?post=140994"},{"taxonomy":"product_tag","embeddable":true,"href":"https:\/\/gevelridder.nl\/pl\/wp-json\/wp\/v2\/product_tag?post=140994"}],"curies":[{"name":"wp","href":"https:\/\/api.w.org\/{rel}","templated":true}]}}