
{"id":140975,"date":"2026-03-24T11:37:38","date_gmt":"2026-03-24T11:37:38","guid":{"rendered":"https:\/\/gevelridder.nl\/product\/zestaw-podwojnych-narzedzi-instalacyjnych-do-ramion-viking-w-etui\/"},"modified":"2026-03-24T11:37:38","modified_gmt":"2026-03-24T11:37:38","slug":"zestaw-podwojnych-narzedzi-instalacyjnych-do-ramion-viking-w-etui","status":"publish","type":"product","link":"https:\/\/gevelridder.nl\/pl\/produkt\/zestaw-podwojnych-narzedzi-instalacyjnych-do-ramion-viking-w-etui\/","title":{"rendered":"Zestaw podw\u00f3jnych narz\u0119dzi instalacyjnych do ramion Viking (w etui)"},"content":{"rendered":"<h2><strong>Odkryj <\/strong>zestaw narz\u0119dzi instalacyjnych Viking Arm (w etui)<\/h2>\n<p>Zanurz si\u0119 w \u015bwiecie Viking Arm i kup Viking Arm Installation Tool Duo Pack (In Case), arcydzie\u0142o, w kt\u00f3rym tradycyjne rzemios\u0142o spotyka si\u0119 z nowoczesn\u0105 technologi\u0105. To narz\u0119dzie r\u0119czne jest nie tylko pot\u0119\u017cne, ale tak\u017ce kluczowym sprzymierze\u0144cem dla profesjonalist\u00f3w i niezawodnym partnerem dla majsterkowicz\u00f3w. Dzi\u0119ki temu narz\u0119dziu mo\u017cna \u0142atwo i bezpiecznie podnosi\u0107 drzwi, okna, szk\u0142o, szafki kuchenne i wiele wi\u0119cej na \u017c\u0105dan\u0105 wysoko\u015b\u0107 (zakres roboczy 6-\/215 mm).  <\/p>\n<p>Poni\u017cej przedstawiamy unikalne funkcje:<\/p>\n<h3>Pot\u0119\u017cne mo\u017cliwo\u015bci podnoszenia<\/h3>\n<ul>\n<li><strong>Imponuj\u0105ca moc<\/strong>: \u0142atwe podnoszenie ci\u0119\u017car\u00f3w do 150 kg.<\/li>\n<li><strong>Mocne komponenty<\/strong>: Ka\u017cda cz\u0119\u015b\u0107 wytrzymuje obci\u0105\u017cenie do 75 kg.<\/li>\n<\/ul>\n<h3>Wielofunkcyjna wszechstronno\u015b\u0107 ramienia Viking Arm<\/h3>\n<ul>\n<li><strong>R\u00f3\u017cne funkcje<\/strong>: U\u017cywaj go jako podno\u015bnika, prasy, zacisku i niwelatora.<\/li>\n<li><strong>Zast\u0119puje wiele narz\u0119dzi<\/strong>: Wszechstronne narz\u0119dzie w skrzynce narz\u0119dziowej.<\/li>\n<\/ul>\n<h3>Wydajno\u015b\u0107 i oszcz\u0119dno\u015b\u0107 czasu<\/h3>\n<ul>\n<li><strong>Oszcz\u0119dno\u015b\u0107 czasu<\/strong>: Zmniejsza potrzeb\u0119 korzystania z wielu narz\u0119dzi i dodatkowej pomocy.<\/li>\n<li><strong>Szybsza realizacja zada\u0144<\/strong>: Zwi\u0119ksza wydajno\u015b\u0107 proces\u00f3w roboczych.<\/li>\n<\/ul>\n<h3>Wyj\u0105tkowa jako\u015b\u0107 wykonania<\/h3>\n<ul>\n<li><strong>Wytrzyma\u0142e materia\u0142y<\/strong>: Wykonane w Norwegii z hartowanej stali i aluminium.<\/li>\n<li><strong>D\u0142ugotrwa\u0142a niezawodno\u015b\u0107<\/strong>: zaprojektowany z my\u015bl\u0105 o wytrzyma\u0142o\u015bci i trwa\u0142o\u015bci.<\/li>\n<\/ul>\n<h3>Kompaktowo\u015b\u0107 i przeno\u015bno\u015b\u0107 ramienia Viking Arm<\/h3>\n<ul>\n<li><strong>\u0141atwy do przenoszenia<\/strong>: Wymiary 383 x 219 x 87 mm.<\/li>\n<li><strong>Lekko\u015b\u0107<\/strong>: Wa\u017cy zaledwie 1,4 kg (3,0 lb).<\/li>\n<\/ul>\n<h3>Szerokie zastosowanie<\/h3>\n<ul>\n<li><strong>Wszechstronne zastosowanie<\/strong>: idealne do ram, belek, okien, drzwi, mebli i nie tylko.<\/li>\n<\/ul>\n<p>Odblokuj \u015bwiat mo\u017cliwo\u015bci. Przysz\u0142o\u015b\u0107 narz\u0119dzi r\u0119cznych zaczyna si\u0119 teraz. Wykorzystaj t\u0119 szans\u0119 ju\u017c dzi\u015b!  <\/p>\n<p>Ta sprytna zaprawa jest produkowana w Europie, w <a href=\"https:\/\/www.vikingarm.com\/\" target=\"_blank\" rel=\"noopener\">Norwegii<\/a>.<\/p>\n","protected":false},"excerpt":{"rendered":"<div class=\"group w-full text-token-text-primary border-b border-black\/10 gizmo:border-0 dark:border-gray-900\/50 gizmo:dark:border-0 bg-gray-50 gizmo:bg-transparent dark:bg-[#444654] gizmo:dark:bg-transparent\" data-testid=\"conversation-turn-27\">\n<div class=\"p-4 gizmo:py-2 justify-center text-base md:gap-6 md:py-6 m-auto\">\n<div class=\"flex flex-1 gap-4 text-base mx-auto md:gap-6 gizmo:gap-3 gizmo:md:px-5 gizmo:lg:px-1 gizmo:xl:px-5 md:max-w-2xl lg:max-w-[38rem] gizmo:md:max-w-3xl gizmo:lg:max-w-[40rem] gizmo:xl:max-w-[48rem] xl:max-w-3xl }\">\n<div class=\"relative flex w-[calc(100%-50px)] flex-col gizmo:w-full lg:w-[calc(100%-115px)] agent-turn\">\n<div class=\"flex-col gap-1 md:gap-3\">\n<div class=\"flex flex-grow flex-col gap-3 max-w-full\">\n<div class=\"min-h-[20px] flex flex-col items-start gap-3 whitespace-pre-wrap break-words overflow-x-auto\" data-message-author-role=\"assistant\" data-message-id=\"5f563869-146a-400d-81f6-f25c5f2fc67e\">\n<div class=\"markdown prose w-full break-words dark:prose-invert light\">\n<p><strong>Si\u0142a i innowacyjno\u015b\u0107 w Twoich r\u0119kach<\/strong><\/p>\n<p><span style=\"color: #5bbc3a;\">\u221a<strong><span style=\"color: #000000;\"> Podno\u015bniki 150 kg<\/span><\/strong><\/span><\/p>\n<p><span style=\"color: #5bbc3a;\">\u221a<strong><span style=\"color: #000000;\"> Mog\u0105 by\u0107 r\u00f3wnie\u017c u\u017cywane jako szczypce do kleju<\/span><\/strong><\/span><\/p>\n<p><span style=\"color: #5bbc3a;\">\u221a<strong><span style=\"color: #000000;\"><span style=\"color: #0000ff;\"> wykonany<\/span> <span style=\"color: #999999;\">w<\/span> <span style=\"color: #ff0000;\">Norwegia<\/span><\/span><\/strong><\/span><\/p>\n<p><span style=\"color: #5bbc3a;\">\u221a<strong><span style=\"color: #000000;\"> Orygina\u0142<\/span><\/strong><\/span><\/p>\n<\/div>\n<\/div>\n<\/div>\n<\/div>\n<\/div>\n<\/div>\n<\/div>\n<\/div>\n","protected":false},"featured_media":132270,"template":"","meta":{"_acf_changed":false,"_seopress_robots_primary_cat":"none","_seopress_titles_title":"","_seopress_titles_desc":"","_seopress_robots_index":""},"product_brand":[],"product_cat":[2341,1973,1974,2524],"product_tag":[2192,2529,2530,2525,2527,2019,2493,2005,2526,2528,2152],"class_list":{"0":"post-140975","1":"product","2":"type-product","3":"status-publish","4":"has-post-thumbnail","6":"product_cat-napinacze-plyt","7":"product_cat-narzedzia","8":"product_cat-narzedzia-do-szkla","9":"product_cat-ramie-wikinga","10":"product_tag-bol-plecow","11":"product_tag-drzwi-ramienne-viking","12":"product_tag-futeral-na-ramie-wikinga","13":"product_tag-instalacja-kuchenna","14":"product_tag-montaz","15":"product_tag-monter-sklepow","16":"product_tag-podnosnik-drzwi","17":"product_tag-pomoc-przy-podnoszeniu","18":"product_tag-szafka-kuchenna","19":"product_tag-wiking","20":"product_tag-zestaw-szklany","21":"product_shipping_class-16-euro","23":"first","24":"instock","25":"taxable","26":"shipping-taxable","27":"purchasable","28":"product-type-simple"},"acf":[],"_links":{"self":[{"href":"https:\/\/gevelridder.nl\/pl\/wp-json\/wp\/v2\/product\/140975","targetHints":{"allow":["GET"]}}],"collection":[{"href":"https:\/\/gevelridder.nl\/pl\/wp-json\/wp\/v2\/product"}],"about":[{"href":"https:\/\/gevelridder.nl\/pl\/wp-json\/wp\/v2\/types\/product"}],"wp:featuredmedia":[{"embeddable":true,"href":"https:\/\/gevelridder.nl\/pl\/wp-json\/wp\/v2\/media\/132270"}],"wp:attachment":[{"href":"https:\/\/gevelridder.nl\/pl\/wp-json\/wp\/v2\/media?parent=140975"}],"wp:term":[{"taxonomy":"product_brand","embeddable":true,"href":"https:\/\/gevelridder.nl\/pl\/wp-json\/wp\/v2\/product_brand?post=140975"},{"taxonomy":"product_cat","embeddable":true,"href":"https:\/\/gevelridder.nl\/pl\/wp-json\/wp\/v2\/product_cat?post=140975"},{"taxonomy":"product_tag","embeddable":true,"href":"https:\/\/gevelridder.nl\/pl\/wp-json\/wp\/v2\/product_tag?post=140975"}],"curies":[{"name":"wp","href":"https:\/\/api.w.org\/{rel}","templated":true}]}}