
{"id":140970,"date":"2026-03-24T11:38:06","date_gmt":"2026-03-24T11:38:06","guid":{"rendered":"https:\/\/gevelridder.nl\/product\/podnosnik-drzwi-i-polek-roughneck\/"},"modified":"2026-03-24T11:38:06","modified_gmt":"2026-03-24T11:38:06","slug":"podnosnik-drzwi-i-polek-roughneck","status":"publish","type":"product","link":"https:\/\/gevelridder.nl\/pl\/produkt\/podnosnik-drzwi-i-polek-roughneck\/","title":{"rendered":"Podno\u015bnik drzwi i p\u00f3\u0142ek Roughneck"},"content":{"rendered":"<h2>Podno\u015bnik do drzwi i p\u00f3\u0142ek Roughneck<\/h2>\n<p>jest niezb\u0119dnym narz\u0119dziem dla profesjonalist\u00f3w, takich jak stolarze, szklarze, malarze i \u015blusarze. To innowacyjne narz\u0119dzie zosta\u0142o zaprojektowane do \u0142atwego podnoszenia, obracania i pozycjonowania drzwi i paneli za pomoc\u0105 jednej stopy. Dzi\u0119ki ud\u017awigowi do 75 kg zapewnia si\u0142\u0119 potrzebn\u0105 do obs\u0142ugi drzwi, du\u017cych paneli i p\u00f3\u0142ek, a dzi\u0119ki antypo\u015blizgowym podk\u0142adkom zapewnia pewny chwyt.  <\/p>\n<p><strong>Podk\u0142adki antypo\u015blizgowe x3<\/strong>: Podno\u015bnik do drzwi i p\u00f3\u0142ek Roughneck jest wyposa\u017cony w trzy podk\u0142adki antypo\u015blizgowe, kt\u00f3re zapewniaj\u0105 niezawodny i pewny chwyt podnoszonych materia\u0142\u00f3w. Podk\u0142adki te zapobiegaj\u0105 \u015blizganiu si\u0119 i przesuwaniu drzwi i paneli, maksymalizuj\u0105c precyzj\u0119 i kontrol\u0119 podczas pracy. <\/p>\n<p><strong>Maksymalny ud\u017awig 75 kg\/165 fun<\/strong> t\u00f3w: To narz\u0119dzie oferuje imponuj\u0105c\u0105 wytrzyma\u0142o\u015b\u0107 dzi\u0119ki maksymalnemu ud\u017awigowi 75 kg\/165 funt\u00f3w. Pozwala to z \u0142atwo\u015bci\u0105 obs\u0142ugiwa\u0107 nawet najci\u0119\u017csze drzwi, du\u017ce panele i p\u00f3\u0142ki. Niezale\u017cnie od tego, czy chodzi o projekty renowacyjne, malowanie czy naprawy, ten podno\u015bnik gwarantuje optymaln\u0105 wydajno\u015b\u0107.  <\/p>\n<p><strong>Wysoko\u015b\u0107 podnoszenia 65 mm\/2\u00bd<\/strong> &#8222;: Podno\u015bnik do drzwi i paneli Roughneck nie tylko podnosi ci\u0119\u017ckie materia\u0142y, ale tak\u017ce oferuje wysoko\u015b\u0107 podnoszenia 65 mm\/2\u00bd&#8221;. Pozwala to na precyzyjne ustawienie i dostosowanie drzwi i paneli do \u017c\u0105danej wysoko\u015bci. Jest to szczeg\u00f3lnie przydatne podczas prac instalacyjnych i zawieszania drzwi.  <\/p>\n<p>Niezale\u017cnie od tego, czy jeste\u015b profesjonalnym rzemie\u015blnikiem, czy tylko majsterkujesz w domu, podno\u015bnik do drzwi i paneli Roughneck znacznie u\u0142atwi Ci prac\u0119. Dzi\u0119ki unikalnej konstrukcji mo\u017cna bez wysi\u0142ku podnosi\u0107 i ustawia\u0107 drzwi i panele, a dzi\u0119ki antypo\u015blizgowym podk\u0142adkom mo\u017cna mie\u0107 pewno\u015b\u0107, \u017ce materia\u0142y pozostan\u0105 bezpieczne i stabilne. Wybierz wygod\u0119, precyzj\u0119 i wydajno\u015b\u0107 dzi\u0119ki podno\u015bnikowi do drzwi i p\u00f3\u0142ek Roughneck.  <\/p>\n","protected":false},"excerpt":{"rendered":"<p>To innowacyjne narz\u0119dzie, podno\u015bnik do drzwi i p\u00f3\u0142ek, zosta\u0142o zaprojektowane do \u0142atwego podnoszenia, obracania i pozycjonowania drzwi i paneli za pomoc\u0105 jednej stopy. W zestawie znajduj\u0105 si\u0119 trzy podk\u0142adki antypo\u015blizgowe. <\/p>\n","protected":false},"featured_media":132042,"template":"","meta":{"_acf_changed":false,"_seopress_robots_primary_cat":"none","_seopress_titles_title":"","_seopress_titles_desc":"","_seopress_robots_index":""},"product_brand":[],"product_cat":[2492,1973,1974,2106],"product_tag":[2521,2493,2497,2520],"class_list":{"0":"post-140970","1":"product","2":"type-product","3":"status-publish","4":"has-post-thumbnail","6":"product_cat-chwytaki-gorilla","7":"product_cat-narzedzia","8":"product_cat-narzedzia-do-szkla","9":"product_cat-wozki-do-drzwi","10":"product_tag-drzwi-windy","11":"product_tag-podnosnik-drzwi","12":"product_tag-szorstki-kark","13":"product_tag-wyregulowac-drzwi","14":"product_shipping_class-16-euro","16":"first","17":"instock","18":"sale","19":"taxable","20":"shipping-taxable","21":"purchasable","22":"product-type-simple"},"acf":[],"_links":{"self":[{"href":"https:\/\/gevelridder.nl\/pl\/wp-json\/wp\/v2\/product\/140970","targetHints":{"allow":["GET"]}}],"collection":[{"href":"https:\/\/gevelridder.nl\/pl\/wp-json\/wp\/v2\/product"}],"about":[{"href":"https:\/\/gevelridder.nl\/pl\/wp-json\/wp\/v2\/types\/product"}],"wp:featuredmedia":[{"embeddable":true,"href":"https:\/\/gevelridder.nl\/pl\/wp-json\/wp\/v2\/media\/132042"}],"wp:attachment":[{"href":"https:\/\/gevelridder.nl\/pl\/wp-json\/wp\/v2\/media?parent=140970"}],"wp:term":[{"taxonomy":"product_brand","embeddable":true,"href":"https:\/\/gevelridder.nl\/pl\/wp-json\/wp\/v2\/product_brand?post=140970"},{"taxonomy":"product_cat","embeddable":true,"href":"https:\/\/gevelridder.nl\/pl\/wp-json\/wp\/v2\/product_cat?post=140970"},{"taxonomy":"product_tag","embeddable":true,"href":"https:\/\/gevelridder.nl\/pl\/wp-json\/wp\/v2\/product_tag?post=140970"}],"curies":[{"name":"wp","href":"https:\/\/api.w.org\/{rel}","templated":true}]}}