
{"id":140944,"date":"2026-03-24T11:42:56","date_gmt":"2026-03-24T11:42:56","guid":{"rendered":"https:\/\/gevelridder.nl\/product\/plattini-poros\/"},"modified":"2026-03-24T11:42:56","modified_gmt":"2026-03-24T11:42:56","slug":"plattini-poros","status":"publish","type":"product","link":"https:\/\/gevelridder.nl\/pl\/produkt\/plattini-poros\/","title":{"rendered":"Plattini Poros"},"content":{"rendered":"<div class=\"flex-shrink-0 flex flex-col relative items-end\">\n<div class=\"pt-0\">\n<h2>Plattini Poros<\/h2>\n<\/div>\n<\/div>\n<div class=\"group\/conversation-turn relative flex w-full min-w-0 flex-col agent-turn\">\n<div class=\"flex-col gap-1 md:gap-3\">\n<div class=\"flex max-w-full flex-col flex-grow\">\n<div class=\"min-h-8 text-message flex w-full flex-col items-end gap-2 whitespace-normal break-words [.text-message+&amp;]:mt-5\" dir=\"auto\" data-message-author-role=\"assistant\" data-message-id=\"ff7a975a-5ce1-4e52-9150-47078b5511ec\" data-message-model-slug=\"gpt-4o\">\n<div class=\"group\/conversation-turn relative flex w-full min-w-0 flex-col agent-turn\">\n<div class=\"flex-col gap-1 md:gap-3\">\n<div class=\"flex max-w-full flex-col flex-grow\">\n<div class=\"min-h-8 text-message flex w-full flex-col items-end gap-2 whitespace-normal break-words [.text-message+&amp;]:mt-5\" dir=\"auto\" data-message-author-role=\"assistant\" data-message-id=\"a60b188f-eded-40b5-a37e-afa365c77494\" data-message-model-slug=\"gpt-4o\">\n<div class=\"flex w-full flex-col gap-1 empty:hidden first:pt-[3px]\">\n<div class=\"markdown prose w-full break-words dark:prose-invert light\">\n<p>Przyssawka Plattini Poros firmy Gevelridder zosta\u0142a specjalnie zaprojektowana do podnoszenia porowatych i p\u00f3\u0142porowatych materia\u0142\u00f3w o wadze do 55 kg. Niezale\u017cnie od tego, czy pracujesz z ceg\u0142ami, p\u0142ytami gipsowo-kartonowymi, drewnem, czy nawet delikatnymi materia\u0142ami, takimi jak ekrany LCD \/ LED, ta przyssawka sprawia, \u017ce praca jest bezpieczna i bezwysi\u0142kowa. Dzi\u0119ki wydajnemu akumulatorowi litowo-jonowemu 21 V 7500 mAh, Plattini Poros oferuje ci\u0105g\u0142\u0105 wydajno\u015b\u0107 pracy wynosz\u0105c\u0105 oko\u0142o 40 minut na jednym \u0142adowaniu, co jest idealne do prac, kt\u00f3re musz\u0105 by\u0107 wykonywane szybko i wydajnie. \u0141adowanie trwa od 4 do 6 godzin, dzi\u0119ki czemu urz\u0105dzenie jest zawsze gotowe do pracy.   <\/p>\n<p>Unikaln\u0105 cech\u0105 Plattini Poros jest adaptacyjny tryb pracy. Wbudowany czujnik stale monitoruje poziom podci\u015bnienia i automatycznie dostosowuje ci\u015bnienie w zale\u017cno\u015bci od materia\u0142u. Pozwala to na bezpieczne podnoszenie nawet porowatych materia\u0142\u00f3w o krzywi\u017anie do 15 mm, bez obawy o utrat\u0119 przyczepno\u015bci. Funkcja ta zapewnia maksymalne bezpiecze\u0144stwo i wydajno\u015b\u0107, zw\u0142aszcza podczas pracy z delikatnymi powierzchniami.   <\/p>\n<p>Dzi\u0119ki kompaktowym wymiarom (338 x 222 x 158 mm) i wadze zaledwie 1,9 kg, Plattini Poros jest lekki i por\u0119czny, dzi\u0119ki czemu praca jest jeszcze bardziej komfortowa. Materia\u0142 tarczy podnosz\u0105cej to stop aluminium, kt\u00f3ry jest zar\u00f3wno wytrzyma\u0142y, jak i lekki. Opcjonalny uchwyt mo\u017ce by\u0107 r\u00f3wnie\u017c dodany dla dodatkowej wygody.  <\/p>\n<p>Gevelridder z dum\u0105 oferuje ten innowacyjny produkt. \u0141\u0105cz\u0105c moc i precyzj\u0119 w kompaktowej formie, Plattini Poros jest rozwi\u0105zaniem dla profesjonalist\u00f3w poszukuj\u0105cych niezawodnego i bezpiecznego sprz\u0119tu do podnoszenia materia\u0142\u00f3w porowatych. Z nim \u017cadna praca nie jest ju\u017c zbyt trudna!  <\/p>\n<p><strong>Specyfikacja produktu &#8211; Przyssawka Plattini Poros<\/strong><\/p>\n<ul>\n<li><strong>Maksymalna si\u0142a podnoszenia (pozioma):<\/strong> 55 kg<\/li>\n<li><strong>Nadaje si\u0119 do:<\/strong> Porowatych i p\u00f3\u0142porowatych materia\u0142\u00f3w, takich jak kostka brukowa, p\u0142yty gipsowo-kartonowe, drewno, karton oraz delikatnych materia\u0142\u00f3w, takich jak ekrany LCD\/LED<\/li>\n<li><strong>Adaptacyjny tryb pracy:<\/strong> Tak, z wbudowanym czujnikiem do automatycznej regulacji ci\u015bnienia<\/li>\n<li><strong>Materia\u0142 tarczy podnosz\u0105cej:<\/strong> stop aluminium<\/li>\n<li><strong>Wymiary (d\u0142. x szer. x wys.):<\/strong> 338 x 222 x 158 mm<\/li>\n<li><strong>Waga netto:<\/strong> 1,9 kg<\/li>\n<\/ul>\n<p><strong>Bateria i zasilanie<\/strong><\/p>\n<ul>\n<li><strong>Typ akumulatora:<\/strong> litowo-jonowy 21 V<\/li>\n<li><strong>Pojemno\u015b\u0107 baterii:<\/strong> 7500 mAh<\/li>\n<li><strong>Czas pracy na jednym \u0142adowaniu:<\/strong> oko\u0142o 40 minut<\/li>\n<li><strong>Czas \u0142adowania:<\/strong> od 4 do 6 godzin<\/li>\n<li><strong>Napi\u0119cie wej\u015bciowe \u0142adowania:<\/strong> 100-240VAC 50\/60Hz, 21VDC2A<\/li>\n<li><strong>Moc znamionowa:<\/strong> 200 W<\/li>\n<li><strong>Z\u0142\u0105cze \u0142adowania:<\/strong> DC<\/li>\n<\/ul>\n<p><strong>Funkcje operacyjne<\/strong><\/p>\n<ul>\n<li><strong>Maksymalna pr\u00f3\u017cnia:<\/strong> -20 kPa<\/li>\n<li><strong>Nominalna obj\u0119to\u015b\u0107 powietrza:<\/strong> 960 l\/min<\/li>\n<li><strong>Temperatura pracy:<\/strong> od 0\u00b0C do 60\u00b0C (od 30\u00b0F do 140\u00b0F)<\/li>\n<\/ul>\n<p><strong>Akcesoria opcjonalne<\/strong><\/p>\n<ul>\n<li><strong>Uchwyt:<\/strong> Dla dodatkowej wygody<\/li>\n<\/ul>\n<p>Specyfikacje te sprawiaj\u0105, \u017ce Plattini Poros jest idealny do profesjonalnego u\u017cytku z materia\u0142ami porowatymi, oferuj\u0105c zar\u00f3wno moc, jak i precyzj\u0119 w lekkiej i kompaktowej konstrukcji.<\/p>\n<\/div>\n<\/div>\n<\/div>\n<\/div>\n<\/div>\n<\/div>\n<\/div>\n<\/div>\n<\/div>\n<\/div>\n","protected":false},"excerpt":{"rendered":"<p>Przyssawka Plattini Poros firmy Gable Knight bez wysi\u0142ku podnosi porowate materia\u0142y o wadze do 55 kg. Dzi\u0119ki adaptacyjnej regulacji nacisku, wydajnej baterii i lekkiej konstrukcji, jest idealna do bezpiecznego, profesjonalnego u\u017cytku. Idealna do prac budowlanych i delikatnych, ta przyssawka \u0142\u0105czy moc i precyzj\u0119 w jednym kompaktowym urz\u0105dzeniu.  <\/p>\n<p><span style=\"color: #5bbc3a;\"><strong>\u2714 <\/strong><\/span><strong>Lekki<\/strong><\/p>\n<p><span style=\"color: #5bbc3a;\"><strong>\u2714 <\/strong><\/span><strong>Maks. ud\u017awig Poziomo 55 kg<\/strong><\/p>\n<p><span style=\"color: #5bbc3a;\"><strong><span style=\"color: #000000;\">Stop aluminium<\/span><\/strong><\/span><\/p>\n<p><span style=\"color: #5bbc3a;\"><strong><span style=\"color: #5bbc3a;\">\u2714 <\/span><span style=\"color: #000000;\">Zawiera walizk\u0119 transportow\u0105, dwie baterie<\/span><\/strong><\/span><\/p>\n","protected":false},"featured_media":132446,"template":"","meta":{"_acf_changed":false,"_seopress_robots_primary_cat":"none","_seopress_titles_title":"","_seopress_titles_desc":"","_seopress_robots_index":""},"product_brand":[],"product_cat":[1952,1953],"product_tag":[2486,2217,2485,2241,2214,2249,2219,2489,2488,2487,2073,2250,2231,2490,2216,1963],"class_list":{"0":"post-140944","1":"product","2":"type-product","3":"status-publish","4":"has-post-thumbnail","6":"product_cat-nosidla-do-szyb","7":"product_cat-przyssawki-z-pompka","8":"product_tag-automatyczne-odkurzanie","9":"product_tag-automatyczny-odkurzacz","10":"product_tag-autovac","11":"product_tag-dewalt-grabo","12":"product_tag-grabo","13":"product_tag-nowy","14":"product_tag-odkurzacz-samochodowy","15":"product_tag-plattini","16":"product_tag-samochod-prozniowy","17":"product_tag-sklep","18":"product_tag-szklo","19":"product_tag-tlok-ladowany-przez-usb","20":"product_tag-tlok-pompy","21":"product_tag-tlok-poros","22":"product_tag-tlok-prozniowy","23":"product_tag-verhuizen","25":"first","26":"instock","27":"taxable","28":"shipping-taxable","29":"purchasable","30":"product-type-simple"},"acf":[],"_links":{"self":[{"href":"https:\/\/gevelridder.nl\/pl\/wp-json\/wp\/v2\/product\/140944","targetHints":{"allow":["GET"]}}],"collection":[{"href":"https:\/\/gevelridder.nl\/pl\/wp-json\/wp\/v2\/product"}],"about":[{"href":"https:\/\/gevelridder.nl\/pl\/wp-json\/wp\/v2\/types\/product"}],"wp:featuredmedia":[{"embeddable":true,"href":"https:\/\/gevelridder.nl\/pl\/wp-json\/wp\/v2\/media\/132446"}],"wp:attachment":[{"href":"https:\/\/gevelridder.nl\/pl\/wp-json\/wp\/v2\/media?parent=140944"}],"wp:term":[{"taxonomy":"product_brand","embeddable":true,"href":"https:\/\/gevelridder.nl\/pl\/wp-json\/wp\/v2\/product_brand?post=140944"},{"taxonomy":"product_cat","embeddable":true,"href":"https:\/\/gevelridder.nl\/pl\/wp-json\/wp\/v2\/product_cat?post=140944"},{"taxonomy":"product_tag","embeddable":true,"href":"https:\/\/gevelridder.nl\/pl\/wp-json\/wp\/v2\/product_tag?post=140944"}],"curies":[{"name":"wp","href":"https:\/\/api.w.org\/{rel}","templated":true}]}}