
{"id":140939,"date":"2026-03-24T11:33:09","date_gmt":"2026-03-24T11:33:09","guid":{"rendered":"https:\/\/gevelridder.nl\/product\/rekawice-robocze-activgrip-omega-l\/"},"modified":"2026-05-08T10:41:20","modified_gmt":"2026-05-08T10:41:20","slug":"rekawice-robocze-activgrip-omega-l","status":"publish","type":"product","link":"https:\/\/gevelridder.nl\/pl\/produkt\/rekawice-robocze-activgrip-omega-l\/","title":{"rendered":"R\u0119kawice robocze ActivGrip Omega L"},"content":{"rendered":"<h2>R\u0119kawice robocze ActivGrip Omega rozmiar L<\/h2>\n<p>Wsp\u00f3\u0142cze\u015bni rycerze zas\u0142uguj\u0105 na najlepsz\u0105 zbroj\u0119 dla swoich d\u0142oni, a Fa\u00e7ade Knight z dum\u0105 prezentuje r\u0119kawice robocze ActivGrip Omega firmy Towa. Spadkobierca wielowiekowych tradycji rzemie\u015blniczych, r\u0119kawice te oferuj\u0105 idealne po\u0142\u0105czenie komfortu i niezr\u00f3wnanej ochrony. Dzi\u0119ki odporno\u015bci na przeci\u0119cie na poziomie 5, b\u0119dziesz uzbrojony przed najostrzejszymi wrogami, takimi jak szk\u0142o i ostre metalowe cz\u0119\u015bci.  <\/p>\n<p>Innowacyjna pow\u0142oka nitrylowa Microfinish i wy\u015bci\u00f3\u0142ka HPPE o grubo\u015bci 13 mm tworz\u0105 pot\u0119\u017cn\u0105 os\u0142on\u0119, kt\u00f3ra nie tylko chroni, ale tak\u017ce zapewnia niezwykle komfortowe wra\u017cenia. To sprawia, \u017ce ActivGrip Omega s\u0105 idealnym wyborem dla rzemie\u015blnik\u00f3w w bran\u017cy monta\u017cowej, motoryzacyjnej, szklarskiej i metalowej, a nawet w wymagaj\u0105cych \u015brodowiskach zak\u0142ad\u00f3w petrochemicznych. <\/p>\n<p>Dzi\u0119ki wieloletniemu do\u015bwiadczeniu w oferowaniu r\u0119kawic roboczych, w Gevelridder BV rozumiemy, \u017ce ka\u017cda praca ma swoje unikalne wyzwania. Niezale\u017cnie od tego, czy pracujesz ze szk\u0142em, drewnem czy chemikaliami, nasze r\u0119kawice zapewniaj\u0105 maksymaln\u0105 ochron\u0119. <\/p>\n<p>W Gevelridder bezpiecze\u0144stwo jest na pierwszym miejscu. Dlatego nasze r\u0119kawice robocze s\u0105 nie tylko wygodne i trwa\u0142e, ale tak\u017ce \u015bci\u015ble spe\u0142niaj\u0105 normy bezpiecze\u0144stwa NEN. Poniewa\u017c prawdziwi rycerze zas\u0142uguj\u0105 na najlepsz\u0105 zbroj\u0119, nawet w nowoczesnym \u015bwiecie.  <\/p>\n<p>Teraz wkrocz do \u015bwiata nowoczesnego rycerstwa. Wybierz r\u0119kawice robocze ActivGrip Omega, oferowane przez Gevelridder BV, najbardziej niezawodnego i op\u0142acalnego dostawc\u0119 szklanych r\u0119kawic roboczych w Holandii. Twoje d\u0142onie s\u0105 narz\u0119dziem Twojego kunsztu; chro\u0144 je z godno\u015bci\u0105.  <\/p>\n<p><strong>Aby okre\u015bli\u0107 w\u0142a\u015bciwy rozmiar r\u0119kawic roboczych, zmierz obw\u00f3d d\u0142oni. We\u017a ta\u015bm\u0119 miernicz\u0105 i owi\u0144 j\u0105 wok\u00f3\u0142 d\u0142oni tu\u017c nad kciukiem. Zanotuj zmierzony obw\u00f3d. Nast\u0119pnie zapoznaj si\u0119 z poni\u017csz\u0105 tabel\u0105 rozmiar\u00f3w, aby znale\u017a\u0107 idealny rozmiar r\u0119kawic.   <\/strong><\/p>\n<table width=\"263\">\n<tbody>\n<tr>\n<td colspan=\"2\" width=\"128\">Rozmiar<\/td>\n<td width=\"135\">Obw\u00f3d d\u0142oni<\/td>\n<\/tr>\n<tr>\n<td>6<\/td>\n<td>xs<\/td>\n<td>14-17 cm<\/td>\n<\/tr>\n<tr>\n<td>7<\/td>\n<td>s<\/td>\n<td>17-20 cm<\/td>\n<\/tr>\n<tr>\n<td>8<\/td>\n<td>m<\/td>\n<td>20-23 cm<\/td>\n<\/tr>\n<tr>\n<td>9<\/td>\n<td>L<\/td>\n<td>23-25 cm<\/td>\n<\/tr>\n<tr>\n<td>10<\/td>\n<td>XL<\/td>\n<td>25-27 cm<\/td>\n<\/tr>\n<tr>\n<td>11<\/td>\n<td>XXL<\/td>\n<td>27-30 cm<\/td>\n<\/tr>\n<\/tbody>\n<\/table>\n","protected":false},"excerpt":{"rendered":"<p>Fa\u00e7ade Knight przedstawia r\u0119kawice robocze ActivGrip Omega w rozmiarze L: nowoczesn\u0105 zbroj\u0119 rycersk\u0105. Idealne dla bran\u017cy motoryzacyjnej, obr\u00f3bki metali, szk\u0142a i nie tylko, z odporno\u015bci\u0105 na przeci\u0119cia na poziomie 5. Wykonane z my\u015bl\u0105 o komforcie, trwa\u0142o\u015bci i surowych normach bezpiecze\u0144stwa NEN. Dzi\u0119ki wieloletniemu do\u015bwiadczeniu Gable Knight gwarantuje jako\u015b\u0107 i bezpiecze\u0144stwo. Chro\u0144 swoje d\u0142onie z godno\u015bci\u0105 z najlepszymi w Holandii. Gevelridder: gdzie staromodne rzemios\u0142o spotyka si\u0119 z nowoczesn\u0105 ochron\u0105.     <\/p>\n","protected":false},"featured_media":131655,"template":"","meta":{"_acf_changed":false,"_seopress_robots_primary_cat":"none","_seopress_titles_title":"","_seopress_titles_desc":"","_seopress_robots_index":""},"product_brand":[],"product_cat":[1973,1974],"product_tag":[2143,2420,2459,2429,2460,2461,2516,2023],"class_list":{"0":"post-140939","1":"product","2":"type-product","3":"status-publish","4":"has-post-thumbnail","6":"product_cat-narzedzia","7":"product_cat-narzedzia-do-szkla","8":"product_tag-bohle","9":"product_tag-ciecie-szkla","10":"product_tag-ochrona-dloni","11":"product_tag-oszklenie","12":"product_tag-rekawice-ochronne","13":"product_tag-rekawice-robocze","14":"product_tag-rekawice-robocze-2","15":"product_tag-wszystko-do-szkla","17":"first","18":"instock","19":"taxable","20":"shipping-taxable","21":"purchasable","22":"product-type-simple"},"acf":[],"_links":{"self":[{"href":"https:\/\/gevelridder.nl\/pl\/wp-json\/wp\/v2\/product\/140939","targetHints":{"allow":["GET"]}}],"collection":[{"href":"https:\/\/gevelridder.nl\/pl\/wp-json\/wp\/v2\/product"}],"about":[{"href":"https:\/\/gevelridder.nl\/pl\/wp-json\/wp\/v2\/types\/product"}],"wp:featuredmedia":[{"embeddable":true,"href":"https:\/\/gevelridder.nl\/pl\/wp-json\/wp\/v2\/media\/131655"}],"wp:attachment":[{"href":"https:\/\/gevelridder.nl\/pl\/wp-json\/wp\/v2\/media?parent=140939"}],"wp:term":[{"taxonomy":"product_brand","embeddable":true,"href":"https:\/\/gevelridder.nl\/pl\/wp-json\/wp\/v2\/product_brand?post=140939"},{"taxonomy":"product_cat","embeddable":true,"href":"https:\/\/gevelridder.nl\/pl\/wp-json\/wp\/v2\/product_cat?post=140939"},{"taxonomy":"product_tag","embeddable":true,"href":"https:\/\/gevelridder.nl\/pl\/wp-json\/wp\/v2\/product_tag?post=140939"}],"curies":[{"name":"wp","href":"https:\/\/api.w.org\/{rel}","templated":true}]}}