
{"id":140932,"date":"2026-03-24T11:33:09","date_gmt":"2026-03-24T11:33:09","guid":{"rendered":"https:\/\/gevelridder.nl\/product\/ochrona-nadgarstka\/"},"modified":"2026-05-08T10:41:19","modified_gmt":"2026-05-08T10:41:19","slug":"ochrona-nadgarstka","status":"publish","type":"product","link":"https:\/\/gevelridder.nl\/pl\/produkt\/ochrona-nadgarstka\/","title":{"rendered":"Ochrona nadgarstka"},"content":{"rendered":"<div class=\"otQkpb\" role=\"heading\" aria-level=\"3\" data-animation-nesting=\"\" data-sfc-cp=\"\" data-processed=\"true\" data-sae=\"\" data-complete=\"true\">Optymalna ochrona przed przeci\u0119ciem dla szklarzy: profesjonalne ochraniacze nadgarstk\u00f3w i ramion (40 cm)<\/div>\n<div class=\"Y3BBE\" data-sfc-cp=\"\" data-hveid=\"CAEIBBAA\" data-processed=\"true\" data-complete=\"true\"><strong class=\"Yjhzub\" data-complete=\"true\" data-processed=\"true\">Ochraniacze na nadgarstki<\/strong> s\u0105 absolutnie <strong class=\"Yjhzub\" data-complete=\"true\" data-processed=\"true\">niezb\u0119dnym elementem \u015brodk\u00f3w ochrony indywidualnej<\/strong> (\u015aOI) dla ka\u017cdego, kto na co dzie\u0144 pracuje ze szk\u0142em. Niezale\u017cnie od tego, czy jeste\u015b do\u015bwiadczonym <strong class=\"Yjhzub\" data-complete=\"true\" data-processed=\"true\">monterem szk\u0142a, profesjonalist\u0105 w zakresie ci\u0119cia szk\u0142a<\/strong>, czy pracujesz w pokrewnym \u015brodowisku przemys\u0142owym, niezb\u0119dna jest doskona\u0142a <strong class=\"Yjhzub\" data-complete=\"true\" data-processed=\"true\">ochrona przed przeci\u0119ciem<\/strong>. Nasze specjalistyczne ochraniacze ramion \u0142\u0105cz\u0105 wyj\u0105tkowo wysok\u0105 odporno\u015b\u0107 na przeci\u0119cia z doskona\u0142ym <strong class=\"Yjhzub\" data-complete=\"true\" data-processed=\"true\">komfortem noszenia<\/strong>, zaprojektowanym do intensywnego, codziennego u\u017cytkowania.  <\/div>\n<div class=\"Fsg96\" data-sfc-cp=\"\" data-processed=\"true\" data-complete=\"true\"><\/div>\n<div data-sfc-cp=\"\" data-processed=\"true\" data-complete=\"true\"><\/div>\n<div data-sfc-cp=\"\" data-processed=\"true\" data-complete=\"true\"><\/div>\n<div class=\"otQkpb\" role=\"heading\" aria-level=\"3\" data-animation-nesting=\"\" data-sfc-cp=\"\" data-processed=\"true\" data-sae=\"\" data-complete=\"true\">Wysoki poziom bezpiecze\u0144stwa z odporno\u015bci\u0105 na przeci\u0119cia klasy C<\/div>\n<div class=\"Y3BBE\" data-sfc-cp=\"\" data-hveid=\"CAEIBRAA\" data-processed=\"true\" data-complete=\"true\">Ochraniacze te spe\u0142niaj\u0105 najsurowsze normy bezpiecze\u0144stwa i zapewniaj\u0105 niezawodn\u0105 ochron\u0119 przed ostrymi kraw\u0119dziami szk\u0142a. S\u0105 certyfikowane w <strong class=\"Yjhzub\" data-complete=\"true\" data-processed=\"true\">klasie ochrony przed przeci\u0119ciem C zgodnie z norm\u0105 EN388:2016<\/strong>. Klasyfikacja ta gwarantuje, \u017ce pracownicy s\u0105 optymalnie chronieni podczas krytycznych czynno\u015bci roboczych.  <\/div>\n<div class=\"Fsg96\" data-sfc-cp=\"\" data-processed=\"true\" data-complete=\"true\"><\/div>\n<div data-sfc-cp=\"\" data-processed=\"true\" data-complete=\"true\"><\/div>\n<div data-sfc-cp=\"\" data-processed=\"true\" data-complete=\"true\"><\/div>\n<div class=\"otQkpb\" role=\"heading\" aria-level=\"3\" data-animation-nesting=\"\" data-sfc-cp=\"\" data-processed=\"true\" data-sae=\"\" data-complete=\"true\">Ergonomiczna konstrukcja dla optymalnego komfortu<\/div>\n<div class=\"Y3BBE\" data-sfc-cp=\"\" data-hveid=\"CAEIBhAA\" data-processed=\"true\" data-complete=\"true\">Komfort jest r\u00f3wnie wa\u017cny jak bezpiecze\u0144stwo. Dzi\u0119ki zintegrowanemu otworowi <strong class=\"Yjhzub\" data-complete=\"true\" data-processed=\"true\">na kciuk<\/strong> ochraniacze pozostaj\u0105 idealnie na swoim miejscu i nie zsuwaj\u0105 si\u0119 nawet podczas dynamicznych ruch\u00f3w. Przy d\u0142ugo\u015bci <strong class=\"Yjhzub\" data-complete=\"true\" data-processed=\"true\">40 cm<\/strong> zapewniaj\u0105 kompleksow\u0105 ochron\u0119 zar\u00f3wno nadgarstka, jak i du\u017cej cz\u0119\u015bci przedramienia. Cienki, lekki materia\u0142 sprawia, \u017ce ochraniacze s\u0105 wygodne nawet w wysokich temperaturach, zwi\u0119kszaj\u0105c produktywno\u015b\u0107.   <\/div>\n<div class=\"Fsg96\" data-sfc-cp=\"\" data-processed=\"true\" data-complete=\"true\"><\/div>\n<div data-sfc-cp=\"\" data-processed=\"true\" data-complete=\"true\"><\/div>\n<div data-sfc-cp=\"\" data-processed=\"true\" data-complete=\"true\"><\/div>\n<div class=\"otQkpb\" role=\"heading\" aria-level=\"3\" data-animation-nesting=\"\" data-sfc-cp=\"\" data-processed=\"true\" data-sae=\"\" data-complete=\"true\">Korzy\u015bci w jednym przegl\u0105dzie:<\/div>\n<div role=\"heading\" aria-level=\"3\" data-animation-nesting=\"\" data-sfc-cp=\"\" data-processed=\"true\" data-sae=\"\" data-complete=\"true\"><\/div>\n<div role=\"heading\" aria-level=\"3\" data-animation-nesting=\"\" data-sfc-cp=\"\" data-processed=\"true\" data-sae=\"\" data-complete=\"true\"><\/div>\n<ul class=\"KsbFXc U6u95\" data-processed=\"true\" data-complete=\"true\">\n<li data-hveid=\"CAEIBxAA\" data-complete=\"true\" data-sae=\"\"><span class=\"T286Pc\" data-sfc-cp=\"\" data-complete=\"true\"><strong class=\"Yjhzub\" data-complete=\"true\">Sn<\/strong><\/span><span class=\"T286Pc\" data-sfc-cp=\"\" data-complete=\"true\"><strong class=\"Yjhzub\" data-complete=\"true\">klasa ochrony C<\/strong> (zgodnie z norm\u0105 EN388:2016)<\/span><\/li>\n<li data-hveid=\"CAEIBxAB\" data-complete=\"true\" data-sae=\"\"><span class=\"T286Pc\" data-sfc-cp=\"\" data-complete=\"true\"><strong class=\"Yjhzub\" data-complete=\"true\">Sta\u0142y otw\u00f3r na kciuk<\/strong> dla antypo\u015blizgowego dopasowania<\/span><\/li>\n<li data-hveid=\"CAEIBxAC\" data-complete=\"true\" data-sae=\"\"><span class=\"T286Pc\" data-sfc-cp=\"\" data-complete=\"true\"><strong class=\"Yjhzub\" data-complete=\"true\">Wysoki komfort noszenia<\/strong> dzi\u0119ki lekkiemu materia\u0142owi<\/span><\/li>\n<li data-hveid=\"CAEIBxAD\" data-complete=\"true\" data-sae=\"\"><span class=\"T286Pc\" data-sfc-cp=\"\" data-complete=\"true\"><strong class=\"Yjhzub\" data-complete=\"true\">D\u0142ugo\u015b\u0107 40 cm<\/strong> dla lepszej ochrony ramion<\/span><\/li>\n<li data-hveid=\"CAEIBxAE\" data-complete=\"true\" data-sae=\"\"><span class=\"T286Pc\" data-sfc-cp=\"\" data-complete=\"true\"><strong class=\"Yjhzub\" data-complete=\"true\">Profesjonalne \u015brodki ochrony indywidualnej<\/strong> dla szklarzy i szlifierzy szk\u0142a<\/span><\/li>\n<\/ul>\n<div class=\"Fsg96\" data-sfc-cp=\"\" data-complete=\"true\" data-processed=\"true\"><\/div>\n<div data-sfc-cp=\"\" data-complete=\"true\" data-processed=\"true\"><\/div>\n<div data-sfc-cp=\"\" data-complete=\"true\" data-processed=\"true\"><\/div>\n<div class=\"otQkpb\" role=\"heading\" aria-level=\"3\" data-animation-nesting=\"\" data-sfc-cp=\"\" data-processed=\"true\" data-sae=\"\" data-complete=\"true\">Szczeg\u00f3\u0142y techniczne:<\/div>\n<div role=\"heading\" aria-level=\"3\" data-animation-nesting=\"\" data-sfc-cp=\"\" data-processed=\"true\" data-sae=\"\" data-complete=\"true\"><\/div>\n<div role=\"heading\" aria-level=\"3\" data-animation-nesting=\"\" data-sfc-cp=\"\" data-processed=\"true\" data-sae=\"\" data-complete=\"true\"><\/div>\n<div class=\"Fsg96\" data-sfc-cp=\"\" data-processed=\"true\" data-complete=\"true\"><\/div>\n<div class=\"Fv6NCb\" data-sfc-cp=\"\" data-wiz-uids=\"VNQps_1i\" data-ved=\"2ahUKEwi_yaPA6vuQAxXsgP0HHQ_cGnwQ-q4QegYIAQgIEAA\" data-processed=\"true\" data-complete=\"true\">\n<table class=\"NRefec\" data-animation-nesting=\"\" data-sae=\"\" data-complete=\"true\">\n<tbody data-complete=\"true\">\n<tr class=\"cZCYO\" data-sfc-cp=\"\" data-complete=\"true\">\n<th class=\"iry6k\" colspan=\"undefined\" data-sfc-cp=\"\" data-complete=\"true\">Specyfikacja<\/th>\n<th class=\"iry6k\" colspan=\"undefined\" data-sfc-cp=\"\" data-complete=\"true\">Szczeg\u00f3\u0142y<\/th>\n<\/tr>\n<tr class=\"cZCYO\" data-sfc-cp=\"\" data-complete=\"true\">\n<td class=\"cOeeGf\" colspan=\"undefined\" data-sfc-cp=\"\" data-complete=\"true\"><strong class=\"Yjhzub\" data-complete=\"true\">Zawarto\u015b\u0107 opakowania<\/strong><\/td>\n<td class=\"cOeeGf\" colspan=\"undefined\" data-sfc-cp=\"\" data-complete=\"true\">1 para<\/td>\n<\/tr>\n<tr class=\"cZCYO\" data-sfc-cp=\"\" data-complete=\"true\">\n<td class=\"cOeeGf\" colspan=\"undefined\" data-sfc-cp=\"\" data-complete=\"true\"><strong class=\"Yjhzub\" data-complete=\"true\">Kolor<\/strong><\/td>\n<td class=\"cOeeGf\" colspan=\"undefined\" data-sfc-cp=\"\" data-complete=\"true\">Jasnozielony<\/td>\n<\/tr>\n<tr class=\"cZCYO\" data-sfc-cp=\"\" data-complete=\"true\">\n<td class=\"cOeeGf\" colspan=\"undefined\" data-sfc-cp=\"\" data-complete=\"true\"><strong class=\"Yjhzub\" data-complete=\"true\">D\u0142ugo\u015b\u0107<\/strong><\/td>\n<td class=\"cOeeGf\" colspan=\"undefined\" data-sfc-cp=\"\" data-complete=\"true\">40 cm<\/td>\n<\/tr>\n<tr class=\"cZCYO\" data-sfc-cp=\"\" data-complete=\"true\">\n<td class=\"cOeeGf\" colspan=\"undefined\" data-sfc-cp=\"\" data-complete=\"true\"><strong class=\"Yjhzub\" data-complete=\"true\">Rozmiar<\/strong><\/td>\n<td class=\"cOeeGf\" colspan=\"undefined\" data-sfc-cp=\"\" data-complete=\"true\">Jeden rozmiar dla wszystkich (rozmiar uniwersalny)<\/td>\n<\/tr>\n<tr class=\"cZCYO\" data-sfc-cp=\"\" data-complete=\"true\">\n<td class=\"cOeeGf\" colspan=\"undefined\" data-sfc-cp=\"\" data-complete=\"true\"><strong class=\"Yjhzub\" data-complete=\"true\">Model<\/strong><\/td>\n<td class=\"cOeeGf\" colspan=\"undefined\" data-sfc-cp=\"\" data-complete=\"true\">Z otworem na kciuk<\/td>\n<\/tr>\n<tr class=\"cZCYO\" data-sfc-cp=\"\" data-complete=\"true\">\n<td class=\"cOeeGf\" colspan=\"undefined\" data-sfc-cp=\"\" data-complete=\"true\"><strong class=\"Yjhzub\" data-complete=\"true\">Odporno\u015b\u0107 na przeci\u0119cie<\/strong><\/td>\n<td class=\"cOeeGf\" colspan=\"undefined\" data-sfc-cp=\"\" data-complete=\"true\">Klasa C<\/td>\n<\/tr>\n<tr class=\"cZCYO\" data-sfc-cp=\"\" data-complete=\"true\">\n<td class=\"cOeeGf\" colspan=\"undefined\" data-sfc-cp=\"\" data-complete=\"true\"><strong class=\"Yjhzub\" data-complete=\"true\">Norma<\/strong><\/td>\n<td class=\"cOeeGf\" colspan=\"undefined\" data-sfc-cp=\"\" data-complete=\"true\">EN 388:2016<\/td>\n<\/tr>\n<tr class=\"cZCYO\" data-sfc-cp=\"\" data-complete=\"true\">\n<td class=\"cOeeGf\" colspan=\"undefined\" data-sfc-cp=\"\" data-complete=\"true\"><strong class=\"Yjhzub\" data-complete=\"true\">Przeznaczenie<\/strong><\/td>\n<td class=\"cOeeGf\" colspan=\"undefined\" data-sfc-cp=\"\" data-complete=\"true\">Szklarz, specjalista od ci\u0119cia szk\u0142a.<\/td>\n<\/tr>\n<\/tbody>\n<\/table>\n<\/div>\n<div class=\"Y3BBE\" data-sfc-cp=\"\" data-hveid=\"CAEICRAA\" data-processed=\"true\" data-complete=\"true\">Ju\u017c dzi\u015b zainwestuj w odpowiedni <strong class=\"Yjhzub\" data-complete=\"true\" data-processed=\"true\">sprz\u0119t ochronny<\/strong>, aby zapewni\u0107 bezpiecze\u0144stwo swojemu zespo\u0142owi. Nasze ochraniacze na nadgarstki i ramiona oferuj\u0105 doskona\u0142\u0105 wydajno\u015b\u0107 i komfort, kt\u00f3rych wymagaj\u0105 profesjonali\u015bci. <\/div>\n","protected":false},"excerpt":{"rendered":"<p>Ochraniacze na nadgarstki s\u0105 niezb\u0119dnym elementem osobistego wyposa\u017cenia ochronnego podczas pracy ze szk\u0142em. Ochraniacze \u0142\u0105cz\u0105 w sobie wysok\u0105 ochron\u0119 przed przeci\u0119ciem z wysokim komfortem noszenia. Dzi\u0119ki otworowi na kciuk nie zsuwaj\u0105 si\u0119 &#8211; idealny wyb\u00f3r do codziennego u\u017cytku.  <\/p>\n<ul>\n<li>Klasa ochrony przed przeci\u0119ciem C zgodnie z norm\u0105 EN388:2016<\/li>\n<li>Z otworem na kciuk<\/li>\n<li>Wysoki komfort noszenia<\/li>\n<\/ul>\n","protected":false},"featured_media":131656,"template":"","meta":{"_acf_changed":false,"_seopress_robots_primary_cat":"none","_seopress_titles_title":"","_seopress_titles_desc":"","_seopress_robots_index":""},"product_brand":[],"product_cat":[1973,1974],"product_tag":[2420,2515,2514],"class_list":{"0":"post-140932","1":"product","2":"type-product","3":"status-publish","4":"has-post-thumbnail","6":"product_cat-narzedzia","7":"product_cat-narzedzia-do-szkla","8":"product_tag-ciecie-szkla","9":"product_tag-ochrona-nadgarstka","10":"product_tag-ochrona-przed-przecieciem-ramienia-en388-poziom-4x43c","12":"first","13":"instock","14":"taxable","15":"shipping-taxable","16":"purchasable","17":"product-type-simple"},"acf":[],"_links":{"self":[{"href":"https:\/\/gevelridder.nl\/pl\/wp-json\/wp\/v2\/product\/140932","targetHints":{"allow":["GET"]}}],"collection":[{"href":"https:\/\/gevelridder.nl\/pl\/wp-json\/wp\/v2\/product"}],"about":[{"href":"https:\/\/gevelridder.nl\/pl\/wp-json\/wp\/v2\/types\/product"}],"wp:featuredmedia":[{"embeddable":true,"href":"https:\/\/gevelridder.nl\/pl\/wp-json\/wp\/v2\/media\/131656"}],"wp:attachment":[{"href":"https:\/\/gevelridder.nl\/pl\/wp-json\/wp\/v2\/media?parent=140932"}],"wp:term":[{"taxonomy":"product_brand","embeddable":true,"href":"https:\/\/gevelridder.nl\/pl\/wp-json\/wp\/v2\/product_brand?post=140932"},{"taxonomy":"product_cat","embeddable":true,"href":"https:\/\/gevelridder.nl\/pl\/wp-json\/wp\/v2\/product_cat?post=140932"},{"taxonomy":"product_tag","embeddable":true,"href":"https:\/\/gevelridder.nl\/pl\/wp-json\/wp\/v2\/product_tag?post=140932"}],"curies":[{"name":"wp","href":"https:\/\/api.w.org\/{rel}","templated":true}]}}