
{"id":140918,"date":"2026-03-24T11:38:06","date_gmt":"2026-03-24T11:38:06","guid":{"rendered":"https:\/\/gevelridder.nl\/product\/nosnik-plyt-roughneck\/"},"modified":"2026-05-08T10:41:12","modified_gmt":"2026-05-08T10:41:12","slug":"nosnik-plyt-roughneck","status":"publish","type":"product","link":"https:\/\/gevelridder.nl\/pl\/produkt\/nosnik-plyt-roughneck\/","title":{"rendered":"No\u015bnik p\u0142yt Roughneck"},"content":{"rendered":"<p>Roughneck Sheet Carrier ROU32025 to znacznie wi\u0119cej ni\u017c tylko narz\u0119dzie do transportu p\u0142yt gipsowo-kartonowych, p\u0142yt drewnianych i szk\u0142a. To partner, kt\u00f3ry przyczynia si\u0119 do bezpiecznego, wydajnego i przyjemnego \u015brodowiska pracy. W tym szczeg\u00f3\u0142owym opisie om\u00f3wimy, w jaki spos\u00f3b ten no\u015bnik p\u0142yt pomaga zapobiega\u0107 nie tylko urazom plec\u00f3w, ale tak\u017ce urazom ramion i d\u0142oni oraz w jaki spos\u00f3b przestrzega normy podnoszenia. Ponadto podkre\u015blamy znaczenie ergonomicznej postawy podczas pracy i zachowania zdrowej r\u00f3wnowagi mi\u0119dzy \u017cyciem zawodowym a prywatnym.   <\/p>\n<p><strong>Zapobieganie urazom:<\/strong> Jednym z najwa\u017cniejszych aspekt\u00f3w w\u00f3zka Roughneck jest zapobieganie urazom. Urazy plec\u00f3w s\u0105 cz\u0119stym problemem w zawodach wymagaj\u0105cych podnoszenia ci\u0119\u017ckich \u0142adunk\u00f3w. Dzi\u0119ki zastosowaniu uchwytu p\u0142ytowego Roughneck nacisk na plecy jest znacznie zmniejszony. Zapobiega to nie tylko urazom plec\u00f3w, ale tak\u017ce ramion i d\u0142oni. Niewielka waga uchwytu p\u0142ytowego umo\u017cliwia podnoszenie \u0142adunk\u00f3w o masie do 80 kg bez nadmiernego wysi\u0142ku.    <\/p>\n<p><strong>Przestrzeganie norm dotycz\u0105cych podnoszenia za pomoc\u0105 uchwytu Roughneck<\/strong> Plate Carrier: Przestrzeganie norm dotycz\u0105cych podnoszenia jest bardzo wa\u017cne, nawet przy u\u017cyciu tak wygodnego narz\u0119dzia jak uchwyt Roughneck Plate Carrier. Zgodnie z norm\u0105 podnoszenia jedna osoba mo\u017ce podnie\u015b\u0107 maksymalnie 23 kg. W przypadku dw\u00f3ch os\u00f3b ci\u0119\u017car ten mo\u017cna zwi\u0119kszy\u0107 do 50 kg. Korzystanie z w\u00f3zka jest zdecydowanie zalecane, aby zapewni\u0107 optymaln\u0105 ergonomiczn\u0105 pozycj\u0119 robocz\u0105 i zgodno\u015b\u0107 z norm\u0105 podnoszenia. Uchwyt do p\u0142yt Roughneck mo\u017ce by\u0107 u\u017cywany w po\u0142\u0105czeniu z w\u00f3zkiem, co sprawia, \u017ce podnoszenie ci\u0119\u017ckich \u0142adunk\u00f3w jest jeszcze \u0142atwiejsze.    <\/p>\n<p><strong>Ergonomiczna<\/strong> postawa podczas pracy: Ergonomiczna postawa podczas pracy ma kluczowe znaczenie dla zapobiegania urazom i zwi\u0119kszenia satysfakcji z pracy. Uchwyt na p\u0142yty Roughneck zosta\u0142 zaprojektowany z my\u015bl\u0105 o \u0142atwo\u015bci u\u017cytkowania. Wygodny uchwyt sprawia, \u017ce uchwyt jest \u0142atwy w obs\u0142udze, nawet podczas d\u0142ugich prac. Optymalizuje to postaw\u0119 podczas pracy i minimalizuje ryzyko uraz\u00f3w.   <\/p>\n<p><strong>R\u00f3wnowaga<\/strong> mi\u0119dzy \u017cyciem zawodowym a prywatnym: Wreszcie, co nie mniej wa\u017cne, no\u015bnik p\u0142yt Roughneck przyczynia si\u0119 do zachowania zdrowej r\u00f3wnowagi mi\u0119dzy \u017cyciem zawodowym a prywatnym. Korzystanie z wydajnych narz\u0119dzi zmniejsza obci\u0105\u017cenie fizyczne podczas pracy, co skutkuje mniejszym zm\u0119czeniem pod koniec dnia pracy. Pozostawia to wi\u0119cej energii na dzia\u0142ania poza prac\u0105, poprawiaj\u0105c og\u00f3ln\u0105 jako\u015b\u0107 \u017cycia.  <\/p>\n<p>Kr\u00f3tko m\u00f3wi\u0105c, podno\u015bnik p\u0142ytowy Roughneck to nie tylko wygodne narz\u0119dzie do transportu ci\u0119\u017ckich materia\u0142\u00f3w, ale tak\u017ce partner, kt\u00f3ry przyczynia si\u0119 do zdrowia i dobrego samopoczucia u\u017cytkownika. Przestrzegaj\u0105c normy podnoszenia, utrzymuj\u0105c ergonomiczn\u0105 postaw\u0119 podczas pracy i zachowuj\u0105c zdrow\u0105 r\u00f3wnowag\u0119 mi\u0119dzy \u017cyciem zawodowym a prywatnym, mo\u017cesz zacz\u0105\u0107 pracowa\u0107 z pewno\u015bci\u0105 siebie i przyjemno\u015bci\u0105. Twoje cia\u0142o i umys\u0142 b\u0119d\u0105 Ci wdzi\u0119czne.  <\/p>\n","protected":false},"excerpt":{"rendered":"<p>Uchwyt do p\u0142yt Roughneck to bezpieczny i wygodny spos\u00f3b transportu p\u0142yt gipsowo-kartonowych, drewnianych i szklanych. Poprzez promowanie dobrych technik podnoszenia podczas przenoszenia ci\u0119\u017ckich \u0142adunk\u00f3w mo\u017cna zapobiec urazom plec\u00f3w, a tak\u017ce urazom ramion i d\u0142oni. To mocne, a jednocze\u015bnie lekkie narz\u0119dzie jest odpowiednie dla \u0142adunk\u00f3w o masie do 80 kg. ECHTER: Zawsze przestrzegaj normy podnoszenia: powiniene\u015b podnosi\u0107 maksymalnie 23 kg, a dwie osoby 50 kg. Najlepiej u\u017cywa\u0107 r\u00f3wnie\u017c w\u00f3zka. R\u0119koje\u015b\u0107 ma wygodny uchwyt u\u0142atwiaj\u0105cy u\u017cytkowanie.     <\/p>\n","protected":false},"featured_media":132041,"template":"","meta":{"_acf_changed":false,"_seopress_robots_primary_cat":"","_seopress_titles_title":"","_seopress_titles_desc":"","_seopress_robots_index":""},"product_brand":[],"product_cat":[2492,1973,1974],"product_tag":[2192,2019,1993,2493,2005,2497,2157,2495],"class_list":{"0":"post-140918","1":"product","2":"type-product","3":"status-publish","4":"has-post-thumbnail","6":"product_cat-chwytaki-gorilla","7":"product_cat-narzedzia","8":"product_cat-narzedzia-do-szkla","9":"product_tag-bol-plecow","10":"product_tag-monter-sklepow","11":"product_tag-podnosnik-do-szkla","12":"product_tag-podnosnik-drzwi","13":"product_tag-pomoc-przy-podnoszeniu","14":"product_tag-szorstki-kark","15":"product_tag-ustawione-drzwi","16":"product_tag-zacisk-plyty","18":"first","19":"instock","20":"sale","21":"taxable","22":"shipping-taxable","23":"purchasable","24":"product-type-simple"},"acf":[],"_links":{"self":[{"href":"https:\/\/gevelridder.nl\/pl\/wp-json\/wp\/v2\/product\/140918","targetHints":{"allow":["GET"]}}],"collection":[{"href":"https:\/\/gevelridder.nl\/pl\/wp-json\/wp\/v2\/product"}],"about":[{"href":"https:\/\/gevelridder.nl\/pl\/wp-json\/wp\/v2\/types\/product"}],"wp:featuredmedia":[{"embeddable":true,"href":"https:\/\/gevelridder.nl\/pl\/wp-json\/wp\/v2\/media\/132041"}],"wp:attachment":[{"href":"https:\/\/gevelridder.nl\/pl\/wp-json\/wp\/v2\/media?parent=140918"}],"wp:term":[{"taxonomy":"product_brand","embeddable":true,"href":"https:\/\/gevelridder.nl\/pl\/wp-json\/wp\/v2\/product_brand?post=140918"},{"taxonomy":"product_cat","embeddable":true,"href":"https:\/\/gevelridder.nl\/pl\/wp-json\/wp\/v2\/product_cat?post=140918"},{"taxonomy":"product_tag","embeddable":true,"href":"https:\/\/gevelridder.nl\/pl\/wp-json\/wp\/v2\/product_tag?post=140918"}],"curies":[{"name":"wp","href":"https:\/\/api.w.org\/{rel}","templated":true}]}}