
{"id":140902,"date":"2026-03-24T11:39:39","date_gmt":"2026-03-24T11:39:39","guid":{"rendered":"https:\/\/gevelridder.nl\/product\/plattini-pro\/"},"modified":"2026-05-08T10:25:42","modified_gmt":"2026-05-08T10:25:42","slug":"plattini-pro","status":"publish","type":"product","link":"https:\/\/gevelridder.nl\/pl\/produkt\/plattini-pro\/","title":{"rendered":"Plattini Pro"},"content":{"rendered":"<div class=\"flex-shrink-0 flex flex-col relative items-end\">\n<div class=\"pt-0\">\n<h2>Plattini Pro<\/h2>\n<div>Gable Knight z dum\u0105 prezentuje przyssawk\u0119 Plattini Pro &#8211; wyb\u00f3r dla profesjonalist\u00f3w, kt\u00f3rzy chc\u0105 skutecznie i bezpiecznie podnosi\u0107 ci\u0119\u017ckie materia\u0142y. Dzi\u0119ki maksymalnej poziomej sile podnoszenia wynosz\u0105cej a\u017c 200 kg i pionowemu ud\u017awigowi 100 kg, urz\u0105dzenie to jest idealne do przenoszenia ci\u0119\u017ckich p\u0142ytek, kamienia naturalnego, szk\u0142a, mebli, a nawet porowatych powierzchni. Dzi\u0119ki lekkiej, ergonomicznej konstrukcji i specjalnie wyprodukowanej aluminiowo-plastikowej obudowie, Plattini Pro wygodnie le\u017cy w d\u0142oni i zapobiega zm\u0119czeniu podczas d\u0142ugotrwa\u0142ego u\u017cytkowania.  <\/div>\n<\/div>\n<\/div>\n<div class=\"group\/conversation-turn relative flex w-full min-w-0 flex-col agent-turn\">\n<div class=\"flex-col gap-1 md:gap-3\">\n<div class=\"flex max-w-full flex-col flex-grow\">\n<div class=\"min-h-8 text-message flex w-full flex-col items-end gap-2 whitespace-normal break-words [.text-message+&amp;]:mt-5\" dir=\"auto\" data-message-author-role=\"assistant\" data-message-id=\"ff7a975a-5ce1-4e52-9150-47078b5511ec\" data-message-model-slug=\"gpt-4o\">\n<div class=\"flex w-full flex-col gap-1 empty:hidden first:pt-[3px]\">\n<div class=\"markdown prose w-full break-words dark:prose-invert light\">\n<p>Jedn\u0105 z unikalnych cech Plattini Pro jest adaptacyjny tryb pracy. Ta inteligentna funkcja jest mo\u017cliwa dzi\u0119ki wbudowanemu czujnikowi, kt\u00f3ry stale monitoruje podci\u015bnienie i automatycznie dostosowuje ci\u015bnienie do materia\u0142u. Mo\u017cesz to kontrolowa\u0107 samodzielnie! Dzi\u0119ki temu za pomoc\u0105 tego t\u0142oka mo\u017cna nosi\u0107 r\u00f3wnie\u017c cie\u0144sze szk\u0142o. Niezale\u017cnie od tego, czy pracujesz z suchymi, lekko wilgotnymi, szorstkimi czy lekko porowatymi powierzchniami, Plattini Pro p\u0142ynnie si\u0119 dostosowuje. Zapewnia to nie tylko bezpieczniejszy chwyt, ale tak\u017ce bardziej wydajny proces pracy.     <\/p>\n<p>Dzi\u0119ki pot\u0119\u017cnej baterii litowo-jonowej 4500 mAh 12VDC, Plattini Pro oferuje d\u0142ugi czas pracy do 24 godzin. Dzi\u0119ki temperaturze pracy od 0\u00b0C do 60\u00b0C nadaje si\u0119 zar\u00f3wno do u\u017cytku wewn\u0105trz, jak i na zewn\u0105trz, a z\u0142\u0105cze DC umo\u017cliwia \u0142adowanie na ca\u0142ym \u015bwiecie. Plattini Pro jest zawsze gotowy do trudnych zada\u0144.  <\/p>\n<p>Mierz\u0105cy 282 x 190 x 188 mm i wa\u017c\u0105cy zaledwie 1,72 kg Plattini Pro oferuje niezr\u00f3wnane po\u0142\u0105czenie mocy i \u0142atwo\u015bci u\u017cytkowania. Szukasz niezawodnej i wszechstronnej przyssawki? Gable Knight z dum\u0105 oferuje Plattini Pro do wszystkich ci\u0119\u017ckich prac zwi\u0105zanych z podnoszeniem w profesjonalnych \u015brodowiskach!  <\/p>\n<\/div>\n<\/div>\n<div class=\"flex-shrink-0 flex flex-col relative items-end\">\n<div>\n<div class=\"pt-0\">\n<div class=\"gizmo-bot-avatar flex h-8 w-8 items-center justify-center overflow-hidden rounded-full\">\n<h2 class=\"relative p-1 rounded-sm flex items-center justify-center bg-token-main-surface-primary text-token-text-primary h-8 w-8\"><strong>Parametry produktu:<\/strong><\/h2>\n<\/div>\n<\/div>\n<\/div>\n<\/div>\n<div class=\"group\/conversation-turn relative flex w-full min-w-0 flex-col agent-turn\">\n<div class=\"flex-col gap-1 md:gap-3\">\n<div class=\"flex max-w-full flex-col flex-grow\">\n<div class=\"min-h-8 text-message flex w-full flex-col items-end gap-2 whitespace-normal break-words [.text-message+&amp;]:mt-5\" dir=\"auto\" data-message-author-role=\"assistant\" data-message-id=\"a60b188f-eded-40b5-a37e-afa365c77494\" data-message-model-slug=\"gpt-4o\">\n<div class=\"flex w-full flex-col gap-1 empty:hidden first:pt-[3px]\">\n<div class=\"markdown prose w-full break-words dark:prose-invert light\">\n<p>Wymiary produktu w mm (d\u0142. x szer. x wys.): 282 x 190 x 188 mm<br \/>Waga netto (kg): 1,72 kg<br \/>Napi\u0119cie akumulatora: 12VDC 4500mAh Li-Ion<br \/>Pojemno\u015b\u0107 akumulatora: 4500 mAh<br \/>Moc znamionowa: 15W<br \/>Napi\u0119cie wej\u015bciowe \u0142adowania: 100-240VAC 50\/60Hz 12,6V DC2A<br \/>Czas pracy (po rozpocz\u0119ciu pracy): Do 24 godzin<br \/>Temperatura pracy: 0\u00b0C-60\u00b0C (30\u00b0F-140\u00b0F)<br \/>Maksymalne obci\u0105\u017cenie (pozioma si\u0142a podnoszenia): 200 kg<br \/>Maksymalne obci\u0105\u017cenie (pionowa si\u0142a podnoszenia): 100 kg<br \/>Z\u0142\u0105cze \u0142adowania: DC<\/p>\n<\/div>\n<\/div>\n<\/div>\n<\/div>\n<\/div>\n<\/div>\n<\/div>\n<\/div>\n<\/div>\n<\/div>\n\n<p><\/p>\n","protected":false},"excerpt":{"rendered":"<p>Wydajna, lekka r\u0119czna pompka pr\u00f3\u017cniowa do samochodu.<\/p>\n<p><span style=\"color: #5bbc3a;\"><strong>\u2714 <\/strong><\/span><strong>Regulowane ci\u015bnienie, dzi\u0119ki czemu nadaje si\u0119 r\u00f3wnie\u017c do cienkiego szk\u0142a<\/strong><\/p>\n<p><strong><span style=\"color: #5bbc3a;\">\u2714<\/span> Wewn\u0119trzny odp\u0142yw wilgoci! !!<\/strong><\/p>\n<p><span style=\"color: #5bbc3a;\"><strong>\u2714 <\/strong><\/span><strong>Maks. ud\u017awig Poziomo 200 kg, pionowo 100 kg *1) w zale\u017cno\u015bci od materia\u0142u<\/strong><\/p>\n<p><span style=\"color: #5bbc3a;\"><strong><span style=\"color: #000000;\">\u2714 Automatyczny system pr\u00f3\u017cniowy<\/span><\/strong><\/span><\/p>\n<p><span style=\"color: #5bbc3a;\"><strong><span style=\"color: #5bbc3a;\"><span style=\"color: #000000;\">\u2714 Akumulator<\/span><\/span><span style=\"color: #000000;\"><span style=\"color: #000000;\"> <\/span><\/span><\/strong><\/span><\/p>\n<p><span style=\"color: #5bbc3a;\"><strong>\u2714 <span style=\"color: #000000;\"><span style=\"color: #000000;\">Wy\u015bwietlacz LED pr\u00f3\u017cni i akumulatora<\/span><\/span><\/strong><\/span><\/p>\n<p><span style=\"color: #5bbc3a;\"><strong><span style=\"color: #5bbc3a;\">\u2714 <\/span><span style=\"color: #000000;\">Zawiera walizk\u0119 transportow\u0105, \u0142adowark\u0119 i przew\u00f3d.<\/span><\/strong><\/span><\/p>\n","protected":false},"featured_media":132445,"template":"","meta":{"_acf_changed":false,"_seopress_robots_primary_cat":"none","_seopress_titles_title":"","_seopress_titles_desc":"","_seopress_robots_index":""},"product_brand":[],"product_cat":[1952,1953],"product_tag":[2486,2217,2485,2241,2214,2249,2219,2488,2487,2073,2250,2231,2216,1963],"class_list":{"0":"post-140902","1":"product","2":"type-product","3":"status-publish","4":"has-post-thumbnail","6":"product_cat-nosidla-do-szyb","7":"product_cat-przyssawki-z-pompka","8":"product_tag-automatyczne-odkurzanie","9":"product_tag-automatyczny-odkurzacz","10":"product_tag-autovac","11":"product_tag-dewalt-grabo","12":"product_tag-grabo","13":"product_tag-nowy","14":"product_tag-odkurzacz-samochodowy","15":"product_tag-samochod-prozniowy","16":"product_tag-sklep","17":"product_tag-szklo","18":"product_tag-tlok-ladowany-przez-usb","19":"product_tag-tlok-pompy","20":"product_tag-tlok-prozniowy","21":"product_tag-verhuizen","23":"first","24":"outofstock","25":"taxable","26":"shipping-taxable","27":"purchasable","28":"product-type-simple"},"acf":[],"_links":{"self":[{"href":"https:\/\/gevelridder.nl\/pl\/wp-json\/wp\/v2\/product\/140902","targetHints":{"allow":["GET"]}}],"collection":[{"href":"https:\/\/gevelridder.nl\/pl\/wp-json\/wp\/v2\/product"}],"about":[{"href":"https:\/\/gevelridder.nl\/pl\/wp-json\/wp\/v2\/types\/product"}],"wp:featuredmedia":[{"embeddable":true,"href":"https:\/\/gevelridder.nl\/pl\/wp-json\/wp\/v2\/media\/132445"}],"wp:attachment":[{"href":"https:\/\/gevelridder.nl\/pl\/wp-json\/wp\/v2\/media?parent=140902"}],"wp:term":[{"taxonomy":"product_brand","embeddable":true,"href":"https:\/\/gevelridder.nl\/pl\/wp-json\/wp\/v2\/product_brand?post=140902"},{"taxonomy":"product_cat","embeddable":true,"href":"https:\/\/gevelridder.nl\/pl\/wp-json\/wp\/v2\/product_cat?post=140902"},{"taxonomy":"product_tag","embeddable":true,"href":"https:\/\/gevelridder.nl\/pl\/wp-json\/wp\/v2\/product_tag?post=140902"}],"curies":[{"name":"wp","href":"https:\/\/api.w.org\/{rel}","templated":true}]}}