
{"id":140898,"date":"2026-03-24T11:39:39","date_gmt":"2026-03-24T11:39:39","guid":{"rendered":"https:\/\/gevelridder.nl\/product\/500-plastikowych-blokow-regulacyjnych-rozmiar-22\/"},"modified":"2026-03-24T11:39:39","modified_gmt":"2026-03-24T11:39:39","slug":"500-plastikowych-blokow-regulacyjnych-rozmiar-22","status":"publish","type":"product","link":"https:\/\/gevelridder.nl\/pl\/produkt\/500-plastikowych-blokow-regulacyjnych-rozmiar-22\/","title":{"rendered":"500 Plastikowych blok\u00f3w regulacyjnych rozmiar 22"},"content":{"rendered":"<h2 class=\"title is-4 is-uppercase has-text-primary condensed-bold is-paddingless\">Plastikowy zestaw kostek 22 Varia<\/h2>\n<p>Klocki monta\u017cowe z tworzywa sztucznego 22 Varia o szeroko\u015bciach 22, 24, 26 s\u0105 dost\u0119pne do podpierania okien w systemach szklenia, aby szyba nie styka\u0142a si\u0119 z dolnym progiem, do osadzania okien w systemach szklenia, aby szyba mia\u0142a r\u00f3wnomierny luz obwodowy wzgl\u0119dem wr\u0119bu, zw\u0142aszcza w ruchomych oknach i drzwiach, oraz do okien dystansowych w systemach szklenia, aby szyba mia\u0142a r\u00f3wnomierny odst\u0119p mi\u0119dzy szyb\u0105 a wr\u0119giem oraz szyb\u0105 a listw\u0105 przyszybow\u0105 w zamkni\u0119tych systemach szklenia z uszczelnieniem z tworzywa sztucznego.<\/p>\n<p>100 blok\u00f3w o grubo\u015bci w rozmiarach 1, 2, 3, 4 i 5 (bloki siatki w rozmiarach 1 i 2 oraz bloki tunelu w rozmiarach 3, 4 i 5). Bloki maj\u0105 22 mm szeroko\u015bci i 100 mm d\u0142ugo\u015bci. <\/p>\n<p>Optima 22 box:<\/p>\n<p>100 sztuk o grubo\u015bci 1 mm, siatka<\/p>\n<p>100 sztuk o grubo\u015bci 2 mm, siatka<\/p>\n<p>100 sztuk o grubo\u015bci 3 mm, tunel<\/p>\n<p>100 sztuk o grubo\u015bci 4 mm, tunel<\/p>\n<p>100 sztuk o grubo\u015bci 5 mm, tunel<\/p>\n<h2 class=\"title is-4 is-uppercase has-text-primary condensed-bold is-paddingless\"><\/h2>\n<p>&nbsp;<\/p>\n","protected":false},"excerpt":{"rendered":"<h2 class=\"title is-4 is-uppercase has-text-primary condensed-bold is-paddingless\">Zestaw plastikowych klock\u00f3w 22 z d\u017awigni\u0105 wolnego okna<\/h2>\n<p><span style=\"color: #5bbc3a;\"><b>\u2714<\/b><\/span>   <strong>W \u0142adnym pude\u0142ku do przechowywania<\/strong><\/p>\n<p><span style=\"color: #5bbc3a;\"><b>\u2714<\/b><\/span>  <strong> Darmowy \u015brodek do czyszczenia okien<\/strong><\/p>\n<p><span style=\"color: #5bbc3a;\"><b>\u2714<\/b><\/span>   <strong>Varia<\/strong><\/p>\n<p><span style=\"color: #5bbc3a;\"><b>\u2714<\/b><\/span> <strong> 100 sztuk 1 mm 22&#215;100 mm<\/strong><\/p>\n<p><span style=\"color: #5bbc3a;\"><b>\u2714<\/b><\/span> <strong> 100 sztuk 2 mm 22&#215;100 mm<\/strong><\/p>\n<p><span style=\"color: #5bbc3a;\"><b>\u2714<\/b><\/span> <strong> 100 sztuk 3 mm 22&#215;100 mm<\/strong><\/p>\n<p><span style=\"color: #5bbc3a;\"><b>\u2714<\/b><\/span> <strong> 100 sztuk 4 mm 22&#215;100 mm<\/strong><\/p>\n<p><span style=\"color: #5bbc3a;\"><b>\u2714<\/b><\/span> <strong> 100 sztuk 5 mm 22&#215;100 mm<\/strong><\/p>\n","protected":false},"featured_media":132242,"template":"","meta":{"_acf_changed":false,"_seopress_robots_primary_cat":"","_seopress_titles_title":"","_seopress_titles_desc":"","_seopress_robots_index":""},"product_brand":[],"product_cat":[2473,2396,1973,1974,2398],"product_tag":[2477,2475,2480,2482,2484,2481,2429,2479,2478,2073,2474,2483],"class_list":{"0":"post-140898","1":"product","2":"type-product","3":"status-publish","4":"has-post-thumbnail","6":"product_cat-bloki-regulacyjne","7":"product_cat-kociak","8":"product_cat-narzedzia","9":"product_cat-narzedzia-do-szkla","10":"product_cat-zestaw","11":"product_tag-belned","12":"product_tag-bloki-oszklenia","13":"product_tag-bloki-plastikowe","14":"product_tag-bloki-regulacyjne","15":"product_tag-bloki-wsparcia-i-regulacji","16":"product_tag-optimabox","17":"product_tag-oszklenie","18":"product_tag-ramka","19":"product_tag-skrzynka-curver","20":"product_tag-szklo","21":"product_tag-varia","22":"product_tag-zestaw-3","24":"first","25":"instock","26":"taxable","27":"shipping-taxable","28":"purchasable","29":"product-type-simple"},"acf":[],"_links":{"self":[{"href":"https:\/\/gevelridder.nl\/pl\/wp-json\/wp\/v2\/product\/140898","targetHints":{"allow":["GET"]}}],"collection":[{"href":"https:\/\/gevelridder.nl\/pl\/wp-json\/wp\/v2\/product"}],"about":[{"href":"https:\/\/gevelridder.nl\/pl\/wp-json\/wp\/v2\/types\/product"}],"wp:featuredmedia":[{"embeddable":true,"href":"https:\/\/gevelridder.nl\/pl\/wp-json\/wp\/v2\/media\/132242"}],"wp:attachment":[{"href":"https:\/\/gevelridder.nl\/pl\/wp-json\/wp\/v2\/media?parent=140898"}],"wp:term":[{"taxonomy":"product_brand","embeddable":true,"href":"https:\/\/gevelridder.nl\/pl\/wp-json\/wp\/v2\/product_brand?post=140898"},{"taxonomy":"product_cat","embeddable":true,"href":"https:\/\/gevelridder.nl\/pl\/wp-json\/wp\/v2\/product_cat?post=140898"},{"taxonomy":"product_tag","embeddable":true,"href":"https:\/\/gevelridder.nl\/pl\/wp-json\/wp\/v2\/product_tag?post=140898"}],"curies":[{"name":"wp","href":"https:\/\/api.w.org\/{rel}","templated":true}]}}