
{"id":140890,"date":"2026-03-24T11:36:55","date_gmt":"2026-03-24T11:36:55","guid":{"rendered":"https:\/\/gevelridder.nl\/product\/klej-uszczelniajacy-megastrong-czarny\/"},"modified":"2026-03-24T11:36:55","modified_gmt":"2026-03-24T11:36:55","slug":"klej-uszczelniajacy-megastrong-czarny","status":"publish","type":"product","link":"https:\/\/gevelridder.nl\/pl\/produkt\/klej-uszczelniajacy-megastrong-czarny\/","title":{"rendered":"Klej uszczelniaj\u0105cy Megastrong Czarny"},"content":{"rendered":"<p>Klej uszczelniaj\u0105cy Megastrong Czarny<\/p>\n<p>Wysokiej jako\u015bci i<span class=\"Apple-converted-space\">  <\/span>Mocny jak \u017celazo jednosk\u0142adnikowy klej-uszczelniacz Megastrong o bardzo wysokiej przyczepno\u015bci pocz\u0105tkowej na bazie polimeru MS. Eliminuje to konieczno\u015b\u0107 podpierania po\u0142\u0105czenia klejowego. Produkt jest bezwonny, neutralny, nie zawiera silikonu ani izocyjanian\u00f3w. Po na\u0142o\u017ceniu klej-uszczelniacz Megastrong reaguje z wilgoci\u0105 atmosferyczn\u0105, tworz\u0105c trwa\u0142\u0105 gum\u0119. NIE nadaje si\u0119 do malowania farbami na bazie \u017cywic alkidowych i NIE nadaje si\u0119 do aplikacji przez ma\u0142y otw\u00f3r wylewki.<br \/>\nKlejenie paneli, listew przypod\u0142ogowych, parapet\u00f3w, listew, prog\u00f3w, luster i materia\u0142\u00f3w izolacyjnych w budownictwie, do karoserii i szw\u00f3w metalowych oraz klejenie w przemy\u015ble stoczniowym. Generalnie doskonale przylega r\u00f3wnie\u017c bez podk\u0142adu do wielu materia\u0142\u00f3w budowlanych, takich jak szk\u0142o, powierzchnie szkliwione, emalie, panele epoksydowe i poliestrowe, polistyren, twarde PCV, stal nierdzewna, anodowane aluminium i lakierowane drewno. Klej uszczelniaj\u0105cy Megastrong jest r\u00f3wnie\u017c zalecany do pod\u0142o\u017cy porowatych, takich jak beton. ZDECYDOWANIE ZALECA SI\u0118 PRZEPROWADZENIE TEST\u00d3W WST\u0118PNYCH.       <span class=\"Apple-converted-space\"> <\/span><\/p>\n<p>W nieotwartym oryginalnym opakowaniu, przechowywa\u0107 w ch\u0142odnym i suchym miejscu w temperaturze od +5\u00b0C do +25\u00b0C, maksymalny okres przechowywania<br \/>\n12 miesi\u0119cy od daty produkcji.<\/p>\n<p>Do tego produktu nale\u017cy u\u017cywa\u0107 opryskiwacza do uszczelniaczy Gable Knight.<\/p>\n<p>&nbsp;<\/p>\n","protected":false},"excerpt":{"rendered":"<p>Wysoce przyczepny i mega mocny jednosk\u0142adnikowy klej-uszczelniacz o wysokiej przyczepno\u015bci pocz\u0105tkowej wykonany z polimeru MS. Eliminuje to potrzeb\u0119 podpierania po\u0142\u0105czenia klejowego. <\/p>\n","protected":false},"featured_media":131791,"template":"","meta":{"_acf_changed":false,"_seopress_robots_primary_cat":"","_seopress_titles_title":"","_seopress_titles_desc":"","_seopress_robots_index":""},"product_brand":[],"product_cat":[2400,2396],"product_tag":[2420,2442,1957,2017,2019,2421,2441,2436,2438,2439,2437,2440],"class_list":{"0":"post-140890","1":"product","2":"type-product","3":"status-publish","4":"has-post-thumbnail","6":"product_cat-kleje","7":"product_cat-kociak","8":"product_tag-ciecie-szkla","9":"product_tag-dodatkowy","10":"product_tag-gevelridder","11":"product_tag-miroiterie","12":"product_tag-monter-sklepow","13":"product_tag-olej-do-ciecia","14":"product_tag-pasta-do-czyszczenia-szkla","15":"product_tag-polerowanie-szkla","16":"product_tag-scratch-road","17":"product_tag-tarcza-polerska","18":"product_tag-zarysowanie","19":"product_tag-zdrapka","21":"first","22":"instock","23":"taxable","24":"shipping-taxable","25":"purchasable","26":"product-type-simple"},"acf":[],"_links":{"self":[{"href":"https:\/\/gevelridder.nl\/pl\/wp-json\/wp\/v2\/product\/140890","targetHints":{"allow":["GET"]}}],"collection":[{"href":"https:\/\/gevelridder.nl\/pl\/wp-json\/wp\/v2\/product"}],"about":[{"href":"https:\/\/gevelridder.nl\/pl\/wp-json\/wp\/v2\/types\/product"}],"wp:featuredmedia":[{"embeddable":true,"href":"https:\/\/gevelridder.nl\/pl\/wp-json\/wp\/v2\/media\/131791"}],"wp:attachment":[{"href":"https:\/\/gevelridder.nl\/pl\/wp-json\/wp\/v2\/media?parent=140890"}],"wp:term":[{"taxonomy":"product_brand","embeddable":true,"href":"https:\/\/gevelridder.nl\/pl\/wp-json\/wp\/v2\/product_brand?post=140890"},{"taxonomy":"product_cat","embeddable":true,"href":"https:\/\/gevelridder.nl\/pl\/wp-json\/wp\/v2\/product_cat?post=140890"},{"taxonomy":"product_tag","embeddable":true,"href":"https:\/\/gevelridder.nl\/pl\/wp-json\/wp\/v2\/product_tag?post=140890"}],"curies":[{"name":"wp","href":"https:\/\/api.w.org\/{rel}","templated":true}]}}