
{"id":140882,"date":"2026-03-24T11:44:02","date_gmt":"2026-03-24T11:44:02","guid":{"rendered":"https:\/\/gevelridder.nl\/product\/ottocoll-s81-280ml-z-mikserem\/"},"modified":"2026-03-24T11:44:02","modified_gmt":"2026-03-24T11:44:02","slug":"ottocoll-s81-280ml-z-mikserem","status":"publish","type":"product","link":"https:\/\/gevelridder.nl\/pl\/produkt\/ottocoll-s81-280ml-z-mikserem\/","title":{"rendered":"Ottocoll S81 280ml z mikserem!"},"content":{"rendered":"<h2 data-start=\"226\" data-end=\"260\">Ottocoll S81 &#8211; 280ml Black C04<\/h2>\n<p data-start=\"262\" data-end=\"477\">Ten wysokiej jako\u015bci 2-sk\u0142adnikowy uszczelniacz silikonowy to wyb\u00f3r do profesjonalnych zastosowa\u0144 w budownictwie, pracach wyko\u0144czeniowych i instalacyjnych. W zestawie specjalny mikser! <\/p>\n<h2 data-start=\"581\" data-end=\"618\">Dlaczego warto wybra\u0107 Ottocoll S81?<\/h2>\n<p data-start=\"619\" data-end=\"817\"><strong data-start=\"622\" data-end=\"638\">Ottocoll S81<\/strong> to wysokiej jako\u015bci klej i uszczelniacz na bazie alkoksylowej, opracowany specjalnie do szklenia strukturalnego. Dzi\u0119ki wysokiej jako\u015bci i wszechstronno\u015bci jest szeroko stosowany do: <\/p>\n<ul data-start=\"818\" data-end=\"1095\">\n<li data-start=\"818\" data-end=\"936\">\n<p data-start=\"820\" data-end=\"936\">Klejenie i uszczelnianie okien (bezpo\u015brednie szklenie, szyby zespolone w skrzyd\u0142ach okiennych wykonanych z PVC, drewna lub aluminium)<\/p>\n<\/li>\n<li data-start=\"937\" data-end=\"1003\">\n<p data-start=\"939\" data-end=\"1003\">Klejenie i uszczelnianie element\u00f3w szklanych (takich jak \u015bcianki dzia\u0142owe)<\/p>\n<\/li>\n<li data-start=\"1004\" data-end=\"1095\">\n<p data-start=\"1006\" data-end=\"1095\">Produkcja okien zgodnie z klasami odporno\u015bci na w\u0142amanie <strong data-start=\"1060\" data-end=\"1093\">RC1, RC2 i RC3 (DIN EN 1627)<\/strong><\/p>\n<\/li>\n<\/ul>\n<p data-start=\"1097\" data-end=\"1165\">Ten uszczelniacz jest \u0142atwy w aplikacji za pomoc\u0105 <strong data-start=\"1140\" data-end=\"1162\">standardowego pistoletu do uszczelniaczy i specjalnego rozpylacza mieszaj\u0105cego. <\/strong> <\/p>\n<hr data-start=\"1167\" data-end=\"1170\">\n<h2 data-start=\"1172\" data-end=\"1204\">Najwa\u017cniejsze cechy<\/h2>\n<p data-start=\"1205\" data-end=\"1539\">\u2714 <strong data-start=\"1207\" data-end=\"1234\">Niezwykle silna przyczepno\u015b\u0107<\/strong> do szk\u0142a, drewna, powlekanego metalu i PVC<br data-start=\"1270\" data-end=\"1273\"\/>\u2714 <strong data-start=\"1275\" data-end=\"1300\">Odporny na warunki atmosferyczne i promieniowanie UV<\/strong> &#8211; idealny do zastosowa\u0144 zewn\u0119trznych<br data-start=\"1333\" data-end=\"1336\"\/>\u2714 <strong data-start=\"1338\" data-end=\"1359\">Szybkie utwardzanie<\/strong>, nawet w grubszych warstwach<br data-start=\"1381\" data-end=\"1384\"\/>\u2714 <strong data-start=\"1386\" data-end=\"1414\">Wysoka wytrzyma\u0142o\u015b\u0107 mechaniczna<\/strong> i odporno\u015b\u0107 na rozdarcie<br data-start=\"1432\" data-end=\"1435\"\/>\u2714 <strong data-start=\"1437\" data-end=\"1448\">Niski zapach<\/strong> &#8211; przyjemna praca bez przeszk\u00f3d<br data-start=\"1479\" data-end=\"1482\"\/>\u2714 <strong data-start=\"1484\" data-end=\"1512\">Kompatybilny z foli\u0105 PVB<\/strong> &#8211; odpowiedni do szk\u0142a VSG<\/p>\n<hr data-start=\"1541\" data-end=\"1544\">\n<h2 data-start=\"1546\" data-end=\"1573\">Wytyczne dotycz\u0105ce aplikacji<\/h2>\n<p data-start=\"1574\" data-end=\"1678\">Nale\u017cy pami\u0119ta\u0107, \u017ce ten produkt jest przeznaczony dla <strong data-start=\"1610\" data-end=\"1632\">do\u015bwiadczonych u\u017cytkownik\u00f3w<\/strong>. Nale\u017cy przestrzega\u0107 nast\u0119puj\u0105cych wskaz\u00f3wek: <\/p>\n<ul data-start=\"1679\" data-end=\"1956\">\n<li data-start=\"1679\" data-end=\"1754\">\n<p data-start=\"1681\" data-end=\"1754\">Zawsze nale\u017cy przeprowadzi\u0107 <strong data-start=\"1697\" data-end=\"1718\">wst\u0119pny test<\/strong> kompatybilno\u015bci materia\u0142owej<\/p>\n<\/li>\n<li data-start=\"1755\" data-end=\"1814\">\n<p data-start=\"1757\" data-end=\"1814\">Upewnij si\u0119, \u017ce pod\u0142o\u017ca s\u0105 <strong data-start=\"1779\" data-end=\"1807\">czyste, suche i odt\u0142uszczone<\/strong>.<\/p>\n<\/li>\n<li data-start=\"1815\" data-end=\"1866\">\n<p data-start=\"1817\" data-end=\"1866\">Przetwarza\u0107 szczeliwo w ci\u0105gu wskazanego <strong data-start=\"1853\" data-end=\"1864\">okresu przydatno\u015bci do u\u017cycia<\/strong><\/p>\n<\/li>\n<li data-start=\"1867\" data-end=\"1956\">\n<p data-start=\"1869\" data-end=\"1956\">Aby uzyska\u0107 optymalne wyniki, nale\u017cy zapozna\u0107 si\u0119 z <strong data-start=\"1907\" data-end=\"1933\">instrukcjami przetwarzania<\/strong> zawartymi w specyfikacjach<\/p>\n<\/li>\n<\/ul>\n<hr data-start=\"1958\" data-end=\"1961\">\n<h2 data-start=\"1963\" data-end=\"1990\">Odpowiednie pod\u0142o\u017ca<\/h2>\n<p data-start=\"1991\" data-end=\"2029\">Ottocoll S81 doskonale przylega do:<\/p>\n<ul data-start=\"2030\" data-end=\"2091\">\n<li data-start=\"2030\" data-end=\"2038\">\n<p data-start=\"2032\" data-end=\"2038\">Szk\u0142o<\/p>\n<\/li>\n<li data-start=\"2039\" data-end=\"2047\">\n<p data-start=\"2041\" data-end=\"2047\">Drewno<\/p>\n<\/li>\n<li data-start=\"2048\" data-end=\"2055\">\n<p data-start=\"2050\" data-end=\"2055\">PVC<\/p>\n<\/li>\n<li data-start=\"2056\" data-end=\"2091\">\n<p data-start=\"2058\" data-end=\"2091\">Aluminium (powlekane\/lakierowane proszkowo)<\/p>\n<\/li>\n<li data-start=\"2056\" data-end=\"2091\">i wiele wi\u0119cej.<\/li>\n<li data-start=\"2056\" data-end=\"2091\">\n<p data-start=\"2058\" data-end=\"2091\">? Pe\u0142na lista znajduje si\u0119 w oficjalnym <strong data-start=\"2142\" data-end=\"2165\">arkuszu danych<\/strong> technicznych. <\/p>\n<\/li>\n<\/ul>\n<hr data-start=\"2170\" data-end=\"2173\">\n<p data-start=\"2175\" data-end=\"2310\"><strong data-start=\"2177\" data-end=\"2241\">Zam\u00f3w Ottocoll S81 280ml w kolorze czarnym C04 ju\u017c teraz w Gevelridder<\/strong> &#8211; sklepie z akcesoriami do podnoszenia i wysokiej jako\u015bci produktami monta\u017cowymi.<\/p>\n","protected":false},"excerpt":{"rendered":"<p class=\"ai-optimize-71\"><strong data-start=\"327\" data-end=\"362\">Ottocoll S81 280ml w kolorze czarnym C04<\/strong> to najwy\u017cszej jako\u015bci dwusk\u0142adnikowy klej silikonowy i uszczelniacz. Nadaje si\u0119 do szklenia strukturalnego i silnie przylega do szk\u0142a, drewna, PVC i powlekanego metalu. Profesjonalna jako\u015b\u0107, odporno\u015b\u0107 na warunki atmosferyczne i promieniowanie UV, szybkie utwardzanie i \u0142atwa aplikacja za pomoc\u0105 standardowego pistoletu do uszczelniaczy.  <\/p>\n<p class=\"ai-optimize-72\">Zawiera specjalny mikser.<\/p>\n","protected":false},"featured_media":132487,"template":"","meta":{"_acf_changed":false,"_seopress_robots_primary_cat":"none","_seopress_titles_title":"","_seopress_titles_desc":"","_seopress_robots_index":""},"product_brand":[],"product_cat":[2400,2396],"product_tag":[2420,2442,1957,2017,2019,2421,2441,2436,2438,2439,2437,2440],"class_list":{"0":"post-140882","1":"product","2":"type-product","3":"status-publish","4":"has-post-thumbnail","6":"product_cat-kleje","7":"product_cat-kociak","8":"product_tag-ciecie-szkla","9":"product_tag-dodatkowy","10":"product_tag-gevelridder","11":"product_tag-miroiterie","12":"product_tag-monter-sklepow","13":"product_tag-olej-do-ciecia","14":"product_tag-pasta-do-czyszczenia-szkla","15":"product_tag-polerowanie-szkla","16":"product_tag-scratch-road","17":"product_tag-tarcza-polerska","18":"product_tag-zarysowanie","19":"product_tag-zdrapka","20":"product_shipping_class-16-euro","22":"first","23":"instock","24":"taxable","25":"shipping-taxable","26":"purchasable","27":"product-type-simple"},"acf":[],"_links":{"self":[{"href":"https:\/\/gevelridder.nl\/pl\/wp-json\/wp\/v2\/product\/140882","targetHints":{"allow":["GET"]}}],"collection":[{"href":"https:\/\/gevelridder.nl\/pl\/wp-json\/wp\/v2\/product"}],"about":[{"href":"https:\/\/gevelridder.nl\/pl\/wp-json\/wp\/v2\/types\/product"}],"wp:featuredmedia":[{"embeddable":true,"href":"https:\/\/gevelridder.nl\/pl\/wp-json\/wp\/v2\/media\/132487"}],"wp:attachment":[{"href":"https:\/\/gevelridder.nl\/pl\/wp-json\/wp\/v2\/media?parent=140882"}],"wp:term":[{"taxonomy":"product_brand","embeddable":true,"href":"https:\/\/gevelridder.nl\/pl\/wp-json\/wp\/v2\/product_brand?post=140882"},{"taxonomy":"product_cat","embeddable":true,"href":"https:\/\/gevelridder.nl\/pl\/wp-json\/wp\/v2\/product_cat?post=140882"},{"taxonomy":"product_tag","embeddable":true,"href":"https:\/\/gevelridder.nl\/pl\/wp-json\/wp\/v2\/product_tag?post=140882"}],"curies":[{"name":"wp","href":"https:\/\/api.w.org\/{rel}","templated":true}]}}