
{"id":140876,"date":"2026-03-24T11:34:39","date_gmt":"2026-03-24T11:34:39","guid":{"rendered":"https:\/\/gevelridder.nl\/product\/hybriseal-2ps-290ml-bialy\/"},"modified":"2026-03-24T11:34:39","modified_gmt":"2026-03-24T11:34:39","slug":"hybriseal-2ps-290ml-bialy","status":"publish","type":"product","link":"https:\/\/gevelridder.nl\/pl\/produkt\/hybriseal-2ps-290ml-bialy\/","title":{"rendered":"Hybriseal 2PS 290ml bia\u0142y"},"content":{"rendered":"<h2><strong>Hybriseal 2PS 290ml White: Najlepszy uszczelniacz do szk\u0142a i konstrukcji<\/strong><\/h2>\n<p>Hybriseal 2PS to specjalnie opracowany, trwa\u0142y i elastyczny uszczelniacz na bazie polimeru MS. Jest przeznaczony do uszczelniania po\u0142\u0105cze\u0144 w systemach szklenia i w budownictwie. Ten uniwersalny uszczelniacz mo\u017cna malowa\u0107 zar\u00f3wno farbami syntetycznymi, jak i wodnymi, co czyni go wszechstronnym. Zapewnia odporno\u015b\u0107 na warunki atmosferyczne, promieniowanie UV, wod\u0119 i ple\u015b\u0144. Ponadto nie zawiera izocyjanian\u00f3w, rozpuszczalnik\u00f3w, silikonu i ftalan\u00f3w, zapewniaj\u0105c bezpiecze\u0144stwo i przyjazno\u015b\u0107 dla \u015brodowiska. Dzi\u0119ki szerokiemu spektrum przyczepno\u015bci spe\u0142nia normy ISO 11600 G25 HM, a w wi\u0119kszo\u015bci przypadk\u00f3w nie wymaga podk\u0142adu na g\u0142adkich powierzchniach.     <\/p>\n<p>Szk\u0142o to wyj\u0105tkowy materia\u0142 o r\u00f3\u017cnych zastosowaniach, od szk\u0142a izolacyjnego po hartowane kombinacje laminowane. Niezb\u0119dne jest zapewnienie prawid\u0142owego monta\u017cu w ramach okiennych, a uszczelniacz Hybriseal 2PS 290 ml jest do tego celu dostosowany. <\/p>\n<p>Okres przechowywania tego produktu wynosi 12 miesi\u0119cy od daty produkcji.<\/p>\n<p>Je\u015bli szukasz najlepiej sprzedaj\u0105cego si\u0119 i najcz\u0119\u015bciej stosowanego uszczelniacza do szyb, to w\u0142a\u015bnie go znalaz\u0142e\u015b! Wyposa\u017cony w certyfikat Komo, Hybriseal 2PS jest najbardziej niezawodny w tej kategorii. <\/p>\n<p>Doskonale nadaj\u0105cy si\u0119 do malowania, technologia hybrydowa i oczywi\u015bcie brak silikonu sprawiaj\u0105, \u017ce ten uszczelniacz do szyb Geveridder jest najlepszym wyborem. Jest to wysokiej jako\u015bci, mi\u0119kki i elastyczny profesjonalny uszczelniacz do szyb i uszczelniacz oparty na technologii hybrydowej, kt\u00f3ry pod wp\u0142ywem wilgoci utwardza si\u0119 do trwa\u0142ej elastycznej trwa\u0142ej gumy. Lakierowalno\u015b\u0107 Hybriseal 2PS zosta\u0142a przetestowana jako najlepsza na rynku profesjonalnym.  <\/p>\n<p><strong>Kiedy u\u017cywa\u0107 Hybriseal 2PS?<\/strong><\/p>\n<p>Istnieje wiele sytuacji, w kt\u00f3rych mo\u017cna u\u017cy\u0107 Hybriseal 2PS. Oczywi\u015bcie idealnie nadaje si\u0119 do uszczelniania szk\u0142a w drewnianych ramach okiennych, ale jest r\u00f3wnie\u017c bardzo odpowiedni do uszczelniania listew przypod\u0142ogowych, szczelin dylatacyjnych na zewn\u0105trz, po\u0142\u0105cze\u0144 pod\u0142ogowych, po\u0142\u0105cze\u0144 okiennych itp. Hybriseal 2PS zosta\u0142 opracowany jako uniwersalny uszczelniacz do szyb zgodnie z norm\u0105 NEN 3576\/NPR 3577 i nadaje si\u0119 do szk\u0142a laminowanego, pojedynczego, izolacyjnego, antyw\u0142amaniowego i samoczyszcz\u0105cego. Ten uszczelniacz do szyb doskonale nadaje si\u0119 r\u00f3wnie\u017c do uszczelniania szczelin dylatacyjnych i \u0142\u0105cz\u0105cych oraz mo\u017ce by\u0107 stosowany do uszczelniania po\u0142\u0105cze\u0144 wok\u00f3\u0142 ram okiennych i drzwiowych. W zasadzie wsz\u0119dzie tam, gdzie spoina uszczelniaj\u0105ca b\u0119dzie malowana.    <\/p>\n<p><strong>Cechy<\/strong><\/p>\n<ul>\n<li>Doskona\u0142a odporno\u015b\u0107 na przemalowanie wi\u0119kszo\u015bci\u0105 farb wodnych i syntetycznych<\/li>\n<li>Wysoka odporno\u015b\u0107 na promieniowanie UV, wilgo\u0107 i warunki pogodowe<\/li>\n<li>Nadaje si\u0119 do budownictwa i szklenia<\/li>\n<li>Wewn\u0105trz i na zewn\u0105trz<\/li>\n<li>Certyfikat KOMO<\/li>\n<li>Dost\u0119pne w r\u00f3\u017cnych dodatkowych kolorach (RAL 9001 \/ RAL 7016)<\/li>\n<\/ul>\n<p>Potrzebujesz wi\u0119cej zestaw\u00f3w? Sprawd\u017a nasz\u0105 szerok\u0105 ofert\u0119. <\/p>\n","protected":false},"excerpt":{"rendered":"<p>Hybriseal 2PS 290ml White: Najlepszy uszczelniacz do szk\u0142a i konstrukcji Hybriseal 2PS to specjalnie opracowany, trwa\u0142y i elastyczny uszczelniacz na [&hellip;]<\/p>\n","protected":false},"featured_media":131795,"template":"","meta":{"_acf_changed":false,"_seopress_robots_primary_cat":"none","_seopress_titles_title":"","_seopress_titles_desc":"","_seopress_robots_index":""},"product_brand":[],"product_cat":[2396,2398],"product_tag":[1957,2472,2403,2471,2401],"class_list":{"0":"post-140876","1":"product","2":"type-product","3":"status-publish","4":"has-post-thumbnail","6":"product_cat-kociak","7":"product_cat-zestaw","8":"product_tag-gevelridder","9":"product_tag-hybriseal","10":"product_tag-kociak","11":"product_tag-uszczelniacz-do-szkla","12":"product_tag-uszczelnienie","14":"first","15":"instock","16":"taxable","17":"shipping-taxable","18":"purchasable","19":"product-type-simple"},"acf":[],"_links":{"self":[{"href":"https:\/\/gevelridder.nl\/pl\/wp-json\/wp\/v2\/product\/140876","targetHints":{"allow":["GET"]}}],"collection":[{"href":"https:\/\/gevelridder.nl\/pl\/wp-json\/wp\/v2\/product"}],"about":[{"href":"https:\/\/gevelridder.nl\/pl\/wp-json\/wp\/v2\/types\/product"}],"wp:featuredmedia":[{"embeddable":true,"href":"https:\/\/gevelridder.nl\/pl\/wp-json\/wp\/v2\/media\/131795"}],"wp:attachment":[{"href":"https:\/\/gevelridder.nl\/pl\/wp-json\/wp\/v2\/media?parent=140876"}],"wp:term":[{"taxonomy":"product_brand","embeddable":true,"href":"https:\/\/gevelridder.nl\/pl\/wp-json\/wp\/v2\/product_brand?post=140876"},{"taxonomy":"product_cat","embeddable":true,"href":"https:\/\/gevelridder.nl\/pl\/wp-json\/wp\/v2\/product_cat?post=140876"},{"taxonomy":"product_tag","embeddable":true,"href":"https:\/\/gevelridder.nl\/pl\/wp-json\/wp\/v2\/product_tag?post=140876"}],"curies":[{"name":"wp","href":"https:\/\/api.w.org\/{rel}","templated":true}]}}