
{"id":140873,"date":"2026-03-24T11:34:39","date_gmt":"2026-03-24T11:34:39","guid":{"rendered":"https:\/\/gevelridder.nl\/product\/pasta-do-czyszczenia-szkla-100-ml\/"},"modified":"2026-03-24T11:34:39","modified_gmt":"2026-03-24T11:34:39","slug":"pasta-do-czyszczenia-szkla-100-ml","status":"publish","type":"product","link":"https:\/\/gevelridder.nl\/pl\/produkt\/pasta-do-czyszczenia-szkla-100-ml\/","title":{"rendered":"Pasta do czyszczenia szk\u0142a 100 ml"},"content":{"rendered":"<h2>Pasta do czyszczenia szk\u0142a 100 ml<\/h2>\n<p>Xtra Glass Cleaning Paste 100 ml to produkt inny ni\u017c wszystkie. Silny \u015brodek czyszcz\u0105cy i nierysuj\u0105cy szk\u0142a to ca\u0142kowicie naturalny \u015brodek bez chemikali\u00f3w, wolny od kwas\u00f3w i ostrych \u015brodk\u00f3w, dobry dla ludzi i zwierz\u0105t. Nadaje si\u0119 do stosowania na szkle, plastiku, porcelanie, ceramice, chromie, stali nierdzewnej i powierzchniach powlekanych. Doskona\u0142y i skuteczny \u015brodek do czyszczenia szk\u0142a usuwa nalot, rdz\u0119, kamie\u0144, silikon i plamy organiczne.   <\/p>\n<h2>Kupi\u0107 Past\u0119 do czyszczenia szk\u0142a 100 ml?<\/h2>\n<p>Chcesz najpierw wypr\u00f3bowa\u0107 past\u0119 do usuwania uporczywych zabrudze\u0144? W takim razie mo\u017cemy mie\u0107 dla Ciebie r\u00f3wnie\u017c opakowanie o pojemno\u015bci <a href=\"https:\/\/gevelridder.nl\/pl\/produkt\/pasta-czyszczaca-20-ml\/\">20 ml<\/a>. <\/p>\n<h2>Jak u\u017cywa\u0107 pasty do czyszczenia szk\u0142a 100 ml?<\/h2>\n<p>Porada Keesa:<\/p>\n<ul>\n<li>  01. We\u017a<a href=\"https:\/\/gevelridder.nl\/pl\/produkt\/sciereczka-z-mikrofibry-glass-5-sztuk-w-opakowaniu\/\"> niebiesk\u0105 \u015bciereczk\u0119 z mikrofibry<\/a> i zwil\u017c j\u0105.<\/li>\n<li>  02. U\u017cywaj\u0105c wilgotnej szmatki z past\u0105, dobrze przetrzyj ca\u0142\u0105 powierzchni\u0119.<\/li>\n<li>  03. W razie potrzeby usu\u0144 dodatkowe zanieczyszczenia.<\/li>\n<li>  04. W zale\u017cno\u015bci od zabrudzenia, powierzchni\u0119 mo\u017cna nast\u0119pnie oczy\u015bci\u0107 czyst\u0105 wod\u0105 i mi\u0119kk\u0105 g\u0105bk\u0105.<\/li>\n<li>  05. Gotowy jest Kees.<\/li>\n<\/ul>\n<p>Zastosowanie wysokiej jako\u015bci komponent\u00f3w pozwala na skuteczne i bardzo precyzyjne u\u017cycie Glass Cleaning Paste 100 ml.<\/p>\n<p>W przypadku g\u0142\u0119bszych zarysowa\u0144 u\u017cyj <a href=\"https:\/\/www.bohle.com\/nl-nl\" target=\"_blank\" rel=\"noopener\">Cero-Gel<\/a>, po prostu spryskaj i wetrzyj r\u00f3wnomiernie r\u0119cznie, na przyk\u0142ad lekko wilgotn\u0105 \u015bciereczk\u0105 z mikrofibry lub \u015bciereczk\u0105 do polerowania, wykonuj\u0105c okr\u0119\u017cne ruchy.<\/p>\n<p>W przypadku uporczywych zabrudze\u0144 najlepiej jest polerowa\u0107 za pomoc\u0105 maszyny r\u0119cznej z do\u0142\u0105czon\u0105 tarcz\u0105 polersk\u0105.<\/p>\n<h3>XtraClean czy\u015bci delikatnie, ale skutecznie<\/h3>\n<p>Graffiti na \u015bcianie? Osady na maszynach? Uporczywe plamy s\u0105 trudne do usuni\u0119cia. Dlatego skuteczne,<br \/>\nale delikatne czyszczenie jest kwesti\u0105 odpowiedniego \u015brodka z odpowiednimi sk\u0142adnikami.   <\/p>\n<p>Oparta na najdrobniejszych mikrocz\u0105steczkach, olejkach eterycznych i<br \/>\n\u015brodkach powierzchniowo czynnych pasta do czyszczenia szk\u0142a 100 ml umo\u017cliwia wyj\u0105tkowo skuteczne, a jednocze\u015bnie delikatne czyszczenie. Nawet w przypadku bardzo uporczywych<br \/>\nzabrudze\u0144, takich jak pozosta\u0142o\u015bci farby lub rdza, XtraClean jest delikatny dla powierzchni.<br \/>\nDzi\u0119ki milionom mikrocz\u0105steczek XtraClean umo\u017cliwia usuwanie osad\u00f3w, brudu budowlanego lub rdzy ze szk\u0142a, stali nierdzewnej, ceramiki,<br \/>\nfug p\u0142ytek i innych twardych powierzchni. Nawet rozpryski betonu lub pozosta\u0142o\u015bci oleju mog\u0105 by\u0107 skutecznie czyszczone<br \/>\n, a zabrudzone maszyny wygl\u0105daj\u0105 jak nowe w mgnieniu oka.<br \/>\nDzia\u0142anie cz\u0105stek czyszcz\u0105cych jest wspomagane przez \u015brodki powierzchniowo czynne, kt\u00f3re zwi\u0119kszaj\u0105 rozpuszczalno\u015b\u0107<br \/>\nplam t\u0142uszczu. Im wy\u017csza temperatura podczas czyszczenia, tym wi\u0119cej olejk\u00f3w eterycznych jest uwalnianych i tym<br \/>\nbardziej wydajna staje si\u0119 pasta czyszcz\u0105ca.   <\/p>\n<p>XtraClean nie zawiera chemicznych substancji pomocniczych i jest wolny od kwas\u00f3w oraz agresywnych lub wybielaj\u0105cych sk\u0142adnik\u00f3w. Zamiast tego,<br \/>\nst\u0119\u017cenie mikrocz\u0105steczek w pastowatej konsystencji pasty do czyszczenia szk\u0142a 100 ml jest szczeg\u00f3lnie wysokie. Dzia\u0142aj\u0105 one mechanicznie na brud i rozlu\u017aniaj\u0105<br \/>\npoprzez tarcie. W tym celu past\u0119 czyszcz\u0105c\u0105 nale\u017cy nak\u0142ada\u0107 zwyk\u0142\u0105 g\u0105bk\u0105 lub mi\u0119kk\u0105 \u015bciereczk\u0105 i<br \/>\ndok\u0142adnie wciera\u0107 w ca\u0142\u0105 powierzchni\u0119. W zale\u017cno\u015bci od zabrudzenia, powierzchni\u0119 mo\u017cna nast\u0119pnie<br \/>\npotraktowa\u0107 czyst\u0105 wod\u0105 i mi\u0119kk\u0105 g\u0105bk\u0105.    <\/p>\n","protected":false},"excerpt":{"rendered":"<h2>Pasta do czyszczenia szk\u0142a 100 ml<\/h2>\n<p>Xtra Pasta do czyszczenia szk\u0142a 100 ml usuwa plamy z silikonu, a tak\u017ce osady z kamienia i \u017celaza w spos\u00f3b naturalny i bezproblemowy. Silny \u015brodek czyszcz\u0105cy do szk\u0142a, chromu, plastiku, stali nierdzewnej jest ca\u0142kowicie naturalnym \u015brodkiem bez chemikali\u00f3w, jest r\u00f3wnie\u017c wolny od kwas\u00f3w i agresywnych \u015brodk\u00f3w, dobry dla ludzi i zwierz\u0105t. <\/p>\n","protected":false},"featured_media":131787,"template":"","meta":{"_acf_changed":false,"_seopress_robots_primary_cat":"none","_seopress_titles_title":"","_seopress_titles_desc":"","_seopress_robots_index":""},"product_brand":[],"product_cat":[2353,1973,1974],"product_tag":[2420,2442,1957,2017,2019,2421,2441,2436,2438,2439,2437,2440],"class_list":{"0":"post-140873","1":"product","2":"type-product","3":"status-publish","4":"has-post-thumbnail","6":"product_cat-czyszczenie","7":"product_cat-narzedzia","8":"product_cat-narzedzia-do-szkla","9":"product_tag-ciecie-szkla","10":"product_tag-dodatkowy","11":"product_tag-gevelridder","12":"product_tag-miroiterie","13":"product_tag-monter-sklepow","14":"product_tag-olej-do-ciecia","15":"product_tag-pasta-do-czyszczenia-szkla","16":"product_tag-polerowanie-szkla","17":"product_tag-scratch-road","18":"product_tag-tarcza-polerska","19":"product_tag-zarysowanie","20":"product_tag-zdrapka","22":"first","23":"outofstock","24":"taxable","25":"shipping-taxable","26":"purchasable","27":"product-type-simple"},"acf":[],"_links":{"self":[{"href":"https:\/\/gevelridder.nl\/pl\/wp-json\/wp\/v2\/product\/140873","targetHints":{"allow":["GET"]}}],"collection":[{"href":"https:\/\/gevelridder.nl\/pl\/wp-json\/wp\/v2\/product"}],"about":[{"href":"https:\/\/gevelridder.nl\/pl\/wp-json\/wp\/v2\/types\/product"}],"wp:featuredmedia":[{"embeddable":true,"href":"https:\/\/gevelridder.nl\/pl\/wp-json\/wp\/v2\/media\/131787"}],"wp:attachment":[{"href":"https:\/\/gevelridder.nl\/pl\/wp-json\/wp\/v2\/media?parent=140873"}],"wp:term":[{"taxonomy":"product_brand","embeddable":true,"href":"https:\/\/gevelridder.nl\/pl\/wp-json\/wp\/v2\/product_brand?post=140873"},{"taxonomy":"product_cat","embeddable":true,"href":"https:\/\/gevelridder.nl\/pl\/wp-json\/wp\/v2\/product_cat?post=140873"},{"taxonomy":"product_tag","embeddable":true,"href":"https:\/\/gevelridder.nl\/pl\/wp-json\/wp\/v2\/product_tag?post=140873"}],"curies":[{"name":"wp","href":"https:\/\/api.w.org\/{rel}","templated":true}]}}