
{"id":140871,"date":"2026-03-24T11:33:32","date_gmt":"2026-03-24T11:33:32","guid":{"rendered":"https:\/\/gevelridder.nl\/product\/lyzka-szklana-z-tworzywa-sztucznego\/"},"modified":"2026-03-24T11:33:32","modified_gmt":"2026-03-24T11:33:32","slug":"lyzka-szklana-z-tworzywa-sztucznego","status":"publish","type":"product","link":"https:\/\/gevelridder.nl\/pl\/produkt\/lyzka-szklana-z-tworzywa-sztucznego\/","title":{"rendered":"\u0141y\u017cka szklana z tworzywa sztucznego"},"content":{"rendered":"<h2>Plastikowa d\u017awignia przedniej szyby<\/h2>\n<p>W okaza\u0142ych salach staro\u017cytnych zamk\u00f3w, gdzie narodzi\u0142y si\u0119 rycerskie legendy i mity, narz\u0119dzia, kt\u00f3rymi pos\u0142ugiwali si\u0119 ludzie, mia\u0142y ogromne znaczenie. Jednym z takich narz\u0119dzi cenionych do dzi\u015b przez wsp\u00f3\u0142czesnych rycerzy jest iluminator pastylkowy, przez wielu nazywany r\u00f3wnie\u017c szklan\u0105 \u0142y\u017ck\u0105. <\/p>\n<h3>Dlaczego ten \u015brodek do czyszczenia okien jest wyj\u0105tkowy?<\/h3>\n<p>Wykonany z odpornego na uderzenia tworzywa sztucznego, ten wyj\u0105tkowy podno\u015bnik do okien okaza\u0142 si\u0119 wiernym sprzymierze\u0144cem w \u015bwiecie przeszkle\u0144. Czy to w pa\u0142acu, czy w nowoczesnym domu, podno\u015bnik do okien gwarantuje \u0142atw\u0105 i prawid\u0142ow\u0105 obs\u0142ug\u0119 r\u00f3\u017cnych szyb zespolonych. Solidne narz\u0119dzie o g\u0142\u0119bokim niebieskim odcieniu ma antypo\u015blizgow\u0105 powierzchni\u0119, kt\u00f3ra uosabia si\u0142\u0119 i stabilno\u015b\u0107. Nic wi\u0119c dziwnego, \u017ce nasi wsp\u00f3\u0142cze\u015bni rycerze &#8211; dzisiejsi rzemie\u015blnicy &#8211; polegaj\u0105 na nim codziennie, aby precyzyjnie i ostro\u017cnie obs\u0142ugiwa\u0107 okna.   <\/p>\n<p>Historia g\u0142osi, \u017ce podczas mro\u017anego \u015bwitu pewien rycerz chcia\u0142 wymieni\u0107 szyb\u0119 w oknie, aby uchroni\u0107 si\u0119 przed zimnym wiatrem. Z pomoc\u0105 swojej zaufanej zapalniczki bez trudu podni\u00f3s\u0142 okno i wymieni\u0142 znajduj\u0105ce si\u0119 pod nim klocki. By\u0142 to akt kunsztu, umiej\u0119tno\u015b\u0107 przekazywana z pokolenia na pokolenie.  <\/p>\n<p>Dla os\u00f3b z zami\u0142owaniem do tradycji i autentyczno\u015bci, Lozenger jest r\u00f3wnie\u017c dost\u0119pny z drewnianym uchwytem, przywo\u0142uj\u0105cym klimat starego \u015bwiata.<\/p>\n<p>Niech legenda \u017cyje i dodaj to rycerskie narz\u0119dzie do swojego arsena\u0142u. Poniewa\u017c w \u015bwiecie oszklenia zapalniczka do okien lub \u0142y\u017cka do szk\u0142a to niezawodna tarcza. Dost\u0119pna r\u00f3wnie\u017c z <a href=\"https:\/\/gevelridder.nl\/pl\/produkt\/szklana-lyzka\/\">drewnianym uchwyt<\/a>em.  <\/p>\n","protected":false},"excerpt":{"rendered":"<p>W \u015bwiecie, w kt\u00f3rym ceni si\u0119 kunszt, zapalniczka do szyb, znana r\u00f3wnie\u017c jako \u0142y\u017cka do szyb, l\u015bni niczym niezawodny miecz. Wykonane z odpornego na uderzenia tworzywa sztucznego i l\u015bni\u0105ce rycerskim b\u0142\u0119kitem, narz\u0119dzie to jest niezb\u0119dne przy ka\u017cdym wyzwaniu zwi\u0105zanym z oszkleniem. Nasi wsp\u00f3\u0142cze\u015bni rycerze codziennie polegaj\u0105 na nim, je\u015bli chodzi o precyzj\u0119 i staranno\u015b\u0107. Dost\u0119pna zar\u00f3wno w wersji z litego plastiku, jak i z tradycyjnym drewnianym uchwytem, jest najlepszym wyborem dla prawdziwego rzemie\u015blnika.   <\/p>\n","protected":false},"featured_media":131695,"template":"","meta":{"_acf_changed":false,"_seopress_robots_primary_cat":"none","_seopress_titles_title":"","_seopress_titles_desc":"","_seopress_robots_index":""},"product_brand":[],"product_cat":[1973,1974],"product_tag":[2467,2464,2465],"class_list":{"0":"post-140871","1":"product","2":"type-product","3":"status-publish","4":"has-post-thumbnail","6":"product_cat-narzedzia","7":"product_cat-narzedzia-do-szkla","8":"product_tag-lyzka-do-okien","9":"product_tag-szklana-lyzka","10":"product_tag-wycieraczka-przedniej-szyby","12":"first","13":"instock","14":"taxable","15":"shipping-taxable","16":"purchasable","17":"product-type-simple"},"acf":[],"_links":{"self":[{"href":"https:\/\/gevelridder.nl\/pl\/wp-json\/wp\/v2\/product\/140871","targetHints":{"allow":["GET"]}}],"collection":[{"href":"https:\/\/gevelridder.nl\/pl\/wp-json\/wp\/v2\/product"}],"about":[{"href":"https:\/\/gevelridder.nl\/pl\/wp-json\/wp\/v2\/types\/product"}],"wp:featuredmedia":[{"embeddable":true,"href":"https:\/\/gevelridder.nl\/pl\/wp-json\/wp\/v2\/media\/131695"}],"wp:attachment":[{"href":"https:\/\/gevelridder.nl\/pl\/wp-json\/wp\/v2\/media?parent=140871"}],"wp:term":[{"taxonomy":"product_brand","embeddable":true,"href":"https:\/\/gevelridder.nl\/pl\/wp-json\/wp\/v2\/product_brand?post=140871"},{"taxonomy":"product_cat","embeddable":true,"href":"https:\/\/gevelridder.nl\/pl\/wp-json\/wp\/v2\/product_cat?post=140871"},{"taxonomy":"product_tag","embeddable":true,"href":"https:\/\/gevelridder.nl\/pl\/wp-json\/wp\/v2\/product_tag?post=140871"}],"curies":[{"name":"wp","href":"https:\/\/api.w.org\/{rel}","templated":true}]}}