
{"id":140864,"date":"2026-03-24T11:35:10","date_gmt":"2026-03-24T11:35:10","guid":{"rendered":"https:\/\/gevelridder.nl\/product\/acrylic-exterior-310ml-bialy\/"},"modified":"2026-03-24T11:35:10","modified_gmt":"2026-03-24T11:35:10","slug":"acrylic-exterior-310ml-bialy","status":"publish","type":"product","link":"https:\/\/gevelridder.nl\/pl\/produkt\/acrylic-exterior-310ml-bialy\/","title":{"rendered":"Acrylic Exterior+ 310ml bia\u0142y"},"content":{"rendered":"<h2>Acrylic Exterior+ 310ml bia\u0142y<\/h2>\n<p>Ten bia\u0142y uszczelniacz akrylowy Acrylic Exterior+ 310 ml jest przeznaczony do u\u017cytku wewn\u0119trznego i zewn\u0119trznego.<\/p>\n<div class=\"row\">\n<div class=\"col-xs-12 col-sm-12\">\n<p>Zwaluw Acryl Exterior+ to wysokiej jako\u015bci, wytrzyma\u0142y uszczelniacz akrylowy, kt\u00f3ry po aplikacji szybko staje si\u0119 odporny na deszcz. Po uszczelnieniu produkt tworzy plastyczno-elastyczn\u0105 gum\u0119 poprzez odparowanie wody z uszczelniacza. <\/p>\n<\/div>\n<\/div>\n<div class=\"row benefits-and-downloads\">\n<h4>ZALETY Acrylic Exterior+ 310ml bia\u0142y<\/h4>\n<ul>\n<li>Szybka ochrona przed deszczem po aplikacji<\/li>\n<li>Do u\u017cytku wewn\u0119trznego i zewn\u0119trznego<\/li>\n<li>Wysokie wyd\u0142u\u017cenie przy zerwaniu i wysokie dopuszczalne odkszta\u0142cenie<\/li>\n<li>Mo\u017cliwo\u015b\u0107 malowania wi\u0119kszo\u015bci\u0105 farb wodnych i syntetycznych<\/li>\n<li>Doskonale przylega bez podk\u0142adu do wi\u0119kszo\u015bci, nawet lekko wilgotnych pod\u0142o\u017cy.<\/li>\n<li>Praktycznie bezwonny<\/li>\n<li>\u0141atwy w aplikacji\/czyszczeniu<\/li>\n<li>Nie powoduje korozji metali<\/li>\n<li>Doskona\u0142e w\u0142a\u015bciwo\u015bci przetwarzania<\/li>\n<\/ul>\n<h3>Do czego mo\u017cna wykorzysta\u0107 zestaw?<\/h3>\n<\/div>\n<div class=\"row\">\n<div class=\"col-xs-12 col-sm-12\">\n<p>Uszczelniacz zosta\u0142 specjalnie opracowany do uszczelniania po\u0142\u0105cze\u0144 mi\u0119dzy parapetami, schodami, sufitami, \u015bcianami, listwami przypod\u0142ogowymi, p\u0142ytami gazobetonowymi, p\u0142ytami gipsowo-kartonowymi, ceg\u0142\u0105 wapienno-piaskow\u0105, drewnianymi i metalowymi ramami okiennymi, betonem i murem. Do zastosowa\u0144 wewn\u0119trznych i zewn\u0119trznych. Poniewa\u017c uszczelniacz jest szybko odporny na deszcz po na\u0142o\u017ceniu, istnieje mniej ogranicze\u0144 ze wzgl\u0119du na warunki pogodowe.  <\/p>\n<\/div>\n<\/div>\n<div class=\"row\" data-js-component=\"pdp\">\n<div class=\"col-xs-12 col-sm-12\">\n<h3>Okres trwa\u0142o\u015bci Acryl Exterior+ 310ml bia\u0142y<\/h3>\n<\/div>\n<div class=\"col-xs-12 col-sm-12\">\n<p>W nieotwartym oryginalnym opakowaniu, w temperaturze od +5\u00b0C do +25\u00b0C, mo\u017ce by\u0107 przechowywany do 18 miesi\u0119cy od daty produkcji, je\u015bli jest przechowywany w suchym miejscu.<\/p>\n<\/div>\n<\/div>\n<h4><a href=\"https:\/\/gevelridder.nl\/pl\/kociak\/\">Kupi\u0107<\/a> zestaw?<\/h4>\n<p>Wa\u017cne jest, aby zwraca\u0107 uwag\u0119 na zastosowanie i warunki produktu.<\/p>\n","protected":false},"excerpt":{"rendered":"<p>Ten bia\u0142y uszczelniacz akrylowy Acryl Exterior+ 310 ml jest przeznaczony do u\u017cytku wewn\u0119trznego i zewn\u0119trznego. Zwaluw Acryl Exterior+ to wysokiej jako\u015bci, wytrzyma\u0142y uszczelniacz akrylowy, kt\u00f3ry po aplikacji szybko staje si\u0119 odporny na deszcz. Po uszczelnieniu produkt tworzy plastyczno-elastyczn\u0105 gum\u0119 poprzez odparowanie wody z uszczelniacza.  <\/p>\n","protected":false},"featured_media":131798,"template":"","meta":{"_acf_changed":false,"_seopress_robots_primary_cat":"none","_seopress_titles_title":"","_seopress_titles_desc":"","_seopress_robots_index":""},"product_brand":[],"product_cat":[2396,2398],"product_tag":[2462,2463,1957,2403,2073,2401,2405],"class_list":{"0":"post-140864","1":"product","2":"type-product","3":"status-publish","4":"has-post-thumbnail","6":"product_cat-kociak","7":"product_cat-zestaw","8":"product_tag-akryl","9":"product_tag-bialy","10":"product_tag-gevelridder","11":"product_tag-kociak","12":"product_tag-szklo","13":"product_tag-uszczelnienie","14":"product_tag-zestaw-2","16":"first","17":"instock","18":"taxable","19":"shipping-taxable","20":"purchasable","21":"product-type-simple"},"acf":[],"_links":{"self":[{"href":"https:\/\/gevelridder.nl\/pl\/wp-json\/wp\/v2\/product\/140864","targetHints":{"allow":["GET"]}}],"collection":[{"href":"https:\/\/gevelridder.nl\/pl\/wp-json\/wp\/v2\/product"}],"about":[{"href":"https:\/\/gevelridder.nl\/pl\/wp-json\/wp\/v2\/types\/product"}],"wp:featuredmedia":[{"embeddable":true,"href":"https:\/\/gevelridder.nl\/pl\/wp-json\/wp\/v2\/media\/131798"}],"wp:attachment":[{"href":"https:\/\/gevelridder.nl\/pl\/wp-json\/wp\/v2\/media?parent=140864"}],"wp:term":[{"taxonomy":"product_brand","embeddable":true,"href":"https:\/\/gevelridder.nl\/pl\/wp-json\/wp\/v2\/product_brand?post=140864"},{"taxonomy":"product_cat","embeddable":true,"href":"https:\/\/gevelridder.nl\/pl\/wp-json\/wp\/v2\/product_cat?post=140864"},{"taxonomy":"product_tag","embeddable":true,"href":"https:\/\/gevelridder.nl\/pl\/wp-json\/wp\/v2\/product_tag?post=140864"}],"curies":[{"name":"wp","href":"https:\/\/api.w.org\/{rel}","templated":true}]}}