
{"id":140861,"date":"2026-03-24T11:36:55","date_gmt":"2026-03-24T11:36:55","guid":{"rendered":"https:\/\/gevelridder.nl\/product\/rekawice-robocze-powergrab-katana-xxl\/"},"modified":"2026-03-24T11:36:55","modified_gmt":"2026-03-24T11:36:55","slug":"rekawice-robocze-powergrab-katana-xxl","status":"publish","type":"product","link":"https:\/\/gevelridder.nl\/pl\/produkt\/rekawice-robocze-powergrab-katana-xxl\/","title":{"rendered":"R\u0119kawice robocze PowerGrab Katana XXL"},"content":{"rendered":"<h2>R\u0119kawice robocze PowerGrab Katana rozmiar XXL<\/h2>\n<p>Kluczowe cechy R\u0119kawice odporne na przeci\u0119cie Towa Katana:<\/p>\n<ul>\n<li>Odporno\u015b\u0107 na przeci\u0119cie klasy 5<\/li>\n<li>Doskona\u0142y komfort noszenia<\/li>\n<li>Wysoka odporno\u015b\u0107 na rozdarcia<\/li>\n<li>Dobra przyczepno\u015b\u0107<\/li>\n<li>Materia\u0142: poliester\/bawe\u0142na<\/li>\n<li>Idealnie nadaje si\u0119 do pracy ze szk\u0142em<\/li>\n<li>Oddychaj\u0105ce r\u0119kawice<\/li>\n<li>W\u0142\u00f3kno aramidowe zanurzone w niebieskim lateksie<\/li>\n<li>Zgodno\u015b\u0107 z normami EN420:2011, EN388:2016 i EN407:20<\/li>\n<\/ul>\n<p><strong>Interesuj\u0105ce miejsca:<\/strong><\/p>\n<ul>\n<li>Uszkodzone r\u0119kawice mog\u0105 utraci\u0107 swoje w\u0142a\u015bciwo\u015bci ochronne i nale\u017cy je wymieni\u0107.<\/li>\n<li>U\u017cytkownik jest zawsze odpowiedzialny za wyb\u00f3r odpowiedniego produktu, spos\u00f3b jego u\u017cytkowania i dodatkowe \u015brodki bezpiecze\u0144stwa.<\/li>\n<li>R\u0119kawice te zapewniaj\u0105 ochron\u0119 d\u0142oni, ale dla dodatkowej ochrony zalecamy stosowanie <a href=\"https:\/\/gevelridder.nl\/product\/polsbescherming\/\">ochraniaczy nadgarstk\u00f3w<\/a>.<\/li>\n<\/ul>\n<p>Nasze r\u0119kawice antyprzeci\u0119ciowe Towa Katana zosta\u0142y zaprojektowane tak, aby spe\u0142ni\u0107 wszystkie Twoje oczekiwania. Dzi\u0119ki najwy\u017cszej klasie odporno\u015bci na przeci\u0119cie, doskona\u0142emu komfortowi i wysokiej odporno\u015bci na rozdarcie s\u0105 idealnym wyborem do pracy ze szk\u0142em i innymi ostrymi materia\u0142ami. Dobra chwytno\u015b\u0107 zapewnia bezpieczn\u0105 i wydajn\u0105 prac\u0119, a oddychaj\u0105ca konstrukcja zapewnia d\u0142oniom komfort nawet podczas d\u0142ugich dni pracy. R\u0119kawice wykonane s\u0105 z wytrzyma\u0142ego materia\u0142u poliestrowo-bawe\u0142nianego z w\u0142\u00f3knami aramidowymi zanurzonymi w niebieskim lateksie dla dodatkowej ochrony. Spe\u0142niaj\u0105 najsurowsze normy, w tym EN420:2011, EN388:2016 i EN407:20, aby zapewni\u0107 najwy\u017csz\u0105 jako\u015b\u0107 i bezpiecze\u0144stwo, na jakie zas\u0142ugujesz. Wybierz r\u0119kawice odporne na przeci\u0119cia Towa Katana i chro\u0144 swoje d\u0142onie podczas wszystkich wymagaj\u0105cych prac.     <\/p>\n<p><strong>Aby okre\u015bli\u0107 w\u0142a\u015bciwy rozmiar r\u0119kawic roboczych, zmierz obw\u00f3d d\u0142oni. We\u017a ta\u015bm\u0119 miernicz\u0105 i owi\u0144 j\u0105 wok\u00f3\u0142 d\u0142oni tu\u017c nad kciukiem. Zanotuj zmierzony obw\u00f3d. Nast\u0119pnie zapoznaj si\u0119 z poni\u017csz\u0105 tabel\u0105 rozmiar\u00f3w, aby znale\u017a\u0107 idealny rozmiar r\u0119kawic.   <\/strong><\/p>\n<table width=\"263\">\n<tbody>\n<tr>\n<td colspan=\"2\" width=\"128\">Rozmiar<\/td>\n<td width=\"135\">Obw\u00f3d d\u0142oni<\/td>\n<\/tr>\n<tr>\n<td>6<\/td>\n<td>xs<\/td>\n<td>14-17 cm<\/td>\n<\/tr>\n<tr>\n<td>7<\/td>\n<td>s<\/td>\n<td>17-20 cm<\/td>\n<\/tr>\n<tr>\n<td>8<\/td>\n<td>m<\/td>\n<td>20-23 cm<\/td>\n<\/tr>\n<tr>\n<td>9<\/td>\n<td>L<\/td>\n<td>23-25 cm<\/td>\n<\/tr>\n<tr>\n<td>10<\/td>\n<td>XL<\/td>\n<td>25-27 cm<\/td>\n<\/tr>\n<tr>\n<td>11<\/td>\n<td>XXL<\/td>\n<td>27-30 cm<\/td>\n<\/tr>\n<\/tbody>\n<\/table>\n","protected":false},"excerpt":{"rendered":"<p>W dziedzinie rzemios\u0142a r\u0119kawice Towa Katana s\u0105 niczym rycerska zbroja. Tkana z kevlaru i wzmocniona stalowym drutem r\u0119kawica zapewnia niezr\u00f3wnan\u0105 ochron\u0119 przed ostrymi zagro\u017ceniami. Dla tych, kt\u00f3rzy odwa\u017c\u0105 si\u0119 na szk\u0142o, Powergrab Katana jest ich tarcz\u0105, z odporno\u015bci\u0105 na przeci\u0119cia, kt\u00f3ra nosi najwy\u017cszy zaszczyt, poziom 5. Rozmiar XXL   <\/p>\n","protected":false},"featured_media":131950,"template":"","meta":{"_acf_changed":false,"_seopress_robots_primary_cat":"none","_seopress_titles_title":"","_seopress_titles_desc":"","_seopress_robots_index":""},"product_brand":[],"product_cat":[1973,1974],"product_tag":[2143,2420,2459,2429,2460,2461,2023],"class_list":{"0":"post-140861","1":"product","2":"type-product","3":"status-publish","4":"has-post-thumbnail","6":"product_cat-narzedzia","7":"product_cat-narzedzia-do-szkla","8":"product_tag-bohle","9":"product_tag-ciecie-szkla","10":"product_tag-ochrona-dloni","11":"product_tag-oszklenie","12":"product_tag-rekawice-ochronne","13":"product_tag-rekawice-robocze","14":"product_tag-wszystko-do-szkla","16":"first","17":"instock","18":"taxable","19":"shipping-taxable","20":"purchasable","21":"product-type-simple"},"acf":[],"_links":{"self":[{"href":"https:\/\/gevelridder.nl\/pl\/wp-json\/wp\/v2\/product\/140861","targetHints":{"allow":["GET"]}}],"collection":[{"href":"https:\/\/gevelridder.nl\/pl\/wp-json\/wp\/v2\/product"}],"about":[{"href":"https:\/\/gevelridder.nl\/pl\/wp-json\/wp\/v2\/types\/product"}],"wp:featuredmedia":[{"embeddable":true,"href":"https:\/\/gevelridder.nl\/pl\/wp-json\/wp\/v2\/media\/131950"}],"wp:attachment":[{"href":"https:\/\/gevelridder.nl\/pl\/wp-json\/wp\/v2\/media?parent=140861"}],"wp:term":[{"taxonomy":"product_brand","embeddable":true,"href":"https:\/\/gevelridder.nl\/pl\/wp-json\/wp\/v2\/product_brand?post=140861"},{"taxonomy":"product_cat","embeddable":true,"href":"https:\/\/gevelridder.nl\/pl\/wp-json\/wp\/v2\/product_cat?post=140861"},{"taxonomy":"product_tag","embeddable":true,"href":"https:\/\/gevelridder.nl\/pl\/wp-json\/wp\/v2\/product_tag?post=140861"}],"curies":[{"name":"wp","href":"https:\/\/api.w.org\/{rel}","templated":true}]}}