
{"id":140855,"date":"2026-03-24T11:38:55","date_gmt":"2026-03-24T11:38:55","guid":{"rendered":"https:\/\/gevelridder.nl\/product\/tajima-measuring-is-knowing-zestaw-miarek-tasmowych\/"},"modified":"2026-03-24T11:38:55","modified_gmt":"2026-03-24T11:38:55","slug":"tajima-measuring-is-knowing-zestaw-miarek-tasmowych","status":"publish","type":"product","link":"https:\/\/gevelridder.nl\/pl\/produkt\/tajima-measuring-is-knowing-zestaw-miarek-tasmowych\/","title":{"rendered":"TAJIMA Measuring is Knowing Zestaw miarek ta\u015bmowych"},"content":{"rendered":"<p>Odkryj zestaw TAJIMA Convex Set &#8211; imponuj\u0105ce po\u0142\u0105czenie precyzji, kunsztu i innowacji prosto z Japonii. Zestaw ten zawiera 5-metrow\u0105 ta\u015bm\u0119 miernicz\u0105, ostrze Tajima Quick Back z systemem automatycznego od\u0142amywania oraz pude\u0142ko ostrzy tylnych, dzi\u0119ki czemu otwieranie pude\u0142ek jest dziecinnie proste. Co wi\u0119cej, g\u0142owica ta\u015bmy mierniczej jest wyposa\u017cona w funkcj\u0119 magnetyczn\u0105, dzi\u0119ki czemu jest jeszcze bardziej wszechstronna. A jako wisienk\u0119 na torcie otrzymasz darmowy zestaw no\u017cy!   <\/p>\n<p>Zestaw wypuk\u0142y TAJIMA o numerze katalogowym 34-CONVEX-SET jest niezb\u0119dny dla profesjonalist\u00f3w i majsterkowicz\u00f3w, kt\u00f3rzy wymagaj\u0105 wysokich standard\u00f3w jako\u015bci i wydajno\u015bci. Produkty te s\u0105 wytwarzane w Japonii, kraju znanym na ca\u0142ym \u015bwiecie ze swojego zaanga\u017cowania w doskona\u0142o\u015b\u0107 i kunszt. <\/p>\n<p>Co sprawia, \u017ce ten zestaw jest tak wyj\u0105tkowy? Zobaczmy: <\/p>\n<p><strong>1. Ta\u015bma miernicza G3-Lock (5 m \/ 27 mm):<\/strong> Ta\u015bma miernicza zosta\u0142a zaprojektowana z my\u015bl\u0105 o precyzji. Dzi\u0119ki imponuj\u0105cej d\u0142ugo\u015bci 5 metr\u00f3w i szeroko\u015bci 27 mm zapewnia dok\u0142adne pomiary w r\u00f3\u017cnych zastosowaniach. Magnetyczna g\u0142owica zapewnia dodatkow\u0105 funkcjonalno\u015b\u0107, umo\u017cliwiaj\u0105c wykorzystanie metalowych powierzchni jako punkt\u00f3w odniesienia.  <\/p>\n<p><strong>2. N\u00f3\u017c Tajima Quick<\/strong> Back Cutter <strong>(18 mm):<\/strong> N\u00f3\u017c Quick Back Cutter z systemem automatycznym to prawdziwy prze\u0142om. Ostrze mo\u017cna wymieni\u0107 jednym ruchem, a grzbiet no\u017ca umo\u017cliwia otwieranie pude\u0142ek bez wysi\u0142ku. <\/p>\n<p><strong>3. Ostrza Razar Black Cutter Knife Blades (18 mm):<\/strong> Zestaw zawiera pude\u0142ko z 10 ostrzami Razar Black o \u015brednicy 18 mm, dzi\u0119ki czemu zawsze jeste\u015b przygotowany do wymagaj\u0105cych zada\u0144 zwi\u0105zanych z ci\u0119ciem. A jako bonus otrzymasz darmowy zestaw ostrzy! <\/p>\n<p>Japo\u0144skie produkty w tym zestawie uciele\u015bniaj\u0105 japo\u0144skie zaanga\u017cowanie w jako\u015b\u0107 i pasj\u0119 do precyzji. S\u0105 one wytwarzane przy u\u017cyciu zaawansowanej technologii i wieloletniego do\u015bwiadczenia. Zestaw TAJIMA Convex Set oferuje trwa\u0142o\u015b\u0107 i niezawodno\u015b\u0107, na kt\u00f3rej mo\u017cna polega\u0107.  <\/p>\n<p>Dzi\u0119ki kompaktowemu i wygodnemu opakowaniu zestawu TAJIMA Convex Set zawsze b\u0119dziesz dobrze zorganizowany. Zestaw jest dostarczany w opakowaniu ekspozycyjnym z 6 blistrami, z kt\u00f3rych ka\u017cdy zawiera niezb\u0119dne produkty. <\/p>\n<p>Wybierz zestaw wypuk\u0142y TAJIMA i poznaj doskona\u0142e po\u0142\u0105czenie precyzji, jako\u015bci i innowacyjno\u015bci. Uczy\u0144 swoj\u0105 prac\u0119 \u0142atwiejsz\u0105 i bardziej wydajn\u0105 dzi\u0119ki tym wysokiej jako\u015bci japo\u0144skim narz\u0119dziom. Zam\u00f3w teraz i przekonaj si\u0119, dlaczego TAJIMA jest chwalona na ca\u0142ym \u015bwiecie.  <\/p>\n","protected":false},"excerpt":{"rendered":"<p>Mierzenie to znajomo\u015b\u0107 oferty, odkryj japo\u0144ski zestaw TAJIMA Convex Set z 5-metrow\u0105 ta\u015bm\u0105 miernicz\u0105 magnetyczn\u0105, no\u017cem do od\u0142amywania Quick Back i bezp\u0142atnym zestawem ostrzy. Idealne po\u0142\u0105czenie precyzji i jako\u015bci dla profesjonalist\u00f3w i majsterkowicz\u00f3w. <\/p>\n","protected":false},"featured_media":132159,"template":"","meta":{"_acf_changed":false,"_seopress_robots_primary_cat":"","_seopress_titles_title":"","_seopress_titles_desc":"","_seopress_robots_index":""},"product_brand":[],"product_cat":[2353,2400,2396,1973,1974,2394,2398],"product_tag":[1957,2456,2415,2429,2409,2457,2458,2455,2454],"class_list":{"0":"post-140855","1":"product","2":"type-product","3":"status-publish","4":"has-post-thumbnail","6":"product_cat-czyszczenie","7":"product_cat-kleje","8":"product_cat-kociak","9":"product_cat-narzedzia","10":"product_cat-narzedzia-do-szkla","11":"product_cat-tajima","12":"product_cat-zestaw","13":"product_tag-gevelridder","14":"product_tag-mierzyc-znaczy-wiedziec","15":"product_tag-noz-2","16":"product_tag-oszklenie","17":"product_tag-tajima","18":"product_tag-tasma-miernicza","19":"product_tag-tasmy-miernicze","20":"product_tag-wyprodukowano-w-japonii","21":"product_tag-zestaw-ofert","23":"first","24":"instock","25":"taxable","26":"shipping-taxable","27":"purchasable","28":"product-type-simple"},"acf":[],"_links":{"self":[{"href":"https:\/\/gevelridder.nl\/pl\/wp-json\/wp\/v2\/product\/140855","targetHints":{"allow":["GET"]}}],"collection":[{"href":"https:\/\/gevelridder.nl\/pl\/wp-json\/wp\/v2\/product"}],"about":[{"href":"https:\/\/gevelridder.nl\/pl\/wp-json\/wp\/v2\/types\/product"}],"wp:featuredmedia":[{"embeddable":true,"href":"https:\/\/gevelridder.nl\/pl\/wp-json\/wp\/v2\/media\/132159"}],"wp:attachment":[{"href":"https:\/\/gevelridder.nl\/pl\/wp-json\/wp\/v2\/media?parent=140855"}],"wp:term":[{"taxonomy":"product_brand","embeddable":true,"href":"https:\/\/gevelridder.nl\/pl\/wp-json\/wp\/v2\/product_brand?post=140855"},{"taxonomy":"product_cat","embeddable":true,"href":"https:\/\/gevelridder.nl\/pl\/wp-json\/wp\/v2\/product_cat?post=140855"},{"taxonomy":"product_tag","embeddable":true,"href":"https:\/\/gevelridder.nl\/pl\/wp-json\/wp\/v2\/product_tag?post=140855"}],"curies":[{"name":"wp","href":"https:\/\/api.w.org\/{rel}","templated":true}]}}