
{"id":140853,"date":"2026-03-24T11:33:10","date_gmt":"2026-03-24T11:33:10","guid":{"rendered":"https:\/\/gevelridder.nl\/product\/pistolet-uszczelniajacy-tajima-convoy-super-26\/"},"modified":"2026-03-24T11:33:10","modified_gmt":"2026-03-24T11:33:10","slug":"pistolet-uszczelniajacy-tajima-convoy-super-26","status":"publish","type":"product","link":"https:\/\/gevelridder.nl\/pl\/produkt\/pistolet-uszczelniajacy-tajima-convoy-super-26\/","title":{"rendered":"PISTOLET USZCZELNIAJ\u0104CY TAJIMA CONVOY\u00ae SUPER 26"},"content":{"rendered":"<h2><strong>Odkryj moc narz\u0119dzia TAJIMA CONVOY\u00ae SUPER 26 KITPISTOOL<\/strong><\/h2>\n<p>Uszczelnianie odbywa si\u0119 za pomoc\u0105 TAJIMA CONVOY\u00ae SUPER 26 KITPISTOOL , uszczelnianie jest istotn\u0105 cz\u0119\u015bci\u0105 wielu projekt\u00f3w budowlanych i renowacyjnych w Holandii. Dok\u0142adne i wydajne uszczelnienie jest wa\u017cne nie tylko ze wzgl\u0119d\u00f3w estetycznych, ale tak\u017ce dla trwa\u0142o\u015bci i funkcjonalno\u015bci projektu. Odpowiedni pistolet do uszczelniaczy mo\u017ce tu zrobi\u0107 r\u00f3\u017cnic\u0119, a TAJIMA CONVOY\u00ae SUPER 26 Sealant Gun oferuje imponuj\u0105ce rozwi\u0105zanie.  <\/p>\n<p>Zaprojektowany z my\u015bl\u0105 o profesjonalistach, ten pistolet do uszczelniania oferuje szereg funkcji upraszczaj\u0105cych proces uszczelniania. Dzi\u0119ki prze\u0142o\u017ceniu mocy 26:1 i mo\u017cliwo\u015bci stosowania kartuszy o pojemno\u015bci 310 ml, SUPER 26 jest wystarczaj\u0105co mocny, aby z \u0142atwo\u015bci\u0105 poradzi\u0107 sobie nawet z najg\u0119stszymi, lepkimi materia\u0142ami, takimi jak uszczelniacze i kleje o wysokiej przyczepno\u015bci. Wydajny system SST zapewnia, \u017ce nawet materia\u0142y o wysokiej lepko\u015bci s\u0105 nak\u0142adane bez wysi\u0142ku.  <\/p>\n<p>Kolejn\u0105 charakterystyczn\u0105 cech\u0105 pistoletu TAJIMA CONVOY\u00ae SUPER 26 jest jego wyj\u0105tkowo d\u0142uga lufa, umo\u017cliwiaj\u0105ca bardziej precyzyjn\u0105 prac\u0119, nawet w trudno dost\u0119pnych miejscach. Obracany o 360\u00b0 uchwyt i elastomerowa, antypo\u015blizgowa r\u0119koje\u015b\u0107 zapewniaj\u0105 pe\u0142n\u0105 kontrol\u0119 nad pistoletem do uszczelniaczy, zapewniaj\u0105c wi\u0119ksz\u0105 precyzj\u0119 i mniejsze zm\u0119czenie podczas pracy. Co wi\u0119cej, z boku pistoletu do uszczelniaczy znajduje si\u0119 bardzo d\u0142ugi trzpie\u0144 do przebijania rurki, dzi\u0119ki czemu proces uszczelniania jest jeszcze bardziej wydajny.  <\/p>\n<p>Bezpiecze\u0144stwo jest najwa\u017cniejsze podczas pracy ze szczeliwem. Noszenie odpowiedniego sprz\u0119tu ochrony osobistej, takiego jak r\u0119kawice i okulary ochronne, jest niezb\u0119dne do ochrony r\u0105k i oczu przed chemikaliami zawartymi w szczeliwie. Zawsze pracuj w dobrze wentylowanych miejscach, aby unikn\u0105\u0107 wdychania opar\u00f3w.  <\/p>\n<p>W Holandii obowi\u0105zuj\u0105 szczeg\u00f3lne wymagania i przepisy dotycz\u0105ce uszczelniaczy, zw\u0142aszcza w sektorze budowlanym. Przestrzeganie tych przepis\u00f3w ma kluczowe znaczenie dla zapewnienia trwa\u0142ych i wodoszczelnych uszczelnie\u0144. Upewnij si\u0119, \u017ce zapozna\u0142e\u015b si\u0119 z lokalnymi przepisami i normami przed rozpocz\u0119ciem projektu uszczelniacza.  <\/p>\n<p>Kr\u00f3tko m\u00f3wi\u0105c, TAJIMA CONVOY\u00ae SUPER 26 KITPISTOOL to idealny wyb\u00f3r dla profesjonalist\u00f3w, kt\u00f3rzy d\u0105\u017c\u0105 do perfekcji podczas \u0142\u0105czenia nawet najg\u0119stszych i lepkich materia\u0142\u00f3w. Dzi\u0119ki swojej mocy, precyzji i wydajno\u015bci ten pistolet do uszczelniaczy sprawia, \u017ce praca z uszczelniaczami jest \u0142atwiejsza ni\u017c kiedykolwiek wcze\u015bniej. Zawsze nale\u017cy pami\u0119ta\u0107 o \u015brodkach ostro\u017cno\u015bci i przestrzeganiu lokalnych przepis\u00f3w, aby uzyska\u0107 udany i trwa\u0142y rezultat.  <\/p>\n","protected":false},"excerpt":{"rendered":"<p>Dzi\u0119ki stosunkowi mocy 26:1 i mo\u017cliwo\u015bci stosowania kartuszy o pojemno\u015bci 310 ml, ten pistolet do uszczelniaczy poradzi sobie nawet z g\u0119stymi, lepkimi materia\u0142ami, takimi jak uszczelniacze i kleje o wysokiej przyczepno\u015bci. Wydajny system SST sprawia, \u017ce nak\u0142adanie materia\u0142\u00f3w o wysokiej lepko\u015bci nie wymaga wysi\u0142ku. Pistolet do uszczelniaczy ma obrotow\u0105 ig\u0142\u0119 do czyszczenia dyszy.  <\/p>\n","protected":false},"featured_media":132135,"template":"","meta":{"_acf_changed":false,"_seopress_robots_primary_cat":"none","_seopress_titles_title":"","_seopress_titles_desc":"","_seopress_robots_index":""},"product_brand":[],"product_cat":[2396,1973,1974,2452,2394],"product_tag":[2453,1957,2403,2407,2073,2409,2401,2405],"class_list":{"0":"post-140853","1":"product","2":"type-product","3":"status-publish","4":"has-post-thumbnail","6":"product_cat-kociak","7":"product_cat-narzedzia","8":"product_cat-narzedzia-do-szkla","9":"product_cat-opryskiwacz-latawcowy-pro","10":"product_cat-tajima","11":"product_tag-budowac","12":"product_tag-gevelridder","13":"product_tag-kociak","14":"product_tag-pistolet-do-uszczelniania","15":"product_tag-szklo","16":"product_tag-tajima","17":"product_tag-uszczelnienie","18":"product_tag-zestaw-2","20":"first","21":"instock","22":"taxable","23":"shipping-taxable","24":"purchasable","25":"product-type-simple"},"acf":[],"_links":{"self":[{"href":"https:\/\/gevelridder.nl\/pl\/wp-json\/wp\/v2\/product\/140853","targetHints":{"allow":["GET"]}}],"collection":[{"href":"https:\/\/gevelridder.nl\/pl\/wp-json\/wp\/v2\/product"}],"about":[{"href":"https:\/\/gevelridder.nl\/pl\/wp-json\/wp\/v2\/types\/product"}],"wp:featuredmedia":[{"embeddable":true,"href":"https:\/\/gevelridder.nl\/pl\/wp-json\/wp\/v2\/media\/132135"}],"wp:attachment":[{"href":"https:\/\/gevelridder.nl\/pl\/wp-json\/wp\/v2\/media?parent=140853"}],"wp:term":[{"taxonomy":"product_brand","embeddable":true,"href":"https:\/\/gevelridder.nl\/pl\/wp-json\/wp\/v2\/product_brand?post=140853"},{"taxonomy":"product_cat","embeddable":true,"href":"https:\/\/gevelridder.nl\/pl\/wp-json\/wp\/v2\/product_cat?post=140853"},{"taxonomy":"product_tag","embeddable":true,"href":"https:\/\/gevelridder.nl\/pl\/wp-json\/wp\/v2\/product_tag?post=140853"}],"curies":[{"name":"wp","href":"https:\/\/api.w.org\/{rel}","templated":true}]}}