
{"id":140844,"date":"2026-03-24T11:34:39","date_gmt":"2026-03-24T11:34:39","guid":{"rendered":"https:\/\/gevelridder.nl\/product\/pistolet-uszczelniajacy-tajima-convoy-super-12\/"},"modified":"2026-03-24T11:34:39","modified_gmt":"2026-03-24T11:34:39","slug":"pistolet-uszczelniajacy-tajima-convoy-super-12","status":"publish","type":"product","link":"https:\/\/gevelridder.nl\/pl\/produkt\/pistolet-uszczelniajacy-tajima-convoy-super-12\/","title":{"rendered":"PISTOLET USZCZELNIAJ\u0104CY TAJIMA CONVOY\u00ae SUPER 12"},"content":{"rendered":"<h2><strong>Optymalny zestaw z narz\u0119dziem TAJIMA CONVOY\u00ae SUPER 12 KITPISTOOL<\/strong><\/h2>\n<p>Uszczelnianie jest kluczow\u0105 cz\u0119\u015bci\u0105 wielu projekt\u00f3w budowlanych i remontowych w Holandii. Nie chodzi tylko o aspekt estetyczny, ale tak\u017ce o funkcjonalno\u015b\u0107 i trwa\u0142o\u015b\u0107 uszczelniacza. W tym celu niezb\u0119dny jest dobry pistolet do uszczelniaczy, a TAJIMA CONVOY\u00ae SUPER 12 Sealant Gun oferuje idealne rozwi\u0105zanie.  <\/p>\n<h2>Uniwersalny<\/h2>\n<p>Zaprojektowany z my\u015bl\u0105 o profesjonalistach, ten uniwersalny pistolet do uszczelniania oferuje imponuj\u0105cy zakres funkcji zapewniaj\u0105cych p\u0142ynny i wydajny proces uszczelniania. Dzi\u0119ki wsp\u00f3\u0142czynnikowi mocy 12:1 i przystosowaniu do kartuszy 310 ml, pistolet ten jest wystarczaj\u0105co mocny, aby z \u0142atwo\u015bci\u0105 nak\u0142ada\u0107 nawet najtwardsze uszczelniacze. Ale to, co naprawd\u0119 wyr\u00f3\u017cnia ten pistolet do uszczelniaczy, to system Twin Trust, kt\u00f3ry oznacza podw\u00f3jn\u0105 si\u0142\u0119. Zapewnia to r\u00f3wnomierne roz\u0142o\u017cenie nacisku i pe\u0142n\u0105 kontrol\u0119 nad nak\u0142adaniem uszczelniacza.   <\/p>\n<p>Kolejn\u0105 godn\u0105 uwagi cech\u0105 TAJIMA CONVOY\u00ae SUPER 12 jest wyj\u0105tkowo d\u0142uga lufa, kt\u00f3ra pozwala na dok\u0142adniejsz\u0105 prac\u0119, nawet w trudno dost\u0119pnych miejscach. System Auto-Flow Stop powoduje, \u017ce t\u0142ok cofa si\u0119 o kilka milimetr\u00f3w po ka\u017cdym skoku, skutecznie zatrzymuj\u0105c przep\u0142yw szczeliwa i minimalizuj\u0105c straty. <\/p>\n<h2>Bezpiecze\u0144stwo<\/h2>\n<p>Bezpiecze\u0144stwo jest najwy\u017cszym priorytetem podczas pracy z uszczelniaczami. Sam odpowiedni pistolet do uszczelniaczy nie wystarczy. Wa\u017cne jest r\u00f3wnie\u017c przyj\u0119cie w\u0142a\u015bciwej postawy i przestrzeganie \u015brodk\u00f3w bezpiecze\u0144stwa. Zawsze no\u015b odpowiedni sprz\u0119t ochrony osobistej, taki jak r\u0119kawice i okulary ochronne, aby chroni\u0107 r\u0119ce i oczy przed chemikaliami zawartymi w szczeliwie. Pracuj w dobrze wentylowanych miejscach, aby unikn\u0105\u0107 wdychania opar\u00f3w.    <\/p>\n<p>W Holandii istniej\u0105 r\u00f3wnie\u017c szczeg\u00f3lne wymagania i przepisy dotycz\u0105ce uszczelniaczy, zw\u0142aszcza w sektorze budowlanym. Wa\u017cne jest, aby przestrzega\u0107 lokalnych przepis\u00f3w i norm budowlanych oraz stosowa\u0107 odpowiednie techniki w celu stworzenia trwa\u0142ych i wodoszczelnych uszczelnie\u0144. <\/p>\n<h3>Tajima<\/h3>\n<p>Pistolet TAJIMA CONVOY\u00ae SUPER 12 KITPISTOOL jest produkowany w Japonii przez firm\u0119 Tajima, kt\u00f3ra produkuje wysokiej jako\u015bci narz\u0119dzia od 1909 roku. Jako\u015b\u0107 i kunszt s\u0105 w ich DNA, a ten pistolet do uszczelniaczy nie jest wyj\u0105tkiem. <\/p>\n<p>Kr\u00f3tko m\u00f3wi\u0105c, TAJIMA CONVOY\u00ae SUPER 12 KITPISTOOL jest idealnym towarzyszem dla profesjonalist\u00f3w d\u0105\u017c\u0105cych do perfekcji w monta\u017cu. Dzi\u0119ki podw\u00f3jnej mocy, wyj\u0105tkowo d\u0142ugiej lufie i wydajnemu systemowi zatrzymywania, proces uszczelniania jest nie tylko \u0142atwiejszy, ale tak\u017ce bardziej efektywny. Zawsze nale\u017cy pami\u0119ta\u0107 o \u015brodkach ostro\u017cno\u015bci i przestrzeganiu lokalnych przepis\u00f3w, aby uzyska\u0107 udany i trwa\u0142y rezultat.  <\/p>\n","protected":false},"excerpt":{"rendered":"<p>TAJIMA CONVOY\u00ae SUPER 12 KITPISTOOL, produkowany w Japonii przez Tajima, oferuje profesjonalnym ekspertom od latawc\u00f3w pot\u0119\u017cne i wydajne rozwi\u0105zanie. Dzi\u0119ki prze\u0142o\u017ceniu mocy 12:1, odpowiedniemu dla kartuszy 310 ml i systemowi Twin Trust zapewniaj\u0105cemu r\u00f3wnomierny rozk\u0142ad ci\u015bnienia, pistolet ten jest idealny do precyzyjnego monta\u017cu. Wyj\u0105tkowo d\u0142uga lufa i system Auto-Flow Stop minimalizuj\u0105 straty i poprawiaj\u0105 precyzj\u0119. \u015arodki bezpiecze\u0144stwa i zgodno\u015b\u0107 z lokalnymi przepisami s\u0105 niezb\u0119dne w pracy z uszczelniaczami. Wybierz ten wysokiej jako\u015bci produkt, aby uszczelnia\u0107 wydajniej i w spos\u00f3b zr\u00f3wnowa\u017cony.    <\/p>\n","protected":false},"featured_media":132127,"template":"","meta":{"_acf_changed":false,"_seopress_robots_primary_cat":"","_seopress_titles_title":"","_seopress_titles_desc":"","_seopress_robots_index":""},"product_brand":[],"product_cat":[2396,1973,1974,2452,2394],"product_tag":[1957,2403,2407,2073,2409,2401,2405],"class_list":{"0":"post-140844","1":"product","2":"type-product","3":"status-publish","4":"has-post-thumbnail","6":"product_cat-kociak","7":"product_cat-narzedzia","8":"product_cat-narzedzia-do-szkla","9":"product_cat-opryskiwacz-latawcowy-pro","10":"product_cat-tajima","11":"product_tag-gevelridder","12":"product_tag-kociak","13":"product_tag-pistolet-do-uszczelniania","14":"product_tag-szklo","15":"product_tag-tajima","16":"product_tag-uszczelnienie","17":"product_tag-zestaw-2","19":"first","20":"instock","21":"taxable","22":"shipping-taxable","23":"purchasable","24":"product-type-simple"},"acf":[],"_links":{"self":[{"href":"https:\/\/gevelridder.nl\/pl\/wp-json\/wp\/v2\/product\/140844","targetHints":{"allow":["GET"]}}],"collection":[{"href":"https:\/\/gevelridder.nl\/pl\/wp-json\/wp\/v2\/product"}],"about":[{"href":"https:\/\/gevelridder.nl\/pl\/wp-json\/wp\/v2\/types\/product"}],"wp:featuredmedia":[{"embeddable":true,"href":"https:\/\/gevelridder.nl\/pl\/wp-json\/wp\/v2\/media\/132127"}],"wp:attachment":[{"href":"https:\/\/gevelridder.nl\/pl\/wp-json\/wp\/v2\/media?parent=140844"}],"wp:term":[{"taxonomy":"product_brand","embeddable":true,"href":"https:\/\/gevelridder.nl\/pl\/wp-json\/wp\/v2\/product_brand?post=140844"},{"taxonomy":"product_cat","embeddable":true,"href":"https:\/\/gevelridder.nl\/pl\/wp-json\/wp\/v2\/product_cat?post=140844"},{"taxonomy":"product_tag","embeddable":true,"href":"https:\/\/gevelridder.nl\/pl\/wp-json\/wp\/v2\/product_tag?post=140844"}],"curies":[{"name":"wp","href":"https:\/\/api.w.org\/{rel}","templated":true}]}}