
{"id":140843,"date":"2026-04-03T10:24:57","date_gmt":"2026-04-03T10:24:57","guid":{"rendered":"https:\/\/gevelridder.nl\/product\/uszczelniacz-silikonowy-no-310ml-przezroczysty\/"},"modified":"2026-04-03T10:24:57","modified_gmt":"2026-04-03T10:24:57","slug":"uszczelniacz-silikonowy-no-310ml-przezroczysty","status":"publish","type":"product","link":"https:\/\/gevelridder.nl\/pl\/produkt\/uszczelniacz-silikonowy-no-310ml-przezroczysty\/","title":{"rendered":"Uszczelniacz silikonowy NO 310ml przezroczysty"},"content":{"rendered":"<p>Uszczelniacz silikonowy NO 310ml przezroczysty<\/p>\n<p>Okres przechowywania 12 miesi\u0119cy od daty produkcji.<\/p>\n<p class=\"p1\"><span class=\"s1\">Silicone to uniwersalny neutralny uszczelniacz silikonowy do po\u0142\u0105cze\u0144 sanitarnych, szklanych, budowlanych i elewacyjnych, kt\u00f3ry pod wp\u0142ywem wilgoci utwardza si\u0119 do trwa\u0142ej elastycznej gumy.  <\/span><\/p>\n<p><span class=\"s1\">Specjalnie opracowany do trwale elastycznego uszczelniania po\u0142\u0105cze\u0144 i szczelin dylatacyjnych w betonie, murze, konstrukcjach \u015bcian os\u0142onowych, systemach szklenia, kuchniach, \u0142azienkach i prysznicach oraz do zastosowa\u0144 przemys\u0142owych. Koniec z przeciekami i pi\u0119kne wyko\u0144czenie. Uszczelniacz silikonowy nie bez powodu jest najcz\u0119\u015bciej stosowanym elastycznym uszczelniaczem na \u015bwiecie.    <\/span><\/p>\n<p>W nieotwartym oryginalnym opakowaniu, przechowywa\u0107 w ch\u0142odnym i suchym miejscu w temperaturze od +5\u00b0C do +25\u00b0C, maksymalny okres przechowywania<br \/>\n12 miesi\u0119cy od daty produkcji.<span class=\"s1\"><span class=\"Apple-converted-space\">  <\/span><\/span><\/p>\n<p>Wi\u0119cej <a href=\"https:\/\/gevelridder.nl\/pl\/kociak\/\">koci\u0105t<\/a><\/p>\n","protected":false},"excerpt":{"rendered":"<p>Uszczelniacz silikonowy NO 310ml przezroczysty<\/p>\n","protected":false},"featured_media":1665,"template":"","meta":{"_acf_changed":false,"_seopress_robots_primary_cat":"none","_seopress_titles_title":"","_seopress_titles_desc":"","_seopress_robots_index":""},"product_brand":[],"product_cat":[2396,2398],"product_tag":[1957,2403,2073,2401,2405],"class_list":{"0":"post-140843","1":"product","2":"type-product","3":"status-publish","4":"has-post-thumbnail","6":"product_cat-kociak","7":"product_cat-zestaw","8":"product_tag-gevelridder","9":"product_tag-kociak","10":"product_tag-szklo","11":"product_tag-uszczelnienie","12":"product_tag-zestaw-2","14":"first","15":"instock","16":"taxable","17":"shipping-taxable","18":"purchasable","19":"product-type-simple"},"acf":[],"_links":{"self":[{"href":"https:\/\/gevelridder.nl\/pl\/wp-json\/wp\/v2\/product\/140843","targetHints":{"allow":["GET"]}}],"collection":[{"href":"https:\/\/gevelridder.nl\/pl\/wp-json\/wp\/v2\/product"}],"about":[{"href":"https:\/\/gevelridder.nl\/pl\/wp-json\/wp\/v2\/types\/product"}],"wp:featuredmedia":[{"embeddable":true,"href":"https:\/\/gevelridder.nl\/pl\/wp-json\/wp\/v2\/media\/1665"}],"wp:attachment":[{"href":"https:\/\/gevelridder.nl\/pl\/wp-json\/wp\/v2\/media?parent=140843"}],"wp:term":[{"taxonomy":"product_brand","embeddable":true,"href":"https:\/\/gevelridder.nl\/pl\/wp-json\/wp\/v2\/product_brand?post=140843"},{"taxonomy":"product_cat","embeddable":true,"href":"https:\/\/gevelridder.nl\/pl\/wp-json\/wp\/v2\/product_cat?post=140843"},{"taxonomy":"product_tag","embeddable":true,"href":"https:\/\/gevelridder.nl\/pl\/wp-json\/wp\/v2\/product_tag?post=140843"}],"curies":[{"name":"wp","href":"https:\/\/api.w.org\/{rel}","templated":true}]}}