
{"id":140834,"date":"2026-03-24T11:37:16","date_gmt":"2026-03-24T11:37:16","guid":{"rendered":"https:\/\/gevelridder.nl\/product\/pistolet-do-uszczelniaczy-tajima-convoy-super-2way\/"},"modified":"2026-03-24T11:37:16","modified_gmt":"2026-03-24T11:37:16","slug":"pistolet-do-uszczelniaczy-tajima-convoy-super-2way","status":"publish","type":"product","link":"https:\/\/gevelridder.nl\/pl\/produkt\/pistolet-do-uszczelniaczy-tajima-convoy-super-2way\/","title":{"rendered":"PISTOLET DO USZCZELNIACZY TAJIMA CONVOY\u00ae SUPER 2WAY"},"content":{"rendered":"<h2><strong>Odkryj TAJIMA CONVOY\u00ae SUPER 2WAY KITPISTOOL &#8211; jako\u015b\u0107 i wszechstronno\u015b\u0107 w jednym<\/strong><\/h2>\n<p>Zestawianie, oczywi\u015bcie przy u\u017cyciu TAJIMA CONVOY\u00ae SUPER 2WAY KITPISTOOL, jest kluczow\u0105 cz\u0119\u015bci\u0105 wielu projekt\u00f3w budowlanych i remontowych w Holandii. Niezale\u017cnie od tego, czy jeste\u015b profesjonalist\u0105, czy majsterkowiczem, odpowiedni pistolet do uszczelniaczy mo\u017ce zrobi\u0107 r\u00f3\u017cnic\u0119 w udanym procesie uszczelniania. TAJIMA CONVOY\u00ae SUPER 2WAY KITPISTOOL to prawdziwa pot\u0119ga na rynku, zaprojektowana tak, aby zaspokoi\u0107 wszystkie potrzeby zwi\u0105zane z uszczelniaczami.  <\/p>\n<p>Ten pistolet do uszczelniaczy, wyprodukowany w Japonii przez Tajima, renomowan\u0105 firm\u0119 z histori\u0105 si\u0119gaj\u0105c\u0105 1909 roku, jest znany ze swojej jako\u015bci i kunsztu. Jest s\u0142usznie uwa\u017cany za &#8222;Mercedesa w\u015br\u00f3d pistolet\u00f3w do uszczelniaczy&#8221;. Gable Knight jest dumny z bycia oficjalnym dealerem tego wysokiej jako\u015bci produktu.  <\/p>\n<p>Co sprawia, \u017ce TAJIMA CONVOY\u00ae SUPER 2WAY jest tak wyj\u0105tkowy? Po pierwsze, jest to pistolet 2 w 1, odpowiedni zar\u00f3wno do rur, jak i kie\u0142basek. Zapewnia to niezr\u00f3wnan\u0105 elastyczno\u015b\u0107 podczas uszczelniania. Pistolet ma \u0142atwo wyjmowany t\u0142ok, dzi\u0119ki czemu czyszczenie jest dziecinnie proste. Co wi\u0119cej, przednia nasadka ma unikaln\u0105 konstrukcj\u0119, dzi\u0119ki czemu z tubki mo\u017cna wycisn\u0105\u0107 ka\u017cdy kawa\u0142ek materia\u0142u. Minimalizuje to straty i zapewnia dok\u0142adne uszczelnienie.     <\/p>\n<p>Bezpiecze\u0144stwo jest najwa\u017cniejsze podczas pracy ze szczeliwem. Zawsze nale\u017cy nosi\u0107 odpowiednie \u015brodki ochrony osobistej, takie jak r\u0119kawice i okulary ochronne, aby chroni\u0107 r\u0119ce i oczy przed chemikaliami zawartymi w szczeliwie. Pracuj w dobrze wentylowanych miejscach, aby unikn\u0105\u0107 wdychania opar\u00f3w.  <\/p>\n<p>W Holandii obowi\u0105zuj\u0105 szczeg\u00f3lne wymagania i przepisy dotycz\u0105ce uszczelniaczy, zw\u0142aszcza w sektorze budowlanym. Przestrzeganie tych przepis\u00f3w ma zasadnicze znaczenie dla zapewnienia trwa\u0142ego i wodoszczelnego uszczelnienia. Po\u015bwi\u0119\u0107 troch\u0119 czasu na zapoznanie si\u0119 z lokalnymi przepisami i normami przed rozpocz\u0119ciem projektu uszczelniacza.  <\/p>\n<p>Kr\u00f3tko m\u00f3wi\u0105c, TAJIMA CONVOY\u00ae SUPER 2WAY KITPISTOOL oferuje idealne po\u0142\u0105czenie jako\u015bci i wszechstronno\u015bci dla wszystkich potrzeb zwi\u0105zanych z uszczelnianiem. Niezale\u017cnie od tego, czy jeste\u015b profesjonalist\u0105, czy majsterkowiczem, ten pistolet zosta\u0142 zaprojektowany w celu usprawnienia procesu uszczelniania i zapewnienia najlepszych rezultat\u00f3w. Bezpiecze\u0144stwo i zgodno\u015b\u0107 z lokalnymi przepisami maj\u0105 kluczowe znaczenie dla udanego projektu.  <\/p>\n","protected":false},"excerpt":{"rendered":"<p>TAJIMA CONVOY\u00ae SUPER 2WAY KITPISTOOL to wysokiej jako\u015bci i wszechstronny pistolet do uszczelniaczy wyprodukowany w Japonii przez Tajima, firm\u0119 z bogat\u0105 histori\u0105 od 1909 roku. Pistolet nadaje si\u0119 zar\u00f3wno do tubek, jak i kie\u0142basek, ma \u0142atwo wyjmowany t\u0142ok i unikalnie zaprojektowan\u0105 przedni\u0105 nasadk\u0119 do wydajnego uszczelniania przy minimalnej ilo\u015bci odpad\u00f3w. Bezpiecze\u0144stwo i zgodno\u015b\u0107 z lokalnymi przepisami maj\u0105 kluczowe znaczenie w pracach uszczelniaj\u0105cych. Odkryj jako\u015b\u0107 i wszechstronno\u015b\u0107 tego pistoletu do udanych projekt\u00f3w uszczelniania.   <\/p>\n","protected":false},"featured_media":132136,"template":"","meta":{"_acf_changed":false,"_seopress_robots_primary_cat":"none","_seopress_titles_title":"","_seopress_titles_desc":"","_seopress_robots_index":""},"product_brand":[],"product_cat":[2396,1973,1974,2452,2394],"product_tag":[1957,2403,2407,2073,2409,2401,2405],"class_list":{"0":"post-140834","1":"product","2":"type-product","3":"status-publish","4":"has-post-thumbnail","6":"product_cat-kociak","7":"product_cat-narzedzia","8":"product_cat-narzedzia-do-szkla","9":"product_cat-opryskiwacz-latawcowy-pro","10":"product_cat-tajima","11":"product_tag-gevelridder","12":"product_tag-kociak","13":"product_tag-pistolet-do-uszczelniania","14":"product_tag-szklo","15":"product_tag-tajima","16":"product_tag-uszczelnienie","17":"product_tag-zestaw-2","19":"first","20":"instock","21":"taxable","22":"shipping-taxable","23":"purchasable","24":"product-type-simple"},"acf":[],"_links":{"self":[{"href":"https:\/\/gevelridder.nl\/pl\/wp-json\/wp\/v2\/product\/140834","targetHints":{"allow":["GET"]}}],"collection":[{"href":"https:\/\/gevelridder.nl\/pl\/wp-json\/wp\/v2\/product"}],"about":[{"href":"https:\/\/gevelridder.nl\/pl\/wp-json\/wp\/v2\/types\/product"}],"wp:featuredmedia":[{"embeddable":true,"href":"https:\/\/gevelridder.nl\/pl\/wp-json\/wp\/v2\/media\/132136"}],"wp:attachment":[{"href":"https:\/\/gevelridder.nl\/pl\/wp-json\/wp\/v2\/media?parent=140834"}],"wp:term":[{"taxonomy":"product_brand","embeddable":true,"href":"https:\/\/gevelridder.nl\/pl\/wp-json\/wp\/v2\/product_brand?post=140834"},{"taxonomy":"product_cat","embeddable":true,"href":"https:\/\/gevelridder.nl\/pl\/wp-json\/wp\/v2\/product_cat?post=140834"},{"taxonomy":"product_tag","embeddable":true,"href":"https:\/\/gevelridder.nl\/pl\/wp-json\/wp\/v2\/product_tag?post=140834"}],"curies":[{"name":"wp","href":"https:\/\/api.w.org\/{rel}","templated":true}]}}