
{"id":140830,"date":"2026-03-24T11:38:54","date_gmt":"2026-03-24T11:38:54","guid":{"rendered":"https:\/\/gevelridder.nl\/product\/dalmierz-laserowy-tajima-0-2-20\/"},"modified":"2026-03-24T11:38:54","modified_gmt":"2026-03-24T11:38:54","slug":"dalmierz-laserowy-tajima-0-2-20","status":"publish","type":"product","link":"https:\/\/gevelridder.nl\/pl\/produkt\/dalmierz-laserowy-tajima-0-2-20\/","title":{"rendered":"DALMIERZ LASEROWY TAJIMA 0.2 &#8211; 20"},"content":{"rendered":"<p><strong>TAJIMA LASEROWY MIERNIK ODLEG\u0141O\u015aCI &#8211; najlepsze rozwi\u0105zanie pomiarowe<\/strong><\/p>\n<p>Je\u015bli jeste\u015b zm\u0119czony r\u0119cznym mierzeniem odleg\u0142o\u015bci i zmaganiem si\u0119 ze skomplikowanymi obliczeniami powierzchni i obj\u0119to\u015bci, TAJIMA LASER DISTANCE METER jest dla Ciebie! Ten por\u0119czny, ma\u0142y miernik odleg\u0142o\u015bci jest tutaj, aby upro\u015bci\u0107 zadania pomiarowe i szybko uzyska\u0107 dok\u0142adne wyniki. <\/p>\n<p><strong>Prosta obs\u0142uga, dok\u0142adne wyniki<\/strong><\/p>\n<p>Dzi\u0119ki dalmierzowi laserowemu Tajima pomiar odleg\u0142o\u015bci nigdy nie by\u0142 \u0142atwiejszy. To najnowocze\u015bniejsze narz\u0119dzie pozwala szybko mierzy\u0107 odleg\u0142o\u015bci za naci\u015bni\u0119ciem jednego przycisku, oszcz\u0119dzaj\u0105c czas i wysi\u0142ek podczas realizacji projekt\u00f3w. <\/p>\n<p><strong>Wydajne funkcje na ka\u017cd\u0105 potrzeb\u0119<\/strong><\/p>\n<p>Nasz dalmierz laserowy oferuje szereg funkcji spe\u0142niaj\u0105cych okre\u015blone wymagania:<\/p>\n<ol>\n<li><strong>Obliczanie ca\u0142kowitej powierzchni lub obj\u0119to\u015bci:<\/strong> \u0141atwe obliczanie ca\u0142kowitej powierzchni lub obj\u0119to\u015bci pomieszczenia poprzez dok\u0142adny pomiar jego wymiar\u00f3w.<\/li>\n<li><strong>Pomiar ci\u0105g\u0142y:<\/strong> bez wysi\u0142ku mierz wiele odleg\u0142o\u015bci jednocze\u015bnie, usprawniaj\u0105c przep\u0142yw pracy.<\/li>\n<li><strong>Dwupunktowy lub trzypunktowy Pitagoras:<\/strong> Zastosuj twierdzenie Pitagorasa bez wysi\u0142ku, aby okre\u015bli\u0107 odleg\u0142o\u015bci, kt\u00f3re s\u0105 trudne do zmierzenia bezpo\u015brednio.<\/li>\n<li><strong>Funkcja dodawania lub funkcja odejmowania<\/strong>: upraszcza z\u0142o\u017cone obliczenia poprzez dodawanie lub odejmowanie pomiar\u00f3w w zale\u017cno\u015bci od potrzeb.<\/li>\n<\/ol>\n<p><strong>Akcesoria zapewniaj\u0105ce wygod\u0119<\/strong><\/p>\n<p>Cenimy Twoj\u0105 wygod\u0119 i zapewniamy Ci niezb\u0119dne akcesoria:<\/p>\n<ul>\n<li><strong>Pokrowiec ochronny:<\/strong> Przechowuj miernik bezpiecznie w pokrowcu ochronnym, aby zapewni\u0107 mu d\u0142u\u017csz\u0105 \u017cywotno\u015b\u0107.<\/li>\n<li><strong>Dwie baterie AAA:<\/strong> zasilanie urz\u0105dzenia dwiema bateriami AAA, dzi\u0119ki czemu jest ono \u0142atwo dost\u0119pne podczas wykonywania zada\u0144 pomiarowych.<\/li>\n<\/ul>\n<p>Dalmierz laserowy Tajima to rozwi\u0105zanie do dok\u0142adnych pomiar\u00f3w w r\u00f3\u017cnych dziedzinach, w tym w budownictwie, projektowaniu wn\u0119trz i nie tylko. Po\u017cegnaj si\u0119 z r\u0119cznymi pomiarami, kt\u00f3re cz\u0119sto prowadz\u0105 do b\u0142\u0119d\u00f3w, a przywitaj si\u0119 z wydajno\u015bci\u0105 i precyzj\u0105. <\/p>\n<p>Ulepsz swoje narz\u0119dzia pomiarowe ju\u017c dzi\u015b i poznaj wygod\u0119 dalmierza laserowego Tajima. Upro\u015b\u0107 swoje projekty, oszcz\u0119dzaj czas i osi\u0105gaj dok\u0142adne wyniki bez wysi\u0142ku. <\/p>\n<p>Zainwestuj w ten por\u0119czny, ma\u0142y miernik odleg\u0142o\u015bci i przenie\u015b swoje umiej\u0119tno\u015bci pomiarowe na wy\u017cszy poziom. Zam\u00f3w ju\u017c teraz i zmie\u0144 sw\u00f3j spos\u00f3b pracy! <\/p>\n","protected":false},"excerpt":{"rendered":"<p>Wyprodukowany w Japonii, jako\u015b\u0107 Waghy, najlepszy z najlepszych. Dalmierz laserowy Tajima oferuje \u0142atw\u0105 obs\u0142ug\u0119 i dok\u0142adne pomiary. Dzi\u0119ki takim funkcjom, jak obliczanie powierzchni ca\u0142kowitej, obj\u0119to\u015bci, pomiar ci\u0105g\u0142y i zastosowanie Pitagorasa, to narz\u0119dzie pomiarowe zwi\u0119ksza wydajno\u015b\u0107 w r\u00f3\u017cnych dziedzinach. Dostarczany z por\u0119cznymi akcesoriami, takimi jak futera\u0142 ochronny i baterie AAA, dalmierz laserowy Tajima sprawia, \u017ce dok\u0142adne pomiary s\u0105 dost\u0119pne i wygodne. Zainwestuj w to zaawansowane rozwi\u0105zanie do precyzyjnych pomiar\u00f3w ju\u017c dzi\u015b.    <\/p>\n","protected":false},"featured_media":132144,"template":"","meta":{"_acf_changed":false,"_seopress_robots_primary_cat":"","_seopress_titles_title":"","_seopress_titles_desc":"","_seopress_robots_index":""},"product_brand":[],"product_cat":[2400,2396,1973,1974,2394,2398],"product_tag":[2449,2447,2450,2451,2446,2448,2409],"class_list":{"0":"post-140830","1":"product","2":"type-product","3":"status-publish","4":"has-post-thumbnail","6":"product_cat-kleje","7":"product_cat-kociak","8":"product_cat-narzedzia","9":"product_cat-narzedzia-do-szkla","10":"product_cat-tajima","11":"product_cat-zestaw","12":"product_tag-dalmierz-laserowy","13":"product_tag-gable-knight-measuring","14":"product_tag-pomiar","15":"product_tag-pomiar-objetosci","16":"product_tag-pomiar-odleglosci","17":"product_tag-pomiar-szkla","18":"product_tag-tajima","20":"first","21":"instock","22":"taxable","23":"shipping-taxable","24":"purchasable","25":"product-type-simple"},"acf":[],"_links":{"self":[{"href":"https:\/\/gevelridder.nl\/pl\/wp-json\/wp\/v2\/product\/140830","targetHints":{"allow":["GET"]}}],"collection":[{"href":"https:\/\/gevelridder.nl\/pl\/wp-json\/wp\/v2\/product"}],"about":[{"href":"https:\/\/gevelridder.nl\/pl\/wp-json\/wp\/v2\/types\/product"}],"wp:featuredmedia":[{"embeddable":true,"href":"https:\/\/gevelridder.nl\/pl\/wp-json\/wp\/v2\/media\/132144"}],"wp:attachment":[{"href":"https:\/\/gevelridder.nl\/pl\/wp-json\/wp\/v2\/media?parent=140830"}],"wp:term":[{"taxonomy":"product_brand","embeddable":true,"href":"https:\/\/gevelridder.nl\/pl\/wp-json\/wp\/v2\/product_brand?post=140830"},{"taxonomy":"product_cat","embeddable":true,"href":"https:\/\/gevelridder.nl\/pl\/wp-json\/wp\/v2\/product_cat?post=140830"},{"taxonomy":"product_tag","embeddable":true,"href":"https:\/\/gevelridder.nl\/pl\/wp-json\/wp\/v2\/product_tag?post=140830"}],"curies":[{"name":"wp","href":"https:\/\/api.w.org\/{rel}","templated":true}]}}