
{"id":140828,"date":"2026-03-24T11:33:55","date_gmt":"2026-03-24T11:33:55","guid":{"rendered":"https:\/\/gevelridder.nl\/product\/zestaw-megaclean-i-megawipes\/"},"modified":"2026-03-24T11:33:55","modified_gmt":"2026-03-24T11:33:55","slug":"zestaw-megaclean-i-megawipes","status":"publish","type":"product","link":"https:\/\/gevelridder.nl\/pl\/produkt\/zestaw-megaclean-i-megawipes\/","title":{"rendered":"zestaw: MegaClean i MegaWipes"},"content":{"rendered":"<h2><strong>Odkryj moc MegaClean i MegaWipes: Najlepsze rozwi\u0105zanie do czyszczenia<\/strong><\/h2>\n<p>MegaClean i MegaWipes firmy MegaCorp, kt\u00f3rej celem jest dostarczanie najnowocze\u015bniejszych produkt\u00f3w, kt\u00f3re upraszczaj\u0105 codzienne zadania i przenosz\u0105 sprz\u0105tanie na wy\u017cszy poziom. Zgodnie z tym zobowi\u0105zaniem z dum\u0105 przedstawiamy nasz pionierski duet czyszcz\u0105cy &#8211; MegaClean i MegaWipes. Zaprojektowane, aby zrewolucjonizowa\u0107 spos\u00f3b radzenia sobie z brudem, t\u0142uszczem i plamami, produkty te oferuj\u0105 niezr\u00f3wnan\u0105 wydajno\u015b\u0107 czyszczenia i wszechstronno\u015b\u0107.  <\/p>\n<h2><strong>Rozdzia\u0142 1: Poznaj MegaClean &#8211; uniwersalny cud czyszczenia<\/strong><\/h2>\n<h3><strong>Innowacyjna technologia piankowa<\/strong><\/h3>\n<p>MegaClean to nie tylko \u015brodek czyszcz\u0105cy &#8211; to prze\u0142om. Nasza opatentowana formu\u0142a rozpyla si\u0119 jak piana, dzi\u0119ki czemu pozostaje dok\u0142adnie tam, gdzie jest potrzebna. Koniec z niechlujnymi kroplami i jest idealny do czyszczenia pionowych powierzchni bez k\u0142opot\u00f3w.  <\/p>\n<h3><strong>Po\u0142ysk bez smug<\/strong><\/h3>\n<p>Jedn\u0105 z wyr\u00f3\u017cniaj\u0105cych cech MegaClean jest jego zdolno\u015b\u0107 do zapewniania rezultat\u00f3w bez smug na b\u0142yszcz\u0105cych powierzchniach. Niezale\u017cnie od tego, czy czy\u015bcisz szk\u0142o, p\u0142ytki, lustra, laminat, PCV czy wn\u0119trze samochodu, MegaClean gwarantuje nieskazitelne wyko\u0144czenie za ka\u017cdym razem. <\/p>\n<h2><strong>Rozdzia\u0142 2: Zastosowania i wszechstronno\u015b\u0107<\/strong><\/h2>\n<h3><strong>Wszechstronny \u015brodek czyszcz\u0105cy<\/strong><\/h3>\n<p>MegaClean to idealne rozwi\u0105zanie do usuwania t\u0142uszczu, wosku, nikotyny, osad\u00f3w z myd\u0142a, owad\u00f3w i r\u00f3\u017cnego rodzaju zabrudze\u0144. Jego dzia\u0142anie pieni\u0105ce sprawia, \u017ce idealnie nadaje si\u0119 do powierzchni pionowych, wi\u0119c nawet trudne obszary nie maj\u0105 szans z jego moc\u0105 czyszczenia. <\/p>\n<h3><strong>MegaClean &#8211; Beyond Surfaces<\/strong><\/h3>\n<p>Nie chodzi tylko o to, co mo\u017cna czy\u015bci\u0107, ale tak\u017ce gdzie mo\u017cna czy\u015bci\u0107. MegaClean jest r\u00f3wnie skuteczny na tekstyliach, dywanach i materia\u0142ach biurowych. Jego wszechstronno\u015b\u0107 nie zna granic i sprawia, \u017ce jest niezb\u0119dny do wszystkich potrzeb zwi\u0105zanych z czyszczeniem.  <\/p>\n<h2><strong>Rozdzia\u0142 3: Funkcje i wskaz\u00f3wki dotycz\u0105ce aplikacji<\/strong><\/h2>\n<h3><strong>Aktywna piana zapewniaj\u0105ca skuteczne czyszczenie za pomoc\u0105 \u015bciereczek MegaClean i MegaWipes<\/strong><\/h3>\n<p>Aktywna piana MegaClean oznacza, \u017ce nie tylko czy\u015bci, ale tak\u017ce odt\u0142uszcza, bez pozostawiania \u015blad\u00f3w. Z \u0142atwo\u015bci\u0105 po\u017cegnaj si\u0119 z uporczywymi plamami. <\/p>\n<h3><strong>Optymalne warunki aplikacji<\/strong><\/h3>\n<p>Aby uzyska\u0107 najlepsze rezultaty, przed u\u017cyciem nale\u017cy doprowadzi\u0107 MegaClean do temperatury pokojowej. Dobrze wstrz\u0105\u015bnij pojemnikiem ze sprayem i nanie\u015b go na docelow\u0105 powierzchni\u0119. Pozostaw na oko\u0142o 20 sekund, a nast\u0119pnie wytrzyj szmatk\u0105, a\u017c powierzchnia b\u0119dzie sucha.  <\/p>\n<h3><strong>Bezpiecze\u0144stwo i zdrowie przede wszystkim<\/strong><\/h3>\n<p>Chocia\u017c MegaClean jest silnym \u015brodkiem czyszcz\u0105cym, dbamy o bezpiecze\u0144stwo. Nale\u017cy go u\u017cywa\u0107 w dobrze wentylowanych pomieszczeniach, a w przypadku kontaktu z oczami natychmiast przemy\u0107 je du\u017c\u0105 ilo\u015bci\u0105 wody. Nale\u017cy pami\u0119ta\u0107, \u017ce produkt jest \u0142atwopalny i nale\u017cy si\u0119 z nim odpowiednio obchodzi\u0107.  <\/p>\n<h2><strong>Rozdzia\u0142 4: MegaWipes &#8211; Tw\u00f3j pomocnik w sprz\u0105taniu<\/strong><\/h2>\n<h3><strong>Uniwersalny \u015brodek czyszcz\u0105cy<\/strong><\/h3>\n<p>MegaWipes to zaufani pomocnicy w czyszczeniu, zaprojektowani do usuwania nieutwardzonych klej\u00f3w, uszczelniaczy, pianek PU, farb, lakier\u00f3w, pow\u0142ok, gumy, cementu i smar\u00f3w, takich jak smary i oleje z r\u0105k, narz\u0119dzi i powierzchni. Niezale\u017cnie od rodzaju zabrudzenia, chusteczki MegaWipes zapewni\u0105 Ci ochron\u0119. <\/p>\n<h3><strong>Szybkie i skuteczne usuwanie plam<\/strong><\/h3>\n<p>Aby usun\u0105\u0107 plamy farby z nieporowatych powierzchni do 24 godzin po aplikacji, wystarczy pozostawi\u0107 z\u0142o\u017con\u0105 chusteczk\u0119 MegaWipe na powierzchni farby na kilka minut, a nast\u0119pnie delikatnie j\u0105 wytrze\u0107.<\/p>\n<h2>Wnioski<\/h2>\n<p>W MegaCorp wierzymy w dostarczanie produkt\u00f3w, kt\u00f3re upraszczaj\u0105 \u017cycie, zachowuj\u0105c jednocze\u015bnie wysokie standardy jako\u015bci i bezpiecze\u0144stwa.<\/p>\n<p>Wybierz MegaCorp, gdzie innowacja spotyka si\u0119 z pi\u0119knem, i przenie\u015b swoj\u0105 gr\u0119 w sprz\u0105tanie na wy\u017cszy poziom ju\u017c dzi\u015b.<\/p>\n","protected":false},"excerpt":{"rendered":"<p>MegaClean i MegaWipes to zaawansowane produkty czyszcz\u0105ce firmy MegaCorp. MegaClean to innowacyjny pieni\u0105cy si\u0119 \u015brodek czyszcz\u0105cy, kt\u00f3ry zapewnia rezultaty bez smug na r\u00f3\u017cnych powierzchniach i jest wszechstronny w u\u017cyciu. MegaWipes to chusteczki, kt\u00f3re skutecznie usuwaj\u0105 nieutwardzone materia\u0142y i plamy. Oba produkty zapewniaj\u0105 wygod\u0119 i doskona\u0142\u0105 wydajno\u015b\u0107 czyszczenia, jednocze\u015bnie stawiaj\u0105c bezpiecze\u0144stwo i zdrowie na pierwszym miejscu. Wybierz MegaCorp dla innowacji i wygody czyszczenia.    <\/p>\n","protected":false},"featured_media":132007,"template":"","meta":{"_acf_changed":false,"_seopress_robots_primary_cat":"none","_seopress_titles_title":"","_seopress_titles_desc":"","_seopress_robots_index":""},"product_brand":[],"product_cat":[2353,2396,1973,1974],"product_tag":[2445,2354,1957,2443,2444],"class_list":{"0":"post-140828","1":"product","2":"type-product","3":"status-publish","4":"has-post-thumbnail","6":"product_cat-czyszczenie","7":"product_cat-kociak","8":"product_cat-narzedzia","9":"product_cat-narzedzia-do-szkla","10":"product_tag-chusteczki-czyszczace","11":"product_tag-czyszczenie-szkla","12":"product_tag-gevelridder","13":"product_tag-megaclean","14":"product_tag-megawipy","16":"first","17":"instock","18":"taxable","19":"shipping-taxable","20":"purchasable","21":"product-type-simple"},"acf":[],"_links":{"self":[{"href":"https:\/\/gevelridder.nl\/pl\/wp-json\/wp\/v2\/product\/140828","targetHints":{"allow":["GET"]}}],"collection":[{"href":"https:\/\/gevelridder.nl\/pl\/wp-json\/wp\/v2\/product"}],"about":[{"href":"https:\/\/gevelridder.nl\/pl\/wp-json\/wp\/v2\/types\/product"}],"wp:featuredmedia":[{"embeddable":true,"href":"https:\/\/gevelridder.nl\/pl\/wp-json\/wp\/v2\/media\/132007"}],"wp:attachment":[{"href":"https:\/\/gevelridder.nl\/pl\/wp-json\/wp\/v2\/media?parent=140828"}],"wp:term":[{"taxonomy":"product_brand","embeddable":true,"href":"https:\/\/gevelridder.nl\/pl\/wp-json\/wp\/v2\/product_brand?post=140828"},{"taxonomy":"product_cat","embeddable":true,"href":"https:\/\/gevelridder.nl\/pl\/wp-json\/wp\/v2\/product_cat?post=140828"},{"taxonomy":"product_tag","embeddable":true,"href":"https:\/\/gevelridder.nl\/pl\/wp-json\/wp\/v2\/product_tag?post=140828"}],"curies":[{"name":"wp","href":"https:\/\/api.w.org\/{rel}","templated":true}]}}