
{"id":140827,"date":"2026-03-24T11:34:39","date_gmt":"2026-03-24T11:34:39","guid":{"rendered":"https:\/\/gevelridder.nl\/product\/pasta-czyszczaca-20-ml\/"},"modified":"2026-03-24T11:34:39","modified_gmt":"2026-03-24T11:34:39","slug":"pasta-czyszczaca-20-ml","status":"publish","type":"product","link":"https:\/\/gevelridder.nl\/pl\/produkt\/pasta-czyszczaca-20-ml\/","title":{"rendered":"Pasta czyszcz\u0105ca 20 ml"},"content":{"rendered":"<h2>Pasta do czyszczenia szk\u0142a 20 ml<\/h2>\n<p>Z Past\u0105 do czyszczenia szk\u0142a 20 ml w \u0142atwy spos\u00f3b usuniesz plamy z silikonu, ale tak\u017ce m.in. kamie\u0144 i osady z \u017celaza. Silny \u015brodek czyszcz\u0105cy do szk\u0142a, chromu, plastiku, stali nierdzewnej jest ca\u0142kowicie naturalnym \u015brodkiem bez chemikali\u00f3w, a tak\u017ce jest wolny od kwas\u00f3w i agresywnych \u015brodk\u00f3w. <\/p>\n<h2>Pasta do czyszczenia szk\u0142a 20 ml do wypr\u00f3bowania?<\/h2>\n<p>Je\u015bli chcesz najpierw wypr\u00f3bowa\u0107 past\u0119, kup ten s\u0142oiczek. Je\u015bli b\u0119dziesz z niej zadowolony, rozwa\u017c zakup s\u0142oiczka o pojemno\u015bci <a href=\"https:\/\/gevelridder.nl\/product\/glas-reinigingspasta-100-ml\/\">100 ml<\/a>. <\/p>\n<h2>Jak u\u017cywa\u0107 pasty do czyszczenia szk\u0142a 20 ml?<\/h2>\n<p>Porada Keesa:<\/p>\n<p>Krok 01. We\u017a<a href=\"https:\/\/gevelridder.nl\/pl\/produkt\/sciereczka-z-mikrofibry-glass-5-sztuk-w-opakowaniu\/\"> niebiesk\u0105 \u015bciereczk\u0119 z mikrofibry<\/a> i zwil\u017c j\u0105. <\/p>\n<p>Krok 02. Dobrze przetrzyj ca\u0142\u0105 powierzchni\u0119 wilgotn\u0105 szmatk\u0105 z past\u0105. <\/p>\n<p>Krok 03. W razie potrzeby usu\u0144 dodatkowe zanieczyszczenia. <\/p>\n<p>Krok 04. Gotowe. <\/p>\n<p>Zastosowanie wysokiej jako\u015bci komponent\u00f3w w Glass Cleaning Paste 20 ml umo\u017cliwia skuteczne i bardzo precyzyjne u\u017cycie \u017celu.<\/p>\n<p>W przypadku g\u0142\u0119bszych zarysowa\u0144 u\u017cyj <a href=\"https:\/\/gevelridder.nl\/product\/glas-reinigingspasta-100-ml\/\">Cero-Gel<\/a>, po prostu spryskaj i wetrzyj r\u00f3wnomiernie r\u0119cznie, na przyk\u0142ad lekko wilgotn\u0105 \u015bciereczk\u0105 z mikrofibry lub \u015bciereczk\u0105 do polerowania, wykonuj\u0105c okr\u0119\u017cne ruchy.<\/p>\n<p>W przypadku uporczywych zabrudze\u0144 najlepiej jest polerowa\u0107 za pomoc\u0105 maszyny r\u0119cznej z do\u0142\u0105czon\u0105 tarcz\u0105 polersk\u0105.<\/p>\n<h3>XtraClean czy\u015bci delikatnie, ale skutecznie<\/h3>\n<p>Graffiti na szybie? Uporczywe plamy s\u0105 trudne do usuni\u0119cia. Dlatego silne,<br \/>\nale delikatne czyszczenie jest kwesti\u0105 odpowiedniego \u015brodka z odpowiednimi sk\u0142adnikami.  <\/p>\n<p>Oparta na najlepszych mikrocz\u0105steczkach, olejkach eterycznych i<br \/>\n\u015brodkach powierzchniowo czynnych, pasta do czyszczenia szk\u0142a 20 ml zapewnia wyj\u0105tkowo skuteczne, a jednocze\u015bnie delikatne czyszczenie. Nawet w przypadku bardzo uporczywych<br \/>\nzabrudze\u0144, takich jak pozosta\u0142o\u015bci farby lub rdza, XtraClean jest delikatny dla powierzchni.<br \/>\nDzi\u0119ki milionom mikrocz\u0105steczek XtraClean umo\u017cliwia usuwanie osad\u00f3w, zabrudze\u0144 budowlanych lub rdzy ze szk\u0142a, stali nierdzewnej, ceramiki,<br \/>\nfug p\u0142ytek i innych twardych powierzchni. Nawet rozpryski betonu lub pozosta\u0142o\u015bci oleju mog\u0105 by\u0107 skutecznie czyszczone<br \/>\n, a zabrudzone maszyny wygl\u0105daj\u0105 jak nowe w mgnieniu oka.<br \/>\nDzia\u0142anie cz\u0105stek czyszcz\u0105cych jest wspomagane przez \u015brodki powierzchniowo czynne, kt\u00f3re zwi\u0119kszaj\u0105 rozpuszczalno\u015b\u0107<br \/>\nplam t\u0142uszczu. Im wy\u017csza temperatura podczas czyszczenia, tym wi\u0119cej olejk\u00f3w eterycznych jest uwalnianych i tym<br \/>\nbardziej wydajna staje si\u0119 pasta czyszcz\u0105ca.   <\/p>\n<p><a href=\"https:\/\/www.bohle.com\/nl-nl\" target=\"_blank\" rel=\"noopener\">XtraClean<\/a> nie zawiera chemicznych substancji pomocniczych i jest wolny od kwas\u00f3w oraz agresywnych lub wybielaj\u0105cych sk\u0142adnik\u00f3w. Zamiast tego,<br \/>\nst\u0119\u017cenie mikrocz\u0105steczek w pa\u015bcie do czyszczenia szk\u0142a 20 ml jest szczeg\u00f3lnie wysokie. Dzia\u0142aj\u0105 one mechanicznie na brud i rozlu\u017aniaj\u0105<br \/>\npoprzez tarcie. W tym celu past\u0119 czyszcz\u0105c\u0105 nale\u017cy nak\u0142ada\u0107 zwyk\u0142\u0105 g\u0105bk\u0105 lub mi\u0119kk\u0105 \u015bciereczk\u0105 i<br \/>\ndok\u0142adnie wciera\u0107 w ca\u0142\u0105 powierzchni\u0119. W zale\u017cno\u015bci od zabrudzenia, powierzchni\u0119 mo\u017cna nast\u0119pnie<br \/>\npotraktowa\u0107 czyst\u0105 wod\u0105 i mi\u0119kk\u0105 g\u0105bk\u0105.    <\/p>\n","protected":false},"excerpt":{"rendered":"<h2>Pasta do czyszczenia szk\u0142a 20 ml<\/h2>\n<p>Dzi\u0119ki Xtra Glass Cleaning Paste 20 ml mo\u017cna \u0142atwo usun\u0105\u0107 plamy z silikonu, ale tak\u017ce kamie\u0144 w naturalny spos\u00f3b. Silny \u015brodek czyszcz\u0105cy do szk\u0142a to ca\u0142kowicie naturalny \u015brodek bez chemikali\u00f3w, wolny od kwas\u00f3w i agresywnych \u015brodk\u00f3w, dobry dla ludzi i zwierz\u0105t. <\/p>\n","protected":false},"featured_media":131787,"template":"","meta":{"_acf_changed":false,"_seopress_robots_primary_cat":"none","_seopress_titles_title":"","_seopress_titles_desc":"","_seopress_robots_index":""},"product_brand":[],"product_cat":[2353,2396,1973,1974],"product_tag":[2420,2442,1957,2017,2019,2421,2441,2436,2438,2439,2437,2440],"class_list":{"0":"post-140827","1":"product","2":"type-product","3":"status-publish","4":"has-post-thumbnail","6":"product_cat-czyszczenie","7":"product_cat-kociak","8":"product_cat-narzedzia","9":"product_cat-narzedzia-do-szkla","10":"product_tag-ciecie-szkla","11":"product_tag-dodatkowy","12":"product_tag-gevelridder","13":"product_tag-miroiterie","14":"product_tag-monter-sklepow","15":"product_tag-olej-do-ciecia","16":"product_tag-pasta-do-czyszczenia-szkla","17":"product_tag-polerowanie-szkla","18":"product_tag-scratch-road","19":"product_tag-tarcza-polerska","20":"product_tag-zarysowanie","21":"product_tag-zdrapka","23":"first","24":"instock","25":"sale","26":"taxable","27":"shipping-taxable","28":"purchasable","29":"product-type-simple"},"acf":[],"_links":{"self":[{"href":"https:\/\/gevelridder.nl\/pl\/wp-json\/wp\/v2\/product\/140827","targetHints":{"allow":["GET"]}}],"collection":[{"href":"https:\/\/gevelridder.nl\/pl\/wp-json\/wp\/v2\/product"}],"about":[{"href":"https:\/\/gevelridder.nl\/pl\/wp-json\/wp\/v2\/types\/product"}],"wp:featuredmedia":[{"embeddable":true,"href":"https:\/\/gevelridder.nl\/pl\/wp-json\/wp\/v2\/media\/131787"}],"wp:attachment":[{"href":"https:\/\/gevelridder.nl\/pl\/wp-json\/wp\/v2\/media?parent=140827"}],"wp:term":[{"taxonomy":"product_brand","embeddable":true,"href":"https:\/\/gevelridder.nl\/pl\/wp-json\/wp\/v2\/product_brand?post=140827"},{"taxonomy":"product_cat","embeddable":true,"href":"https:\/\/gevelridder.nl\/pl\/wp-json\/wp\/v2\/product_cat?post=140827"},{"taxonomy":"product_tag","embeddable":true,"href":"https:\/\/gevelridder.nl\/pl\/wp-json\/wp\/v2\/product_tag?post=140827"}],"curies":[{"name":"wp","href":"https:\/\/api.w.org\/{rel}","templated":true}]}}