
{"id":140824,"date":"2026-03-24T11:35:38","date_gmt":"2026-03-24T11:35:38","guid":{"rendered":"https:\/\/gevelridder.nl\/product\/pu-foam-construction-750-ml\/"},"modified":"2026-03-24T11:35:38","modified_gmt":"2026-03-24T11:35:38","slug":"pu-foam-construction-750-ml","status":"publish","type":"product","link":"https:\/\/gevelridder.nl\/pl\/produkt\/pu-foam-construction-750-ml\/","title":{"rendered":"PU FOAM Construction 750 ml"},"content":{"rendered":"<p>PU FOAM Construction 750 ml<\/p>\n<p class=\"p1\">Pianka izolacyjna i monta\u017cowa do monta\u017cu ram drewnianych, wype\u0142niania po\u0142\u0105cze\u0144 przy oknach, ramach okiennych i szafkach na okiennice, izolowania, a tak\u017ce wype\u0142niania przepust\u00f3w \u015bciennych i innych nieuszczelnionych ubytk\u00f3w. \u015awie\u017ca pianka nadal rozszerza si\u0119 od 100 do 150%. W razie potrzeby nale\u017cy natychmiast usun\u0105\u0107 \u015bwie\u017ce plamy pianki za pomoc\u0105 specjalnego \u015brodka do czyszczenia PU lub rozpuszczalnik\u00f3w, np. acetonu. Utwardzon\u0105 piank\u0119 mo\u017cna usun\u0105\u0107 tylko mechanicznie.   <\/p>\n<p>Przygotowanie: dok\u0142adnie zwil\u017cy\u0107 piank\u0119 i pod\u0142o\u017ce, np. za pomoc\u0105 spryskiwacza do kwiat\u00f3w. Tylko wystarczaj\u0105ca wilgotno\u015b\u0107 mo\u017ce zagwarantowa\u0107 zadowalaj\u0105c\u0105 wydajno\u015b\u0107 piany, czas utwardzania i jako\u015b\u0107 piany. Pod\u0142o\u017ce musi by\u0107 czyste, wolne od kurzu i t\u0142uszczu oraz mie\u0107 zwart\u0105 struktur\u0119.  <\/p>\n<p>W nieotwartym oryginalnym opakowaniu, przechowywa\u0107 w ch\u0142odnym i suchym miejscu w temperaturze od +5\u00b0C do +25\u00b0C, maksymalnie<br \/>\nPU FOAM Construction 750 ml ma okres trwa\u0142o\u015bci 15 miesi\u0119cy od daty produkcji. <strong>Puszki nale\u017cy zawsze przechowywa\u0107 w pozycji pionowej!<\/strong><\/p>\n<p>&nbsp;<\/p>\n<p>Wi\u0119cej <a href=\"https:\/\/gevelridder.nl\/pl\/kociak\/\">koci\u0105t<\/a><\/p>\n<p>&nbsp;<\/p>\n","protected":false},"excerpt":{"rendered":"<p>Pianka izolacyjna i monta\u017cowa do monta\u017cu ram drewnianych, wype\u0142niania po\u0142\u0105cze\u0144 przy oknach, ramach okiennych i szafkach na okiennice, izolowania, a tak\u017ce wype\u0142niania przepust\u00f3w \u015bciennych i innych nieuszczelnionych ubytk\u00f3w. \u015awie\u017ca pianka nadal rozszerza si\u0119 od 100 do 150%. W razie potrzeby nale\u017cy natychmiast usun\u0105\u0107 \u015bwie\u017ce plamy pianki za pomoc\u0105 specjalnego \u015brodka do czyszczenia PU lub rozpuszczalnik\u00f3w, np. acetonu. Utwardzon\u0105 piank\u0119 mo\u017cna usun\u0105\u0107 tylko mechanicznie.   <\/p>\n","protected":false},"featured_media":131852,"template":"","meta":{"_acf_changed":false,"_seopress_robots_primary_cat":"","_seopress_titles_title":"","_seopress_titles_desc":"","_seopress_robots_index":""},"product_brand":[],"product_cat":[2396],"product_tag":[1957,2403,2073,2401,2405],"class_list":{"0":"post-140824","1":"product","2":"type-product","3":"status-publish","4":"has-post-thumbnail","6":"product_cat-kociak","7":"product_tag-gevelridder","8":"product_tag-kociak","9":"product_tag-szklo","10":"product_tag-uszczelnienie","11":"product_tag-zestaw-2","13":"first","14":"instock","15":"taxable","16":"shipping-taxable","17":"purchasable","18":"product-type-simple"},"acf":[],"_links":{"self":[{"href":"https:\/\/gevelridder.nl\/pl\/wp-json\/wp\/v2\/product\/140824","targetHints":{"allow":["GET"]}}],"collection":[{"href":"https:\/\/gevelridder.nl\/pl\/wp-json\/wp\/v2\/product"}],"about":[{"href":"https:\/\/gevelridder.nl\/pl\/wp-json\/wp\/v2\/types\/product"}],"wp:featuredmedia":[{"embeddable":true,"href":"https:\/\/gevelridder.nl\/pl\/wp-json\/wp\/v2\/media\/131852"}],"wp:attachment":[{"href":"https:\/\/gevelridder.nl\/pl\/wp-json\/wp\/v2\/media?parent=140824"}],"wp:term":[{"taxonomy":"product_brand","embeddable":true,"href":"https:\/\/gevelridder.nl\/pl\/wp-json\/wp\/v2\/product_brand?post=140824"},{"taxonomy":"product_cat","embeddable":true,"href":"https:\/\/gevelridder.nl\/pl\/wp-json\/wp\/v2\/product_cat?post=140824"},{"taxonomy":"product_tag","embeddable":true,"href":"https:\/\/gevelridder.nl\/pl\/wp-json\/wp\/v2\/product_tag?post=140824"}],"curies":[{"name":"wp","href":"https:\/\/api.w.org\/{rel}","templated":true}]}}