
{"id":140819,"date":"2026-03-24T11:34:39","date_gmt":"2026-03-24T11:34:39","guid":{"rendered":"https:\/\/gevelridder.nl\/product\/sciereczka-z-mikrofibry-glass-5-sztuk-w-opakowaniu\/"},"modified":"2026-03-24T11:34:39","modified_gmt":"2026-03-24T11:34:39","slug":"sciereczka-z-mikrofibry-glass-5-sztuk-w-opakowaniu","status":"publish","type":"product","link":"https:\/\/gevelridder.nl\/pl\/produkt\/sciereczka-z-mikrofibry-glass-5-sztuk-w-opakowaniu\/","title":{"rendered":"\u015aciereczka z mikrofibry Glass 5 sztuk w opakowaniu"},"content":{"rendered":"<h2>\u015aciereczka z mikrofibry Glass 5 sztuk w opakowaniu<\/h2>\n<p>Dzi\u0119ki \u015bciereczce z mikrofibry do szk\u0142a 5 sztuk w opakowaniu wraz z past\u0105 do czyszczenia szk\u0142a Xtra w \u0142atwy spos\u00f3b usuniesz plamy z silikonu, ale tak\u017ce osady z kamienia i \u017celaza. Silny \u015brodek czyszcz\u0105cy do szk\u0142a, chromu, plastiku, stali nierdzewnej jest ca\u0142kowicie naturalnym \u015brodkiem bez chemikali\u00f3w, a tak\u017ce jest wolny od kwas\u00f3w i agresywnych \u015brodk\u00f3w. <\/p>\n<h2>Kupi\u0107 \u015bciereczk\u0119 z mikrofibry 5 sztuk w opakowaniu?<\/h2>\n<p>\u015aciereczk\u0119 z mikrofibry kupujesz razem z past\u0105 czyszcz\u0105c\u0105, je\u015bli masz problemy z usuwaniem zabrudze\u0144 ze szk\u0142a i innych materia\u0142\u00f3w. Past\u0119 do czyszczenia szk\u0142a sprzedajemy w dw\u00f3ch opakowaniach: <a href=\"https:\/\/gevelridder.nl\/product\/glas-reinigingspasta-100-ml\/\">s\u0142oik 100 ml<\/a> lub <a href=\"https:\/\/gevelridder.nl\/pl\/produkt\/pasta-czyszczaca-20-ml\/\">s\u0142oik 20 ml.<\/a> <\/p>\n<p>Jak u\u017cywa\u0107 pasty do czyszczenia szk\u0142a ze \u015bciereczk\u0105?<\/p>\n<ul>\n<li>Krok 01. We\u017a niebiesk\u0105 \u015bciereczk\u0119 z mikrofibry i zwil\u017c j\u0105. <\/li>\n<li>Krok 02. Dok\u0142adnie przetrzyj ca\u0142\u0105 powierzchni\u0119 wilgotn\u0105 szmatk\u0105 z past\u0105. <\/li>\n<li>Krok 03. W zale\u017cno\u015bci od stopnia zabrudzenia, powierzchni\u0119 mo\u017cna nast\u0119pnie oczy\u015bci\u0107 czyst\u0105 wod\u0105 i mi\u0119kk\u0105 g\u0105bk\u0105 <\/li>\n<\/ul>\n<h3>Uporczywy brud<\/h3>\n<p>Uporczywe zabrudzenia s\u0105 trudne do usuni\u0119cia, a cz\u0119sto wr\u0119cz upierdliwe. Dlatego skuteczne, ale delikatne czyszczenie jest kwesti\u0105 odpowiedniego \u015brodka z odpowiednimi sk\u0142adnikami. <\/p>\n<p>Pasta czyszcz\u0105ca XtraClean firmy <a href=\"https:\/\/www.bohle.com\/nl-nl\" target=\"_blank\" rel=\"noopener\">Bohle<\/a> pomaga bezpiecznie i bez zarysowa\u0144 usuwa\u0107 zanieczyszczenia ze szk\u0142a. Opr\u00f3cz najdrobniejszych mikrocz\u0105steczek zawiera niezb\u0119dne olejki<br \/>\ni \u015brodki powierzchniowo czynne, kt\u00f3re zapewniaj\u0105 \u0142atwe usuwanie uporczywych zabrudze\u0144. <\/p>\n<p>W przypadku g\u0142\u0119bszych zarysowa\u0144 u\u017cyj <a href=\"https:\/\/gevelridder.nl\/product\/glas-reinigingspasta-100-ml\/\">Cero-Gel<\/a>, po prostu spryskaj i wetrzyj r\u00f3wnomiernie r\u0119cznie, na przyk\u0142ad lekko wilgotn\u0105 \u015bciereczk\u0105 z mikrofibry lub \u015bciereczk\u0105 do polerowania, wykonuj\u0105c okr\u0119\u017cne ruchy.<\/p>\n<p>Gevelridder BV nienawidzi jednej rzeczy: <a href=\"https:\/\/nl.wikipedia.org\/wiki\/Greenwashing\" target=\"_blank\" rel=\"noopener\">greenwashingu<\/a>. Greenwashing to udawanie, \u017ce dana firma lub organizacja jest bardziej ekologiczna lub odpowiedzialna spo\u0142ecznie ni\u017c jest w rzeczywisto\u015bci. Ludzie udaj\u0105, \u017ce zajmuj\u0105 si\u0119 \u015brodowiskiem i\/lub innymi kwestiami spo\u0142ecznymi w spos\u00f3b przemy\u015blany, ale cz\u0119sto okazuje si\u0119, \u017ce to nic wi\u0119cej ni\u017c &#8222;odrobina farby&#8221;. Fa\u00e7ade Knight nie ma takiej farby. Sprawiedliwe i uczciwe. Te chusteczki s\u0105 wielokrotnego u\u017cytku, mo\u017cna je pra\u0107 w temperaturze do 90 stopni w celu ponownego u\u017cycia. W ten spos\u00f3b czynimy dobro!      <\/p>\n","protected":false},"excerpt":{"rendered":"<p>Uporczywe zabrudzenia, takie jak silikon, \u017celazo i kamie\u0144, s\u0105 trudne do usuni\u0119cia na szkle. Dobra \u015bciereczka z mikrofibry w po\u0142\u0105czeniu z siln\u0105, przyjazn\u0105 dla \u015brodowiska past\u0105 czyszcz\u0105c\u0105 z odpowiednimi sk\u0142adnikami to spos\u00f3b na pozbycie si\u0119 osad\u00f3w. Gevelridder BV nienawidzi jednej rzeczy: greenwashingu. Greenwashing to udawanie, \u017ce firma lub organizacja jest bardziej ekologiczna lub odpowiedzialna spo\u0142ecznie ni\u017c jest w rzeczywisto\u015bci. Ludzie udaj\u0105, \u017ce zajmuj\u0105 si\u0119 \u015brodowiskiem i\/lub innymi kwestiami spo\u0142ecznymi w spos\u00f3b przemy\u015blany, ale cz\u0119sto okazuje si\u0119, \u017ce to nic wi\u0119cej ni\u017c &#8222;polizanie farby&#8221;. Fa\u00e7ade Knight nie ma takiej farby. Uczciwe i otwarte. Te chusteczki s\u0105 wielokrotnego u\u017cytku, mo\u017cna je pra\u0107 w temperaturze do 90 stopni w celu ponownego u\u017cycia.       <\/p>\n","protected":false},"featured_media":131790,"template":"","meta":{"_acf_changed":false,"_seopress_robots_primary_cat":"none","_seopress_titles_title":"","_seopress_titles_desc":"","_seopress_robots_index":""},"product_brand":[],"product_cat":[2353,1973,1974],"product_tag":[2420,2442,1957,2017,2019,2421,2441,2436,2438,2439,2437,2440],"class_list":{"0":"post-140819","1":"product","2":"type-product","3":"status-publish","4":"has-post-thumbnail","6":"product_cat-czyszczenie","7":"product_cat-narzedzia","8":"product_cat-narzedzia-do-szkla","9":"product_tag-ciecie-szkla","10":"product_tag-dodatkowy","11":"product_tag-gevelridder","12":"product_tag-miroiterie","13":"product_tag-monter-sklepow","14":"product_tag-olej-do-ciecia","15":"product_tag-pasta-do-czyszczenia-szkla","16":"product_tag-polerowanie-szkla","17":"product_tag-scratch-road","18":"product_tag-tarcza-polerska","19":"product_tag-zarysowanie","20":"product_tag-zdrapka","22":"first","23":"instock","24":"taxable","25":"shipping-taxable","26":"purchasable","27":"product-type-simple"},"acf":[],"_links":{"self":[{"href":"https:\/\/gevelridder.nl\/pl\/wp-json\/wp\/v2\/product\/140819","targetHints":{"allow":["GET"]}}],"collection":[{"href":"https:\/\/gevelridder.nl\/pl\/wp-json\/wp\/v2\/product"}],"about":[{"href":"https:\/\/gevelridder.nl\/pl\/wp-json\/wp\/v2\/types\/product"}],"wp:featuredmedia":[{"embeddable":true,"href":"https:\/\/gevelridder.nl\/pl\/wp-json\/wp\/v2\/media\/131790"}],"wp:attachment":[{"href":"https:\/\/gevelridder.nl\/pl\/wp-json\/wp\/v2\/media?parent=140819"}],"wp:term":[{"taxonomy":"product_brand","embeddable":true,"href":"https:\/\/gevelridder.nl\/pl\/wp-json\/wp\/v2\/product_brand?post=140819"},{"taxonomy":"product_cat","embeddable":true,"href":"https:\/\/gevelridder.nl\/pl\/wp-json\/wp\/v2\/product_cat?post=140819"},{"taxonomy":"product_tag","embeddable":true,"href":"https:\/\/gevelridder.nl\/pl\/wp-json\/wp\/v2\/product_tag?post=140819"}],"curies":[{"name":"wp","href":"https:\/\/api.w.org\/{rel}","templated":true}]}}