
{"id":140817,"date":"2026-03-24T11:44:49","date_gmt":"2026-03-24T11:44:49","guid":{"rendered":"https:\/\/gevelridder.nl\/product\/bezprzewodowy-odkurzacz-do-szkla-basic-v250-t-obrotowy\/"},"modified":"2026-03-24T11:44:49","modified_gmt":"2026-03-24T11:44:49","slug":"bezprzewodowy-odkurzacz-do-szkla-basic-v250-t-obrotowy","status":"publish","type":"product","link":"https:\/\/gevelridder.nl\/pl\/produkt\/bezprzewodowy-odkurzacz-do-szkla-basic-v250-t-obrotowy\/","title":{"rendered":"Bezprzewodowy odkurzacz do szk\u0142a Basic V250 T obrotowy"},"content":{"rendered":"<h3 data-start=\"281\" data-end=\"339\">Kompaktowy, zasilany bateryjnie odkurzacz obrotowy do bezpiecznego uk\u0142adania szk\u0142a<\/h3>\n<p data-start=\"341\" data-end=\"710\">Bezpieczne umieszczanie i obracanie szk\u0142a w p\u0142aszczy\u017anie szklanej wymaga niezawodnego sprz\u0119tu, zw\u0142aszcza podczas pracy na wysoko\u015bci lub w po\u0142\u0105czeniu z narz\u0119dziami takimi jak facade knight, mini \u017curaw lub podno\u015bnik. Ten <strong data-start=\"525\" data-end=\"558\">kompaktowy, zasilany akumulatorowo odkurzacz<\/strong> zosta\u0142 opracowany specjalnie z my\u015bl\u0105 o bezpiecznym i wydajnym uk\u0142adaniu szk\u0142a i innych p\u0142askich materia\u0142\u00f3w, przy maksymalnej kontroli i minimalnym obci\u0105\u017ceniu fizycznym. <\/p>\n<p data-start=\"712\" data-end=\"1169\">Dzi\u0119ki <strong data-start=\"720\" data-end=\"760\">niewielkiej wadze wynosz\u0105cej 20 kg<\/strong> i <strong data-start=\"768\" data-end=\"792\">bardzo kompaktowej<\/strong> konstrukcji odkurzacz ten idealnie sprawdza si\u0119 w sytuacjach, w kt\u00f3rych przestrze\u0144 i waga odgrywaj\u0105 kluczow\u0105 rol\u0119. Jest szeroko stosowany w po\u0142\u0105czeniu z <strong data-start=\"940\" data-end=\"955\">Facade Knight<\/strong>, <strong data-start=\"957\" data-end=\"968\">Elevall<\/strong>, <strong data-start=\"970\" data-end=\"984\">The Cannon<\/strong> lub &#8211; jak wcze\u015bniej by\u0142 znany &#8211; <strong data-start=\"1027\" data-end=\"1041\">mini \u017curawiem<\/strong>. Dzi\u0119ki zasilaniu akumulatorowemu nie wymaga zewn\u0119trznego \u017ar\u00f3d\u0142a zasilania, co znacznie zwi\u0119ksza elastyczno\u015b\u0107 na placu budowy.  <\/p>\n<p data-start=\"1171\" data-end=\"1579\">T\u0142ok pr\u00f3\u017cniowy jest standardowo wyposa\u017cony w mocny <strong data-start=\"1229\" data-end=\"1245\">akumulator 12 V<\/strong> i ma <strong data-start=\"1259\" data-end=\"1298\">WLL (limit obci\u0105\u017cenia roboczego) 250 kg<\/strong>, dzi\u0119ki czemu nadaje si\u0119 do szerokiej gamy rozmiar\u00f3w szk\u0142a.<\/p>\n<h4 data-start=\"1865\" data-end=\"1890\">W\u0142a\u015bciwo\u015bci techniczne<\/h4>\n<ul data-start=\"1891\" data-end=\"2033\">\n<li data-start=\"1891\" data-end=\"1910\">\n<p data-start=\"1893\" data-end=\"1910\"><strong data-start=\"1893\" data-end=\"1901\">WLL:<\/strong> 250 kg<\/p>\n<\/li>\n<li data-start=\"1950\" data-end=\"1975\">\n<p data-start=\"1952\" data-end=\"1975\"><strong data-start=\"1952\" data-end=\"1965\">Napi\u0119cie:<\/strong> 12 V<\/p>\n<\/li>\n<li data-start=\"1976\" data-end=\"2004\">\n<p data-start=\"1978\" data-end=\"2004\"><strong data-start=\"1978\" data-end=\"1996\">Waga netto:<\/strong> 20 kg<\/p>\n<\/li>\n<li data-start=\"2005\" data-end=\"2033\">\n<p data-start=\"2007\" data-end=\"2033\"><strong data-start=\"2007\" data-end=\"2029\">Klasa bezpiecze\u0144stwa:<\/strong> 2<\/p>\n<\/li>\n<li><strong data-start=\"2007\" data-end=\"2029\">Z rozszerzeniem<\/strong><\/li>\n<li data-start=\"2005\" data-end=\"2033\">\n<\/ul>\n<p data-start=\"2035\" data-end=\"2329\">W celu bezpiecznego i prawid\u0142owego korzystania z odkurzaczy konieczne jest przestrzeganie obowi\u0105zuj\u0105cych wytycznych. W zwi\u0105zku z tym zalecamy zapoznanie si\u0119 z <strong data-start=\"2191\" data-end=\"2236\">zasadami korzystania z t\u0142ok\u00f3w odkurzacza<\/strong> opisanymi na stronie: <\/p>\n<p data-start=\"2035\" data-end=\"2329\"><br data-start=\"2258\" data-end=\"2261\">\ud83d\udc49 <a class=\"decorated-link\" href=\"https:\/\/gevelridder.nl\/nieuws\/regels-voor-het-gebruik-van-vacuumzuigers\/\" target=\"_new\" rel=\"noopener\" data-start=\"2264\" data-end=\"2329\">https:\/\/gevelridder.nl\/regels-voor-het-gebruik-van-vacuumzuigers\/<\/a><\/p>\n<p data-start=\"2331\" data-end=\"2666\">Wszystkie nasze produkty s\u0105 <strong data-start=\"2354\" data-end=\"2373\">produkowane w Holandii<\/strong>. Oznacza to nie tylko wysoki standard jako\u015bci, ale tak\u017ce, \u017ce <strong data-start=\"2443\" data-end=\"2478\">dostosowanie do indywidualnych potrzeb nie<\/strong> stanowi <strong data-start=\"2443\" data-end=\"2478\">\u017cadnego problemu<\/strong>. Je\u015bli chodzi o serwis i konserwacj\u0119, mamy do\u015bwiadczony zesp\u00f3\u0142 w naszej siedzibie w <strong data-start=\"2562\" data-end=\"2570\">Tiel<\/strong>, wspierany przez <strong data-start=\"2589\" data-end=\"2631\">trzy w pe\u0142ni wyposa\u017cone samochody serwisowe<\/strong> dzia\u0142aj\u0105ce w <strong data-start=\"2642\" data-end=\"2665\">Holandii i Belgii<\/strong>.  <\/p>\n<p data-start=\"2668\" data-end=\"2872\">Zach\u0119camy do kontaktu z nami w celu uzyskania dodatkowych informacji, indywidualnych porad lub demonstracji tego t\u0142oka podci\u015bnieniowego w praktyce. Ch\u0119tnie wsp\u00f3lnie zastanowimy si\u0119 nad bezpiecznym i wydajnym rozwi\u0105zaniem do umieszczania szk\u0142a. <\/p>\n","protected":false},"excerpt":{"rendered":"<p data-start=\"331\" data-end=\"751\">Ten kompaktowy odkurzacz akumulatorowy jest idealnym rozwi\u0105zaniem do <strong data-start=\"319\" data-end=\"360\">bezpiecznego i wydajnego uk\u0142adania szk\u0142a<\/strong>. Dzi\u0119ki <strong data-start=\"370\" data-end=\"410\">niewielkiej masie netto wynosz\u0105cej zaledwie 15 kg<\/strong>, <strong data-start=\"416\" data-end=\"434\">ud\u017awigowi WLL wynosz\u0105cemu 250 kg<\/strong> i mo\u017cliwo\u015bci monta\u017cu mi\u0119dzy innymi na <strong data-start=\"471\" data-end=\"486\">Gevelridder<\/strong> i mini \u017curawiu, system ten oferuje maksymaln\u0105 elastyczno\u015b\u0107 na placu budowy. <\/p>\n<p data-start=\"331\" data-end=\"751\"><span style=\"color: #5bbc3a;\"><b>\u2714 <\/b><\/span><strong data-start=\"333\" data-end=\"355\"><span style=\"color: #000000;\">Obracany w p\u0142aszczy\u017anie okna<\/span><\/strong><\/p>\n<p data-start=\"331\" data-end=\"751\"><span style=\"color: #5bbc3a;\"><b>\u2714 <\/b><\/span><strong data-start=\"333\" data-end=\"355\"><span style=\"color: #000000;\">Wa\u017cy 20 kg<\/span><\/strong><\/p>\n<p data-start=\"331\" data-end=\"751\"><span style=\"color: #5bbc3a;\"><b>\u2714 <\/b><\/span><span style=\"color: #000000;\"><strong data-start=\"333\" data-end=\"355\">WLL 250 kg<\/strong> <\/span> <\/p>\n<p data-start=\"331\" data-end=\"751\"><span style=\"color: #5bbc3a;\"><b>\u2714 <\/b><\/span><span style=\"color: #000000;\"><strong data-start=\"333\" data-end=\"355\">12 V<\/strong> <\/span> <\/p>\n<p data-start=\"331\" data-end=\"751\"><span style=\"color: #5bbc3a;\"><b><span style=\"color: #000000;\">Wymiary 670 x 500 x 290<\/span><\/b><\/span><span style=\"color: #000000;\"> <\/span><\/p>\n<p data-start=\"331\" data-end=\"751\"><span style=\"color: #5bbc3a;\"><b><span style=\"color: #000000;\">klasa bezpiecze\u0144stwa 2<\/span><\/b><\/span><span style=\"color: #000000;\"> <\/span><\/p>\n<p data-start=\"331\" data-end=\"751\"><span style=\"color: #5bbc3a;\"><b>\u2714 <\/b><\/span><b>z wieszakiem 12 i 27 cm <\/b> <\/p>\n<p data-start=\"331\" data-end=\"751\"><span style=\"color: #5bbc3a;\"><b><span style=\"color: #cc99ff;\">\u015arutowane i malowane proszkowo <\/span> <\/b><\/span><\/p>\n","protected":false},"featured_media":132529,"template":"","meta":{"_acf_changed":false,"_seopress_robots_primary_cat":"none","_seopress_titles_title":"","_seopress_titles_desc":"","_seopress_robots_index":""},"product_brand":[],"product_cat":[1952,2248],"product_tag":[1999,2390,1957,2017,2434,2435,2391,1993,2292,1968,2388,2014,2393,2021,1998,2138,2389,2015,1992,2387,2231,2040,2386,2392,2254,1994],"class_list":{"0":"post-140817","1":"product","2":"type-product","3":"status-publish","4":"has-post-thumbnail","6":"product_cat-nosidla-do-szyb","7":"product_cat-podnosniki-prozniowe","8":"product_tag-aluminiowy-podnosnik","9":"product_tag-auto","10":"product_tag-gevelridder","11":"product_tag-miroiterie","12":"product_tag-muyen","13":"product_tag-obrotowy-akumulator","14":"product_tag-plus","15":"product_tag-podnosnik-do-szkla","16":"product_tag-podnoszenie-3","17":"product_tag-podnoszenie","18":"product_tag-podnoszenie-4","19":"product_tag-podnoszenie-szkla","20":"product_tag-proznia","21":"product_tag-przyssawka","22":"product_tag-rama-okienna","23":"product_tag-shopfitterzy","24":"product_tag-sirliftalot4","25":"product_tag-szklarz-2","26":"product_tag-szklarz","27":"product_tag-szklo-2","28":"product_tag-tlok-pompy","29":"product_tag-transport","30":"product_tag-vakuumsauger","31":"product_tag-wakat","32":"product_tag-winda-2","33":"product_tag-wynajem-podnosnika-do-szkla","34":"product_shipping_class-pakiet-80-50-20","36":"first","37":"onbackorder","38":"taxable","39":"shipping-taxable","40":"purchasable","41":"product-type-simple"},"acf":[],"_links":{"self":[{"href":"https:\/\/gevelridder.nl\/pl\/wp-json\/wp\/v2\/product\/140817","targetHints":{"allow":["GET"]}}],"collection":[{"href":"https:\/\/gevelridder.nl\/pl\/wp-json\/wp\/v2\/product"}],"about":[{"href":"https:\/\/gevelridder.nl\/pl\/wp-json\/wp\/v2\/types\/product"}],"wp:featuredmedia":[{"embeddable":true,"href":"https:\/\/gevelridder.nl\/pl\/wp-json\/wp\/v2\/media\/132529"}],"wp:attachment":[{"href":"https:\/\/gevelridder.nl\/pl\/wp-json\/wp\/v2\/media?parent=140817"}],"wp:term":[{"taxonomy":"product_brand","embeddable":true,"href":"https:\/\/gevelridder.nl\/pl\/wp-json\/wp\/v2\/product_brand?post=140817"},{"taxonomy":"product_cat","embeddable":true,"href":"https:\/\/gevelridder.nl\/pl\/wp-json\/wp\/v2\/product_cat?post=140817"},{"taxonomy":"product_tag","embeddable":true,"href":"https:\/\/gevelridder.nl\/pl\/wp-json\/wp\/v2\/product_tag?post=140817"}],"curies":[{"name":"wp","href":"https:\/\/api.w.org\/{rel}","templated":true}]}}