
{"id":140808,"date":"2026-03-24T11:38:54","date_gmt":"2026-03-24T11:38:54","guid":{"rendered":"https:\/\/gevelridder.nl\/product\/skrobaki-tajima-rite-solid-core-narzedzie-wielofunkcyjne\/"},"modified":"2026-03-24T11:38:54","modified_gmt":"2026-03-24T11:38:54","slug":"skrobaki-tajima-rite-solid-core-narzedzie-wielofunkcyjne","status":"publish","type":"product","link":"https:\/\/gevelridder.nl\/pl\/produkt\/skrobaki-tajima-rite-solid-core-narzedzie-wielofunkcyjne\/","title":{"rendered":"SKROBAKI TAJIMA RITE SOLID CORE (NARZ\u0118DZIE WIELOFUNKCYJNE)"},"content":{"rendered":"<h2><strong>Skrobaki uniwersalne: wyj\u0105tkowa wytrzyma\u0142o\u015b\u0107 i kontrola<\/strong><\/h2>\n<p>Do\u015bwiadcz najwy\u017cszej jako\u015bci rzemios\u0142a dzi\u0119ki naszym uniwersalnym skrobakom TAJIMA SCHRAPERS RITE SOLID CORE, wykutym z jednego kawa\u0142ka wysokiej jako\u015bci stali nierdzewnej (SS). Zainspirowane legendarn\u0105 precyzj\u0105 japo\u0144skich mieczy samurajskich, skrobaki te zapewniaj\u0105 niezr\u00f3wnan\u0105 wydajno\u015b\u0107 w \u015bwiecie narz\u0119dzi r\u0119cznych. <\/p>\n<p><em>Precyzja z si\u0142\u0105<\/em><\/p>\n<p>Konstrukcja naszych uniwersalnych skrobak\u00f3w TAJIMA SCHRAPERS RITE SOLID CORE zosta\u0142a udoskonalona w celu przeniesienia si\u0142y uderzenia m\u0142otka bezpo\u015brednio na materia\u0142. Skutkuje to imponuj\u0105c\u0105 kontrol\u0105 skrobania i sprawia, \u017ce praca jest szybsza i bardziej wydajna ni\u017c kiedykolwiek wcze\u015bniej. <\/p>\n<p><em>Niezr\u00f3wnana wytrzyma\u0142o\u015b\u0107<\/em><\/p>\n<p>Nasze skrobaki s\u0105 wyposa\u017cone w wyj\u0105tkowo grube ostrze ze stali nierdzewnej o grubo\u015bci 1,8 mm. Ostrze to zosta\u0142o poddane specjalnej obr\u00f3bce cieplnej i jest hartowane, oferuj\u0105c doskona\u0142e przenoszenie mocy i zapewniaj\u0105c niezwyk\u0142e rezultaty. Podobnie jak legendarna ostro\u015b\u0107 miecza samurajskiego, nasze ostrze bez trudu przecina r\u00f3\u017cnorodne materia\u0142y.  <\/p>\n<p><em>Optymalna przyczepno\u015b\u0107<\/em><\/p>\n<p>Rozumiemy znaczenie komfortu i kontroli podczas pracy. Dlatego wyposa\u017cyli\u015bmy nasze skrobaki w ergonomiczny, odporny na uderzenia uchwyt. Zapewnia to nie tylko wygod\u0119, ale tak\u017ce antypo\u015blizgowy uchwyt nawet podczas najtrudniejszych prac.  <\/p>\n<p><em>Wszechstronno\u015b\u0107 w dzia\u0142aniu<\/em><\/p>\n<p>Gruba powierzchnia uderzeniowa naszych skrobak\u00f3w ze stali nierdzewnej jest niezwykle trwa\u0142a i ma du\u017c\u0105 powierzchni\u0119 dotykow\u0105, dzi\u0119ki czemu idealnie nadaje si\u0119 do r\u00f3\u017cnych zada\u0144 zwi\u0105zanych z d\u0142utowaniem. Dodatkowo, skrobak wyposa\u017cony jest w ucho do usuwania gwo\u017adzi i szpilek, dzi\u0119ki czemu skrzynka narz\u0119dziowa jest bardziej uporz\u0105dkowana. <\/p>\n<p><em>Sztuka precyzji<\/em><\/p>\n<p>Podobnie jak opanowanie miecza samurajskiego, precyzja w rzemio\u015ble wymaga odpowiednich narz\u0119dzi. Nasze skrobaki, z zaokr\u0105glonym ostrzem, s\u0105 idealne do precyzyjnego ci\u0119cia rur i innych okr\u0105g\u0142ych materia\u0142\u00f3w. Dzi\u0119ki temu s\u0105 nie tylko wydajne, ale i wszechstronne.  <\/p>\n<p>Wybierz najlepsze z najlepszych i wznie\u015b swoj\u0105 prac\u0119 na wy\u017cszy poziom dzi\u0119ki naszym uniwersalnym skrobakom. Inspirowane tradycjami japo\u0144skich samuraj\u00f3w, uosabiaj\u0105 perfekcj\u0119, si\u0142\u0119 i precyzj\u0119. Id\u017a naprz\u00f3d z pewno\u015bci\u0105 siebie, wiedz\u0105c, \u017ce masz najlepsze narz\u0119dzie, kt\u00f3re wyniesie Twoje rzemios\u0142o na nowy poziom.  <\/p>\n<p><em>Odkryj niezr\u00f3wnan\u0105 wydajno\u015b\u0107 naszych uniwersalnych skrobak\u00f3w ju\u017c dzi\u015b i pozw\u00f3l swojej pracy l\u015bni\u0107 jak nigdy dot\u0105d.<\/em><\/p>\n","protected":false},"excerpt":{"rendered":"<p>Odkryj mistrzowskie uniwersalne skrobaki inspirowane japo\u0144skimi mieczami samurajskimi. Wykute z wysokiej jako\u015bci stali nierdzewnej, te pot\u0119\u017cne narz\u0119dzia oferuj\u0105 niezwyk\u0142\u0105 wytrzyma\u0142o\u015b\u0107, precyzj\u0119 i wszechstronno\u015b\u0107. Dzi\u0119ki grubemu ostrzu ze stali nierdzewnej, ergonomicznemu uchwytowi i du\u017cemu obszarowi uderzenia, s\u0105 idealne do r\u00f3\u017cnych zastosowa\u0144. Osi\u0105gnij najwy\u017cszy poziom rzemios\u0142a dzi\u0119ki naszym skrobakom.   <\/p>\n","protected":false},"featured_media":132147,"template":"","meta":{"_acf_changed":false,"_seopress_robots_primary_cat":"none","_seopress_titles_title":"","_seopress_titles_desc":"","_seopress_robots_index":""},"product_brand":[],"product_cat":[2400,2396,1973,1974,2394,2398],"product_tag":[1957,2431,2415,2430,2429,2432,2409,2433],"class_list":{"0":"post-140808","1":"product","2":"type-product","3":"status-publish","4":"has-post-thumbnail","6":"product_cat-kleje","7":"product_cat-kociak","8":"product_cat-narzedzia","9":"product_cat-narzedzia-do-szkla","10":"product_cat-tajima","11":"product_cat-zestaw","12":"product_tag-gevelridder","13":"product_tag-ninja","14":"product_tag-noz-2","15":"product_tag-odciete-listwy-przyszybowe","16":"product_tag-oszklenie","17":"product_tag-rozbiorka","18":"product_tag-tajima","19":"product_tag-usuwanie-paznokci","21":"first","22":"instock","23":"taxable","24":"shipping-taxable","25":"purchasable","26":"product-type-simple"},"acf":[],"_links":{"self":[{"href":"https:\/\/gevelridder.nl\/pl\/wp-json\/wp\/v2\/product\/140808","targetHints":{"allow":["GET"]}}],"collection":[{"href":"https:\/\/gevelridder.nl\/pl\/wp-json\/wp\/v2\/product"}],"about":[{"href":"https:\/\/gevelridder.nl\/pl\/wp-json\/wp\/v2\/types\/product"}],"wp:featuredmedia":[{"embeddable":true,"href":"https:\/\/gevelridder.nl\/pl\/wp-json\/wp\/v2\/media\/132147"}],"wp:attachment":[{"href":"https:\/\/gevelridder.nl\/pl\/wp-json\/wp\/v2\/media?parent=140808"}],"wp:term":[{"taxonomy":"product_brand","embeddable":true,"href":"https:\/\/gevelridder.nl\/pl\/wp-json\/wp\/v2\/product_brand?post=140808"},{"taxonomy":"product_cat","embeddable":true,"href":"https:\/\/gevelridder.nl\/pl\/wp-json\/wp\/v2\/product_cat?post=140808"},{"taxonomy":"product_tag","embeddable":true,"href":"https:\/\/gevelridder.nl\/pl\/wp-json\/wp\/v2\/product_tag?post=140808"}],"curies":[{"name":"wp","href":"https:\/\/api.w.org\/{rel}","templated":true}]}}