
{"id":140803,"date":"2026-03-24T11:33:55","date_gmt":"2026-03-24T11:33:55","guid":{"rendered":"https:\/\/gevelridder.nl\/product\/plyn-do-ciecia-50-ml\/"},"modified":"2026-03-24T11:33:55","modified_gmt":"2026-03-24T11:33:55","slug":"plyn-do-ciecia-50-ml","status":"publish","type":"product","link":"https:\/\/gevelridder.nl\/pl\/produkt\/plyn-do-ciecia-50-ml\/","title":{"rendered":"P\u0142yn do ci\u0119cia 50 ml"},"content":{"rendered":"<h2>P\u0142yn do ci\u0119cia 50 ml<\/h2>\n<p>W \u015bwiecie szk\u0142a, gdzie kunszt i precyzja wsp\u00f3lnie nadaj\u0105 ton, Kr\u00f3lestwo wprowadza cudowny eliksir Cutting Liquid 50 ml dla ka\u017cdego rycerskiego szlifierza szk\u0142a: magiczny p\u0142yn do ci\u0119cia. Eliksir, kt\u00f3ry obiecuje przed\u0142u\u017cy\u0107 \u017cywotno\u015b\u0107 Twojego eleganckiego no\u017ca do szk\u0142a, czyni\u0105c ci\u0119cie szk\u0142a aktem finezji i sztuki. <\/p>\n<p>P\u0142yn tn\u0105cy porusza si\u0119 szybko i elegancko, penetruj\u0105c powierzchni\u0119 szk\u0142a i gwarantuj\u0105c niezr\u00f3wnane wyniki ci\u0119cia. Obni\u017ca napi\u0119cie powierzchniowe w szkle, pozwalaj\u0105c k\u00f3\u0142ku toczy\u0107 si\u0119 swobodniej i z mniejszym tarciem. Proces ten jest jak dobrze wykuty miecz p\u0142ynnie poruszaj\u0105cy si\u0119 w powietrzu.  <\/p>\n<p>Prawdziwa moc tego eliksiru tkwi w jego zdolno\u015bci do smarowania k\u00f3\u0142ka tn\u0105cego, minimalizuj\u0105c tarcie i wyd\u0142u\u017caj\u0105c \u017cywotno\u015b\u0107 zaufanej przecinarki do szk\u0142a. Gdy masz ten p\u0142yn w swoim arsenale, mo\u017cesz ci\u0105\u0107 z mniejsz\u0105 si\u0142\u0105, zmniejszaj\u0105c ryzyko uszkodzenia szlachetnej powierzchni szk\u0142a. Rezultatem jest mniej kruszenia i kr\u00f3lewsko doskona\u0142e kraw\u0119dzie.  <\/p>\n<p>Ten magiczny eliksir Cutting Liquid 50ml dzia\u0142a harmonijnie z naro\u017cnikami i linijkami, nie powoduj\u0105c \u017cadnych uszkodze\u0144. Oto niekt\u00f3re z zalet tego panaceum: <\/p>\n<ul>\n<li>Przed\u0142u\u017c \u017cywotno\u015b\u0107 swojego nieustraszonego no\u017ca do szk\u0142a.<\/li>\n<li>Lepsze wyniki ci\u0119cia dzi\u0119ki \u0142atwemu obracaniu tarczy tn\u0105cej.<\/li>\n<li>Stabilizuje napi\u0119cie w szkle na d\u0142u\u017cej.<\/li>\n<li>Zapewnia ochron\u0119 przed uszkodzeniem szk\u0142a i utrzymuje razem od\u0142amane cz\u0119\u015bci.<\/li>\n<li>\u0141atwe do zmycia ze szklanej powierzchni.<\/li>\n<\/ul>\n<p>W tym celu zalecamy nast\u0119puj\u0105ce no\u017ce do szk\u0142a: <a href=\"https:\/\/gevelridder.nl\/product\/silberschnitt-glassnijder-met-houten-heft\/\">n\u00f3\u017c 1<\/a>, <a href=\"https:\/\/gevelridder.nl\/product\/silberschnitt-olie-glassnijder-met-messing-greep-incl-flesje-snijvloeistof-50-ml\/\">n\u00f3\u017c fantazyjny<\/a><\/p>\n","protected":false},"excerpt":{"rendered":"<p>W kr\u00f3lestwie no\u017cy do szk\u0142a nasz magiczny p\u0142yn do ci\u0119cia jest tajn\u0105 broni\u0105. Wzmacnia i wyd\u0142u\u017ca \u017cywotno\u015b\u0107 no\u017ca do szk\u0142a, zapewnia p\u0142ynne i precyzyjne ci\u0119cie oraz zapobiega uszkodzeniom szlachetnego szk\u0142a. To panaceum gwarantuje kr\u00f3lewski rezultat ci\u0119cia, minimalizuje tarcie i p\u0142ynnie wsp\u00f3\u0142pracuje z naro\u017cnikami i linijkami. Mniej odprysk\u00f3w, idealne kraw\u0119dzie i \u0142atwe czyszczenie sprawiaj\u0105, \u017ce eliksir ten jest niezb\u0119dny w arsenale ka\u017cdego rycerskiego szlifierza szk\u0142a.   <\/p>\n","protected":false},"featured_media":131658,"template":"","meta":{"_acf_changed":false,"_seopress_robots_primary_cat":"none","_seopress_titles_title":"","_seopress_titles_desc":"","_seopress_robots_index":""},"product_brand":[],"product_cat":[1973,1974],"product_tag":[2420,2422,1957,2424,2421,2425,2423],"class_list":{"0":"post-140803","1":"product","2":"type-product","3":"status-publish","4":"has-post-thumbnail","6":"product_cat-narzedzia","7":"product_cat-narzedzia-do-szkla","8":"product_tag-ciecie-szkla","9":"product_tag-cuttingoil","10":"product_tag-gevelridder","11":"product_tag-noz-do-szkla","12":"product_tag-olej-do-ciecia","13":"product_tag-potrojne-oszklenie","14":"product_tag-szklo-laminowane","16":"first","17":"instock","18":"sale","19":"taxable","20":"shipping-taxable","21":"purchasable","22":"product-type-simple"},"acf":[],"_links":{"self":[{"href":"https:\/\/gevelridder.nl\/pl\/wp-json\/wp\/v2\/product\/140803","targetHints":{"allow":["GET"]}}],"collection":[{"href":"https:\/\/gevelridder.nl\/pl\/wp-json\/wp\/v2\/product"}],"about":[{"href":"https:\/\/gevelridder.nl\/pl\/wp-json\/wp\/v2\/types\/product"}],"wp:featuredmedia":[{"embeddable":true,"href":"https:\/\/gevelridder.nl\/pl\/wp-json\/wp\/v2\/media\/131658"}],"wp:attachment":[{"href":"https:\/\/gevelridder.nl\/pl\/wp-json\/wp\/v2\/media?parent=140803"}],"wp:term":[{"taxonomy":"product_brand","embeddable":true,"href":"https:\/\/gevelridder.nl\/pl\/wp-json\/wp\/v2\/product_brand?post=140803"},{"taxonomy":"product_cat","embeddable":true,"href":"https:\/\/gevelridder.nl\/pl\/wp-json\/wp\/v2\/product_cat?post=140803"},{"taxonomy":"product_tag","embeddable":true,"href":"https:\/\/gevelridder.nl\/pl\/wp-json\/wp\/v2\/product_tag?post=140803"}],"curies":[{"name":"wp","href":"https:\/\/api.w.org\/{rel}","templated":true}]}}