
{"id":140802,"date":"2026-03-24T11:44:50","date_gmt":"2026-03-24T11:44:50","guid":{"rendered":"https:\/\/gevelridder.nl\/product\/plyn-do-ciecia-1-litr-silberschnitt\/"},"modified":"2026-03-24T11:44:50","modified_gmt":"2026-03-24T11:44:50","slug":"plyn-do-ciecia-1-litr-silberschnitt","status":"publish","type":"product","link":"https:\/\/gevelridder.nl\/pl\/produkt\/plyn-do-ciecia-1-litr-silberschnitt\/","title":{"rendered":"P\u0142yn do ci\u0119cia 1 litr Silberschnitt"},"content":{"rendered":"<p>[vc_row][vc_column][vc_column_text]<\/p>\n<article class=\"text-token-text-primary w-full focus:outline-none [--shadow-height:45px] has-data-writing-block:pointer-events-none has-data-writing-block:-mt-(--shadow-height) has-data-writing-block:pt-(--shadow-height) [&amp;:has([data-writing-block])&gt;*]:pointer-events-auto scroll-mt-(--header-height)\" dir=\"auto\" tabindex=\"-1\" data-turn-id=\"b5c0cba8-e44d-4593-a749-7e01787e9920\" data-testid=\"conversation-turn-17\" data-scroll-anchor=\"false\" data-turn=\"user\"><\/article>\n<article class=\"text-token-text-primary w-full focus:outline-none [--shadow-height:45px] has-data-writing-block:pointer-events-none has-data-writing-block:-mt-(--shadow-height) has-data-writing-block:pt-(--shadow-height) [&amp;:has([data-writing-block])&gt;*]:pointer-events-auto scroll-mt-[calc(var(--header-height)+min(200px,max(70px,20svh)))]\" dir=\"auto\" tabindex=\"-1\" data-turn-id=\"request-WEB:1b11fdf2-b7c2-412d-8fee-9d37e5899617-8\" data-testid=\"conversation-turn-18\" data-scroll-anchor=\"true\" data-turn=\"assistant\">\n<div class=\"text-base my-auto mx-auto pb-10 [--thread-content-margin:--spacing(4)] @w-sm\/main:[--thread-content-margin:--spacing(6)] @w-lg\/main:[--thread-content-margin:--spacing(16)] px-(--thread-content-margin)\">\n<div class=\"[--thread-content-max-width:40rem] @w-lg\/main:[--thread-content-max-width:48rem] mx-auto max-w-(--thread-content-max-width) flex-1 group\/turn-messages focus-visible:outline-hidden relative flex w-full min-w-0 flex-col agent-turn\" tabindex=\"-1\">\n<div class=\"flex max-w-full flex-col grow\">\n<div class=\"min-h-8 text-message relative flex w-full flex-col items-end gap-2 text-start break-words whitespace-normal [.text-message+&amp;]:mt-1\" dir=\"auto\" data-message-author-role=\"assistant\" data-message-id=\"17c24adc-d306-4ad7-8352-9d10900bdb90\" data-message-model-slug=\"gpt-5-2\">\n<div class=\"flex w-full flex-col gap-1 empty:hidden first:pt-[1px]\">\n<div class=\"markdown prose dark:prose-invert w-full wrap-break-word light markdown-new-styling\">\n<h2 data-start=\"0\" data-end=\"82\">1000 ml olej do ci\u0119cia szk\u0142a &#8211; profesjonalny p\u0142yn do precyzyjnego ci\u0119cia szk\u0142a<\/h2>\n<p data-start=\"84\" data-end=\"504\"><strong data-start=\"87\" data-end=\"111\">Olej do ci\u0119cia szk\u0142a o pojemno\u015bci 1000 ml<\/strong> to wysokiej jako\u015bci, profesjonalnie opracowany p\u0142yn do czystego i kontrolowanego ci\u0119cia szk\u0142a. Ta litrowa butelka oleju do ci\u0119cia zosta\u0142a specjalnie opracowana, aby zminimalizowa\u0107 tarcie mi\u0119dzy tarcz\u0105 tn\u0105c\u0105 a powierzchni\u0105 szk\u0142a, tworz\u0105c r\u00f3wn\u0105 lini\u0119 ci\u0119cia i znacznie wyd\u0142u\u017caj\u0105c \u017cywotno\u015b\u0107 narz\u0119dzia. <\/p>\n<p data-start=\"506\" data-end=\"870\">Olej do ci\u0119cia szk\u0142a jest niezb\u0119dnym narz\u0119dziem podczas ci\u0119cia szk\u0142a float, luster i cienkiego szk\u0142a laminowanego. Stosowanie wysokiej jako\u015bci p\u0142ynu do ci\u0119cia zapobiega mikrop\u0119kni\u0119ciom, nieregularnym liniom \u0142amania i nadmiernemu zu\u017cyciu tarczy tn\u0105cej. Profesjonalni szklarze wiedz\u0105, \u017ce konsekwentne smarowanie bezpo\u015brednio wp\u0142ywa na wytrzyma\u0142o\u015b\u0107 na p\u0119kanie i efekt ko\u0144cowy.  <\/p>\n<h3 data-start=\"872\" data-end=\"922\">Dlaczego warto wybra\u0107 profesjonalny olej do ci\u0119cia szk\u0142a?<\/h3>\n<p data-start=\"924\" data-end=\"1232\">P\u0142yn do ci\u0119cia zosta\u0142 opracowany zgodnie z normami jako\u015bci obowi\u0105zuj\u0105cymi w przemy\u015ble szklarskim i spe\u0142nia profesjonalne standardy m.in. <span class=\"hover:entity-accent entity-underline inline cursor-pointer align-baseline\"><span class=\"whitespace-normal\">Bohle GmbH<\/span><\/span>producenta narz\u0119dzi Silberschnitt\u00ae. Olej ma optymaln\u0105 lepko\u015b\u0107, kt\u00f3ra zapewnia: <\/p>\n<ul data-start=\"1234\" data-end=\"1474\">\n<li data-start=\"1234\" data-end=\"1280\">\n<p data-start=\"1236\" data-end=\"1280\">K\u00f3\u0142ko tn\u0105ce g\u0142adko przesuwa si\u0119 po szkle<\/p>\n<\/li>\n<li data-start=\"1281\" data-end=\"1334\">\n<p data-start=\"1283\" data-end=\"1334\">Linia ci\u0119cia staje si\u0119 bardziej widoczna i sp\u00f3jna<\/p>\n<\/li>\n<li data-start=\"1335\" data-end=\"1379\">\n<p data-start=\"1337\" data-end=\"1379\">Ryzyko kruszenia si\u0119 jest zmniejszone<\/p>\n<\/li>\n<li data-start=\"1380\" data-end=\"1429\">\n<p data-start=\"1382\" data-end=\"1429\">Wyd\u0142u\u017cona \u017cywotno\u015b\u0107 tarczy tn\u0105cej<\/p>\n<\/li>\n<li data-start=\"1430\" data-end=\"1474\">\n<p data-start=\"1432\" data-end=\"1474\">Mniejszy nacisk wymagany podczas ci\u0119cia<\/p>\n<\/li>\n<\/ul>\n<p data-start=\"1476\" data-end=\"1583\">Skutkuje to w\u0105skimi kraw\u0119dziami p\u0119kni\u0119\u0107 i wy\u017csz\u0105 wydajno\u015bci\u0105 podczas monta\u017cu i operacji produkcyjnych.<\/p>\n<h3 data-start=\"1585\" data-end=\"1623\">Nadaje si\u0119 do r\u00f3\u017cnych zastosowa\u0144<\/h3>\n<p data-start=\"1625\" data-end=\"1666\">Litrowa butelka oleju do ci\u0119cia szk\u0142a jest idealna do:<\/p>\n<ul data-start=\"1668\" data-end=\"1806\">\n<li data-start=\"1668\" data-end=\"1697\">\n<p data-start=\"1670\" data-end=\"1697\">Profesjonalni szklarze<\/p>\n<\/li>\n<li data-start=\"1698\" data-end=\"1718\">\n<p data-start=\"1700\" data-end=\"1718\">Projektanci wn\u0119trz<\/p>\n<\/li>\n<li data-start=\"1719\" data-end=\"1741\">\n<p data-start=\"1721\" data-end=\"1741\">Producenci luster<\/p>\n<\/li>\n<li data-start=\"1742\" data-end=\"1774\">\n<p data-start=\"1744\" data-end=\"1774\">Warsztaty i studia szk\u0142a<\/p>\n<\/li>\n<li data-start=\"1775\" data-end=\"1806\">\n<p data-start=\"1777\" data-end=\"1806\">Projekty budowlane i remontowe<\/p>\n<\/li>\n<\/ul>\n<p data-start=\"1808\" data-end=\"2027\">Dzi\u0119ki du\u017cej pojemno\u015bci <strong data-start=\"1837\" data-end=\"1848\">1000 ml<\/strong> ten p\u0142yn do ci\u0119cia jest szczeg\u00f3lnie odpowiedni do intensywnego u\u017cytkowania w warsztatach i \u015brodowiskach produkcyjnych. Jeden litr zapewnia d\u0142ugotrwa\u0142e wsparcie w codziennych zadaniach ci\u0119cia. <\/p>\n<p data-start=\"2058\" data-end=\"2345\">Szukasz <em data-start=\"2071\" data-end=\"2093\">oleju do ci\u0119cia szk\u0142a 1000 ml<\/em>, <em data-start=\"2095\" data-end=\"2134\">profesjonalnego p\u0142ynu do ci\u0119cia szk\u0142a<\/em>, <em data-start=\"2136\" data-end=\"2152\">oleju do ci\u0119cia Bohle<\/em> lub <em data-start=\"2157\" data-end=\"2184\">oleju do ci\u0119cia szk\u0142a olejowego<\/em>? W takim razie ta litrowa butelka jest idealnym wyborem. Formu\u0142a zapewnia precyzyjne ci\u0119cie pod k\u0105tem 140\u00b0 i jest doskonale dostosowana do nowoczesnych przecinarek do szk\u0142a olejowego.  <\/p>\n<h3 data-start=\"2347\" data-end=\"2380\">Zr\u00f3wnowa\u017cony i ekonomiczny wyb\u00f3r<\/h3>\n<p data-start=\"2382\" data-end=\"2655\">Ulepszone smarowanie zmniejsza zu\u017cycie i konieczno\u015b\u0107 rzadszej wymiany tarczy tn\u0105cej. To sprawia, \u017ce ten olej do ci\u0119cia szk\u0142a jest nie tylko efektywny technicznie, ale tak\u017ce atrakcyjny ekonomicznie. Rzadsza wymiana narz\u0119dzi oznacza ni\u017csze koszty operacyjne.  <\/p>\n<p data-start=\"2657\" data-end=\"2914\" data-is-last-node=\"\" data-is-only-node=\"\">Kr\u00f3tko m\u00f3wi\u0105c: dzi\u0119ki temu <strong data-start=\"2674\" data-end=\"2698\">olejowi do ci\u0119cia szk\u0142a o pojemno\u015bci 1000<\/strong> ml wybierasz profesjonaln\u0105 wydajno\u015b\u0107, d\u0142u\u017cszy dystans ci\u0119cia narz\u0119dziami i wyra\u017anie lepsz\u0105 jako\u015b\u0107 ci\u0119cia. Niezb\u0119dny produkt dla ka\u017cdego, kto chce ci\u0105\u0107 szk\u0142o wydajnie, bezpiecznie i z maksymaln\u0105 precyzj\u0105. <\/p>\n<\/div>\n<\/div>\n<\/div>\n<\/div>\n<\/div>\n<\/div>\n<\/article>\n<p>[\/vc_column_text][\/vc_column][\/vc_row]<\/p>\n","protected":false},"excerpt":{"rendered":"<p>Olej do ci\u0119cia szk\u0142a o pojemno\u015bci 1000 ml to profesjonalny p\u0142yn do ci\u0119cia, kt\u00f3ry zmniejsza tarcie, zapewnia w\u0105skie linie ci\u0119cia i wyd\u0142u\u017ca \u017cywotno\u015b\u0107 tarczy tn\u0105cej. Idealny do szk\u0142a float, luster i szk\u0142a laminowanego, odpowiedni do intensywnego i precyzyjnego u\u017cytkowania. <\/p>\n","protected":false},"featured_media":132530,"template":"","meta":{"_acf_changed":false,"_seopress_robots_primary_cat":"","_seopress_titles_title":"","_seopress_titles_desc":"","_seopress_robots_index":""},"product_brand":[],"product_cat":[1973,1974],"product_tag":[2427,2143,2420,2422,1957,2424,2421,2428,2425,2426,2423],"class_list":{"0":"post-140802","1":"product","2":"type-product","3":"status-publish","4":"has-post-thumbnail","6":"product_cat-narzedzia","7":"product_cat-narzedzia-do-szkla","8":"product_tag-2427","9":"product_tag-bohle","10":"product_tag-ciecie-szkla","11":"product_tag-cuttingoil","12":"product_tag-gevelridder","13":"product_tag-noz-do-szkla","14":"product_tag-olej-do-ciecia","15":"product_tag-plyn-tnacy","16":"product_tag-potrojne-oszklenie","17":"product_tag-silberschnitt","18":"product_tag-szklo-laminowane","19":"product_shipping_class-16-euro","21":"first","22":"instock","23":"taxable","24":"shipping-taxable","25":"purchasable","26":"product-type-simple"},"acf":[],"_links":{"self":[{"href":"https:\/\/gevelridder.nl\/pl\/wp-json\/wp\/v2\/product\/140802","targetHints":{"allow":["GET"]}}],"collection":[{"href":"https:\/\/gevelridder.nl\/pl\/wp-json\/wp\/v2\/product"}],"about":[{"href":"https:\/\/gevelridder.nl\/pl\/wp-json\/wp\/v2\/types\/product"}],"wp:featuredmedia":[{"embeddable":true,"href":"https:\/\/gevelridder.nl\/pl\/wp-json\/wp\/v2\/media\/132530"}],"wp:attachment":[{"href":"https:\/\/gevelridder.nl\/pl\/wp-json\/wp\/v2\/media?parent=140802"}],"wp:term":[{"taxonomy":"product_brand","embeddable":true,"href":"https:\/\/gevelridder.nl\/pl\/wp-json\/wp\/v2\/product_brand?post=140802"},{"taxonomy":"product_cat","embeddable":true,"href":"https:\/\/gevelridder.nl\/pl\/wp-json\/wp\/v2\/product_cat?post=140802"},{"taxonomy":"product_tag","embeddable":true,"href":"https:\/\/gevelridder.nl\/pl\/wp-json\/wp\/v2\/product_tag?post=140802"}],"curies":[{"name":"wp","href":"https:\/\/api.w.org\/{rel}","templated":true}]}}