
{"id":140800,"date":"2026-04-03T09:37:21","date_gmt":"2026-04-03T09:37:21","guid":{"rendered":"https:\/\/gevelridder.nl\/product\/tajima-noz-do-szybkiego-odlamywania-grzbietu-suwak-z-automatyczna-blokada\/"},"modified":"2026-04-03T09:37:21","modified_gmt":"2026-04-03T09:37:21","slug":"tajima-noz-do-szybkiego-odlamywania-grzbietu-suwak-z-automatyczna-blokada","status":"publish","type":"product","link":"https:\/\/gevelridder.nl\/pl\/produkt\/tajima-noz-do-szybkiego-odlamywania-grzbietu-suwak-z-automatyczna-blokada\/","title":{"rendered":"TAJIMA N\u00d3\u017b DO SZYBKIEGO OD\u0141AMYWANIA GRZBIETU (SUWAK Z AUTOMATYCZN\u0104 BLOKAD\u0104)"},"content":{"rendered":"<h2><strong>Zwi\u0119ksz bezpiecze\u0144stwo i wydajno\u015b\u0107 dzi\u0119ki TAJIMA QUICK BACK BREAKMES<\/strong><\/h2>\n<p>Kiedy my\u015blimy o pracy z no\u017cami, bezpiecze\u0144stwo jest najwa\u017cniejsze, dlatego kupujemy TAJIMA QUICK BACK CUTTER (AUTO-LOCK SHOVE). Mo\u017ce Ci\u0119 to zaskoczy\u0107, ale wi\u0119kszo\u015b\u0107 wypadk\u00f3w w miejscu pracy ma miejsce z no\u017cami. Dlatego tak wa\u017cne jest, aby zainwestowa\u0107 w wysokiej jako\u015bci i bezpieczny n\u00f3\u017c do od\u0142amywania, taki jak TAJIMA QUICK BACK CUTTER (AUTO-LOCK SHIFE).  <\/p>\n<p>Samozwijaj\u0105ce si\u0119 ostrze o \u015brednicy 18 mm zosta\u0142o zaprojektowane z my\u015bl\u0105 o bezpiecze\u0144stwie i wydajno\u015bci. Posiada ergonomiczny uchwyt zapewniaj\u0105cy wygod\u0119 u\u017cytkowania i jest wyposa\u017cony w unikaln\u0105 ko\u0144c\u00f3wk\u0119 &#8222;Driver&#8221; oraz wielofunkcyjn\u0105 &#8222;p\u0142etw\u0119&#8221;. Automatyczny system chowania Tajima zapewnia, \u017ce n\u00f3\u017c jest zawsze bezpiecznie schowany, gdy nie jest u\u017cywany, znacznie zmniejszaj\u0105c ryzyko obra\u017ce\u0144.  <\/p>\n<h2>Driver Cutter<\/h2>\n<p>To, co czyni wkr\u0119taki TAJIMA QUICK BACK BREAKMES (AUTO-LOCK SCREW) naprawd\u0119 wyj\u0105tkowymi, to technologia &#8222;Driver Cutter&#8221;. Tuleje ostrzy Driver Cutter s\u0105 a\u017c 3,5 razy mocniejsze ni\u017c standardowe modele i spe\u0142niaj\u0105 rygorystyczne normy JIS dotycz\u0105ce twardo\u015bci ko\u0144c\u00f3wek wkr\u0119tak\u00f3w. W rezultacie mog\u0105 one nie tylko bez wysi\u0142ku dokr\u0119ca\u0107 i odkr\u0119ca\u0107 standardowe \u015bruby, ale tak\u017ce wykonywa\u0107 inne typowe zadania bez wysuwania ostrza. Pomy\u015bl o otwieraniu pokrywek puszek za pomoc\u0105 ko\u0144c\u00f3wki Driver Tip i przecinaniu pude\u0142ek za pomoc\u0105 tylnej cz\u0119\u015bci ostrza.   <\/p>\n<p>Ten n\u00f3\u017c to nie tylko doskona\u0142e narz\u0119dzie dla profesjonalist\u00f3w, ale tak\u017ce do codziennych prac w domu i wok\u00f3\u0142 niego. Niezale\u017cnie od tego, czy chcesz otworzy\u0107 pude\u0142ka, dokr\u0119ci\u0107 \u015bruby czy wykona\u0107 inne zadania, TAJIMA QUICK BACK AFBREAKMES gwarantuje jako\u015b\u0107 i wydajno\u015b\u0107. <\/p>\n<p>Ponadto n\u00f3\u017c zosta\u0142 wyprodukowany w Japonii, gdzie wysoko ceni si\u0119 kunszt i jako\u015b\u0107. Zapewnia to trwa\u0142o\u015b\u0107 i niezawodno\u015b\u0107 we wszystkich projektach. Kr\u00f3tko m\u00f3wi\u0105c, zainwestuj w bezpiecze\u0144stwo i wydajno\u015b\u0107 swojej pracy dzi\u0119ki TAJIMA QUICK BACK BREAKING KNIVES. To nie jest zwyk\u0142y n\u00f3\u017c; to niezb\u0119dne narz\u0119dzie do ka\u017cdej pracy.   <\/p>\n","protected":false},"excerpt":{"rendered":"<p>TAJIMA QUICK BACK AFBREAKMES oferuje zar\u00f3wno bezpiecze\u0144stwo, jak i wydajno\u015b\u0107. Dzi\u0119ki automatycznemu systemowi chowania i technologii Driver Cutter, n\u00f3\u017c ten jest idealny do r\u00f3\u017cnych zada\u0144, od otwierania pude\u0142ek po dokr\u0119canie \u015brub. Wyprodukowany w Japonii dla zapewnienia trwa\u0142o\u015bci.  <\/p>\n","protected":false},"featured_media":132979,"template":"","meta":{"_acf_changed":false,"_seopress_robots_primary_cat":"none","_seopress_titles_title":"","_seopress_titles_desc":"","_seopress_robots_index":""},"product_brand":[],"product_cat":[2400,2396,1973,1974,2394,2398],"product_tag":[1957,2403,2415,2413,2411,2417,2407,2073,2409,2401,2405],"class_list":{"0":"post-140800","1":"product","2":"type-product","3":"status-publish","4":"has-post-thumbnail","6":"product_cat-kleje","7":"product_cat-kociak","8":"product_cat-narzedzia","9":"product_cat-narzedzia-do-szkla","10":"product_cat-tajima","11":"product_cat-zestaw","12":"product_tag-gevelridder","13":"product_tag-kociak","14":"product_tag-noz-2","15":"product_tag-noz-hobbystyczny","16":"product_tag-noz-odcinajacy","17":"product_tag-noz-roboczy","18":"product_tag-pistolet-do-uszczelniania","19":"product_tag-szklo","20":"product_tag-tajima","21":"product_tag-uszczelnienie","22":"product_tag-zestaw-2","24":"first","25":"instock","26":"taxable","27":"shipping-taxable","28":"purchasable","29":"product-type-simple"},"acf":[],"_links":{"self":[{"href":"https:\/\/gevelridder.nl\/pl\/wp-json\/wp\/v2\/product\/140800","targetHints":{"allow":["GET"]}}],"collection":[{"href":"https:\/\/gevelridder.nl\/pl\/wp-json\/wp\/v2\/product"}],"about":[{"href":"https:\/\/gevelridder.nl\/pl\/wp-json\/wp\/v2\/types\/product"}],"wp:featuredmedia":[{"embeddable":true,"href":"https:\/\/gevelridder.nl\/pl\/wp-json\/wp\/v2\/media\/132979"}],"wp:attachment":[{"href":"https:\/\/gevelridder.nl\/pl\/wp-json\/wp\/v2\/media?parent=140800"}],"wp:term":[{"taxonomy":"product_brand","embeddable":true,"href":"https:\/\/gevelridder.nl\/pl\/wp-json\/wp\/v2\/product_brand?post=140800"},{"taxonomy":"product_cat","embeddable":true,"href":"https:\/\/gevelridder.nl\/pl\/wp-json\/wp\/v2\/product_cat?post=140800"},{"taxonomy":"product_tag","embeddable":true,"href":"https:\/\/gevelridder.nl\/pl\/wp-json\/wp\/v2\/product_tag?post=140800"}],"curies":[{"name":"wp","href":"https:\/\/api.w.org\/{rel}","templated":true}]}}