
{"id":140782,"date":"2026-03-24T11:38:06","date_gmt":"2026-03-24T11:38:06","guid":{"rendered":"https:\/\/gevelridder.nl\/product\/wysoki-aluminiowy-tlok-pompy-veribor\/"},"modified":"2026-05-08T10:00:46","modified_gmt":"2026-05-08T10:00:46","slug":"wysoki-aluminiowy-tlok-pompy-veribor","status":"publish","type":"product","link":"https:\/\/gevelridder.nl\/pl\/produkt\/wysoki-aluminiowy-tlok-pompy-veribor\/","title":{"rendered":"Wysoki aluminiowy t\u0142ok pompy Veribor"},"content":{"rendered":"<h2><strong>Wysokiej jako\u015bci aluminiowe podno\u015bniki ss\u0105ce do zakrzywionych i strukturalnych powierzchni<\/strong><\/h2>\n<p>Nasz aluminiowy podno\u015bnik ssawny do pomp to najlepszy wyb\u00f3r do podnoszenia \u0142adunk\u00f3w na zakrzywionych i bardzo teksturowanych powierzchniach. Dzi\u0119ki dedykowanej tarczy ss\u0105cej o \u015brednicy 220 mm, podno\u015bnik ten oferuje elastyczno\u015b\u0107 i stabilno\u015b\u0107 niezb\u0119dn\u0105 do obs\u0142ugi nawet najbardziej wymagaj\u0105cych zada\u0144. <\/p>\n<p><strong>Wydajne podci\u015bnienie zapewniaj\u0105ce bezpieczne operacje podnoszenia<\/strong><\/p>\n<p>Zaprojektowany w celu wytworzenia silnego podci\u015bnienia, ten podno\u015bnik t\u0142oka pompy wymaga mocnego doci\u015bni\u0119cia t\u0142oka do powierzchni w celu uzyskania dobrego uszczelnienia. Zapewnia to bezpieczne podnoszenie nawet na zakrzywionych lub bardzo teksturowanych powierzchniach. <\/p>\n<p><strong>Sta\u0142a kontrola widoczno\u015bci dla wi\u0119kszego bezpiecze\u0144stwa<\/strong><\/p>\n<p>Czerwony pier\u015bcie\u0144 na pompie zapewnia sta\u0142\u0105 kontrol\u0119 widoczno\u015bci, umo\u017cliwiaj\u0105c u\u017cytkownikom natychmiastowe sprawdzenie, czy podci\u015bnienie nadal dzia\u0142a prawid\u0142owo. Zapewnia to dodatkow\u0105 warstw\u0119 bezpiecze\u0144stwa i spokoju podczas operacji podnoszenia. <\/p>\n<p><strong>Minimalny promie\u0144 roboczy zapewniaj\u0105cy zwrotno\u015b\u0107<\/strong><\/p>\n<p>Dzi\u0119ki minimalnemu promieniowi roboczemu wynosz\u0105cemu zaledwie 500 mm, ten podno\u015bnik ss\u0105cy do pomp jest bardzo zwrotny i nadaje si\u0119 do u\u017cytku w ciasnych przestrzeniach. Zwi\u0119ksza to wydajno\u015b\u0107 i wszechstronno\u015b\u0107 operacji. <\/p>\n<p><strong>Dane techniczne w skr\u00f3cie<\/strong><\/p>\n<ul>\n<li>Typ wytwarzania pr\u00f3\u017cni: Podno\u015bnik ss\u0105cy pompy<\/li>\n<li>Ud\u017awig: 80 kg<\/li>\n<li>Kierunek \u0142o\u017cyska: r\u00f3wnoleg\u0142y<\/li>\n<li>Materia\u0142 podno\u015bnik\u00f3w ss\u0105cych: aluminium<\/li>\n<li>Geometria powierzchni: zakrzywiona &#8211; strukturalna<\/li>\n<li>Przyssawka: \u00f8 220 mm<\/li>\n<li>Liczba tarcz ss\u0105cych: 1<\/li>\n<li>Wska\u017anik bezpiecze\u0144stwa pr\u00f3\u017cni: Tak<\/li>\n<li>Certyfikat GS: Tak<\/li>\n<\/ul>\n<p><strong>Wysoka jako\u015b\u0107 i bezpiecze\u0144stwo<\/strong><\/p>\n<p>Nasz aluminiowy podno\u015bnik ss\u0105cy do pomp zosta\u0142 zaprojektowany i wyprodukowany z my\u015bl\u0105 o najwy\u017cszych standardach jako\u015bci i bezpiecze\u0144stwa. Posiada certyfikat GS, co oznacza, \u017ce spe\u0142nia surowe niemieckie normy jako\u015bci. <\/p>\n<p>Wybierz ten podno\u015bnik ss\u0105cy do zada\u0144 podnoszenia na zakrzywionych i teksturowanych powierzchniach i do\u015bwiadcz mocy, elastyczno\u015bci i bezpiecze\u0144stwa, kt\u00f3rych potrzebujesz, aby wykonywa\u0107 swoje zadania bez wysi\u0142ku. Dzi\u0119ki minimalnemu promieniowi roboczemu i sta\u0142ej kontroli wzroku jest to idealny towarzysz do wszystkich zada\u0144 zwi\u0105zanych z podnoszeniem. <\/p>\n","protected":false},"excerpt":{"rendered":"<p>Ten aluminiowy podno\u015bnik z pomp\u0105 ss\u0105c\u0105 jest idealny do podnoszenia \u0142adunk\u00f3w na zakrzywionych i bardzo teksturowanych powierzchniach. Dzi\u0119ki specjalnej tarczy przyssawkowej o \u015brednicy 220 mm, zapewnia silne podci\u015bnienie do bezpiecznego podnoszenia, jednak wymaga nacisku na powierzchni\u0119 w celu uszczelnienia. Czerwony pier\u015bcie\u0144 na pompie zapewnia sta\u0142\u0105 kontrol\u0119 widoczno\u015bci. Dzi\u0119ki ud\u017awigowi do 80 kg, minimalnemu promieniowi roboczemu 500 mm i certyfikatowi GS, produkt ten gwarantuje jako\u015b\u0107, bezpiecze\u0144stwo i wydajno\u015b\u0107 w r\u00f3\u017cnych zastosowaniach.   <\/p>\n<p>&nbsp;<\/p>\n","protected":false},"featured_media":132032,"template":"","meta":{"_acf_changed":false,"_seopress_robots_primary_cat":"none","_seopress_titles_title":"","_seopress_titles_desc":"","_seopress_robots_index":""},"product_brand":[],"product_cat":[1952,1953,1977,2329],"product_tag":[2143,2214,2228,2331,2017,1993,2014,1992,2015,2231,2330,2332],"class_list":{"0":"post-140782","1":"product","2":"type-product","3":"status-publish","4":"has-post-thumbnail","6":"product_cat-nosidla-do-szyb","7":"product_cat-przyssawki-z-pompka","8":"product_cat-przyssawki-z-pompka-2","9":"product_cat-veribor","10":"product_tag-bohle","11":"product_tag-grabo","12":"product_tag-kim75","13":"product_tag-lasy","14":"product_tag-miroiterie","15":"product_tag-podnosnik-do-szkla","16":"product_tag-podnoszenie-szkla","17":"product_tag-szklarz","18":"product_tag-szklarz-2","19":"product_tag-tlok-pompy","20":"product_tag-weribor","21":"product_tag-wpg","23":"first","24":"instock","25":"taxable","26":"shipping-taxable","27":"purchasable","28":"product-type-simple"},"acf":[],"_links":{"self":[{"href":"https:\/\/gevelridder.nl\/pl\/wp-json\/wp\/v2\/product\/140782","targetHints":{"allow":["GET"]}}],"collection":[{"href":"https:\/\/gevelridder.nl\/pl\/wp-json\/wp\/v2\/product"}],"about":[{"href":"https:\/\/gevelridder.nl\/pl\/wp-json\/wp\/v2\/types\/product"}],"wp:featuredmedia":[{"embeddable":true,"href":"https:\/\/gevelridder.nl\/pl\/wp-json\/wp\/v2\/media\/132032"}],"wp:attachment":[{"href":"https:\/\/gevelridder.nl\/pl\/wp-json\/wp\/v2\/media?parent=140782"}],"wp:term":[{"taxonomy":"product_brand","embeddable":true,"href":"https:\/\/gevelridder.nl\/pl\/wp-json\/wp\/v2\/product_brand?post=140782"},{"taxonomy":"product_cat","embeddable":true,"href":"https:\/\/gevelridder.nl\/pl\/wp-json\/wp\/v2\/product_cat?post=140782"},{"taxonomy":"product_tag","embeddable":true,"href":"https:\/\/gevelridder.nl\/pl\/wp-json\/wp\/v2\/product_tag?post=140782"}],"curies":[{"name":"wp","href":"https:\/\/api.w.org\/{rel}","templated":true}]}}