
{"id":140771,"date":"2026-03-24T11:40:38","date_gmt":"2026-03-24T11:40:38","guid":{"rendered":"https:\/\/gevelridder.nl\/product\/nowosc-akumulatorowy-podnosnik-prozniowy-veribor-z-tworzywa-sztucznego\/"},"modified":"2026-05-08T10:00:43","modified_gmt":"2026-05-08T10:00:43","slug":"nowosc-akumulatorowy-podnosnik-prozniowy-veribor-z-tworzywa-sztucznego","status":"publish","type":"product","link":"https:\/\/gevelridder.nl\/pl\/produkt\/nowosc-akumulatorowy-podnosnik-prozniowy-veribor-z-tworzywa-sztucznego\/","title":{"rendered":"NOWO\u015a\u0106: akumulatorowy podno\u015bnik pr\u00f3\u017cniowy Veribor\u00ae z tworzywa sztucznego"},"content":{"rendered":"<p><strong>Podno\u015bniki akumulatorowe Veribor\u00ae Tworzywo sztuczne<\/strong><\/p>\n<p>Odkurzacz akumulatorowy Veribor\u00ae gwarantuje maksymaln\u0105 wydajno\u015b\u0107 i jako\u015b\u0107, znacznie u\u0142atwiaj\u0105c dzie\u0144 pracy. Dzi\u0119ki mo\u017cliwo\u015bci obs\u0142ugi jedn\u0105 r\u0119k\u0105 i inteligentnej koncepcji bezpiecze\u0144stwa jest to niezast\u0105pione narz\u0119dzie w ka\u017cdym \u015brodowisku pracy. Ssanie odbywa si\u0119 za naci\u015bni\u0119ciem przycisku, a ponowne pompowanie jest nawet w pe\u0142ni automatyczne.  <\/p>\n<p><span style=\"color: #5bbc3a;\"><strong>Wyj\u0105tkowo\u015b\u0107 tego odkurzacza r\u0119cznego polega na tym, \u017ce nie mo\u017cna go wy\u0142\u0105czy\u0107 po zassaniu. Jest to wspania\u0142a innowacja, kt\u00f3ra zwi\u0119ksza bezpiecze\u0144stwo. Co wi\u0119cej, t\u0142ok wyj\u0105tkowo dobrze le\u017cy w d\u0142oni. T\u0142ok musi wi\u0119c zosta\u0107 odpowietrzony, zanim b\u0119dzie mo\u017cna go wy\u0142\u0105czy\u0107. W\u0142a\u015bnie dlatego sprzedajemy ten t\u0142ok w kategorii Elite; po prostu nie ma nic lepszego. Wynika to z faktu, \u017ce inne t\u0142oki mo\u017cna wy\u0142\u0105czy\u0107 za pomoc\u0105 przycisku zasilania, wi\u0119c nadal przylegaj\u0105 do okna, ale nie s\u0105 ju\u017c nape\u0142niane. Mo\u017ce to spowodowa\u0107 ich odpadni\u0119cie od szyby. Z tym wyj\u0105tkowym Veriborem nie jest to mo\u017cliwe!       <\/strong><\/span><\/p>\n<p><strong>Nowy poziom bezpiecze\u0144stwa<\/strong><\/p>\n<p>Ten inteligentny system oferuje nowy poziom bezpiecze\u0144stwa, automatycznie pompuj\u0105c w przypadku utraty pr\u00f3\u017cni, rozpoznaj\u0105c b\u0142\u0119dy i ostrzegaj\u0105c u\u017cytkownika za pomoc\u0105 wy\u015bwietlacza LED, gdy poziom na\u0142adowania akumulatora spadnie. Dzi\u0119ki wydajnemu akumulatorowi litowo-jonowemu mo\u017cna pompowa\u0107 do 600 razy, zanim konieczne b\u0119dzie ponowne na\u0142adowanie. A nawet je\u015bli bateria wymaga na\u0142adowania, mo\u017cna \u0142atwo prze\u0142\u0105czy\u0107 si\u0119 na tryb pompki r\u0119cznej za pomoc\u0105 do\u0142\u0105czonej oddzielnej pompki, umo\u017cliwiaj\u0105c dalsz\u0105 prac\u0119 bez znacznej straty czasu.  <\/p>\n<p><strong>Nadaje si\u0119 do r\u00f3\u017cnych materia\u0142\u00f3w<\/strong><\/p>\n<p>Dzi\u0119ki imponuj\u0105cemu ud\u017awigowi 120 kg, Veribor\u00ae Battery Suction Lift Plastic nadaje si\u0119 do szerokiej gamy materia\u0142\u00f3w, w tym p\u0142ytek, blachy stalowej, powlekanych paneli drewnianych, szk\u0142a i paneli z tworzyw sztucznych.<\/p>\n<p><strong>Adaptacyjna ekspansja i zr\u00f3wnowa\u017cony rozw\u00f3j<\/strong><\/p>\n<p>Rozumiemy, \u017ce zachowanie istniej\u0105cych produkt\u00f3w jest wa\u017cne. Dlatego zapewnili\u015bmy adaptacyjn\u0105 rozbudow\u0119 i trwa\u0142o\u015b\u0107 przy zmianie generacji. Wszystkie istniej\u0105ce modele BO 601 i BO 601G (obs\u0142ugiwane r\u0119cznie) mo\u017cna rozszerzy\u0107 o pomp\u0119 akumulatorow\u0105 BO601.0A.  <\/p>\n<p><strong>Najwa\u017cniejsze cechy produktu:<\/strong><\/p>\n<ul>\n<li>Koncepcja inteligentnych zabezpiecze\u0144<\/li>\n<li>Wi\u0119kszy komfort pracy dzi\u0119ki obs\u0142udze jedn\u0105 r\u0119k\u0105<\/li>\n<li>Wy\u015bwietlacz LED do monitorowania pr\u00f3\u017cni i akumulatora<\/li>\n<li>Pompk\u0119 akumulatorow\u0105 mo\u017cna zast\u0105pi\u0107 pompk\u0105 r\u0119czn\u0105<\/li>\n<li>Wyprodukowano w Niemczech<\/li>\n<li>Zwi\u0119kszone bezpiecze\u0144stwo dzi\u0119ki automatycznemu pompowaniu<\/li>\n<li>Nie zawiera rakotw\u00f3rczych zwi\u0105zk\u00f3w w\u0119glowodorowych (WWA)<\/li>\n<\/ul>\n<p><strong>Zawarte w opakowaniu:<\/strong><\/p>\n<ul>\n<li>1x Podno\u015bnik ss\u0105cy pompy<\/li>\n<li>1x Pompa akumulatorowa<\/li>\n<li>1x kabel USB-C do \u0142adowania<\/li>\n<li>1x Wk\u0142ad do baga\u017cnika<\/li>\n<li>1x Etui na podno\u015bniki ss\u0105ce<\/li>\n<\/ul>\n<p>Kr\u00f3tko m\u00f3wi\u0105c, odkurzacz akumulatorowy Veribor\u00ae oferuje nie tylko maksymaln\u0105 wydajno\u015b\u0107 i wygod\u0119, ale tak\u017ce niezr\u00f3wnany poziom bezpiecze\u0144stwa i trwa\u0142o\u015bci, co czyni go niezb\u0119dnym dodatkiem do arsena\u0142u narz\u0119dzi roboczych.<\/p>\n<p>&nbsp;<\/p>\n","protected":false},"excerpt":{"rendered":"<p><span style=\"color: #5bbc3a;\"><strong>Wyj\u0105tkowo\u015b\u0107 tego r\u0119cznego aspiratora polega na tym, \u017ce nie mo\u017cna go wy\u0142\u0105czy\u0107 po odessaniu t\u0142oka. Jest to wspania\u0142a innowacja, kt\u00f3ra zwi\u0119ksza bezpiecze\u0144stwo, tylko poprzez odpowietrzenie t\u0142oka nast\u0119puje jego zwolnienie, tylko wtedy mo\u017cna go wy\u0142\u0105czy\u0107. Co wi\u0119cej, t\u0142ok jest wyj\u0105tkowo wygodny w trzymaniu. W\u0142a\u015bnie dlatego sprzedajemy ten t\u0142ok w kategorii Elite. <\/strong><strong>Inwestycja w wi\u0119ksze bezpiecze\u0144stwo<\/strong><\/span><\/p>\n<p><span style=\"color: #5bbc3a;\">Inteligentna<\/span> koncepcja bezpiecze\u0144stwa<\/p>\n<p><span style=\"color: #5bbc3a;\">Wi\u0119kszy <\/span>komfort podczas pracy dzi\u0119ki obs\u0142udze jedn\u0105 r\u0119k\u0105<\/p>\n<p>Wy\u015bwietlacz <span style=\"color: #5bbc3a;\">LED <\/span>do monitorowania pr\u00f3\u017cni i akumulatora<\/p>\n<p>Pompk\u0119 akumulatorow\u0105 mo\u017cna zast\u0105pi\u0107 pompk\u0105 <span style=\"color: #5bbc3a;\">r\u0119czn\u0105 <\/span><\/p>\n<p><span style=\"color: #5bbc3a;\">Wyprodukowano <\/span>w Europie<\/p>\n<p><span style=\"color: #5bbc3a;\">Zwi\u0119kszone <\/span>bezpiecze\u0144stwo dzi\u0119ki automatycznemu ponownemu pompowaniu<\/p>\n<p>Nie zawiera rakotw\u00f3rczych zwi\u0105zk\u00f3w w\u0119glowodorowych (WWA<span style=\"color: #5bbc3a;\">) <\/span><\/p>\n","protected":false},"featured_media":132311,"template":"","meta":{"_acf_changed":false,"_seopress_robots_primary_cat":"none","_seopress_titles_title":"","_seopress_titles_desc":"","_seopress_robots_index":""},"product_brand":[],"product_cat":[1952,1977,1953,2329],"product_tag":[2143,2214,2228,2331,2017,1993,2014,2015,1992,2231,2330,2332],"class_list":{"0":"post-140771","1":"product","2":"type-product","3":"status-publish","4":"has-post-thumbnail","6":"product_cat-nosidla-do-szyb","7":"product_cat-przyssawki-z-pompka-2","8":"product_cat-przyssawki-z-pompka","9":"product_cat-veribor","10":"product_tag-bohle","11":"product_tag-grabo","12":"product_tag-kim75","13":"product_tag-lasy","14":"product_tag-miroiterie","15":"product_tag-podnosnik-do-szkla","16":"product_tag-podnoszenie-szkla","17":"product_tag-szklarz-2","18":"product_tag-szklarz","19":"product_tag-tlok-pompy","20":"product_tag-weribor","21":"product_tag-wpg","22":"product_shipping_class-paczka-45-35-25","24":"first","25":"instock","26":"taxable","27":"shipping-taxable","28":"purchasable","29":"product-type-simple"},"acf":[],"_links":{"self":[{"href":"https:\/\/gevelridder.nl\/pl\/wp-json\/wp\/v2\/product\/140771","targetHints":{"allow":["GET"]}}],"collection":[{"href":"https:\/\/gevelridder.nl\/pl\/wp-json\/wp\/v2\/product"}],"about":[{"href":"https:\/\/gevelridder.nl\/pl\/wp-json\/wp\/v2\/types\/product"}],"wp:featuredmedia":[{"embeddable":true,"href":"https:\/\/gevelridder.nl\/pl\/wp-json\/wp\/v2\/media\/132311"}],"wp:attachment":[{"href":"https:\/\/gevelridder.nl\/pl\/wp-json\/wp\/v2\/media?parent=140771"}],"wp:term":[{"taxonomy":"product_brand","embeddable":true,"href":"https:\/\/gevelridder.nl\/pl\/wp-json\/wp\/v2\/product_brand?post=140771"},{"taxonomy":"product_cat","embeddable":true,"href":"https:\/\/gevelridder.nl\/pl\/wp-json\/wp\/v2\/product_cat?post=140771"},{"taxonomy":"product_tag","embeddable":true,"href":"https:\/\/gevelridder.nl\/pl\/wp-json\/wp\/v2\/product_tag?post=140771"}],"curies":[{"name":"wp","href":"https:\/\/api.w.org\/{rel}","templated":true}]}}