
{"id":140766,"date":"2026-04-03T09:37:22","date_gmt":"2026-04-03T09:37:22","guid":{"rendered":"https:\/\/gevelridder.nl\/product\/veribor-blue-line-podnosnik-ssacy-1-nap-alu\/"},"modified":"2026-05-08T10:00:41","modified_gmt":"2026-05-08T10:00:41","slug":"veribor-blue-line-podnosnik-ssacy-1-nap-alu","status":"publish","type":"product","link":"https:\/\/gevelridder.nl\/pl\/produkt\/veribor-blue-line-podnosnik-ssacy-1-nap-alu\/","title":{"rendered":"Veribor Blue Line podno\u015bnik ss\u0105cy 1-nap alu"},"content":{"rendered":"<p>Podno\u015bnik przyssawkowy Veribor Blue Line 1-naps , witajcie, dzielne dusze, w \u015bwiecie podno\u015bnika przyssawkowego ze sk\u0142adanym uchwytem, prawdziwego narz\u0119dzia dla nowoczesnego rycerza, kt\u00f3ry musi podnosi\u0107 \u0142adunki. Podno\u015bnik przyssawkowy 1-naps ze sk\u0142adanym uchwytem umo\u017cliwia obs\u0142ug\u0119 jedn\u0105 r\u0119k\u0105, zapewniaj\u0105c szybk\u0105 i wydajn\u0105 prac\u0119, oszcz\u0119dzaj\u0105c cenny czas podczas wykonywania szlachetnych misji. <\/p>\n<p>Ten podno\u015bnik ss\u0105cy o ud\u017awigu do 30 kg, wykonany z wysokiej jako\u015bci aluminium, powsta\u0142 w ku\u017ani niezawodno\u015bci i trwa\u0142o\u015bci. Posiada pionowy kierunek \u0142o\u017cyskowania, umo\u017cliwiaj\u0105c \u0142atwe podnoszenie \u0142adunk\u00f3w na \u017c\u0105dan\u0105 wysoko\u015b\u0107. <\/p>\n<p>Ale to nie wszystko, szlachetni rycerze i poszukiwacze przyg\u00f3d. Podno\u015bnik przyssawkowy Veribor Blue Line 1-naps jest r\u00f3wnie\u017c dost\u0119pny z warg\u0105 uszczelniaj\u0105c\u0105, dodatkowym narz\u0119dziem, kt\u00f3rego mo\u017cna u\u017cy\u0107 w przypadku lekko teksturowanych lub lekko zakrzywionych powierzchni. Dzi\u0119ki tej opcji nawet najtrudniejsze zadanie staje si\u0119 wykonalne.  <\/p>\n<p>W poszukiwaniu idealnego towarzysza przekonasz si\u0119, \u017ce ten podno\u015bnik ss\u0105cy jest nie tylko mocny, ale tak\u017ce \u0142\u0105czy w sobie elegancj\u0119 i wydajno\u015b\u0107. To prawdziwy symbol nowoczesnego rycerstwa, w kt\u00f3rym technologia i funkcjonalno\u015b\u0107 \u0142\u0105cz\u0105 si\u0119, aby u\u0142atwi\u0107 wykonywanie zada\u0144. <\/p>\n<p>Tak wi\u0119c, rycerskie duchy, oto podno\u015bnik przyssawkowy Veribor Blue Line 1-naps , niezb\u0119dne narz\u0119dzie dla tych, kt\u00f3rzy d\u0105\u017c\u0105 do doskona\u0142o\u015bci w swojej pracy. Niezale\u017cnie od tego, czy chodzi o materia\u0142y budowlane, szk\u0142o czy inne \u0142adunki, ten podno\u015bnik przyssawkowy b\u0119dzie Twoim sprzymierze\u0144cem w ka\u017cdym wyzwaniu, przed kt\u00f3rym staniesz. Pozw\u00f3l mu przenosi\u0107 \u0142adunki podczas podbijania \u015bwiata, poniewa\u017c z tym podno\u015bnikiem przyssawkowym u boku jeste\u015b niezwyci\u0119\u017cony.  <\/p>\n","protected":false},"excerpt":{"rendered":"<p>Ten podno\u015bnik przyssawkowy ze sk\u0142adanym uchwytem zapewnia wydajn\u0105 obs\u0142ug\u0119 jedn\u0105 r\u0119k\u0105 i nadaje si\u0119 do lekko teksturowanych lub lekko zakrzywionych powierzchni z opcjonaln\u0105 warg\u0105 uszczelniaj\u0105c\u0105. Mo\u017ce ud\u017awign\u0105\u0107 do 30 kg i jest idealny ze wzgl\u0119du na wszechstronno\u015b\u0107 i \u0142atwo\u015b\u0107 u\u017cytkowania. <\/p>\n","protected":false},"featured_media":132996,"template":"","meta":{"_acf_changed":false,"_seopress_robots_primary_cat":"","_seopress_titles_title":"","_seopress_titles_desc":"","_seopress_robots_index":""},"product_brand":[],"product_cat":[1952,1977,1953,2329],"product_tag":[2333,2334,2374,2143,2214,2228,2331,2017,1993,2337,2375,2014,2335,2015,1992,2231,2336,2330,2332],"class_list":{"0":"post-140766","1":"product","2":"type-product","3":"status-publish","4":"has-post-thumbnail","6":"product_cat-nosidla-do-szyb","7":"product_cat-przyssawki-z-pompka-2","8":"product_cat-przyssawki-z-pompka","9":"product_cat-veribor","10":"product_tag-2-drzemki","11":"product_tag-3-drzemki","12":"product_tag-bo-610-0bl","13":"product_tag-bohle","14":"product_tag-grabo","15":"product_tag-kim75","16":"product_tag-lasy","17":"product_tag-miroiterie","18":"product_tag-podnosnik-do-szkla","19":"product_tag-podnosnik-ssacy","20":"product_tag-podnosnik-ssacy-1-drzemie","21":"product_tag-podnoszenie-szkla","22":"product_tag-saugheber","23":"product_tag-szklarz-2","24":"product_tag-szklarz","25":"product_tag-tlok-pompy","26":"product_tag-veribor-2-drzemki","27":"product_tag-weribor","28":"product_tag-wpg","29":"product_shipping_class-paczka-45-35-25","31":"first","32":"instock","33":"taxable","34":"shipping-taxable","35":"purchasable","36":"product-type-simple"},"acf":[],"_links":{"self":[{"href":"https:\/\/gevelridder.nl\/pl\/wp-json\/wp\/v2\/product\/140766","targetHints":{"allow":["GET"]}}],"collection":[{"href":"https:\/\/gevelridder.nl\/pl\/wp-json\/wp\/v2\/product"}],"about":[{"href":"https:\/\/gevelridder.nl\/pl\/wp-json\/wp\/v2\/types\/product"}],"wp:featuredmedia":[{"embeddable":true,"href":"https:\/\/gevelridder.nl\/pl\/wp-json\/wp\/v2\/media\/132996"}],"wp:attachment":[{"href":"https:\/\/gevelridder.nl\/pl\/wp-json\/wp\/v2\/media?parent=140766"}],"wp:term":[{"taxonomy":"product_brand","embeddable":true,"href":"https:\/\/gevelridder.nl\/pl\/wp-json\/wp\/v2\/product_brand?post=140766"},{"taxonomy":"product_cat","embeddable":true,"href":"https:\/\/gevelridder.nl\/pl\/wp-json\/wp\/v2\/product_cat?post=140766"},{"taxonomy":"product_tag","embeddable":true,"href":"https:\/\/gevelridder.nl\/pl\/wp-json\/wp\/v2\/product_tag?post=140766"}],"curies":[{"name":"wp","href":"https:\/\/api.w.org\/{rel}","templated":true}]}}