
{"id":140763,"date":"2026-03-24T11:44:24","date_gmt":"2026-03-24T11:44:24","guid":{"rendered":"https:\/\/gevelridder.nl\/product\/podkladka-ssaca-veribor-55-mm-5-kg\/"},"modified":"2026-05-08T10:00:43","modified_gmt":"2026-05-08T10:00:43","slug":"podkladka-ssaca-veribor-55-mm-5-kg","status":"publish","type":"product","link":"https:\/\/gevelridder.nl\/pl\/produkt\/podkladka-ssaca-veribor-55-mm-5-kg\/","title":{"rendered":"Podk\u0142adka ss\u0105ca Veribor 55 mm 5 kg"},"content":{"rendered":"<p>Przyssawka Veribor 55 mm 5 kg 1-nap. Ta 1-napowa przyssawka z uchwytem umo\u017cliwia obs\u0142ug\u0119 jedn\u0105 r\u0119k\u0105, zapewniaj\u0105c szybk\u0105 i wydajn\u0105 prac\u0119, oszcz\u0119dzaj\u0105c cenny czas podczas szlachetnych misji. <\/p>\n<p>Ten podno\u015bnik ss\u0105cy mo\u017ce unie\u015b\u0107 do 5 kg, wykonany z wysokiej jako\u015bci gumy.<\/p>\n","protected":false},"excerpt":{"rendered":"<p>Ten gumowy podno\u015bnik ss\u0105cy ma \u015brednic\u0119 55 mm i ud\u017awig 5 kg.<\/p>\n","protected":false},"featured_media":132493,"template":"","meta":{"_acf_changed":false,"_seopress_robots_primary_cat":"none","_seopress_titles_title":"","_seopress_titles_desc":"","_seopress_robots_index":""},"product_brand":[],"product_cat":[1952,1953,1977,2329],"product_tag":[2333,2334,2374,2143,2214,2228,2331,2017,1993,2337,2375,2014,2376,2384,2335,2015,1992,2231,2336,2330,2332],"class_list":{"0":"post-140763","1":"product","2":"type-product","3":"status-publish","4":"has-post-thumbnail","6":"product_cat-nosidla-do-szyb","7":"product_cat-przyssawki-z-pompka","8":"product_cat-przyssawki-z-pompka-2","9":"product_cat-veribor","10":"product_tag-2-drzemki","11":"product_tag-3-drzemki","12":"product_tag-bo-610-0bl","13":"product_tag-bohle","14":"product_tag-grabo","15":"product_tag-kim75","16":"product_tag-lasy","17":"product_tag-miroiterie","18":"product_tag-podnosnik-do-szkla","19":"product_tag-podnosnik-ssacy","20":"product_tag-podnosnik-ssacy-1-drzemie","21":"product_tag-podnoszenie-szkla","22":"product_tag-przyssawka-2","23":"product_tag-przyssawka-3","24":"product_tag-saugheber","25":"product_tag-szklarz-2","26":"product_tag-szklarz","27":"product_tag-tlok-pompy","28":"product_tag-veribor-2-drzemki","29":"product_tag-weribor","30":"product_tag-wpg","31":"product_shipping_class-paczka-45-35-25","33":"first","34":"instock","35":"taxable","36":"shipping-taxable","37":"purchasable","38":"product-type-simple"},"acf":[],"_links":{"self":[{"href":"https:\/\/gevelridder.nl\/pl\/wp-json\/wp\/v2\/product\/140763","targetHints":{"allow":["GET"]}}],"collection":[{"href":"https:\/\/gevelridder.nl\/pl\/wp-json\/wp\/v2\/product"}],"about":[{"href":"https:\/\/gevelridder.nl\/pl\/wp-json\/wp\/v2\/types\/product"}],"wp:featuredmedia":[{"embeddable":true,"href":"https:\/\/gevelridder.nl\/pl\/wp-json\/wp\/v2\/media\/132493"}],"wp:attachment":[{"href":"https:\/\/gevelridder.nl\/pl\/wp-json\/wp\/v2\/media?parent=140763"}],"wp:term":[{"taxonomy":"product_brand","embeddable":true,"href":"https:\/\/gevelridder.nl\/pl\/wp-json\/wp\/v2\/product_brand?post=140763"},{"taxonomy":"product_cat","embeddable":true,"href":"https:\/\/gevelridder.nl\/pl\/wp-json\/wp\/v2\/product_cat?post=140763"},{"taxonomy":"product_tag","embeddable":true,"href":"https:\/\/gevelridder.nl\/pl\/wp-json\/wp\/v2\/product_tag?post=140763"}],"curies":[{"name":"wp","href":"https:\/\/api.w.org\/{rel}","templated":true}]}}