
{"id":140761,"date":"2026-03-24T11:39:39","date_gmt":"2026-03-24T11:39:39","guid":{"rendered":"https:\/\/gevelridder.nl\/product\/rusztowanie-szczytowe-5-metrow\/"},"modified":"2026-03-24T11:39:39","modified_gmt":"2026-03-24T11:39:39","slug":"rusztowanie-szczytowe-5-metrow","status":"publish","type":"product","link":"https:\/\/gevelridder.nl\/pl\/produkt\/rusztowanie-szczytowe-5-metrow\/","title":{"rendered":"Rusztowanie szczytowe 5 metr\u00f3w"},"content":{"rendered":"<h2>Malarz fasad<\/h2>\n<p>To por\u0119czne rusztowanie szczytowe i szybko montowane. Cena obejmuje: 2 stojaki platforma robocza 5 metr\u00f3w 2-cz\u0119\u015bciowa por\u0119cz koniec (sk\u0142adana brama) dwucz\u0119\u015bciowa por\u0119cz 5 metr\u00f3w aluminiowa deska! To rusztowanie jest r\u00f3wnie\u017c dost\u0119pne w wersjach 3 i 4, 6 metr\u00f3w.  <\/p>\n<p>Minimalna wysoko\u015b\u0107 monta\u017cu ok. 3188 mm.<\/p>\n<p>maksymalna wysoko\u015b\u0107 ca\u0142kowita ok. 4362 mm = maks. <\/p>\n<p>minimum 2 osoby, czas przygotowania ok. 30 min.<\/p>\n<p>System mo\u017cna podci\u0105gn\u0105\u0107 za pomoc\u0105 Gable Knight.<\/p>\n<p>Czas dostawy ok. 5-6 tygodni<\/p>\n<h2 class=\"hero-heading\">WYTYCZNE DLA WSZYSTKICH, KT\u00d3RZY PRACUJ\u0104 Z WO\u0141AMI<\/h2>\n<p class=\"hero-intro\">VSB i Bouwend Nederland przedstawiaj\u0105 <a href=\"https:\/\/richtlijnsteigers.nl\/\">dyrektyw\u0119 w sprawie rusztowa\u0144<\/a>, kt\u00f3ra prezentuje aktualny stan wiedzy na temat budowy i pracy na rusztowaniach pionowych, g\u0142\u00f3wnie stalowych, w budownictwie, przemy\u015ble i wielu innych bran\u017cach.<\/p>\n<header class=\"article-header clearfix\">\n<h2 class=\"article-title\">Dyrektywa w sprawie rusztowa\u0144<\/h2>\n<\/header>\n<section class=\"article-intro clearfix\">Ka\u017cdego dnia na rusztowaniach pracuj\u0105 r\u00f3\u017cne grupy zawodowe. Musz\u0105 oni nie tylko m\u00f3c polega\u0107 na jako\u015bci i bezpiecze\u0144stwie tych rusztowa\u0144. Zmieniaj\u0105 si\u0119 r\u00f3wnie\u017c holenderskie przepisy dotycz\u0105ce zdrowia i bezpiecze\u0144stwa. Na przyk\u0142ad od 2007 r. ka\u017cda bran\u017ca pracuje nad stworzeniem katalog\u00f3w BHP, przy czym pracodawcy i pracownicy wybieraj\u0105 aktualny stan wiedzy jako punkt wyj\u015bcia. W ten spos\u00f3b dyrektywa w sprawie rusztowa\u0144 wskazuje, jak zachowa\u0107 zgodno\u015b\u0107 z przepisami rz\u0105dowymi przy u\u017cyciu praktycznych metod i narz\u0119dzi pracy. Wraz z wycofaniem arkusza P dotycz\u0105cego rusztowa\u0144 w 1996 r. powsta\u0142a luka, kt\u00f3r\u0105 chcia\u0142o wype\u0142ni\u0107 Stowarzyszenie Producent\u00f3w Rusztowa\u0144, Wysokich Deskowa\u0144 i Szalunk\u00f3w Betonowych (VSB) wraz z Bouwend Nederland. Ksi\u0105\u017cka powsta\u0142a w wyniku 10-letniej wsp\u00f3\u0142pracy mi\u0119dzy obiema stronami. Pracowa\u0142o nad ni\u0105 oko\u0142o 60 os\u00f3b; tre\u015b\u0107 by\u0142a koordynowana z takimi stronami jak TNO, uniwersytety, Ministerstwo Spraw Spo\u0142ecznych, Inspekcja Pracy, dawny Arbouw (obecnie Volandis) i Aboma. W zwi\u0105zku z tym ksi\u0105\u017cka odzwierciedla ogromny wysi\u0142ek w\u0142o\u017cony w zebranie wszystkich istotnych informacji w jednej dyrektywie. W oparciu o ch\u0119\u0107 napisania ksi\u0105\u017cki zgodnej zar\u00f3wno z przepisami europejskimi, jak i holenderskimi, ksi\u0105\u017cka nabra\u0142a kszta\u0142tu w modelu obliczeniowym. TNO Bouw zobowi\u0105za\u0142o si\u0119 do sprawdzenia poprawno\u015bci i kompletno\u015bci modelu obliczeniowego na piln\u0105 pro\u015bb\u0119 Inspekcji Pracy Ministerstwa Spraw Spo\u0142ecznych i Zatrudnienia. Tre\u015b\u0107 tej ksi\u0105\u017cki odzwierciedla aktualny stan wiedzy. Ten tak wa\u017cny stan wiedzy pojawia si\u0119 r\u00f3wnie\u017c r\u00f3wnolegle z niniejsz\u0105 ksi\u0105\u017ck\u0105 na stronie internetowej www.richtlijnsteigers.nl.Met Dyrektywa w sprawie rusztowa\u0144 VSB i Bouwend Nederland w konkretny spos\u00f3b rozwin\u0119\u0142y ustaw\u0119 o warunkach pracy. Wytyczne s\u0105 sformu\u0142owane bardziej szczeg\u00f3\u0142owo ni\u017c &#8211; z konieczno\u015bci zwi\u0119\u017ale sformu\u0142owane &#8211; zasady polityki. VSB i Bouwend Nederland spodziewaj\u0105 si\u0119 zatem wnie\u015b\u0107 istotny wk\u0142ad w bezpiecze\u0144stwo, zdrowie i efektywno\u015b\u0107 kosztow\u0105 podczas pracy na wysoko\u015bci z rusztowaniami.            <\/section>\n","protected":false},"excerpt":{"rendered":"<p>To por\u0119czne rusztowanie Gable Knight mo\u017cna szybko wznie\u015b\u0107 i pomostowa\u0107 w istniej\u0105cych ogrodach, po prostu stawach, krasnalach ogrodowych i nasadzeniach.<\/p>\n<p><strong>Szybka rozbudowa<span style=\"color: #5bbc3a;\">.<\/span> <\/strong><\/p>\n<p><strong>Kompletna wraz z por\u0119cz\u0105 i listwami kraw\u0119dziowymi<span style=\"color: #5bbc3a;\">.<\/span> <\/strong><\/p>\n<p><strong>R\u00f3wnie\u017c w wersjach 3, 4 i 6-metrowych<span style=\"color: #5bbc3a;\">.<\/span> <\/strong><\/p>\n<p><strong>Czas dostawy 5 <span style=\"color: #5bbc3a;\">tygodni <\/span> <\/strong><\/p>\n<p><strong><span style=\"color: #5bbc3a;\">\u2714 <\/span><span style=\"color: #5bbc3a;\"><span style=\"color: #000000;\">M<\/span><\/span><span style=\"color: #000000;\">inimalna wysoko\u015b\u0107 monta\u017cu ok. 3188 mm.<\/span><\/strong><\/p>\n<p><strong><span style=\"color: #5bbc3a;\">\u2714<\/span><\/strong><span style=\"color: #5bbc3a;\">   <\/span><strong>Maksymalna wysoko\u015b\u0107 monta\u017cu ok. 4362 mm.  <\/strong><\/p>\n<p><strong>Minimum 2 osoby, czas przygotowania ok. 30 min<span style=\"color: #5bbc3a;\">. <\/span><\/strong><\/p>\n<p><strong><span style=\"color: #5bbc3a;\"><span style=\"color: #ff0000;\">Wyprodukowano<\/span> <span style=\"color: #999999;\">w<\/span> <span style=\"color: #0000ff;\">Holandii<\/span>.<\/span><\/strong><\/p>\n<p><strong> <span style=\"color: #5bbc3a;\"><span style=\"color: #000000;\"> \u2660<\/span>  <span style=\"color: #000000;\"> Pod\u0142oga <\/span><\/span><span style=\"color: #000000;\">mo\u017cna podci\u0105gn\u0105\u0107 za pomoc\u0105 Fa\u00e7ade Knight M.<\/span><\/strong><\/p>\n<p>&nbsp;<\/p>\n","protected":false},"featured_media":131701,"template":"","meta":{"_acf_changed":false,"_seopress_robots_primary_cat":"","_seopress_titles_title":"","_seopress_titles_desc":"","_seopress_robots_index":""},"product_brand":[],"product_cat":[2047,2346],"product_tag":[2369,2348,2362,2373,2372,2349,2370],"class_list":{"0":"post-140761","1":"product","2":"type-product","3":"status-publish","4":"has-post-thumbnail","6":"product_cat-rusztowania-fasadowe","7":"product_cat-rusztowania-fasadowe-2","8":"product_tag-malarz-fasad","9":"product_tag-molo-gable-knight","10":"product_tag-most","11":"product_tag-platforma-robocza-z-pochylym-mostem-o-dlugosci-5-metrow","12":"product_tag-renowacja","13":"product_tag-rusztowanie","14":"product_tag-rusztowanie-2","15":"product_shipping_class-50-euro","17":"first","18":"onbackorder","19":"taxable","20":"shipping-taxable","21":"purchasable","22":"product-type-simple"},"acf":[],"_links":{"self":[{"href":"https:\/\/gevelridder.nl\/pl\/wp-json\/wp\/v2\/product\/140761","targetHints":{"allow":["GET"]}}],"collection":[{"href":"https:\/\/gevelridder.nl\/pl\/wp-json\/wp\/v2\/product"}],"about":[{"href":"https:\/\/gevelridder.nl\/pl\/wp-json\/wp\/v2\/types\/product"}],"wp:featuredmedia":[{"embeddable":true,"href":"https:\/\/gevelridder.nl\/pl\/wp-json\/wp\/v2\/media\/131701"}],"wp:attachment":[{"href":"https:\/\/gevelridder.nl\/pl\/wp-json\/wp\/v2\/media?parent=140761"}],"wp:term":[{"taxonomy":"product_brand","embeddable":true,"href":"https:\/\/gevelridder.nl\/pl\/wp-json\/wp\/v2\/product_brand?post=140761"},{"taxonomy":"product_cat","embeddable":true,"href":"https:\/\/gevelridder.nl\/pl\/wp-json\/wp\/v2\/product_cat?post=140761"},{"taxonomy":"product_tag","embeddable":true,"href":"https:\/\/gevelridder.nl\/pl\/wp-json\/wp\/v2\/product_tag?post=140761"}],"curies":[{"name":"wp","href":"https:\/\/api.w.org\/{rel}","templated":true}]}}