
{"id":140759,"date":"2026-03-24T11:35:38","date_gmt":"2026-03-24T11:35:38","guid":{"rendered":"https:\/\/gevelridder.nl\/product\/rusztowanie-jezdne-z-poreczami-przednimi-i-stezeniami-waskie-250-450\/"},"modified":"2026-03-24T11:35:38","modified_gmt":"2026-03-24T11:35:38","slug":"rusztowanie-jezdne-z-poreczami-przednimi-i-stezeniami-waskie-250-450","status":"publish","type":"product","link":"https:\/\/gevelridder.nl\/pl\/produkt\/rusztowanie-jezdne-z-poreczami-przednimi-i-stezeniami-waskie-250-450\/","title":{"rendered":"Rusztowanie jezdne z por\u0119czami przednimi i st\u0119\u017ceniami w\u0105skie 2,50-4,50"},"content":{"rendered":"<h2>Rusztowanie jezdne z por\u0119czami przednimi i st\u0119\u017ceniami w\u0105skie 2,50-4,50<\/h2>\n<p>To por\u0119czne rusztowanie jezdne wraz ze st\u0119\u017ceniami i por\u0119czami przednimi mo\u017cna szybko i bezpiecznie zmontowa\u0107. Wyprodukowane w Holandii rusztowanie jest wykonane z wysokiej jako\u015bci aluminium. Ramy tego rusztowania jezdnego s\u0105 spawane dooko\u0142a. Szczeble maj\u0105 du\u017c\u0105 \u015brednic\u0119, dzi\u0119ki czemu zapewniaj\u0105 wystarczaj\u0105c\u0105 przyczepno\u015b\u0107 podczas wspinaczki. Szczeble s\u0105 \u017cebrowane (antypo\u015blizgowe). Ze wzgl\u0119du na metod\u0119 monta\u017cu z przednimi por\u0119czami, rusztowanie to nie tylko spe\u0142nia najwy\u017csze wymagania bezpiecze\u0144stwa, ale tak\u017ce b\u0142yskawicznie osi\u0105ga wysoko\u015b\u0107 robocz\u0105 4,5 metra. Dostarczone stabilizatory z pewno\u015bci\u0105 nie s\u0105 luksusem przy tak w\u0105skim rusztowaniu. Zalecamy r\u00f3wnie\u017c prac\u0119 z usztywnieniami w kierunku fasady. Kraw\u0119\u017cniki s\u0105 r\u00f3wnie\u017c wykonane z aluminium, dzi\u0119ki czemu s\u0105 wyj\u0105tkowo wytrzyma\u0142e i trwa\u0142e. Dzi\u0119ki platformie z klap\u0105 mo\u017cna bezpiecznie dotrze\u0107 do pod\u0142ogi roboczej, aby doko\u0144czy\u0107 prac\u0119. Klapa jest zaprojektowana tak, aby zawsze si\u0119 zamyka\u0142a.          <\/p>\n<ul>\n<li>Wymiary: (w=0,74 m, l=2,50 m.)<\/li>\n<li>Wysoko\u015b\u0107 platformy: 2,50 metra<\/li>\n<li>Wysoko\u015b\u0107 rusztowania: 3,50 metra<\/li>\n<li>Wysoko\u015b\u0107 robocza: 4,50 metra (maksymalnie)<\/li>\n<\/ul>\n<ul>\n<li>sk\u0142adaj\u0105cy si\u0119 z:<br \/>\n4 szt. ko\u0142a z wrzecionem typ CTR+ALS<br \/>\n2 szt. ramy konstrukcyjnej 7 szczebli typ RSA7<br \/>\n2 szt. ramy konstrukcyjnej 3 szczeble typ RSA3<br \/>\n2 szt. szyny przedniej\/ramy AGR typ AGR2500<br \/>\n2 szt. rozp\u00f3rki poziomej typ HB2500<br \/>\n1 szt. rozp\u00f3rki uko\u015bnej typ DB2500<br \/>\n1 szt. podestu z w\u0142azem typ TP2500<br \/>\n1 kpl. stopek ALUMINIOWYCH typ KPS2500<br \/>\n4 szt. stabilizator\u00f3w ST0<\/li>\n<\/ul>\n<p>W po\u0142\u0105czeniu z <a href=\"https:\/\/gevelridder.nl\/product\/gevelridder-mg-hybride-kopie\/\">Facade Knight MG<\/a>, rusztowanie jest idealne do projekt\u00f3w renowacyjnych.<\/p>\n<h2 class=\"hero-heading\">WYTYCZNE DLA WSZYSTKICH, KT\u00d3RZY PRACUJ\u0104 Z WO\u0141AMI<\/h2>\n<p class=\"hero-intro\">VSB i Bouwend Nederland przedstawiaj\u0105 <a href=\"https:\/\/richtlijnsteigers.nl\/\">dyrektyw\u0119 w sprawie rusztowa\u0144<\/a>, kt\u00f3ra prezentuje aktualny stan wiedzy na temat budowy i pracy na rusztowaniach pionowych, g\u0142\u00f3wnie stalowych, w budownictwie, przemy\u015ble i wielu innych bran\u017cach.<\/p>\n<header class=\"article-header clearfix\">\n<h2 class=\"article-title\">Dyrektywa w sprawie rusztowa\u0144<\/h2>\n<\/header>\n<section class=\"article-intro clearfix\">Ka\u017cdego dnia na rusztowaniach pracuj\u0105 r\u00f3\u017cne grupy zawodowe. Musz\u0105 oni nie tylko m\u00f3c polega\u0107 na jako\u015bci i bezpiecze\u0144stwie tych rusztowa\u0144. Ustawa o warunkach pracy musi by\u0107 r\u00f3wnie\u017c odpowiednio wdra\u017cana w zakresie bezpiecze\u0144stwa i zdrowia. Holenderskie przepisy r\u00f3wnie\u017c si\u0119 zmieniaj\u0105. Na przyk\u0142ad od 2007 r. ka\u017cda bran\u017ca pracuje nad stworzeniem katalog\u00f3w BHP, a pracodawcy i pracownicy wybieraj\u0105 aktualny stan wiedzy jako punkt wyj\u015bcia. W ten spos\u00f3b dyrektywa w sprawie rusztowa\u0144 wskazuje, jak przestrzega\u0107 przepis\u00f3w rz\u0105dowych przy u\u017cyciu praktycznych metod i narz\u0119dzi pracy. Inicjatywa powstania tej ksi\u0105\u017cki zosta\u0142a podj\u0119ta wcze\u015bniej. Wraz z wycofaniem arkusza P dotycz\u0105cego rusztowa\u0144 w 1996 r. powsta\u0142a luka, kt\u00f3r\u0105 Stowarzyszenie Producent\u00f3w Rusztowa\u0144, Wysokich Deskowa\u0144 i Szalunk\u00f3w Betonowych (VSB) wraz z Bouwend Nederland chcia\u0142o wype\u0142ni\u0107. Ksi\u0105\u017cka powsta\u0142a w wyniku 10-letniej wsp\u00f3\u0142pracy mi\u0119dzy obiema stronami. Pracowa\u0142o nad ni\u0105 oko\u0142o 60 os\u00f3b; tre\u015b\u0107 by\u0142a koordynowana z takimi stronami jak TNO, uniwersytety, Ministerstwo Spraw Spo\u0142ecznych, Inspekcja Pracy, dawny Arbouw (obecnie Volandis) i Aboma. W zwi\u0105zku z tym ksi\u0105\u017cka odzwierciedla ogromny wysi\u0142ek w\u0142o\u017cony w zebranie wszystkich istotnych informacji w jednym przewodniku. W oparciu o ch\u0119\u0107 napisania ksi\u0105\u017cki zgodnej zar\u00f3wno z przepisami europejskimi, jak i holenderskimi, ksi\u0105\u017cka nabra\u0142a kszta\u0142tu w modelu obliczeniowym. TNO Bouw zobowi\u0105za\u0142o si\u0119 do sprawdzenia poprawno\u015bci i kompletno\u015bci modelu obliczeniowego, na piln\u0105 pro\u015bb\u0119 Inspekcji Pracy Ministerstwa Spraw Spo\u0142ecznych i Zatrudnienia. Tre\u015b\u0107 tej ksi\u0105\u017cki odzwierciedla aktualny stan wiedzy. Ten tak wa\u017cny stan wiedzy pojawia si\u0119 r\u00f3wnie\u017c r\u00f3wnolegle z niniejsz\u0105 ksi\u0105\u017ck\u0105 na stronie internetowej www.richtlijnsteigers.nl.Met Dyrektywa w sprawie rusztowa\u0144 VSB i Bouwend Nederland w konkretny spos\u00f3b rozwin\u0119\u0142y ustaw\u0119 o warunkach pracy. Wytyczne s\u0105 sformu\u0142owane bardziej szczeg\u00f3\u0142owo ni\u017c &#8211; z konieczno\u015bci zwi\u0119\u017ale sformu\u0142owane &#8211; zasady polityki. VSB i Bouwend Nederland spodziewaj\u0105 si\u0119 zatem wnie\u015b\u0107 istotny wk\u0142ad w bezpiecze\u0144stwo, zdrowie i efektywno\u015b\u0107 kosztow\u0105 podczas pracy na wysoko\u015bci z rusztowaniami.              <\/section>\n","protected":false},"excerpt":{"rendered":"<p>To por\u0119czne rusztowanie jezdne z przednimi por\u0119czami i st\u0119\u017ceniami mo\u017cna szybko zmontowa\u0107. Cena obejmuje st\u0119\u017cenia i por\u0119cze przednie. <\/p>\n<ul>\n<li>Wymiary: (w=0,74 m, l=2,50 m.)<\/li>\n<li>Wysoko\u015b\u0107 platformy: 2,50 metra<\/li>\n<li>Wysoko\u015b\u0107 rusztowania: 3,50 metra<\/li>\n<li>Wysoko\u015b\u0107 robocza: 4,50 metra (maksymalnie)<\/li>\n<\/ul>\n<p>&nbsp;<\/p>\n","protected":false},"featured_media":131900,"template":"","meta":{"_acf_changed":false,"_seopress_robots_primary_cat":"","_seopress_titles_title":"","_seopress_titles_desc":"","_seopress_robots_index":""},"product_brand":[],"product_cat":[2346,2047],"product_tag":[2368],"class_list":{"0":"post-140759","1":"product","2":"type-product","3":"status-publish","4":"has-post-thumbnail","6":"product_cat-rusztowania-fasadowe-2","7":"product_cat-rusztowania-fasadowe","8":"product_tag-przednia-porecz-rusztowania-rolowanego","9":"product_shipping_class-50-euro","11":"first","12":"instock","13":"taxable","14":"shipping-taxable","15":"purchasable","16":"product-type-simple"},"acf":[],"_links":{"self":[{"href":"https:\/\/gevelridder.nl\/pl\/wp-json\/wp\/v2\/product\/140759","targetHints":{"allow":["GET"]}}],"collection":[{"href":"https:\/\/gevelridder.nl\/pl\/wp-json\/wp\/v2\/product"}],"about":[{"href":"https:\/\/gevelridder.nl\/pl\/wp-json\/wp\/v2\/types\/product"}],"wp:featuredmedia":[{"embeddable":true,"href":"https:\/\/gevelridder.nl\/pl\/wp-json\/wp\/v2\/media\/131900"}],"wp:attachment":[{"href":"https:\/\/gevelridder.nl\/pl\/wp-json\/wp\/v2\/media?parent=140759"}],"wp:term":[{"taxonomy":"product_brand","embeddable":true,"href":"https:\/\/gevelridder.nl\/pl\/wp-json\/wp\/v2\/product_brand?post=140759"},{"taxonomy":"product_cat","embeddable":true,"href":"https:\/\/gevelridder.nl\/pl\/wp-json\/wp\/v2\/product_cat?post=140759"},{"taxonomy":"product_tag","embeddable":true,"href":"https:\/\/gevelridder.nl\/pl\/wp-json\/wp\/v2\/product_tag?post=140759"}],"curies":[{"name":"wp","href":"https:\/\/api.w.org\/{rel}","templated":true}]}}