
{"id":140754,"date":"2026-03-24T11:33:09","date_gmt":"2026-03-24T11:33:09","guid":{"rendered":"https:\/\/gevelridder.nl\/product\/drapak-szczytowy\/"},"modified":"2026-03-24T11:33:09","modified_gmt":"2026-03-24T11:33:09","slug":"drapak-szczytowy","status":"publish","type":"product","link":"https:\/\/gevelridder.nl\/pl\/produkt\/drapak-szczytowy\/","title":{"rendered":"Drapak szczytowy"},"content":{"rendered":"<p><strong>Najlepsze narz\u0119dzie do czyszczenia plastikowych powierzchni Skrobak do elewacji: Usuwa resztki kleju, naklejki i nie tylko w mgnieniu oka!<\/strong><\/p>\n<hr>\n<p>Zmagasz si\u0119 z uporczywymi pozosta\u0142o\u015bciami kleju po u\u017cyciu naszego skrobaka do elewacji, irytuj\u0105cymi naklejkami lub innymi lepkimi pozosta\u0142o\u015bciami na plastikowych powierzchniach? Nie jeste\u015b jedyny. Wszyscy mieli\u015bmy te chwile, kiedy naklejka lub ta\u015bma pozostawiaj\u0105 lepk\u0105 pozosta\u0142o\u015b\u0107, kt\u00f3ra wydaje si\u0119 prawie niemo\u017cliwa do usuni\u0119cia. Ale nie martw si\u0119, mamy dla Ciebie idealne rozwi\u0105zanie!   <\/p>\n<p><strong>Zalety naszego specjalnego narz\u0119dzia do powierzchni plastikowych:<\/strong><\/p>\n<ol>\n<li><strong>Skuteczne czyszczenie za pomoc\u0105 skrobaka do elewacji:<\/strong> specjalnie zaprojektowany do \u0142atwego usuwania nawet najbardziej uporczywych pozosta\u0142o\u015bci kleju, naklejek i innych lepkich pozosta\u0142o\u015bci na plastiku. Koniec z szorowaniem lub skrobaniem nieodpowiednimi narz\u0119dziami. <\/li>\n<li><strong>Trwa\u0142o\u015b\u0107 i niezawodno\u015b\u0107:<\/strong> Wykonane z wysokiej jako\u015bci materia\u0142\u00f3w narz\u0119dzie gwarantuje d\u0142ug\u0105 \u017cywotno\u015b\u0107 i niezawodno\u015b\u0107 za ka\u017cdym razem.<\/li>\n<li><strong>Bezpieczny dla plastiku:<\/strong> Podczas gdy inne narz\u0119dzia mog\u0105 zarysowa\u0107 lub uszkodzi\u0107, nasze narz\u0119dzie zosta\u0142o starannie zaprojektowane, aby by\u0142o delikatne dla plastikowych powierzchni, a jednocze\u015bnie zapewnia\u0142o silne dzia\u0142anie czyszcz\u0105ce.<\/li>\n<li><strong>Bezpiecze\u0144stwo:<\/strong> Ostrze mo\u017cna odwr\u00f3ci\u0107, aby unikn\u0105\u0107 skaleczenia.<\/li>\n<\/ol>\n<p><strong>Podsumowanie:<\/strong><br \/>\nNiezale\u017cnie od tego, czy jeste\u015b profesjonalist\u0105, kt\u00f3ry regularnie pracuje z plastikiem, czy po prostu szukasz skutecznego sposobu na utrzymanie czysto\u015bci i porz\u0105dku w swojej przestrzeni \u017cyciowej, nasz skrobak do elewacji do usuwania pozosta\u0142o\u015bci kleju i naklejek z plastiku jest niezb\u0119dny. Zaoszcz\u0119d\u017a czas, wysi\u0142ek i frustracj\u0119 dzi\u0119ki temu por\u0119cznemu narz\u0119dziu. Zam\u00f3w teraz i przekonaj si\u0119 sam o r\u00f3\u017cnicy w skuteczno\u015bci czyszczenia!  <\/p>\n<p>Wybierz jako\u015b\u0107, wybierz wygod\u0119 i uzyskaj czyste, l\u015bni\u0105ce powierzchnie, o kt\u00f3rych zawsze marzy\u0142e\u015b.<\/p>\n<p>&nbsp;<\/p>\n<p>Wskaz\u00f3wka: w przypadku zarysowa\u0144 i zabrudze\u0144 nale\u017cy u\u017cy\u0107 specjalnej <a href=\"https:\/\/gevelridder.nl\/product\/glas-reinigingspasta-20-ml\/\">pasty czyszcz\u0105cej <\/a>.  <\/p>\n","protected":false},"excerpt":{"rendered":"<p>Skuteczne i bezpieczne usuwanie pozosta\u0142o\u015bci kleju i naklejek z plastiku jest teraz mo\u017cliwe dzi\u0119ki naszemu specjalnie zaprojektowanemu narz\u0119dziu. Wykonane z wysokiej jako\u015bci materia\u0142\u00f3w narz\u0119dzie jest zar\u00f3wno trwa\u0142e, jak i delikatne dla plastikowych powierzchni. Idealne zar\u00f3wno dla profesjonalist\u00f3w, jak i gospodarstw domowych. Zam\u00f3w teraz, aby bez wysi\u0142ku czy\u015bci\u0107 swoje powierzchnie!   <\/p>\n","protected":false},"featured_media":131618,"template":"","meta":{"_acf_changed":false,"_seopress_robots_primary_cat":"","_seopress_titles_title":"","_seopress_titles_desc":"","_seopress_robots_index":""},"product_brand":[],"product_cat":[2353,1973,1974],"product_tag":[2361,2360,2359],"class_list":{"0":"post-140754","1":"product","2":"type-product","3":"status-publish","4":"has-post-thumbnail","6":"product_cat-czyszczenie","7":"product_cat-narzedzia","8":"product_cat-narzedzia-do-szkla","9":"product_tag-mini-glass-saver","10":"product_tag-noz","11":"product_tag-noze-szczytowe","13":"first","14":"instock","15":"taxable","16":"shipping-taxable","17":"purchasable","18":"product-type-simple"},"acf":[],"_links":{"self":[{"href":"https:\/\/gevelridder.nl\/pl\/wp-json\/wp\/v2\/product\/140754","targetHints":{"allow":["GET"]}}],"collection":[{"href":"https:\/\/gevelridder.nl\/pl\/wp-json\/wp\/v2\/product"}],"about":[{"href":"https:\/\/gevelridder.nl\/pl\/wp-json\/wp\/v2\/types\/product"}],"wp:featuredmedia":[{"embeddable":true,"href":"https:\/\/gevelridder.nl\/pl\/wp-json\/wp\/v2\/media\/131618"}],"wp:attachment":[{"href":"https:\/\/gevelridder.nl\/pl\/wp-json\/wp\/v2\/media?parent=140754"}],"wp:term":[{"taxonomy":"product_brand","embeddable":true,"href":"https:\/\/gevelridder.nl\/pl\/wp-json\/wp\/v2\/product_brand?post=140754"},{"taxonomy":"product_cat","embeddable":true,"href":"https:\/\/gevelridder.nl\/pl\/wp-json\/wp\/v2\/product_cat?post=140754"},{"taxonomy":"product_tag","embeddable":true,"href":"https:\/\/gevelridder.nl\/pl\/wp-json\/wp\/v2\/product_tag?post=140754"}],"curies":[{"name":"wp","href":"https:\/\/api.w.org\/{rel}","templated":true}]}}