
{"id":140749,"date":"2026-03-24T11:33:09","date_gmt":"2026-03-24T11:33:09","guid":{"rendered":"https:\/\/gevelridder.nl\/product\/srodek-do-czyszczenia-szkla\/"},"modified":"2026-03-24T11:33:09","modified_gmt":"2026-03-24T11:33:09","slug":"srodek-do-czyszczenia-szkla","status":"publish","type":"product","link":"https:\/\/gevelridder.nl\/pl\/produkt\/srodek-do-czyszczenia-szkla\/","title":{"rendered":"\u015arodek do czyszczenia szk\u0142a"},"content":{"rendered":"<h2><strong>Profesjonalny p\u0142yn do mycia szyb Gable Knight: l\u015bni\u0105ca czysto\u015b\u0107 w warsztacie i domu<\/strong><\/h2>\n<p>Gable Knight Professional Glass Cleaner jest wybierany przez profesjonalist\u00f3w na ca\u0142ym \u015bwiecie do czyszczenia szk\u0142a i g\u0142adkich powierzchni. Zapakowany w wygodny pojemnik aerozolowy z przyjaznym dla \u015brodowiska gazem p\u0119dnym, sprawia, \u017ce czyszczenie szk\u0142a jest \u0142atwe i wydajne. <\/p>\n<p><em>B\u0142yszcz\u0105cy efekt w mgnieniu oka<\/em><\/p>\n<p>Profesjonalny \u015brodek do czyszczenia szk\u0142a Fa\u00e7ade Knight wystarczy rozpyli\u0107 i przetrze\u0107, aby uzyska\u0107 czysty po\u0142ysk bez smug. Nadaje si\u0119 do szerokiego zakresu zastosowa\u0144, w tym do szklanych okien, g\u0142adkich powierzchni plastikowych, luster, szyb samochodowych, p\u0142ytek, gablot, witryn sklepowych i wielu innych. Niezale\u017cnie od tego, czy pracujesz w warsztacie, czy czy\u015bcisz okna w domu, ten \u015brodek do czyszczenia szk\u0142a zawsze zapewnia lustrzan\u0105 g\u0142adko\u015b\u0107 i brak smug.  <\/p>\n<p><em>Profesjonalna jako\u015b\u0107<\/em><\/p>\n<p>Gable Knight s\u0142ynie z profesjonalnej jako\u015bci, a ten \u015brodek do czyszczenia szk\u0142a nie jest wyj\u0105tkiem. Jest on szczeg\u00f3lnie odpowiedni do czyszczenia szklanych cz\u0119\u015bci po fusingu, ale nale\u017cy pami\u0119ta\u0107, \u017ce nie jest przeznaczony do czyszczenia wst\u0119pnego. Nale\u017cy go u\u017cywa\u0107 wy\u0142\u0105cznie do czyszczenia po stapianiu.  <\/p>\n<p><strong>Przyjazny dla \u015brodowiska i skuteczny<\/strong><\/p>\n<p>Puszka sprayu zawiera przyjazny dla \u015brodowiska gaz p\u0119dny, dzi\u0119ki czemu nie tylko uzyskasz doskona\u0142y efekt, ale tak\u017ce przyczynisz si\u0119 do czystszego \u015brodowiska.<\/p>\n<p>Wybierz Gevelridder Professional Glass Cleaner i do\u015bwiadcz bezwysi\u0142kowego po\u0142ysku, kt\u00f3ry doceniaj\u0105 profesjonali\u015bci na ca\u0142ym \u015bwiecie. Z Gevelridder wyczy\u015bcisz ka\u017cd\u0105 powierzchni\u0119 g\u0142adk\u0105 jak lustro i bez smug. <\/p>\n<p>Zam\u00f3w Facade Knight Professional Glass Cleaner ju\u017c dzi\u015b i odkryj najlepszy na \u015bwiecie \u015brodek do czyszczenia szk\u0142a w warsztacie i w domu. L\u015bni\u0105ca czysto\u015b\u0107, zawsze i wsz\u0119dzie. <\/p>\n","protected":false},"excerpt":{"rendered":"<p>W praktycznej puszce z przyjaznym dla \u015brodowiska gazem p\u0119dnym &#8211; po prostu spryskaj i zetrzyj &#8211; gotowy &#8211; nadaje si\u0119 do szklanych okien, g\u0142adkich powierzchni z tworzyw sztucznych, luster, szyb samochodowych, p\u0142ytek, do warsztat\u00f3w i domu, gablot i witryn sklepowych, zapewnia lustrzan\u0105 g\u0142adko\u015b\u0107 powierzchni bez smug Doskona\u0142y do czyszczenia szklanych cz\u0119\u015bci po fusingu. Uwaga: nie nadaje si\u0119 do czyszczenia wst\u0119pnego! Nadaje si\u0119 tylko do czyszczenia po fusingu!  <\/p>\n","protected":false},"featured_media":131620,"template":"","meta":{"_acf_changed":false,"_seopress_robots_primary_cat":"none","_seopress_titles_title":"","_seopress_titles_desc":"","_seopress_robots_index":""},"product_brand":[],"product_cat":[2353,1973,1974],"product_tag":[2356,2354,2355],"class_list":{"0":"post-140749","1":"product","2":"type-product","3":"status-publish","4":"has-post-thumbnail","6":"product_cat-czyszczenie","7":"product_cat-narzedzia","8":"product_cat-narzedzia-do-szkla","9":"product_tag-aerozol","10":"product_tag-czyszczenie-szkla","11":"product_tag-srodek-do-czyszczenia-szkla","13":"first","14":"instock","15":"sale","16":"taxable","17":"shipping-taxable","18":"purchasable","19":"product-type-simple"},"acf":[],"_links":{"self":[{"href":"https:\/\/gevelridder.nl\/pl\/wp-json\/wp\/v2\/product\/140749","targetHints":{"allow":["GET"]}}],"collection":[{"href":"https:\/\/gevelridder.nl\/pl\/wp-json\/wp\/v2\/product"}],"about":[{"href":"https:\/\/gevelridder.nl\/pl\/wp-json\/wp\/v2\/types\/product"}],"wp:featuredmedia":[{"embeddable":true,"href":"https:\/\/gevelridder.nl\/pl\/wp-json\/wp\/v2\/media\/131620"}],"wp:attachment":[{"href":"https:\/\/gevelridder.nl\/pl\/wp-json\/wp\/v2\/media?parent=140749"}],"wp:term":[{"taxonomy":"product_brand","embeddable":true,"href":"https:\/\/gevelridder.nl\/pl\/wp-json\/wp\/v2\/product_brand?post=140749"},{"taxonomy":"product_cat","embeddable":true,"href":"https:\/\/gevelridder.nl\/pl\/wp-json\/wp\/v2\/product_cat?post=140749"},{"taxonomy":"product_tag","embeddable":true,"href":"https:\/\/gevelridder.nl\/pl\/wp-json\/wp\/v2\/product_tag?post=140749"}],"curies":[{"name":"wp","href":"https:\/\/api.w.org\/{rel}","templated":true}]}}